{"id":23716,"date":"2025-12-05T09:50:48","date_gmt":"2025-12-05T01:50:48","guid":{"rendered":"https:\/\/pecpets.com\/?post_type=product&#038;p=23716"},"modified":"2025-12-05T10:55:37","modified_gmt":"2025-12-05T02:55:37","slug":"clothing-for-small-dogs","status":"publish","type":"product","link":"https:\/\/pecpets.com\/tr\/product\/clothing-for-small-dogs\/","title":{"rendered":"K\u00fc\u00e7\u00fck K\u00f6pekler i\u00e7in Giysiler"},"content":{"rendered":"<h2>Premium T\u00fcm Hava Ko\u015fullar\u0131na Uygun Tulumlar: G\u00fcvenilir Evcil Hayvan Giysileri \u00dcreticinizden Do\u011frudan K\u00fc\u00e7\u00fck K\u00f6pekler i\u00e7in K\u00f6pek Giysileri<\/h2>\n<p><strong>Nihai 2'si 1 Arada K\u0131\u015f \u00c7\u00f6z\u00fcm\u00fc<\/strong><br \/>\nKatalo\u011funuzu bu y\u00fcksek talep g\u00f6ren K\u00fc\u00e7\u00fck K\u00f6pekler i\u00e7in K\u0131yafet ile y\u00fckseltin. Bu sadece bir mont de\u011fildir; a\u011f\u0131r hizmet tipi entegre ko\u015fum tak\u0131m\u0131na sahip birinci s\u0131n\u0131f bir k\u0131\u015f yele\u011fidir. Sahipleri bunu seviyor \u00e7\u00fcnk\u00fc bir ceketin \u00fczerine ko\u015fum tak\u0131m\u0131 takma zahmetini ortadan kald\u0131r\u0131yor. Aerodinamik kesimi ve y\u00fcksek yakas\u0131 hareketi k\u0131s\u0131tlamadan s\u0131cakl\u0131k sa\u011flar, bu da onu aktif \u0131rklar i\u00e7in m\u00fckemmel bir K\u00fc\u00e7\u00fck K\u00f6pek Giysisi par\u00e7as\u0131 haline getirir.<\/p>\n<p><strong>G\u00fcvenilir Tedarik Orta\u011f\u0131n\u0131z<\/strong><br \/>\nK\u00f6pek Giysileri toplu \u00fcretiminde uzmanla\u015fm\u0131\u015f lider bir K\u00f6pek Giysileri \u015firketi ve K\u00f6pek Giysileri fabrikas\u0131y\u0131z. \u00c7in K\u00f6pek Giysileri bizim arac\u0131l\u0131\u011f\u0131m\u0131zla tedarik etti\u011finizde, do\u011frudan fabrika fiyat\u0131 ve kalite g\u00fcvencesi elde edersiniz.<\/p>\n<p>\u0130\u015finiz i\u00e7in ideal K\u00f6pek Giysileri tedarik\u00e7isi ve K\u00f6pek Giysileri sat\u0131c\u0131s\u0131y\u0131z. \u0130ster stok kalemleri i\u00e7in bir K\u00f6pek Giyim toptanc\u0131s\u0131na, ister K\u00f6pek Giyim ihracat\u0131 i\u00e7in bir orta\u011fa ihtiyac\u0131n\u0131z olsun, biz teslim ediyoruz. Ayr\u0131ca kendi markan\u0131z\u0131 olu\u015fturman\u0131za yard\u0131mc\u0131 olmak i\u00e7in K\u00f6pek Giysileri OEM, K\u00f6pek Giysileri ODM ve K\u00f6pek Giysileri \u00f6zel etiket hizmetlerinde uzman\u0131z.<\/p>\n<p>&nbsp;<\/p>\n<h3><strong>H\u0131zl\u0131 SSS ve Uzman Sat\u0131n Alma \u0130\u00e7g\u00f6r\u00fcleri<\/strong><\/h3>\n<p><strong>S1: Bunlar\u0131 kim yap\u0131yor?<\/strong><br \/>\n<strong>A:<\/strong> K\u00f6pek Giysileri \u00fcretici ekibimiz 5+ y\u0131ll\u0131k deneyime sahip yetenekli terzilerden olu\u015fmaktad\u0131r. Yele\u011fin g\u00fcvenli olmas\u0131n\u0131 ve k\u00f6pek \u00e7ekti\u011finde y\u0131rt\u0131lmamas\u0131n\u0131 sa\u011flamak i\u00e7in ko\u015fum noktalar\u0131nda g\u00fc\u00e7lendirilmi\u015f \u201cbar-tack\u201d diki\u015f kullan\u0131rlar.<\/p>\n<p><strong>S2: En iyi kullan\u0131m senaryosu?<\/strong><br \/>\n<strong>A:<\/strong> \u015eehir i\u00e7i k\u0131\u015f y\u00fcr\u00fcy\u00fc\u015fleri i\u00e7in tasarlanm\u0131\u015ft\u0131r. Suya dayan\u0131kl\u0131 kabuk kar\/ya\u011fmurla ba\u015fa \u00e7\u0131kabilir ve arka fermuar\/top\u00e7a sistemi sayesinde k\u0131p\u0131r k\u0131p\u0131r k\u00f6peklere inan\u0131lmaz derecede h\u0131zl\u0131 giydirilebilir.<\/p>\n<p><strong>S3: Malzeme \u00f6zellikleri?<\/strong><br \/>\n<strong>A:<\/strong><\/p>\n<ul>\n<li><strong>Kabuk:<\/strong> R\u00fczgar ge\u00e7irmez ve Suya dayan\u0131kl\u0131 Polyester.<\/li>\n<li><strong>Doldur:<\/strong> Y\u00fcksek s\u0131cakl\u0131kta, hafif PP Pamuk.<\/li>\n<li><strong>Donan\u0131m:<\/strong> Paslanmaya kar\u015f\u0131 dayan\u0131kl\u0131 Ala\u015f\u0131m D halkalar.<\/li>\n<\/ul>","protected":false},"excerpt":{"rendered":"<h2>K\u00fc\u00e7\u00fck K\u00f6pekler i\u00e7in Giysiler<\/h2>\n<p class=\"ds-markdown-paragraph\">Rahat, dayan\u0131kl\u0131 ve evcil hayvanlar i\u00e7in g\u00fcvenli olan birinci s\u0131n\u0131f kuma\u015flarla y\u00fcksek kaliteli evcil hayvan k\u0131yafetleri \u00fcretme konusunda uzman\u0131z. Fabrikam\u0131z k\u00f6pek kazaklar\u0131, pijamalar, kost\u00fcmler ve fonksiyonel giysiler i\u00e7in eksiksiz ODM \/ OEM hizmetleri sunmaktad\u0131r.<\/p>\n<p class=\"ds-markdown-paragraph\">Uluslararas\u0131 g\u00fcvenlik standartlar\u0131n\u0131 kar\u015f\u0131layan yumu\u015fak, nefes alabilen malzemeler kullanarak, t\u00fcm k\u00f6pek \u0131rklar\u0131 i\u00e7in m\u00fckemmel uyum sa\u011flayan \u00f6zel tasar\u0131mlar yarat\u0131yoruz. Temel kazaklardan moda k\u0131yafetlere kadar her par\u00e7a g\u00fcvenli diki\u015flere ve evcil hayvan dostu kapaklara sahiptir.<\/p>\n<p class=\"ds-markdown-paragraph\">Perakendeciler ve toptanc\u0131lar i\u00e7in rekabet\u00e7i toplu fiyatland\u0131rma sa\u011fl\u0131yoruz. T\u00fcm sipari\u015fler eksiksiz ihracat belgeleri ve kalite g\u00fcvencesi i\u00e7erir.<\/p>\n<p class=\"ds-markdown-paragraph\">\u00d6zel desenler, bedenler ve marka se\u00e7enekleri ile benzersiz evcil hayvan giyim hatt\u0131n\u0131z\u0131 geli\u015ftirmek i\u00e7in bizimle ileti\u015fime ge\u00e7in.<\/p>\n<table width=\"288\">\n<tbody>\n<tr>\n<td width=\"137\"><span style=\"color: #333333;\">\u00dcr\u00fcn Ad\u0131<\/span><\/td>\n<td width=\"151\"><span style=\"color: #333333;\">Evcil Hayvan Giysileri<\/span><\/td>\n<\/tr>\n<tr>\n<td><span style=\"color: #333333;\">\u00dcr\u00fcn No.<\/span><\/td>\n<td><span style=\"color: #333333;\">P-C3014<\/span><\/td>\n<\/tr>\n<tr>\n<td><span style=\"color: #333333;\">Malzeme<\/span><\/td>\n<td>Pamuk, Polyester, Polar<\/td>\n<\/tr>\n<tr>\n<td><span style=\"color: #333333;\">\u00a0Boyut ve Renk<\/span><\/td>\n<td><span style=\"color: #333333;\">\u00d6zelle\u015ftirilmi\u015f<\/span><\/td>\n<\/tr>\n<tr>\n<td><span style=\"color: #333333;\">\u00a0Teslimat s\u00fcresi<\/span><\/td>\n<td><span style=\"color: #333333;\">Hava yoluyla k\u00fc\u00e7\u00fck miktarlar i\u00e7in 1- 5 g\u00fcn ve deniz yoluyla b\u00fcy\u00fck miktarlar i\u00e7in 30- 35 g\u00fcn<\/span><\/td>\n<\/tr>\n<\/tbody>\n<\/table>","protected":false},"featured_media":23720,"template":"","meta":{"_seopress_robots_primary_cat":"none","_seopress_titles_title":"Clothing for Small Dogs\u200b\u200b | ODM & OEM Solutions","_seopress_titles_desc":"As Clothing for Small Dogs Factory, we design premium knitwear for pets worldwide. Bulk orders, OEM services. Request free cozy samples today!","_seopress_robots_index":"","_seopress_analysis_target_kw":"Clothing for Small Dogs","_uag_custom_page_level_css":""},"product_brand":[],"product_cat":[364,342,23],"product_tag":[],"class_list":{"0":"post-23716","1":"product","2":"type-product","3":"status-publish","4":"has-post-thumbnail","6":"product_cat-basic-dog-clothing","7":"product_cat-pet-coat","8":"product_cat-pet-clothing","10":"first","11":"instock","12":"shipping-taxable","13":"product-type-simple"},"uagb_featured_image_src":{"full":["https:\/\/pecpets.com\/wp-content\/uploads\/2025\/12\/O1CN01pssvUM1tVuxhVAxiI_1002895908-0-cib.jpg",800,800,false],"thumbnail":["https:\/\/pecpets.com\/wp-content\/uploads\/2025\/12\/O1CN01pssvUM1tVuxhVAxiI_1002895908-0-cib-150x150.jpg",150,150,true],"medium":["https:\/\/pecpets.com\/wp-content\/uploads\/2025\/12\/O1CN01pssvUM1tVuxhVAxiI_1002895908-0-cib-300x300.jpg",300,300,true],"medium_large":["https:\/\/pecpets.com\/wp-content\/uploads\/2025\/12\/O1CN01pssvUM1tVuxhVAxiI_1002895908-0-cib-768x768.jpg",768,768,true],"large":["https:\/\/pecpets.com\/wp-content\/uploads\/2025\/12\/O1CN01pssvUM1tVuxhVAxiI_1002895908-0-cib.jpg",800,800,false],"1536x1536":["https:\/\/pecpets.com\/wp-content\/uploads\/2025\/12\/O1CN01pssvUM1tVuxhVAxiI_1002895908-0-cib.jpg",800,800,false],"2048x2048":["https:\/\/pecpets.com\/wp-content\/uploads\/2025\/12\/O1CN01pssvUM1tVuxhVAxiI_1002895908-0-cib.jpg",800,800,false],"trp-custom-language-flag":["https:\/\/pecpets.com\/wp-content\/uploads\/2025\/12\/O1CN01pssvUM1tVuxhVAxiI_1002895908-0-cib-12x12.jpg",12,12,true],"woocommerce_thumbnail":["https:\/\/pecpets.com\/wp-content\/uploads\/2025\/12\/O1CN01pssvUM1tVuxhVAxiI_1002895908-0-cib-300x300.jpg",300,300,true],"woocommerce_single":["https:\/\/pecpets.com\/wp-content\/uploads\/2025\/12\/O1CN01pssvUM1tVuxhVAxiI_1002895908-0-cib-600x600.jpg",600,600,true],"woocommerce_gallery_thumbnail":["https:\/\/pecpets.com\/wp-content\/uploads\/2025\/12\/O1CN01pssvUM1tVuxhVAxiI_1002895908-0-cib-100x100.jpg",100,100,true]},"uagb_author_info":{"display_name":"Lawrence\u00a0\u52b3\u4f26\u65af","author_link":"https:\/\/pecpets.com\/tr\/author\/"},"uagb_comment_info":0,"uagb_excerpt":"Clothing for Small Dogs We specialize in producing high-quality pet clothing with premium fabrics that are comfortable, durable, and pet-safe. Our factory offers complete ODM\/OEM services for dog sweaters, pajamas, costumes, and functional wear. Using soft, breathable materials that meet international safety standards, we create custom designs with a perfect fit for all dog breeds.&hellip;","_links":{"self":[{"href":"https:\/\/pecpets.com\/tr\/wp-json\/wp\/v2\/product\/23716","targetHints":{"allow":["GET"]}}],"collection":[{"href":"https:\/\/pecpets.com\/tr\/wp-json\/wp\/v2\/product"}],"about":[{"href":"https:\/\/pecpets.com\/tr\/wp-json\/wp\/v2\/types\/product"}],"wp:featuredmedia":[{"embeddable":true,"href":"https:\/\/pecpets.com\/tr\/wp-json\/wp\/v2\/media\/23720"}],"wp:attachment":[{"href":"https:\/\/pecpets.com\/tr\/wp-json\/wp\/v2\/media?parent=23716"}],"wp:term":[{"taxonomy":"product_brand","embeddable":true,"href":"https:\/\/pecpets.com\/tr\/wp-json\/wp\/v2\/product_brand?post=23716"},{"taxonomy":"product_cat","embeddable":true,"href":"https:\/\/pecpets.com\/tr\/wp-json\/wp\/v2\/product_cat?post=23716"},{"taxonomy":"product_tag","embeddable":true,"href":"https:\/\/pecpets.com\/tr\/wp-json\/wp\/v2\/product_tag?post=23716"}],"curies":[{"name":"wp","href":"https:\/\/api.w.org\/{rel}","templated":true}]}}