{"id":2807,"date":"2023-08-30T17:38:38","date_gmt":"2023-08-30T09:38:38","guid":{"rendered":"https:\/\/pecpets.com\/?post_type=product&#038;p=2807"},"modified":"2024-06-14T17:46:13","modified_gmt":"2024-06-14T09:46:13","slug":"breathable-dog-harness-set-11","status":"publish","type":"product","link":"https:\/\/pecpets.com\/tr\/product\/breathable-dog-harness-set-11\/","title":{"rendered":"Nefes Alabilen K\u00f6pek Ko\u015fum Tak\u0131m\u0131"},"content":{"rendered":"<h2 data-immersive-translate-walked=\"e7004b1f-2e8f-4436-a121-9fbf271e51c9\"><strong data-immersive-translate-walked=\"e7004b1f-2e8f-4436-a121-9fbf271e51c9\" data-immersive-translate-paragraph=\"1\">Toptan Fabrika K\u00f6pek Tasma Seti - Konfor i\u00e7in Nefes Alabilir ve Ayarlanabilir K\u00f6pek Tasmas\u0131<span class=\"notranslate immersive-translate-target-wrapper\" lang=\"zh-CN\" translate=\"no\" data-immersive-translate-loading-id=\"1\">\u00a0<\/span><\/strong><\/h2>\n<p data-immersive-translate-walked=\"e7004b1f-2e8f-4436-a121-9fbf271e51c9\" data-immersive-translate-paragraph=\"1\">Toptan sat\u0131\u015f fabrikam\u0131z\u0131n nefes alabilen k\u00f6pek ko\u015fum tak\u0131m\u0131 ile evcil hayvan\u0131n\u0131z\u0131n konforunu ve stilini geli\u015ftirin.<\/p>\n<p data-immersive-translate-walked=\"e7004b1f-2e8f-4436-a121-9fbf271e51c9\" data-immersive-translate-paragraph=\"1\">Optimum hava ak\u0131\u015f\u0131 ve ayarlanabilirlik i\u00e7in tasarlanan k\u00f6pek g\u00f6\u011f\u00fcs tasmas\u0131, t\u00fcyl\u00fc dostunuz i\u00e7in rahat bir uyum sa\u011flar.<\/p>\n<p data-immersive-translate-walked=\"e7004b1f-2e8f-4436-a121-9fbf271e51c9\" data-immersive-translate-paragraph=\"1\">Bu y\u00fcksek kaliteli ve i\u015flevsel ko\u015fum tak\u0131m\u0131 ile evcil hayvan\u0131n\u0131z\u0131n y\u00fcr\u00fcy\u00fc\u015f deneyimini y\u00fckseltin.<\/p>\n<p data-immersive-translate-walked=\"e7004b1f-2e8f-4436-a121-9fbf271e51c9\" data-immersive-translate-paragraph=\"1\">T\u00fcm toptan sat\u0131\u015f ihtiya\u00e7lar\u0131n\u0131z i\u00e7in bu nefes alabilen k\u00f6pek g\u00f6\u011f\u00fcs tasmas\u0131 setlerini bug\u00fcn stoklay\u0131n!<span class=\"notranslate immersive-translate-target-wrapper\" lang=\"zh-CN\" translate=\"no\" data-immersive-translate-loading-id=\"1\">\u00a0<\/span><\/p>","protected":false},"excerpt":{"rendered":"<h3>Nefes Alabilen K\u00f6pek Ko\u015fum Tak\u0131m\u0131<\/h3>\n<table class=\"woocommerce-product-attributes shop_attributes\">\n<tbody>\n<tr class=\"woocommerce-product-attributes-item woocommerce-product-attributes-item--attribute_pa_color\">\n<th class=\"woocommerce-product-attributes-item__label\">Renk<\/th>\n<td class=\"woocommerce-product-attributes-item__value\">Renk ve Deseni \u00d6zelle\u015ftirin<\/td>\n<\/tr>\n<tr class=\"woocommerce-product-attributes-item woocommerce-product-attributes-item--attribute_pa_item-no\">\n<th class=\"woocommerce-product-attributes-item__label\">\u00dcr\u00fcn No.<\/th>\n<td class=\"woocommerce-product-attributes-item__value\">RH-011<\/td>\n<\/tr>\n<tr class=\"woocommerce-product-attributes-item woocommerce-product-attributes-item--attribute_pa_size\">\n<th class=\"woocommerce-product-attributes-item__label\">Boyut<\/th>\n<td class=\"woocommerce-product-attributes-item__value\">XS\/S\/M\/L\/XL<\/td>\n<\/tr>\n<\/tbody>\n<\/table>\n<p><strong>\u00d6zellikler:<\/strong><\/p>\n<ul>\n<li>\u00d6zel renkte ters \u00e7evrilebilir ko\u015fum tak\u0131m\u0131<\/li>\n<li>Her iki taraf\u0131 neopren kuma\u015ftan yap\u0131lm\u0131\u015ft\u0131r<\/li>\n<li>Nefes alabilir, dayan\u0131kl\u0131 ve suya diren\u00e7li<\/li>\n<li>Kaymas\u0131 kolay<\/li>\n<li>\u00c7\u0131t\u00e7\u0131tl\u0131 toka kapatma<\/li>\n<li>Kolan k\u0131sm\u0131ndan ayarlanabilir<\/li>\n<li>Arkada V halkal\u0131 tasma ba\u011flant\u0131s\u0131<\/li>\n<\/ul>\n<p><strong>Bak\u0131m talimatlar\u0131:<\/strong><\/p>\n<ul>\n<li>Hafif deterjan kullanarak nazik\u00e7e elde y\u0131kay\u0131n<\/li>\n<li>G\u00f6lgede asarak kurutun<\/li>\n<\/ul>","protected":false},"featured_media":2808,"template":"","meta":{"_seopress_robots_primary_cat":"none","_seopress_titles_title":"Breathable Dog Harness Set - Professional Manufacturers","_seopress_titles_desc":"Discover adjustable, breathable dog harness set. Our high-quality dog harnesses provide comfort and security. Shop wholesale directly from the factory.\u00a0","_seopress_robots_index":"","_seopress_analysis_target_kw":"Breathable Dog Harness Set","_uag_custom_page_level_css":""},"product_brand":[],"product_cat":[212,323],"product_tag":[],"class_list":{"0":"post-2807","1":"product","2":"type-product","3":"status-publish","4":"has-post-thumbnail","6":"product_cat-pet-harness","7":"product_cat-standard-harnesses","9":"first","10":"instock","11":"shipping-taxable","12":"product-type-simple"},"uagb_featured_image_src":{"full":["https:\/\/pecpets.com\/wp-content\/uploads\/2023\/08\/SKU-01-\u8ff7\u5f69\u84dd.jpg",800,800,false],"thumbnail":["https:\/\/pecpets.com\/wp-content\/uploads\/2023\/08\/SKU-01-\u8ff7\u5f69\u84dd.jpg",150,150,false],"medium":["https:\/\/pecpets.com\/wp-content\/uploads\/2023\/08\/SKU-01-\u8ff7\u5f69\u84dd.jpg",300,300,false],"medium_large":["https:\/\/pecpets.com\/wp-content\/uploads\/2023\/08\/SKU-01-\u8ff7\u5f69\u84dd.jpg",768,768,false],"large":["https:\/\/pecpets.com\/wp-content\/uploads\/2023\/08\/SKU-01-\u8ff7\u5f69\u84dd.jpg",800,800,false],"1536x1536":["https:\/\/pecpets.com\/wp-content\/uploads\/2023\/08\/SKU-01-\u8ff7\u5f69\u84dd.jpg",800,800,false],"2048x2048":["https:\/\/pecpets.com\/wp-content\/uploads\/2023\/08\/SKU-01-\u8ff7\u5f69\u84dd.jpg",800,800,false],"trp-custom-language-flag":["https:\/\/pecpets.com\/wp-content\/uploads\/2023\/08\/SKU-01-\u8ff7\u5f69\u84dd.jpg",12,12,false],"woocommerce_thumbnail":["https:\/\/pecpets.com\/wp-content\/uploads\/2023\/08\/SKU-01-\u8ff7\u5f69\u84dd.jpg",300,300,false],"woocommerce_single":["https:\/\/pecpets.com\/wp-content\/uploads\/2023\/08\/SKU-01-\u8ff7\u5f69\u84dd.jpg",600,600,false],"woocommerce_gallery_thumbnail":["https:\/\/pecpets.com\/wp-content\/uploads\/2023\/08\/SKU-01-\u8ff7\u5f69\u84dd.jpg",100,100,false]},"uagb_author_info":{"display_name":"Lawrence\u00a0\u52b3\u4f26\u65af","author_link":"https:\/\/pecpets.com\/tr\/author\/"},"uagb_comment_info":0,"uagb_excerpt":"Breathable Dog Harness Set Color Customize Color and Pattern Item No. RH-011 Size XS\/S\/M\/L\/XL Features: Reversible harness in custom color Made with neoprene fabric on both sides Breathable, durable and water-resistant Easy to slip on Snap buckle closure Adjustable at the girth V-ring leash attachment at back Care instructions: Gently hand wash using mild detergent&hellip;","_links":{"self":[{"href":"https:\/\/pecpets.com\/tr\/wp-json\/wp\/v2\/product\/2807","targetHints":{"allow":["GET"]}}],"collection":[{"href":"https:\/\/pecpets.com\/tr\/wp-json\/wp\/v2\/product"}],"about":[{"href":"https:\/\/pecpets.com\/tr\/wp-json\/wp\/v2\/types\/product"}],"wp:featuredmedia":[{"embeddable":true,"href":"https:\/\/pecpets.com\/tr\/wp-json\/wp\/v2\/media\/2808"}],"wp:attachment":[{"href":"https:\/\/pecpets.com\/tr\/wp-json\/wp\/v2\/media?parent=2807"}],"wp:term":[{"taxonomy":"product_brand","embeddable":true,"href":"https:\/\/pecpets.com\/tr\/wp-json\/wp\/v2\/product_brand?post=2807"},{"taxonomy":"product_cat","embeddable":true,"href":"https:\/\/pecpets.com\/tr\/wp-json\/wp\/v2\/product_cat?post=2807"},{"taxonomy":"product_tag","embeddable":true,"href":"https:\/\/pecpets.com\/tr\/wp-json\/wp\/v2\/product_tag?post=2807"}],"curies":[{"name":"wp","href":"https:\/\/api.w.org\/{rel}","templated":true}]}}