{"id":2838,"date":"2023-08-30T17:55:34","date_gmt":"2023-08-30T09:55:34","guid":{"rendered":"https:\/\/pecpets.com\/?post_type=product&#038;p=2838"},"modified":"2024-10-30T15:00:54","modified_gmt":"2024-10-30T07:00:54","slug":"large-heavy-duty-dog-harness","status":"publish","type":"product","link":"https:\/\/pecpets.com\/tr\/product\/large-heavy-duty-dog-harness\/","title":{"rendered":"B\u00fcy\u00fck A\u011f\u0131r Hizmet Tipi K\u00f6pek Tasmas\u0131"},"content":{"rendered":"<h2 data-immersive-translate-walked=\"e7004b1f-2e8f-4436-a121-9fbf271e51c9\"><strong data-immersive-translate-walked=\"e7004b1f-2e8f-4436-a121-9fbf271e51c9\" data-immersive-translate-paragraph=\"1\">B\u00fcy\u00fck A\u011f\u0131r Hizmet Tipi K\u00f6pek Tasmas\u0131 - Konfor i\u00e7in Nefes Alabilir ve Ayarlanabilir K\u00f6pek Tasmas\u0131<span class=\"notranslate immersive-translate-target-wrapper\" lang=\"zh-CN\" translate=\"no\" data-immersive-translate-loading-id=\"1\">\u00a0<\/span><\/strong><\/h2>\n<p data-immersive-translate-walked=\"e7004b1f-2e8f-4436-a121-9fbf271e51c9\" data-immersive-translate-paragraph=\"1\">Toptan sat\u0131\u015f fabrikam\u0131z\u0131n nefes alabilen \u00fcr\u00fcnleri ile evcil hayvan\u0131n\u0131z\u0131n konforunu ve tarz\u0131n\u0131 geli\u015ftirin <span style=\"color: #ff0000;\"><a style=\"color: #ff0000;\" href=\"https:\/\/pecpets.com\/tr\/urun-kategori%cc%87si%cc%87\/pet-harness\/\" target=\"_blank\" rel=\"noopener\">k\u00f6pek g\u00f6\u011f\u00fcs tasmas\u0131 seti<\/a><\/span>.<\/p>\n<table style=\"border-collapse: collapse; background-color: #ffffff; width: 329px; height: 273px;\" border=\"1\">\n<tbody>\n<tr>\n<td style=\"font-family: Verdana, Arial, Helvetica, sans-serif; font-size: 12px; color: #000000; margin: 8px; width: 187px; text-align: center;\"><span style=\"line-height: 21px; font-size: 14px;\">\u00dcr\u00fcn Ad\u0131<\/span><\/td>\n<td style=\"font-family: Verdana, Arial, Helvetica, sans-serif; font-size: 12px; color: #000000; margin: 8px; width: 526px; text-align: center;\"><span style=\"font-size: 14px;\">Evcil Hayvan Ko\u015fum Tak\u0131m\u0131<\/span><\/td>\n<\/tr>\n<tr>\n<td style=\"font-family: Verdana, Arial, Helvetica, sans-serif; font-size: 12px; color: #000000; margin: 8px; width: 187px; text-align: center;\"><span style=\"line-height: 21px; font-size: 14px;\">\u00dcr\u00fcn No.<\/span><\/td>\n<td style=\"font-family: Verdana, Arial, Helvetica, sans-serif; font-size: 12px; color: #000000; margin: 8px; width: 526px; text-align: center;\"><span style=\"line-height: 21px; font-size: 14px;\">P-H2017<\/span><\/td>\n<\/tr>\n<tr>\n<td style=\"font-family: Verdana, Arial, Helvetica, sans-serif; font-size: 12px; color: #000000; margin: 8px; width: 187px; text-align: center;\"><span style=\"line-height: 21px; color: #333333; font-family: Arial, Helvetica; font-size: 14px; font-style: normal; font-weight: 400; background-color: #ffffff; float: none; display: inline !important;\">Malzeme<\/span><\/td>\n<td style=\"font-family: Verdana, Arial, Helvetica, sans-serif; font-size: 12px; color: #000000; margin: 8px; width: 526px; text-align: center;\"><span style=\"color: #333333; font-family: Helvetica,Tahoma,Arial; font-size: 12px; font-style: normal; font-weight: 400; background-color: #fcfcfc; display: inline !important; float: none;\">Oxford Kuma\u015f<\/span><\/td>\n<\/tr>\n<tr>\n<td style=\"font-family: Verdana, Arial, Helvetica, sans-serif; font-size: 12px; color: #000000; margin: 8px; width: 187px; text-align: center;\"><span style=\"line-height: 21px; font-size: 14px;\">\u00a0Boyut<\/span><\/td>\n<td style=\"margin: 8px; width: 526px; text-align: center;\"><span style=\"color: #222222; font-family: Helvetica, Tahoma, Arial;\"><span style=\"font-size: 14px;\">\u00d6zel Boyut<\/span><\/span><\/td>\n<\/tr>\n<tr>\n<td style=\"font-family: Verdana, Arial, Helvetica, sans-serif; font-size: 12px; color: #000000; margin: 8px; width: 187px; text-align: center;\"><span style=\"line-height: 21px; font-size: 14px;\">\u00a0Renk<\/span><\/td>\n<td style=\"font-family: Verdana, Arial, Helvetica, sans-serif; font-size: 12px; color: #000000; margin: 8px; width: 526px; text-align: center;\"><span style=\"font-size: 14px;\">\u00d6zel Renk<\/span><\/td>\n<\/tr>\n<tr>\n<td style=\"font-family: Verdana, Arial, Helvetica, sans-serif; font-size: 12px; color: #000000; margin: 8px; width: 187px; text-align: center;\"><span style=\"line-height: 21px; font-size: 14px;\">\u00a0<span style=\"line-height: 21px; color: #333333; font-family: Arial, Helvetica; font-size: 14px; font-style: normal; font-weight: 400; background-color: #ffffff; float: none; display: inline !important;\">Evcil hayvan t\u00fcr\u00fc<\/span><\/span><\/td>\n<td style=\"font-family: Verdana, Arial, Helvetica, sans-serif; font-size: 12px; color: #000000; margin: 8px; width: 526px; text-align: center;\"><span style=\"line-height: 21px; font-size: 14px;\">\u00a0T\u00fcm K\u00f6pekler<\/span><\/td>\n<\/tr>\n<tr>\n<td style=\"font-family: Verdana, Arial, Helvetica, sans-serif; font-size: 12px; color: #000000; margin: 8px; width: 187px; text-align: center;\"><span style=\"line-height: 21px; font-size: 14px;\">\u00a0<span style=\"line-height: 21px; color: #333333; font-family: Arial, Helvetica; font-size: 14px; font-style: normal; font-weight: 400; background-color: #ffffff; float: none; display: inline !important;\">Teslimat s\u00fcresi<\/span><\/span><\/td>\n<td style=\"font-family: Verdana, Arial, Helvetica, sans-serif; font-size: 12px; color: #000000; margin: 8px; width: 526px; text-align: center;\"><span style=\"line-height: 21px; font-size: 14px;\"><span style=\"line-height: 21px; color: #000000; font-family: Verdana, Arial, Helvetica, sans-serif; font-size: 14px; font-style: normal; font-weight: 400; background-color: #ffffff; float: none; display: inline !important;\">Hava yoluyla k\u00fc\u00e7\u00fck miktar i\u00e7in 1-5 g\u00fcn ve deniz yoluyla b\u00fcy\u00fck miktar i\u00e7in 30-35 g\u00fcn<\/span>\u00a0<\/span><\/td>\n<\/tr>\n<tr>\n<td style=\"font-family: Verdana, Arial, Helvetica, sans-serif; font-size: 12px; color: #000000; margin: 8px; width: 187px; text-align: center;\"><span style=\"line-height: 21px; font-size: 14px;\">\u00a0<span style=\"line-height: 21px; color: #333333; font-family: Arial, Helvetica; font-size: 14px; font-style: normal; font-weight: 400; background-color: #ffffff; float: none; display: inline !important;\">Sevkiyat liman\u0131<\/span><\/span><\/td>\n<td style=\"font-family: Verdana, Arial, Helvetica, sans-serif; font-size: 12px; color: #000000; margin: 8px; width: 526px; text-align: center;\"><span style=\"line-height: 21px; font-size: 14px;\">Xiamen\u00a0<\/span><\/td>\n<\/tr>\n<tr>\n<td style=\"font-family: Verdana, Arial, Helvetica, sans-serif; font-size: 12px; color: #000000; margin: 8px; width: 187px; text-align: center;\"><span style=\"line-height: 21px; font-size: 14px;\">\u00a0<span style=\"line-height: 21px; color: #333333; font-family: Arial, Helvetica; font-size: 14px; font-style: normal; font-weight: 400; background-color: #ffffff; float: none; display: inline !important;\">OEM\/ODM<\/span><\/span><\/td>\n<td style=\"font-family: Verdana, Arial, Helvetica, sans-serif; font-size: 12px; color: #000000; margin: 8px; width: 526px; text-align: center;\"><span style=\"line-height: 21px; font-size: 14px;\">\u00a0<span style=\"line-height: 21px; color: #333333; font-family: Arial, Helvetica; font-size: 14px; font-style: normal; font-weight: 400; background-color: #ffffff; float: none; display: inline !important;\">Mevcut<\/span><\/span><\/td>\n<\/tr>\n<tr>\n<td style=\"font-family: Verdana, Arial, Helvetica, sans-serif; font-size: 12px; color: #000000; margin: 8px; width: 187px; text-align: center;\"><span style=\"line-height: 21px; font-size: 14px;\">\u00a0<span style=\"line-height: 21px; color: #333333; font-family: Arial, Helvetica; font-size: 14px; font-style: normal; font-weight: 400; background-color: #ffffff; float: none; display: inline !important;\">Paket<\/span><\/span><\/td>\n<td style=\"font-family: Verdana, Arial, Helvetica, sans-serif; font-size: 12px; color: #000000; margin: 8px; width: 526px; text-align: center;\"><span style=\"line-height: 21px; font-size: 14px;\"><span style=\"line-height: 21px; color: #333333; font-family: Arial, Helvetica; font-size: 14px; font-style: normal; font-weight: 400; background-color: #ffffff; float: none; display: inline !important;\">Her biri bir PPB i\u00e7inde paketlendikten sonra Kartona veya ihtiyaca g\u00f6re<\/span><\/span><\/td>\n<\/tr>\n<\/tbody>\n<\/table>\n<p data-immersive-translate-walked=\"e7004b1f-2e8f-4436-a121-9fbf271e51c9\" data-immersive-translate-paragraph=\"1\">Optimum hava ak\u0131\u015f\u0131 ve ayarlanabilirlik i\u00e7in tasarlanan k\u00f6pek g\u00f6\u011f\u00fcs tasmas\u0131, t\u00fcyl\u00fc dostunuz i\u00e7in rahat bir uyum sa\u011flar.<\/p>\n<p data-immersive-translate-walked=\"e7004b1f-2e8f-4436-a121-9fbf271e51c9\" data-immersive-translate-paragraph=\"1\">Bu y\u00fcksek kaliteli ve i\u015flevsel ko\u015fum tak\u0131m\u0131 ile evcil hayvan\u0131n\u0131z\u0131n y\u00fcr\u00fcy\u00fc\u015f deneyimini y\u00fckseltin.<\/p>\n<p data-immersive-translate-walked=\"e7004b1f-2e8f-4436-a121-9fbf271e51c9\" data-immersive-translate-paragraph=\"1\">T\u00fcm toptan sat\u0131\u015f ihtiya\u00e7lar\u0131n\u0131z i\u00e7in bu nefes alabilen k\u00f6pek g\u00f6\u011f\u00fcs tasmas\u0131 setlerini bug\u00fcn stoklay\u0131n!<span class=\"notranslate immersive-translate-target-wrapper\" lang=\"zh-CN\" translate=\"no\" data-immersive-translate-loading-id=\"1\">\u00a0<\/span><\/p>","protected":false},"excerpt":{"rendered":"<h2><strong><b>Toptan B\u00fcy\u00fck A\u011f\u0131r Hizmet Tipi K\u00f6pek Ko\u015fum Tak\u0131m\u0131<\/b><\/strong><\/h2>\n<p>B\u00fcy\u00fck A\u011f\u0131r Hizmet Tipi K\u00f6pek Ko\u015fum Tak\u0131m\u0131n\u0131 ke\u015ffedin.<\/p>\n<p>Y\u00fcksek kaliteli tasar\u0131mlar\u0131m\u0131zla evcil hayvanlar\u0131n\u0131z\u0131n \u015f\u0131kl\u0131\u011f\u0131n\u0131 koruyun.<\/p>","protected":false},"featured_media":2842,"template":"","meta":{"_seopress_robots_primary_cat":"none","_seopress_titles_title":"Large Heavy Duty Dog Harness - Professional Manufacturers","_seopress_titles_desc":"Discover Large Heavy Duty Dog Harness. Our high-quality dog harnesses provide comfort and security. Shop wholesale directly from the factory.\u00a0","_seopress_robots_index":"","_seopress_analysis_target_kw":"Large Heavy Duty Dog Harness","_uag_custom_page_level_css":""},"product_brand":[],"product_cat":[353,212],"product_tag":[],"class_list":{"0":"post-2838","1":"product","2":"type-product","3":"status-publish","4":"has-post-thumbnail","6":"product_cat-no-pull-dog-harnesses","7":"product_cat-pet-harness","9":"first","10":"instock","11":"shipping-taxable","12":"product-type-simple"},"uagb_featured_image_src":{"full":["https:\/\/pecpets.com\/wp-content\/uploads\/2023\/08\/SKU-04-\u6df1\u6a58\u8272.jpg",800,800,false],"thumbnail":["https:\/\/pecpets.com\/wp-content\/uploads\/2023\/08\/SKU-04-\u6df1\u6a58\u8272.jpg",150,150,false],"medium":["https:\/\/pecpets.com\/wp-content\/uploads\/2023\/08\/SKU-04-\u6df1\u6a58\u8272.jpg",300,300,false],"medium_large":["https:\/\/pecpets.com\/wp-content\/uploads\/2023\/08\/SKU-04-\u6df1\u6a58\u8272.jpg",768,768,false],"large":["https:\/\/pecpets.com\/wp-content\/uploads\/2023\/08\/SKU-04-\u6df1\u6a58\u8272.jpg",800,800,false],"1536x1536":["https:\/\/pecpets.com\/wp-content\/uploads\/2023\/08\/SKU-04-\u6df1\u6a58\u8272.jpg",800,800,false],"2048x2048":["https:\/\/pecpets.com\/wp-content\/uploads\/2023\/08\/SKU-04-\u6df1\u6a58\u8272.jpg",800,800,false],"trp-custom-language-flag":["https:\/\/pecpets.com\/wp-content\/uploads\/2023\/08\/SKU-04-\u6df1\u6a58\u8272.jpg",12,12,false],"woocommerce_thumbnail":["https:\/\/pecpets.com\/wp-content\/uploads\/2023\/08\/SKU-04-\u6df1\u6a58\u8272.jpg",300,300,false],"woocommerce_single":["https:\/\/pecpets.com\/wp-content\/uploads\/2023\/08\/SKU-04-\u6df1\u6a58\u8272.jpg",600,600,false],"woocommerce_gallery_thumbnail":["https:\/\/pecpets.com\/wp-content\/uploads\/2023\/08\/SKU-04-\u6df1\u6a58\u8272.jpg",100,100,false]},"uagb_author_info":{"display_name":"Lawrence\u00a0\u52b3\u4f26\u65af","author_link":"https:\/\/pecpets.com\/tr\/author\/"},"uagb_comment_info":0,"uagb_excerpt":"Wholesale Large Heavy Duty Dog Harness Discover Large Heavy Duty Dog Harness. Keep your pets stylish with our high-quality designs.","_links":{"self":[{"href":"https:\/\/pecpets.com\/tr\/wp-json\/wp\/v2\/product\/2838","targetHints":{"allow":["GET"]}}],"collection":[{"href":"https:\/\/pecpets.com\/tr\/wp-json\/wp\/v2\/product"}],"about":[{"href":"https:\/\/pecpets.com\/tr\/wp-json\/wp\/v2\/types\/product"}],"wp:featuredmedia":[{"embeddable":true,"href":"https:\/\/pecpets.com\/tr\/wp-json\/wp\/v2\/media\/2842"}],"wp:attachment":[{"href":"https:\/\/pecpets.com\/tr\/wp-json\/wp\/v2\/media?parent=2838"}],"wp:term":[{"taxonomy":"product_brand","embeddable":true,"href":"https:\/\/pecpets.com\/tr\/wp-json\/wp\/v2\/product_brand?post=2838"},{"taxonomy":"product_cat","embeddable":true,"href":"https:\/\/pecpets.com\/tr\/wp-json\/wp\/v2\/product_cat?post=2838"},{"taxonomy":"product_tag","embeddable":true,"href":"https:\/\/pecpets.com\/tr\/wp-json\/wp\/v2\/product_tag?post=2838"}],"curies":[{"name":"wp","href":"https:\/\/api.w.org\/{rel}","templated":true}]}}