{"id":3270,"date":"2023-09-01T15:47:03","date_gmt":"2023-09-01T07:47:03","guid":{"rendered":"https:\/\/pecpets.com\/?post_type=product&#038;p=3270"},"modified":"2024-06-13T18:09:34","modified_gmt":"2024-06-13T10:09:34","slug":"pet-dog-cooler-apparel-2","status":"publish","type":"product","link":"https:\/\/pecpets.com\/tr\/product\/pet-dog-cooler-apparel-2\/","title":{"rendered":"Evcil K\u00f6pek So\u011futucu Giysileri"},"content":{"rendered":"<h2>Fabrika Toptan Dayan\u0131kl\u0131 Evcil Hayvan K\u0131yafetleri - Evcil K\u00f6pek So\u011futucu K\u0131yafetleri<\/h2>\n<p data-immersive-translate-walked=\"4d8d5f5d-02b7-4704-85e3-4753af6287a1\" data-immersive-translate-paragraph=\"1\">Evcil hayvanlar\u0131 serin ve rahat tutmak i\u00e7in tasarlanan fonksiyonel k\u00f6pek k\u0131yafeti \u00e7e\u015fitlerimizi ke\u015ffedin.<\/p>\n<p data-immersive-translate-walked=\"4d8d5f5d-02b7-4704-85e3-4753af6287a1\" data-immersive-translate-paragraph=\"1\">Evcil k\u00f6pek so\u011futucu k\u0131yafetlerimiz, stili dayan\u0131kl\u0131l\u0131kla birle\u015ftirerek t\u00fcyl\u00fc dostlar\u0131n\u0131z\u0131n her t\u00fcrl\u00fc aktivite s\u0131ras\u0131nda ferah kalmas\u0131n\u0131 sa\u011flar.<\/p>\n<p data-immersive-translate-walked=\"4d8d5f5d-02b7-4704-85e3-4753af6287a1\" data-immersive-translate-paragraph=\"1\">Hem i\u015flevselli\u011fe hem de modaya \u00f6ncelik veren birinci s\u0131n\u0131f evcil hayvan k\u0131yafetleri i\u00e7in toptan sat\u0131\u015f se\u00e7eneklerimizi ke\u015ffedin.<\/p>\n<p data-immersive-translate-walked=\"4d8d5f5d-02b7-4704-85e3-4753af6287a1\" data-immersive-translate-paragraph=\"1\">Fabrikada \u00fcretilen y\u00fcksek kaliteli koleksiyonumuzla m\u00fc\u015fterilerinizin evcil hayvanlar\u0131na en iyi serinletici k\u00f6pek k\u0131yafetlerini sunun.<\/p>","protected":false},"excerpt":{"rendered":"<h3>Evcil K\u00f6pek So\u011futucu Giysileri<\/h3>\n<p><img fetchpriority=\"high\" decoding=\"async\" class=\"wp-image-3274\" src=\"https:\/\/pecpets.com\/wp-content\/uploads\/2023\/09\/\u8be6\u60c5_16.jpg\" alt=\"k\u00f6pek so\u011futma nefes alabilen yelek k\u0131yafetleri (kopya)\" width=\"790\" height=\"607\" \/><\/p>","protected":false},"featured_media":3274,"template":"","meta":{"_seopress_robots_primary_cat":"none","_seopress_titles_title":"Pet Dog Cooler Apparel - Professional Manufacturers","_seopress_titles_desc":"Discover our pet dog cooler apparel. Comfortable and durable pet costumes available for wholesale. Ideal for B2B buyers seeking quality dog apparel.","_seopress_robots_index":"","_uag_custom_page_level_css":""},"product_brand":[],"product_cat":[365,23],"product_tag":[],"class_list":{"0":"post-3270","1":"product","2":"type-product","3":"status-publish","4":"has-post-thumbnail","6":"product_cat-functional-dog-clothing","7":"product_cat-pet-clothing","9":"first","10":"instock","11":"shipping-taxable","12":"product-type-simple"},"uagb_featured_image_src":{"full":["https:\/\/pecpets.com\/wp-content\/uploads\/2023\/09\/\u8be6\u60c5_16.jpg",790,607,false],"thumbnail":["https:\/\/pecpets.com\/wp-content\/uploads\/2023\/09\/\u8be6\u60c5_16.jpg",150,115,false],"medium":["https:\/\/pecpets.com\/wp-content\/uploads\/2023\/09\/\u8be6\u60c5_16.jpg",300,231,false],"medium_large":["https:\/\/pecpets.com\/wp-content\/uploads\/2023\/09\/\u8be6\u60c5_16.jpg",768,590,false],"large":["https:\/\/pecpets.com\/wp-content\/uploads\/2023\/09\/\u8be6\u60c5_16.jpg",790,607,false],"1536x1536":["https:\/\/pecpets.com\/wp-content\/uploads\/2023\/09\/\u8be6\u60c5_16.jpg",790,607,false],"2048x2048":["https:\/\/pecpets.com\/wp-content\/uploads\/2023\/09\/\u8be6\u60c5_16.jpg",790,607,false],"trp-custom-language-flag":["https:\/\/pecpets.com\/wp-content\/uploads\/2023\/09\/\u8be6\u60c5_16.jpg",16,12,false],"woocommerce_thumbnail":["https:\/\/pecpets.com\/wp-content\/uploads\/2023\/09\/\u8be6\u60c5_16-300x300.jpg",300,300,true],"woocommerce_single":["https:\/\/pecpets.com\/wp-content\/uploads\/2023\/09\/\u8be6\u60c5_16.jpg",600,461,false],"woocommerce_gallery_thumbnail":["https:\/\/pecpets.com\/wp-content\/uploads\/2023\/09\/\u8be6\u60c5_16-100x100.jpg",100,100,true]},"uagb_author_info":{"display_name":"Lawrence\u00a0\u52b3\u4f26\u65af","author_link":"https:\/\/pecpets.com\/tr\/author\/"},"uagb_comment_info":0,"uagb_excerpt":"Pet Dog Cooler Apparel","_links":{"self":[{"href":"https:\/\/pecpets.com\/tr\/wp-json\/wp\/v2\/product\/3270","targetHints":{"allow":["GET"]}}],"collection":[{"href":"https:\/\/pecpets.com\/tr\/wp-json\/wp\/v2\/product"}],"about":[{"href":"https:\/\/pecpets.com\/tr\/wp-json\/wp\/v2\/types\/product"}],"wp:featuredmedia":[{"embeddable":true,"href":"https:\/\/pecpets.com\/tr\/wp-json\/wp\/v2\/media\/3274"}],"wp:attachment":[{"href":"https:\/\/pecpets.com\/tr\/wp-json\/wp\/v2\/media?parent=3270"}],"wp:term":[{"taxonomy":"product_brand","embeddable":true,"href":"https:\/\/pecpets.com\/tr\/wp-json\/wp\/v2\/product_brand?post=3270"},{"taxonomy":"product_cat","embeddable":true,"href":"https:\/\/pecpets.com\/tr\/wp-json\/wp\/v2\/product_cat?post=3270"},{"taxonomy":"product_tag","embeddable":true,"href":"https:\/\/pecpets.com\/tr\/wp-json\/wp\/v2\/product_tag?post=3270"}],"curies":[{"name":"wp","href":"https:\/\/api.w.org\/{rel}","templated":true}]}}