{"id":3375,"date":"2023-09-01T17:06:36","date_gmt":"2023-09-01T09:06:36","guid":{"rendered":"https:\/\/pecpets.com\/?post_type=product&#038;p=3375"},"modified":"2024-06-13T17:41:43","modified_gmt":"2024-06-13T09:41:43","slug":"dog-leash-custom-color-and-low-moq-9","status":"publish","type":"product","link":"https:\/\/pecpets.com\/tr\/product\/dog-leash-custom-color-and-low-moq-9\/","title":{"rendered":"K\u00f6pek Tasmas\u0131 \u00d6zel Renk ve D\u00fc\u015f\u00fck MOQ"},"content":{"rendered":"<h2 data-immersive-translate-walked=\"0639d3b4-b782-4efa-9548-3f6c5f98ef3d\" data-immersive-translate-paragraph=\"1\">Hafif ve Dayan\u0131kl\u0131 Pet Tasma | G\u00fcnl\u00fck Giyim Tasma Kay\u0131\u015flar\u0131 | \u00d6zel Renk ve D\u00fc\u015f\u00fck MOQ ile Toptan Fabrika<span class=\"notranslate immersive-translate-target-wrapper\" lang=\"zh-CN\" data-immersive-translate-translation-element-mark=\"1\"><br \/>\n<\/span><\/h2>\n<p data-immersive-translate-walked=\"0639d3b4-b782-4efa-9548-3f6c5f98ef3d\" data-immersive-translate-paragraph=\"1\">T\u00fcyl\u00fc dostunuzla g\u00fcnl\u00fck kullan\u0131m ve a\u00e7\u0131k hava maceralar\u0131 i\u00e7in m\u00fckemmel olan hafif ve dayan\u0131kl\u0131 evcil hayvan tasma kay\u0131\u015flar\u0131m\u0131z\u0131 ke\u015ffedin.<\/p>\n<p data-immersive-translate-walked=\"0639d3b4-b782-4efa-9548-3f6c5f98ef3d\" data-immersive-translate-paragraph=\"1\">G\u00fcnl\u00fck kullan\u0131m tasmalar\u0131m\u0131z dayan\u0131kl\u0131l\u0131k ve stil i\u00e7in tasarlanm\u0131\u015ft\u0131r ve hem i\u015flevsellik hem de moda sa\u011flar.<\/p>\n<p data-immersive-translate-walked=\"0639d3b4-b782-4efa-9548-3f6c5f98ef3d\" data-immersive-translate-paragraph=\"1\">\u00d6zel renk se\u00e7enekleri ve d\u00fc\u015f\u00fck minimum sipari\u015f miktarlar\u0131 ile toptan sat\u0131\u015f fabrikam\u0131z, benzersiz ihtiya\u00e7lar\u0131n\u0131z\u0131 kar\u015f\u0131lamak i\u00e7in esneklik sunar.<\/p>\n<p data-immersive-translate-walked=\"0639d3b4-b782-4efa-9548-3f6c5f98ef3d\" data-immersive-translate-paragraph=\"1\">Koleksiyonumuzu \u015fimdi ke\u015ffedin ve m\u00fc\u015fterilerinize sevgili evcil hayvanlar\u0131yla y\u00fcr\u00fcy\u00fc\u015f deneyimlerini geli\u015ftirmek i\u00e7in dayan\u0131kl\u0131l\u0131k, stil ve \u00f6zelle\u015ftirme se\u00e7eneklerini bir araya getiren y\u00fcksek kaliteli bir evcil hayvan tasmas\u0131 sunun.<\/p>","protected":false},"excerpt":{"rendered":"<div class=\"elementor-element elementor-element-36a3285 elementor-widget elementor-widget-woocommerce-product-title elementor-page-title elementor-widget-heading\" data-id=\"36a3285\" data-element_type=\"widget\" data-widget_type=\"woocommerce-product-title.default\">\n<div class=\"elementor-widget-container\">\n<h3 class=\"product_title entry-title elementor-heading-title elementor-size-default\">K\u00f6pek Tasmas\u0131 \u00d6zel Renk ve D\u00fc\u015f\u00fck MOQ<\/h3>\n<\/div>\n<\/div>\n<div class=\"elementor-element elementor-element-f148377 elementor-widget elementor-widget-woocommerce-product-content\" data-id=\"f148377\" data-element_type=\"widget\" data-widget_type=\"woocommerce-product-content.default\">\n<div class=\"elementor-widget-container\">\n<table class=\"is-zebra all magic-1\" style=\"height: 309px;\" width=\"390\">\n<tbody>\n<tr>\n<td colspan=\"1\" rowspan=\"1\">\n<div class=\"magic-2\">\u00dcr\u00fcn Tipi<\/div>\n<\/td>\n<td colspan=\"1\" rowspan=\"1\">\n<div class=\"magic-3\">Toptan Evcil Hayvan Tasmas\u0131<\/div>\n<\/td>\n<\/tr>\n<tr>\n<td colspan=\"1\" rowspan=\"1\">\n<div class=\"magic-2\">Malzeme<\/div>\n<\/td>\n<td colspan=\"1\" rowspan=\"1\">\n<div class=\"magic-3\">Naylon<\/div>\n<\/td>\n<\/tr>\n<tr>\n<td colspan=\"1\" rowspan=\"1\">\n<div class=\"magic-2\">Tasar\u0131m<\/div>\n<\/td>\n<td colspan=\"1\" rowspan=\"1\">\n<div class=\"magic-3\">Stok Tasar\u0131m\u0131nda<\/div>\n<\/td>\n<\/tr>\n<tr>\n<td colspan=\"1\" rowspan=\"1\">\n<div class=\"magic-2\">Kullan\u0131m<\/div>\n<\/td>\n<td colspan=\"1\" rowspan=\"1\">\n<div class=\"magic-3\">Y\u00fcr\u00fcyen K\u00f6pekler<\/div>\n<\/td>\n<\/tr>\n<tr>\n<td colspan=\"1\" rowspan=\"1\">\n<div class=\"magic-2\">\u00d6zellik<\/div>\n<\/td>\n<td colspan=\"1\" rowspan=\"1\">\n<div class=\"magic-3\">S\u00fcrd\u00fcr\u00fclebilir<\/div>\n<\/td>\n<\/tr>\n<tr>\n<td colspan=\"1\" rowspan=\"1\">\n<div class=\"magic-2\">ADEDI<\/div>\n<\/td>\n<td colspan=\"1\" rowspan=\"1\">\n<div class=\"magic-3\">100 Adet<\/div>\n<\/td>\n<\/tr>\n<tr>\n<td colspan=\"1\" rowspan=\"1\">\n<div class=\"magic-2\">\u00d6rnek Zaman<\/div>\n<\/td>\n<td colspan=\"1\" rowspan=\"1\">\n<div class=\"magic-3\">5-7 i\u015f g\u00fcn\u00fc<\/div>\n<\/td>\n<\/tr>\n<tr>\n<td colspan=\"1\" rowspan=\"1\">\n<div class=\"magic-2\">OEM Hizmeti<\/div>\n<\/td>\n<td colspan=\"1\" rowspan=\"1\">\n<div class=\"magic-3\">Mevcut<\/div>\n<\/td>\n<\/tr>\n<\/tbody>\n<\/table>\n<\/div>\n<\/div>","protected":false},"featured_media":3379,"template":"","meta":{"_seopress_robots_primary_cat":"none","_seopress_titles_title":"Dog Leash Custom Color and Low MOQ - Top Manufacturers","_seopress_titles_desc":"Discover our dog leash custom color. Light and durable pet leashes designed for daily wear. High-quality products from a trusted wholesale factory.","_seopress_robots_index":"","_uag_custom_page_level_css":""},"product_brand":[],"product_cat":[360,28],"product_tag":[],"class_list":{"0":"post-3375","1":"product","2":"type-product","3":"status-publish","4":"has-post-thumbnail","6":"product_cat-daily-wear-leashes","7":"product_cat-pet-leash","9":"first","10":"instock","11":"shipping-taxable","12":"product-type-simple"},"uagb_featured_image_src":{"full":["https:\/\/pecpets.com\/wp-content\/uploads\/2023\/09\/\u4e3b\u56fe-01.jpg",750,750,false],"thumbnail":["https:\/\/pecpets.com\/wp-content\/uploads\/2023\/09\/\u4e3b\u56fe-01.jpg",150,150,false],"medium":["https:\/\/pecpets.com\/wp-content\/uploads\/2023\/09\/\u4e3b\u56fe-01.jpg",300,300,false],"medium_large":["https:\/\/pecpets.com\/wp-content\/uploads\/2023\/09\/\u4e3b\u56fe-01.jpg",750,750,false],"large":["https:\/\/pecpets.com\/wp-content\/uploads\/2023\/09\/\u4e3b\u56fe-01.jpg",750,750,false],"1536x1536":["https:\/\/pecpets.com\/wp-content\/uploads\/2023\/09\/\u4e3b\u56fe-01.jpg",750,750,false],"2048x2048":["https:\/\/pecpets.com\/wp-content\/uploads\/2023\/09\/\u4e3b\u56fe-01.jpg",750,750,false],"trp-custom-language-flag":["https:\/\/pecpets.com\/wp-content\/uploads\/2023\/09\/\u4e3b\u56fe-01.jpg",12,12,false],"woocommerce_thumbnail":["https:\/\/pecpets.com\/wp-content\/uploads\/2023\/09\/\u4e3b\u56fe-01.jpg",300,300,false],"woocommerce_single":["https:\/\/pecpets.com\/wp-content\/uploads\/2023\/09\/\u4e3b\u56fe-01.jpg",600,600,false],"woocommerce_gallery_thumbnail":["https:\/\/pecpets.com\/wp-content\/uploads\/2023\/09\/\u4e3b\u56fe-01.jpg",100,100,false]},"uagb_author_info":{"display_name":"Lawrence\u00a0\u52b3\u4f26\u65af","author_link":"https:\/\/pecpets.com\/tr\/author\/"},"uagb_comment_info":0,"uagb_excerpt":"Dog Leash Custom Color and Low MOQ Product Type Wholesale Pet Leash Material Nylon Design In Stock Design Usage Walk Dogs Feature Sustainable MOQ 100 Pieces Sample Time 5-7 working days OEM Service Available","_links":{"self":[{"href":"https:\/\/pecpets.com\/tr\/wp-json\/wp\/v2\/product\/3375","targetHints":{"allow":["GET"]}}],"collection":[{"href":"https:\/\/pecpets.com\/tr\/wp-json\/wp\/v2\/product"}],"about":[{"href":"https:\/\/pecpets.com\/tr\/wp-json\/wp\/v2\/types\/product"}],"wp:featuredmedia":[{"embeddable":true,"href":"https:\/\/pecpets.com\/tr\/wp-json\/wp\/v2\/media\/3379"}],"wp:attachment":[{"href":"https:\/\/pecpets.com\/tr\/wp-json\/wp\/v2\/media?parent=3375"}],"wp:term":[{"taxonomy":"product_brand","embeddable":true,"href":"https:\/\/pecpets.com\/tr\/wp-json\/wp\/v2\/product_brand?post=3375"},{"taxonomy":"product_cat","embeddable":true,"href":"https:\/\/pecpets.com\/tr\/wp-json\/wp\/v2\/product_cat?post=3375"},{"taxonomy":"product_tag","embeddable":true,"href":"https:\/\/pecpets.com\/tr\/wp-json\/wp\/v2\/product_tag?post=3375"}],"curies":[{"name":"wp","href":"https:\/\/api.w.org\/{rel}","templated":true}]}}