{"id":3599,"date":"2023-09-05T17:36:32","date_gmt":"2023-09-05T09:36:32","guid":{"rendered":"https:\/\/pecpets.com\/?post_type=product&#038;p=3599"},"modified":"2024-06-13T16:07:09","modified_gmt":"2024-06-13T08:07:09","slug":"breathable-dog-harness-set-22","status":"publish","type":"product","link":"https:\/\/pecpets.com\/tr\/product\/breathable-dog-harness-set-22\/","title":{"rendered":"Nefes Alabilen K\u00f6pek Ko\u015fum Tak\u0131m\u0131"},"content":{"rendered":"<h2 data-immersive-translate-walked=\"0639d3b4-b782-4efa-9548-3f6c5f98ef3d\" data-immersive-translate-paragraph=\"1\">Y\u00fcksek Kaliteli Ayarlanabilir Nefes Alabilir K\u00f6pek Ko\u015fum Tak\u0131m\u0131 | Toptan Fabrika<span class=\"notranslate immersive-translate-target-wrapper\" lang=\"zh-CN\" data-immersive-translate-translation-element-mark=\"1\"><br \/>\n<\/span><\/h2>\n<p>Do\u011frudan fabrikadan toptan fiyatlarla sunulan en kaliteli ayarlanabilir ve nefes alabilen k\u00f6pek ko\u015fum tak\u0131m\u0131 koleksiyonumuzu ke\u015ffedin.<\/p>\n<p>\u00dcr\u00fcnlerimiz, t\u00fcyl\u00fc dostlar\u0131n\u0131z i\u00e7in konfor ve g\u00fcvenlik sa\u011flamak, y\u00fcr\u00fcy\u00fc\u015fler ve maceralar s\u0131ras\u0131nda en iyi \u015fekilde g\u00f6r\u00fcnmelerini ve hissetmelerini sa\u011flamak i\u00e7in tasarlanm\u0131\u015ft\u0131r.<\/p>\n<p>\u015eimdi al\u0131\u015fveri\u015f yap\u0131n ve m\u00fc\u015fterilerinize hem i\u015flevsel hem de \u015f\u0131k k\u00f6pek g\u00f6\u011f\u00fcs tasmalar\u0131nda en iyisini sunun.<\/p>","protected":false},"excerpt":{"rendered":"<h3>Nefes Alabilen K\u00f6pek Ko\u015fum Tak\u0131m\u0131<\/h3>\n<table class=\"woocommerce-product-attributes shop_attributes\">\n<tbody>\n<tr class=\"woocommerce-product-attributes-item woocommerce-product-attributes-item--attribute_pa_color\">\n<th class=\"woocommerce-product-attributes-item__label\">Renk<\/th>\n<td class=\"woocommerce-product-attributes-item__value\">Renk ve Deseni \u00d6zelle\u015ftirin<\/td>\n<\/tr>\n<tr class=\"woocommerce-product-attributes-item woocommerce-product-attributes-item--attribute_pa_item-no\">\n<th class=\"woocommerce-product-attributes-item__label\">\u00dcr\u00fcn No.<\/th>\n<td class=\"woocommerce-product-attributes-item__value\">RH-018<\/td>\n<\/tr>\n<tr class=\"woocommerce-product-attributes-item woocommerce-product-attributes-item--attribute_pa_size\">\n<th class=\"woocommerce-product-attributes-item__label\">Boyut<\/th>\n<td class=\"woocommerce-product-attributes-item__value\">XS\/S\/M\/L\/XL<\/td>\n<\/tr>\n<\/tbody>\n<\/table>\n<p><strong>\u00d6zellikler:<\/strong><\/p>\n<ul>\n<li>\u00d6zel renkte ters \u00e7evrilebilir ko\u015fum tak\u0131m\u0131<\/li>\n<li>Her iki taraf\u0131 neopren kuma\u015ftan yap\u0131lm\u0131\u015ft\u0131r<\/li>\n<li>Nefes alabilir, dayan\u0131kl\u0131 ve suya diren\u00e7li<\/li>\n<li>Kaymas\u0131 kolay<\/li>\n<li>\u00c7\u0131t\u00e7\u0131tl\u0131 toka kapatma<\/li>\n<li>Kolan k\u0131sm\u0131ndan ayarlanabilir<\/li>\n<li>Arkada V halkal\u0131 tasma ba\u011flant\u0131s\u0131<\/li>\n<\/ul>\n<p><strong>Bak\u0131m talimatlar\u0131:<\/strong><\/p>\n<ul>\n<li>Hafif deterjan kullanarak nazik\u00e7e elde y\u0131kay\u0131n<\/li>\n<li>G\u00f6lgede asarak kurutun<\/li>\n<\/ul>","protected":false},"featured_media":3600,"template":"","meta":{"_seopress_robots_primary_cat":"none","_seopress_titles_title":"Breathable Dog Harness Set - Professional Manufacturers","_seopress_titles_desc":"Explore our adjustable pet harness sets. Breathable dog harness set designed for comfort and durability. Trusted manufacturer providing premium products.","_seopress_robots_index":"","_uag_custom_page_level_css":""},"product_brand":[],"product_cat":[212,323],"product_tag":[],"class_list":{"0":"post-3599","1":"product","2":"type-product","3":"status-publish","4":"has-post-thumbnail","6":"product_cat-pet-harness","7":"product_cat-standard-harnesses","9":"first","10":"instock","11":"shipping-taxable","12":"product-type-simple"},"uagb_featured_image_src":{"full":["https:\/\/pecpets.com\/wp-content\/uploads\/2023\/09\/Detail-01-3.jpg",1000,1000,false],"thumbnail":["https:\/\/pecpets.com\/wp-content\/uploads\/2023\/09\/Detail-01-3.jpg",150,150,false],"medium":["https:\/\/pecpets.com\/wp-content\/uploads\/2023\/09\/Detail-01-3.jpg",300,300,false],"medium_large":["https:\/\/pecpets.com\/wp-content\/uploads\/2023\/09\/Detail-01-3.jpg",768,768,false],"large":["https:\/\/pecpets.com\/wp-content\/uploads\/2023\/09\/Detail-01-3.jpg",800,800,false],"1536x1536":["https:\/\/pecpets.com\/wp-content\/uploads\/2023\/09\/Detail-01-3.jpg",1000,1000,false],"2048x2048":["https:\/\/pecpets.com\/wp-content\/uploads\/2023\/09\/Detail-01-3.jpg",1000,1000,false],"trp-custom-language-flag":["https:\/\/pecpets.com\/wp-content\/uploads\/2023\/09\/Detail-01-3.jpg",12,12,false],"woocommerce_thumbnail":["https:\/\/pecpets.com\/wp-content\/uploads\/2023\/09\/Detail-01-3.jpg",300,300,false],"woocommerce_single":["https:\/\/pecpets.com\/wp-content\/uploads\/2023\/09\/Detail-01-3.jpg",600,600,false],"woocommerce_gallery_thumbnail":["https:\/\/pecpets.com\/wp-content\/uploads\/2023\/09\/Detail-01-3.jpg",100,100,false]},"uagb_author_info":{"display_name":"Lawrence\u00a0\u52b3\u4f26\u65af","author_link":"https:\/\/pecpets.com\/tr\/author\/"},"uagb_comment_info":0,"uagb_excerpt":"Breathable Dog Harness Set Color Customize Color and Pattern Item No. RH-018 Size XS\/S\/M\/L\/XL Features: Reversible harness in custom color Made with neoprene fabric on both sides Breathable, durable and water-resistant Easy to slip on Snap buckle closure Adjustable at the girth V-ring leash attachment at back Care instructions: Gently hand wash using mild detergent&hellip;","_links":{"self":[{"href":"https:\/\/pecpets.com\/tr\/wp-json\/wp\/v2\/product\/3599","targetHints":{"allow":["GET"]}}],"collection":[{"href":"https:\/\/pecpets.com\/tr\/wp-json\/wp\/v2\/product"}],"about":[{"href":"https:\/\/pecpets.com\/tr\/wp-json\/wp\/v2\/types\/product"}],"wp:featuredmedia":[{"embeddable":true,"href":"https:\/\/pecpets.com\/tr\/wp-json\/wp\/v2\/media\/3600"}],"wp:attachment":[{"href":"https:\/\/pecpets.com\/tr\/wp-json\/wp\/v2\/media?parent=3599"}],"wp:term":[{"taxonomy":"product_brand","embeddable":true,"href":"https:\/\/pecpets.com\/tr\/wp-json\/wp\/v2\/product_brand?post=3599"},{"taxonomy":"product_cat","embeddable":true,"href":"https:\/\/pecpets.com\/tr\/wp-json\/wp\/v2\/product_cat?post=3599"},{"taxonomy":"product_tag","embeddable":true,"href":"https:\/\/pecpets.com\/tr\/wp-json\/wp\/v2\/product_tag?post=3599"}],"curies":[{"name":"wp","href":"https:\/\/api.w.org\/{rel}","templated":true}]}}