{"id":5059,"date":"2024-04-30T14:04:01","date_gmt":"2024-04-30T06:04:01","guid":{"rendered":"https:\/\/pecpets.com\/?post_type=product&#038;p=5059"},"modified":"2024-10-29T15:41:10","modified_gmt":"2024-10-29T07:41:10","slug":"cartoon-summer-breathable-pet-bed","status":"publish","type":"product","link":"https:\/\/pecpets.com\/tr\/product\/cartoon-summer-breathable-pet-bed\/","title":{"rendered":"Karikat\u00fcr Yazl\u0131k Nefes Alabilir Evcil Hayvan Yata\u011f\u0131"},"content":{"rendered":"<div class=\"elementor-element elementor-element-f148377 elementor-widget elementor-widget-woocommerce-product-content\" data-id=\"f148377\" data-element_type=\"widget\" data-widget_type=\"woocommerce-product-content.default\">\n<div class=\"elementor-widget-container\">\n<h2>Karikat\u00fcr Yaz Nefes Alabilir <span style=\"color: #ff0000;\"><a style=\"color: #ff0000;\" href=\"https:\/\/pecpets.com\/tr\/urun-kategori%cc%87si%cc%87\/pet-bed\/\" target=\"_blank\" rel=\"noopener\">Evcil Hayvan Yata\u011f\u0131<\/a><\/span><\/h2>\n<p>\ud83d\udc96D\u00dcNYANIN EN RAHAT, 100% DA\u011eINIKLIK YARATMAYAN MOBILYA KORUYUCUSU. GARANT\u0130L\u0130.\ud83d\udc36 \ud83d\udc31<br \/>\n\ud83d\udc8e Konforlu kal\u0131rken mobilyalar\u0131n\u0131z\u0131 korur<br \/>\n\ud83d\udc8e Evcil Hayvan Dostu Rahat Malzeme<br \/>\n\ud83d\udc8e An\u0131nda havas\u0131z kanepe<br \/>\n\ud83d\udc8e Makinede Y\u0131kanabilir \u00c7\u0131kar\u0131labilir K\u0131l\u0131f<\/p>\n<p>S Beden \u00d6l\u00e7\u00fcler:<br \/>\n45 x 35CM<\/p>\n<p>M Beden \u00d6l\u00e7\u00fcler:<br \/>\n55x 40CM<\/p>\n<p>L Beden \u00d6l\u00e7\u00fcler:<br \/>\n65 x50CM<\/p>\n<p>XL Beden \u00d6l\u00e7\u00fcler:<br \/>\n80 x60CM<\/p>\n<p>NEDEN HER K\u00d6PEK SAHI\u0307BI\u0307NI\u0307N SAKI\u0307NLE\u015eTI\u0307RI\u0307CI\u0307 BI\u0307R MOBI\u0307LYA KORUYUCUSUNA I\u0307HTI\u0307YACI VARDIR?<\/p>\n<p>\u2714\ufe0f BENZERSIZ KONFOR VE EKLEM DESTE\u011eI<br \/>\nC\u00f6mert\u00e7e doldurulmu\u015f ped, m\u00fckemmel destek ve yuvalanma ve g\u00fcvende hissetme f\u0131rsatlar\u0131 sa\u011flar. Di\u011fer ucuz k\u00f6pek yataklar\u0131n\u0131n aksine, birinci s\u0131n\u0131f desteklerimiz s\u0131k\u0131d\u0131r ve d\u00fc\u015fmez...<br \/>\nSofe K\u00fcrk g\u00fcvenlik hissi yarat\u0131r ve sinir sistemini olumlu y\u00f6nde harekete ge\u00e7irerek k\u00fcrkl\u00fc \u00e7ocuklar\u0131n\u0131z\u0131n daha h\u0131zl\u0131 sakinle\u015fmesini, daha kolay rahatlamas\u0131n\u0131 ve daha rahat uyumas\u0131n\u0131 sa\u011flar.<\/p>\n<table style=\"border-collapse: collapse; background-color: #ffffff; width: 335px; height: 242px;\" border=\"1\">\n<tbody>\n<tr>\n<td style=\"font-family: Verdana, Arial, Helvetica, sans-serif; font-size: 12px; color: #000000; margin: 8px; width: 187px; text-align: center;\"><span style=\"line-height: 21px; font-size: 14px;\">\u00dcr\u00fcn Ad\u0131<\/span><\/td>\n<td style=\"font-family: Verdana, Arial, Helvetica, sans-serif; font-size: 12px; color: #000000; margin: 8px; width: 526px; text-align: center;\">Evcil Hayvan Yata\u011f\u0131<\/td>\n<\/tr>\n<tr>\n<td style=\"font-family: Verdana, Arial, Helvetica, sans-serif; font-size: 12px; color: #000000; margin: 8px; width: 187px; text-align: center;\"><span style=\"line-height: 21px; font-size: 14px;\">\u00dcr\u00fcn No.<\/span><\/td>\n<td style=\"font-family: Verdana, Arial, Helvetica, sans-serif; font-size: 12px; color: #000000; margin: 8px; width: 526px; text-align: center;\"><span style=\"line-height: 21px; font-size: 14px;\">P-B2004<\/span><\/td>\n<\/tr>\n<tr>\n<td style=\"font-family: Verdana, Arial, Helvetica, sans-serif; font-size: 12px; color: #000000; margin: 8px; width: 187px; text-align: center;\"><span style=\"line-height: 21px; color: #333333; font-family: Arial, Helvetica; font-size: 14px; font-style: normal; font-weight: 400; background-color: #ffffff; float: none; display: inline !important;\">Malzeme<\/span><\/td>\n<td style=\"font-family: Verdana, Arial, Helvetica, sans-serif; font-size: 12px; color: #000000; margin: 8px; width: 526px; text-align: center;\"><span style=\"color: #151515; font-family: Arial,Helvetica,sans-serif; font-size: 14px; font-style: normal; font-weight: 400; text-align: left; display: inline !important; float: none;\">Coral Fleece<\/span><\/td>\n<\/tr>\n<tr>\n<td style=\"font-family: Verdana, Arial, Helvetica, sans-serif; font-size: 12px; color: #000000; margin: 8px; width: 187px; text-align: center;\"><span style=\"line-height: 21px; font-size: 14px;\">\u00a0Boyut<\/span><\/td>\n<td style=\"font-family: Verdana, Arial, Helvetica, sans-serif; font-size: 12px; color: #000000; margin: 8px; width: 526px; text-align: center;\"><span style=\"font-size: 14px;\">\u00d6zel Boyut<\/span><\/td>\n<\/tr>\n<tr>\n<td style=\"font-family: Verdana, Arial, Helvetica, sans-serif; font-size: 12px; color: #000000; margin: 8px; width: 187px; text-align: center;\"><span style=\"line-height: 21px; font-size: 14px;\">\u00a0Renk<\/span><\/td>\n<td style=\"font-family: Verdana, Arial, Helvetica, sans-serif; font-size: 12px; color: #000000; margin: 8px; width: 526px; text-align: center;\"><span style=\"color: #000000; font-family: Verdana, Arial, Helvetica, sans-serif; font-size: 14px; font-style: normal; font-weight: 400; text-align: center; background-color: #ffffff; float: none; display: inline !important;\">\u00d6zel Renk<\/span><\/td>\n<\/tr>\n<tr>\n<td style=\"font-family: Verdana, Arial, Helvetica, sans-serif; font-size: 12px; color: #000000; margin: 8px; width: 187px; text-align: center;\"><span style=\"line-height: 21px; font-size: 14px;\">\u00a0<span style=\"line-height: 21px; color: #333333; font-family: Arial, Helvetica; font-size: 14px; font-style: normal; font-weight: 400; background-color: #ffffff; float: none; display: inline !important;\">Evcil hayvan t\u00fcr\u00fc<\/span><\/span><\/td>\n<td style=\"font-family: Verdana, Arial, Helvetica, sans-serif; font-size: 12px; color: #000000; margin: 8px; width: 526px; text-align: center;\"><span style=\"line-height: 21px; font-size: 14px;\">\u00a0T\u00fcm K\u00f6pekler<\/span><\/td>\n<\/tr>\n<tr>\n<td style=\"font-family: Verdana, Arial, Helvetica, sans-serif; font-size: 12px; color: #000000; margin: 8px; width: 187px; text-align: center;\"><span style=\"line-height: 21px; font-size: 14px;\">\u00a0<span style=\"line-height: 21px; color: #333333; font-family: Arial, Helvetica; font-size: 14px; font-style: normal; font-weight: 400; background-color: #ffffff; float: none; display: inline !important;\">Teslimat s\u00fcresi<\/span><\/span><\/td>\n<td style=\"font-family: Verdana, Arial, Helvetica, sans-serif; font-size: 12px; color: #000000; margin: 8px; width: 526px; text-align: center;\"><span style=\"line-height: 21px; font-size: 14px;\"><span style=\"line-height: 21px; color: #000000; font-family: Verdana, Arial, Helvetica, sans-serif; font-size: 14px; font-style: normal; font-weight: 400; background-color: #ffffff; float: none; display: inline !important;\">Hava yoluyla k\u00fc\u00e7\u00fck miktar i\u00e7in 1-5 g\u00fcn ve deniz yoluyla b\u00fcy\u00fck miktar i\u00e7in 30-35 g\u00fcn<\/span>\u00a0<\/span><\/td>\n<\/tr>\n<tr>\n<td style=\"font-family: Verdana, Arial, Helvetica, sans-serif; font-size: 12px; color: #000000; margin: 8px; width: 187px; text-align: center;\"><span style=\"line-height: 21px; font-size: 14px;\">\u00a0<span style=\"line-height: 21px; color: #333333; font-family: Arial, Helvetica; font-size: 14px; font-style: normal; font-weight: 400; background-color: #ffffff; float: none; display: inline !important;\">Sevkiyat liman\u0131<\/span><\/span><\/td>\n<td style=\"font-family: Verdana, Arial, Helvetica, sans-serif; font-size: 12px; color: #000000; margin: 8px; width: 526px; text-align: center;\"><span style=\"line-height: 21px; font-size: 14px;\">Xiamen\u00a0<\/span><\/td>\n<\/tr>\n<tr>\n<td style=\"font-family: Verdana, Arial, Helvetica, sans-serif; font-size: 12px; color: #000000; margin: 8px; width: 187px; text-align: center;\"><span style=\"line-height: 21px; font-size: 14px;\">\u00a0<span style=\"line-height: 21px; color: #333333; font-family: Arial, Helvetica; font-size: 14px; font-style: normal; font-weight: 400; background-color: #ffffff; float: none; display: inline !important;\">OEM\/ODM<\/span><\/span><\/td>\n<td style=\"font-family: Verdana, Arial, Helvetica, sans-serif; font-size: 12px; color: #000000; margin: 8px; width: 526px; text-align: center;\"><span style=\"line-height: 21px; font-size: 14px;\">\u00a0<span style=\"line-height: 21px; color: #333333; font-family: Arial, Helvetica; font-size: 14px; font-style: normal; font-weight: 400; background-color: #ffffff; float: none; display: inline !important;\">Mevcut<\/span><\/span><\/td>\n<\/tr>\n<tr>\n<td style=\"font-family: Verdana, Arial, Helvetica, sans-serif; font-size: 12px; color: #000000; margin: 8px; width: 187px; text-align: center;\"><span style=\"line-height: 21px; font-size: 14px;\">\u00a0<span style=\"line-height: 21px; color: #333333; font-family: Arial, Helvetica; font-size: 14px; font-style: normal; font-weight: 400; background-color: #ffffff; float: none; display: inline !important;\">Paket<\/span><\/span><\/td>\n<td style=\"font-family: Verdana, Arial, Helvetica, sans-serif; font-size: 12px; color: #000000; margin: 8px; width: 526px; text-align: center;\"><span style=\"line-height: 21px; font-size: 14px;\"><span style=\"line-height: 21px; color: #333333; font-family: Arial, Helvetica; font-size: 14px; font-style: normal; font-weight: 400; background-color: #ffffff; float: none; display: inline !important;\">Her biri bir PPB i\u00e7inde paketlendikten sonra Kartona veya ihtiyaca g\u00f6re<\/span><\/span><\/td>\n<\/tr>\n<\/tbody>\n<\/table>\n<p>\ud83d\udcd0Boyut K\u0131lavuzu<br \/>\n- L\u00fctfen k\u00f6pe\u011finizin uyku stiline g\u00f6re boyut se\u00e7in. \u00f6rn- K\u0131vr\u0131lm\u0131\u015f veya yay\u0131lm\u0131\u015f<br \/>\n- El yap\u0131m\u0131 oldu\u011fu i\u00e7in l\u00fctfen her bedende 3-4 cm hata pay\u0131 b\u0131rak\u0131n\u0131z.<br \/>\nTam olarak boyutland\u0131rmak i\u00e7in elimizden gelenin en iyisini yapmaya \u00e7al\u0131\u015fsak da, boyutlar biraz farkl\u0131 olabilir.<\/p>\n<\/div>\n<\/div>","protected":false},"excerpt":{"rendered":"<div class=\"elementor-element elementor-element-36a3285 elementor-widget elementor-widget-woocommerce-product-title elementor-page-title elementor-widget-heading\" data-id=\"36a3285\" data-element_type=\"widget\" data-widget_type=\"woocommerce-product-title.default\">\n<div class=\"elementor-widget-container\">\n<div class=\"elementor-element elementor-element-36a3285 elementor-widget elementor-widget-woocommerce-product-title elementor-page-title elementor-widget-heading\" data-id=\"36a3285\" data-element_type=\"widget\" data-widget_type=\"woocommerce-product-title.default\">\n<div class=\"elementor-widget-container\">\n<h2><strong><b>Toptan Karikat\u00fcr Yaz Nefes Alabilir Pet Yatak<\/b><\/strong><\/h2>\n<p>Karikat\u00fcr Yaz Nefes Alabilir Evcil Hayvan Yata\u011f\u0131n\u0131 ke\u015ffedin.<\/p>\n<p>Y\u00fcksek kaliteli tasar\u0131mlar\u0131m\u0131zla evcil hayvanlar\u0131n\u0131z\u0131n \u015f\u0131kl\u0131\u011f\u0131n\u0131 koruyun.<\/p>\n<\/div>\n<\/div>\n<\/div>\n<\/div>","protected":false},"featured_media":5064,"template":"","meta":{"_seopress_robots_primary_cat":"none","_seopress_titles_title":"Cartoon Summer Breathable Pet Bed - Top Manufaccturer","_seopress_titles_desc":"Shop our cartoon summer breathable pet bed. Cooling, washable, and factory-direct, it ensures your pets stay comfortable and refreshed. Perfect for B2B buyers!","_seopress_robots_index":"","_uag_custom_page_level_css":""},"product_brand":[],"product_cat":[348,22],"product_tag":[71,69],"class_list":{"0":"post-5059","1":"product","2":"type-product","3":"status-publish","4":"has-post-thumbnail","6":"product_cat-chew-resistant-dog-beds","7":"product_cat-pet-bed","8":"product_tag-cat-bed","9":"product_tag-dog-bed","11":"first","12":"instock","13":"shipping-taxable","14":"product-type-simple"},"uagb_featured_image_src":{"full":["https:\/\/pecpets.com\/wp-content\/uploads\/2024\/04\/Cartoon-Summer-Breathable-Pet-Bed3.webp",750,725,false],"thumbnail":["https:\/\/pecpets.com\/wp-content\/uploads\/2024\/04\/Cartoon-Summer-Breathable-Pet-Bed3.webp",150,145,false],"medium":["https:\/\/pecpets.com\/wp-content\/uploads\/2024\/04\/Cartoon-Summer-Breathable-Pet-Bed3.webp",300,290,false],"medium_large":["https:\/\/pecpets.com\/wp-content\/uploads\/2024\/04\/Cartoon-Summer-Breathable-Pet-Bed3.webp",750,725,false],"large":["https:\/\/pecpets.com\/wp-content\/uploads\/2024\/04\/Cartoon-Summer-Breathable-Pet-Bed3.webp",750,725,false],"1536x1536":["https:\/\/pecpets.com\/wp-content\/uploads\/2024\/04\/Cartoon-Summer-Breathable-Pet-Bed3.webp",750,725,false],"2048x2048":["https:\/\/pecpets.com\/wp-content\/uploads\/2024\/04\/Cartoon-Summer-Breathable-Pet-Bed3.webp",750,725,false],"trp-custom-language-flag":["https:\/\/pecpets.com\/wp-content\/uploads\/2024\/04\/Cartoon-Summer-Breathable-Pet-Bed3.webp",12,12,false],"woocommerce_thumbnail":["https:\/\/pecpets.com\/wp-content\/uploads\/2024\/04\/Cartoon-Summer-Breathable-Pet-Bed3-300x300.webp",300,300,true],"woocommerce_single":["https:\/\/pecpets.com\/wp-content\/uploads\/2024\/04\/Cartoon-Summer-Breathable-Pet-Bed3.webp",600,580,false],"woocommerce_gallery_thumbnail":["https:\/\/pecpets.com\/wp-content\/uploads\/2024\/04\/Cartoon-Summer-Breathable-Pet-Bed3-100x100.webp",100,100,true]},"uagb_author_info":{"display_name":"Lawrence\u00a0\u52b3\u4f26\u65af","author_link":"https:\/\/pecpets.com\/tr\/author\/"},"uagb_comment_info":0,"uagb_excerpt":"Wholesale Cartoon Summer Breathable Pet Bed Discover Cartoon Summer Breathable Pet Bed. Keep your pets stylish with our high-quality designs.","_links":{"self":[{"href":"https:\/\/pecpets.com\/tr\/wp-json\/wp\/v2\/product\/5059","targetHints":{"allow":["GET"]}}],"collection":[{"href":"https:\/\/pecpets.com\/tr\/wp-json\/wp\/v2\/product"}],"about":[{"href":"https:\/\/pecpets.com\/tr\/wp-json\/wp\/v2\/types\/product"}],"wp:featuredmedia":[{"embeddable":true,"href":"https:\/\/pecpets.com\/tr\/wp-json\/wp\/v2\/media\/5064"}],"wp:attachment":[{"href":"https:\/\/pecpets.com\/tr\/wp-json\/wp\/v2\/media?parent=5059"}],"wp:term":[{"taxonomy":"product_brand","embeddable":true,"href":"https:\/\/pecpets.com\/tr\/wp-json\/wp\/v2\/product_brand?post=5059"},{"taxonomy":"product_cat","embeddable":true,"href":"https:\/\/pecpets.com\/tr\/wp-json\/wp\/v2\/product_cat?post=5059"},{"taxonomy":"product_tag","embeddable":true,"href":"https:\/\/pecpets.com\/tr\/wp-json\/wp\/v2\/product_tag?post=5059"}],"curies":[{"name":"wp","href":"https:\/\/api.w.org\/{rel}","templated":true}]}}