{"id":5070,"date":"2024-05-04T10:34:53","date_gmt":"2024-05-04T02:34:53","guid":{"rendered":"https:\/\/pecpets.com\/?post_type=product&#038;p=5070"},"modified":"2024-10-29T17:05:20","modified_gmt":"2024-10-29T09:05:20","slug":"pet-cooler-seat-bed","status":"publish","type":"product","link":"https:\/\/pecpets.com\/tr\/product\/pet-cooler-seat-bed\/","title":{"rendered":"Evcil Hayvan So\u011futucu Koltuk Yata\u011f\u0131"},"content":{"rendered":"<div class=\"elementor-element elementor-element-f148377 elementor-widget elementor-widget-woocommerce-product-content\" data-id=\"f148377\" data-element_type=\"widget\" data-widget_type=\"woocommerce-product-content.default\">\n<div class=\"elementor-widget-container\">\n<h2>Evcil Hayvan So\u011futucu Koltuk Yata\u011f\u0131<\/h2>\n<p>En iyi Evcil Hayvan So\u011futucu Koltu\u011funu ke\u015ffedin <span style=\"color: #ff0000;\"><a style=\"color: #ff0000;\" href=\"https:\/\/pecpets.com\/tr\/urun-kategori%cc%87si%cc%87\/pet-bed\/\" target=\"_blank\" rel=\"noopener\">K\u00f6pekler i\u00e7in yatak<\/a><\/span>S\u0131cak yaz aylar\u0131nda t\u00fcyl\u00fc dostlar\u0131n\u0131z\u0131 serin ve rahat tutmak i\u00e7in tasarlanm\u0131\u015ft\u0131r.<\/p>\n<table style=\"border-collapse: collapse; background-color: #ffffff; width: 333px; height: 272px;\" border=\"1\">\n<tbody>\n<tr>\n<td style=\"font-family: Verdana, Arial, Helvetica, sans-serif; font-size: 12px; color: #000000; margin: 8px; width: 187px; text-align: center;\"><span style=\"line-height: 21px; font-size: 14px;\">\u00dcr\u00fcn Ad\u0131<\/span><\/td>\n<td style=\"font-family: Verdana, Arial, Helvetica, sans-serif; font-size: 12px; color: #000000; margin: 8px; width: 526px; text-align: center;\"><span style=\"font-size: 14px;\">Evcil Hayvan Yata\u011f\u0131<\/span><\/td>\n<\/tr>\n<tr>\n<td style=\"font-family: Verdana, Arial, Helvetica, sans-serif; font-size: 12px; color: #000000; margin: 8px; width: 187px; text-align: center;\"><span style=\"line-height: 21px; font-size: 14px;\">\u00dcr\u00fcn No.<\/span><\/td>\n<td style=\"font-family: Verdana, Arial, Helvetica, sans-serif; font-size: 12px; color: #000000; margin: 8px; width: 526px; text-align: center;\"><span style=\"line-height: 21px; font-size: 14px;\">P-B2024<\/span><\/td>\n<\/tr>\n<tr>\n<td style=\"font-family: Verdana, Arial, Helvetica, sans-serif; font-size: 12px; color: #000000; margin: 8px; width: 187px; text-align: center;\"><span style=\"line-height: 21px; color: #333333; font-family: Arial, Helvetica; font-size: 14px; font-style: normal; font-weight: 400; background-color: #ffffff; float: none; display: inline !important;\">Malzeme<\/span><\/td>\n<td style=\"font-family: Verdana, Arial, Helvetica, sans-serif; font-size: 12px; color: #000000; margin: 8px; width: 526px; text-align: center;\">\n<p style=\"margin: 0px auto; padding: 0px; border: 0px; line-height: 30px; color: #222222; font-family: Helvetica,Verdana,Tahoma,Arial,sans-serif; font-size: 13px; font-style: normal; font-weight: 400; background-color: #fcfcfc;\">\u00d6zelle\u015ftirilmi\u015f<\/p>\n<\/td>\n<\/tr>\n<tr>\n<td style=\"font-family: Verdana, Arial, Helvetica, sans-serif; font-size: 12px; color: #000000; margin: 8px; width: 187px; text-align: center;\"><span style=\"line-height: 21px; font-size: 14px;\">\u00a0Boyut<\/span><\/td>\n<td style=\"font-family: Verdana, Arial, Helvetica, sans-serif; font-size: 12px; color: #000000; margin: 8px; width: 526px; text-align: center;\"><span style=\"color: #222222; font-family: Helvetica,Verdana,Tahoma,Arial,sans-serif; font-size: 13px; font-style: normal; font-weight: 400; background-color: #fcfcfc; display: inline !important; float: none;\">\u00a0\u00d6zelle\u015ftirilmi\u015f<\/span><\/td>\n<\/tr>\n<tr>\n<td style=\"font-family: Verdana, Arial, Helvetica, sans-serif; font-size: 12px; color: #000000; margin: 8px; width: 187px; text-align: center;\"><span style=\"line-height: 21px; font-size: 14px;\">\u00a0Renk<\/span><\/td>\n<td style=\"font-family: Verdana, Arial, Helvetica, sans-serif; font-size: 12px; color: #000000; margin: 8px; width: 526px; text-align: center;\"><span style=\"color: #222222; font-family: Helvetica,Verdana,Tahoma,Arial,sans-serif; font-size: 13px; font-style: normal; font-weight: 400; background-color: #fcfcfc; display: inline !important; float: none;\"><span style=\"color: #222222; font-family: arial, helvetica, sans-serif; font-size: 13px; font-style: normal; font-weight: 400; background-color: #fcfcfc; display: inline !important; float: none;\">\u00e7izgi film k\u00f6pe\u011fi, kutup ay\u0131s\u0131<\/span><span style=\"color: #222222; font-family: arial, helvetica, sans-serif; font-size: 13px; font-style: normal; font-weight: 400; background-color: #fcfcfc; display: inline !important; float: none;\">,\u00a0<\/span>gri, mavi veya \u00f6zel<\/span><\/td>\n<\/tr>\n<tr>\n<td style=\"font-family: Verdana, Arial, Helvetica, sans-serif; font-size: 12px; color: #000000; margin: 8px; width: 187px; text-align: center;\"><span style=\"line-height: 21px; font-size: 14px;\">\u00a0<span style=\"line-height: 21px; color: #333333; font-family: Arial, Helvetica; font-size: 14px; font-style: normal; font-weight: 400; background-color: #ffffff; float: none; display: inline !important;\">Evcil hayvan t\u00fcr\u00fc<\/span><\/span><\/td>\n<td style=\"font-family: Verdana, Arial, Helvetica, sans-serif; font-size: 12px; color: #000000; margin: 8px; width: 526px; text-align: center;\"><span style=\"line-height: 21px; font-size: 14px;\">\u00a0T\u00fcm K\u00f6pekler<\/span><\/td>\n<\/tr>\n<tr>\n<td style=\"font-family: Verdana, Arial, Helvetica, sans-serif; font-size: 12px; color: #000000; margin: 8px; width: 187px; text-align: center;\"><span style=\"line-height: 21px; font-size: 14px;\">\u00a0<span style=\"line-height: 21px; color: #333333; font-family: Arial, Helvetica; font-size: 14px; font-style: normal; font-weight: 400; background-color: #ffffff; float: none; display: inline !important;\">Teslimat s\u00fcresi<\/span><\/span><\/td>\n<td style=\"font-family: Verdana, Arial, Helvetica, sans-serif; font-size: 12px; color: #000000; margin: 8px; width: 526px; text-align: center;\"><span style=\"line-height: 21px; font-size: 14px;\"><span style=\"line-height: 21px; color: #000000; font-family: Verdana, Arial, Helvetica, sans-serif; font-size: 14px; font-style: normal; font-weight: 400; background-color: #ffffff; float: none; display: inline !important;\">Hava yoluyla k\u00fc\u00e7\u00fck miktar i\u00e7in 1-5 g\u00fcn ve deniz yoluyla b\u00fcy\u00fck miktar i\u00e7in 30-35 g\u00fcn<\/span>\u00a0<\/span><\/td>\n<\/tr>\n<tr>\n<td style=\"font-family: Verdana, Arial, Helvetica, sans-serif; font-size: 12px; color: #000000; margin: 8px; width: 187px; text-align: center;\"><span style=\"line-height: 21px; font-size: 14px;\">\u00a0<span style=\"line-height: 21px; color: #333333; font-family: Arial, Helvetica; font-size: 14px; font-style: normal; font-weight: 400; background-color: #ffffff; float: none; display: inline !important;\">Sevkiyat liman\u0131<\/span><\/span><\/td>\n<td style=\"font-family: Verdana, Arial, Helvetica, sans-serif; font-size: 12px; color: #000000; margin: 8px; width: 526px; text-align: center;\"><span style=\"line-height: 21px; font-size: 14px;\">Xiamen\u00a0<\/span><\/td>\n<\/tr>\n<tr>\n<td style=\"font-family: Verdana, Arial, Helvetica, sans-serif; font-size: 12px; color: #000000; margin: 8px; width: 187px; text-align: center;\"><span style=\"line-height: 21px; font-size: 14px;\">\u00a0<span style=\"line-height: 21px; color: #333333; font-family: Arial, Helvetica; font-size: 14px; font-style: normal; font-weight: 400; background-color: #ffffff; float: none; display: inline !important;\">OEM\/ODM<\/span><\/span><\/td>\n<td style=\"font-family: Verdana, Arial, Helvetica, sans-serif; font-size: 12px; color: #000000; margin: 8px; width: 526px; text-align: center;\"><span style=\"line-height: 21px; font-size: 14px;\">\u00a0<span style=\"line-height: 21px; color: #333333; font-family: Arial, Helvetica; font-size: 14px; font-style: normal; font-weight: 400; background-color: #ffffff; float: none; display: inline !important;\">Mevcut<\/span><\/span><\/td>\n<\/tr>\n<tr>\n<td style=\"font-family: Verdana, Arial, Helvetica, sans-serif; font-size: 12px; color: #000000; margin: 8px; width: 187px; text-align: center;\"><span style=\"line-height: 21px; font-size: 14px;\">\u00a0<span style=\"line-height: 21px; color: #333333; font-family: Arial, Helvetica; font-size: 14px; font-style: normal; font-weight: 400; background-color: #ffffff; float: none; display: inline !important;\">Paket<\/span><\/span><\/td>\n<td style=\"font-family: Verdana, Arial, Helvetica, sans-serif; font-size: 12px; color: #000000; margin: 8px; width: 526px; text-align: center;\"><span style=\"line-height: 21px; font-size: 14px;\"><span style=\"line-height: 21px; color: #333333; font-family: Arial, Helvetica; font-size: 14px; font-style: normal; font-weight: 400; background-color: #ffffff; float: none; display: inline !important;\">Her biri bir PPB i\u00e7inde paketlendikten sonra Kartona veya ihtiyaca g\u00f6re<\/span><\/span><\/td>\n<\/tr>\n<\/tbody>\n<\/table>\n<p>Nefes alabilen malzemelerden \u00fcretilen daha serin evcil hayvan yataklar\u0131m\u0131z, do\u011frudan fabrikadan toptan sat\u0131n almak i\u00e7in m\u00fckemmeldir.<\/p>\n<p>Evcil hayvan\u0131n\u0131z\u0131n uyku deneyimini y\u00fcksek kaliteli ve dayan\u0131kl\u0131 yazl\u0131k k\u00f6pek yata\u011f\u0131m\u0131zla bug\u00fcn y\u00fckseltin.<\/p>\n<p>S Beden \u00d6l\u00e7\u00fcler:<br \/>\n64 x 35CM<\/p>\n<p>M Beden \u00d6l\u00e7\u00fcler:<br \/>\n74x 45CM<\/p>\n<p>L Beden \u00d6l\u00e7\u00fcler:<br \/>\n84 x55CM<\/p>\n<p>XL Beden \u00d6l\u00e7\u00fcler:<br \/>\n104 x75CM<\/p>\n<p>&nbsp;<\/p>\n<\/div>\n<\/div>","protected":false},"excerpt":{"rendered":"<div class=\"elementor-element elementor-element-36a3285 elementor-widget elementor-widget-woocommerce-product-title elementor-page-title elementor-widget-heading\" data-id=\"36a3285\" data-element_type=\"widget\" data-widget_type=\"woocommerce-product-title.default\">\n<div class=\"elementor-widget-container\">\n<h2><strong><b>Toptan Evcil Hayvan So\u011futucu Koltuk Yata\u011f\u0131<\/b><\/strong><\/h2>\n<p>Evcil Hayvan So\u011futucu Koltuk Yata\u011f\u0131n\u0131 ke\u015ffedin.<\/p>\n<p>Y\u00fcksek kaliteli tasar\u0131mlar\u0131m\u0131zla evcil hayvanlar\u0131n\u0131z\u0131n \u015f\u0131kl\u0131\u011f\u0131n\u0131 koruyun.<\/p>\n<\/div>\n<\/div>","protected":false},"featured_media":5072,"template":"","meta":{"_seopress_robots_primary_cat":"none","_seopress_titles_title":"Pet Cooler Seat Bed - Professional Pet Product Manufaccturer","_seopress_titles_desc":"Explore our Pet Cooler Seat Bed, a cute and luxurious pet bed. Perfect for manufacturers seeking high-quality, comfortable, and stylish cooling beds for pets.","_seopress_robots_index":"","_uag_custom_page_level_css":""},"product_brand":[],"product_cat":[22,322],"product_tag":[71,69],"class_list":{"0":"post-5070","1":"product","2":"type-product","3":"status-publish","4":"has-post-thumbnail","6":"product_cat-pet-bed","7":"product_cat-waterproof-dog-beds","8":"product_tag-cat-bed","9":"product_tag-dog-bed","11":"first","12":"instock","13":"shipping-taxable","14":"product-type-simple"},"uagb_featured_image_src":{"full":["https:\/\/pecpets.com\/wp-content\/uploads\/2024\/05\/Pet-Cooler-Seat-Bed2.webp",800,800,false],"thumbnail":["https:\/\/pecpets.com\/wp-content\/uploads\/2024\/05\/Pet-Cooler-Seat-Bed2.webp",150,150,false],"medium":["https:\/\/pecpets.com\/wp-content\/uploads\/2024\/05\/Pet-Cooler-Seat-Bed2.webp",300,300,false],"medium_large":["https:\/\/pecpets.com\/wp-content\/uploads\/2024\/05\/Pet-Cooler-Seat-Bed2.webp",768,768,false],"large":["https:\/\/pecpets.com\/wp-content\/uploads\/2024\/05\/Pet-Cooler-Seat-Bed2.webp",800,800,false],"1536x1536":["https:\/\/pecpets.com\/wp-content\/uploads\/2024\/05\/Pet-Cooler-Seat-Bed2.webp",800,800,false],"2048x2048":["https:\/\/pecpets.com\/wp-content\/uploads\/2024\/05\/Pet-Cooler-Seat-Bed2.webp",800,800,false],"trp-custom-language-flag":["https:\/\/pecpets.com\/wp-content\/uploads\/2024\/05\/Pet-Cooler-Seat-Bed2.webp",12,12,false],"woocommerce_thumbnail":["https:\/\/pecpets.com\/wp-content\/uploads\/2024\/05\/Pet-Cooler-Seat-Bed2.webp",300,300,false],"woocommerce_single":["https:\/\/pecpets.com\/wp-content\/uploads\/2024\/05\/Pet-Cooler-Seat-Bed2.webp",600,600,false],"woocommerce_gallery_thumbnail":["https:\/\/pecpets.com\/wp-content\/uploads\/2024\/05\/Pet-Cooler-Seat-Bed2.webp",100,100,false]},"uagb_author_info":{"display_name":"Lawrence\u00a0\u52b3\u4f26\u65af","author_link":"https:\/\/pecpets.com\/tr\/author\/"},"uagb_comment_info":0,"uagb_excerpt":"Wholesale Pet Cooler Seat Bed Discover Pet Cooler Seat Bed. Keep your pets stylish with our high-quality designs.","_links":{"self":[{"href":"https:\/\/pecpets.com\/tr\/wp-json\/wp\/v2\/product\/5070","targetHints":{"allow":["GET"]}}],"collection":[{"href":"https:\/\/pecpets.com\/tr\/wp-json\/wp\/v2\/product"}],"about":[{"href":"https:\/\/pecpets.com\/tr\/wp-json\/wp\/v2\/types\/product"}],"wp:featuredmedia":[{"embeddable":true,"href":"https:\/\/pecpets.com\/tr\/wp-json\/wp\/v2\/media\/5072"}],"wp:attachment":[{"href":"https:\/\/pecpets.com\/tr\/wp-json\/wp\/v2\/media?parent=5070"}],"wp:term":[{"taxonomy":"product_brand","embeddable":true,"href":"https:\/\/pecpets.com\/tr\/wp-json\/wp\/v2\/product_brand?post=5070"},{"taxonomy":"product_cat","embeddable":true,"href":"https:\/\/pecpets.com\/tr\/wp-json\/wp\/v2\/product_cat?post=5070"},{"taxonomy":"product_tag","embeddable":true,"href":"https:\/\/pecpets.com\/tr\/wp-json\/wp\/v2\/product_tag?post=5070"}],"curies":[{"name":"wp","href":"https:\/\/api.w.org\/{rel}","templated":true}]}}