{"id":5093,"date":"2024-05-06T10:05:19","date_gmt":"2024-05-06T02:05:19","guid":{"rendered":"https:\/\/pecpets.com\/?post_type=product&#038;p=5093"},"modified":"2025-08-19T14:21:18","modified_gmt":"2025-08-19T06:21:18","slug":"pet-elizabethan-collar","status":"publish","type":"product","link":"https:\/\/pecpets.com\/tr\/product\/pet-elizabethan-collar\/","title":{"rendered":"Pet Elizabethan Yaka"},"content":{"rendered":"<h2>Pet Elizabethan Collar \u2013\u00a0 Pet Accessory for Manufacturers<\/h2>\n<p>Toptan sat\u0131\u015f fabrikam\u0131z, ameliyattan sonra iyile\u015fen evcil hayvanlar i\u00e7in m\u00fckemmel olan en sevimli ve ayarlanabilir Pet Elizabethan Yaka'y\u0131 sunmaktad\u0131r.<\/p>\n<table width=\"288\">\n<tbody>\n<tr>\n<td width=\"137\"><span style=\"color: #333333;\">\u00dcr\u00fcn Ad\u0131<\/span><\/td>\n<td width=\"151\"><span style=\"color: #333333;\">Evcil Hayvan Cerrahi Tasmas\u0131<\/span><\/td>\n<\/tr>\n<tr>\n<td><span style=\"color: #333333;\">\u00dcr\u00fcn No.<\/span><\/td>\n<td><span style=\"color: #333333;\">PS-2002<\/span><\/td>\n<\/tr>\n<tr>\n<td><span style=\"color: #333333;\">Malzeme<\/span><\/td>\n<td><span style=\"font-size: 14px;\">Pamuk, Polyester, Polar<\/span><\/td>\n<\/tr>\n<tr>\n<td><span style=\"color: #333333;\">\u00a0Boyut ve Renk<\/span><\/td>\n<td>\u00d6zelle\u015ftirilebilir<\/td>\n<\/tr>\n<tr>\n<td><span style=\"color: #333333;\">\u00a0Teslimat s\u00fcresi<\/span><\/td>\n<td><span style=\"color: #333333;\">Hava yoluyla k\u00fc\u00e7\u00fck miktar i\u00e7in 1-5 g\u00fcn ve deniz yoluyla b\u00fcy\u00fck miktar i\u00e7in 30-35 g\u00fcn<\/span><\/td>\n<\/tr>\n<\/tbody>\n<\/table>\n<p>With a cute design and high-quality materials, our collars are a must-have for pet owners.<\/p>\n<p>Shop now for the best deals on pet recovery collars!<\/p>","protected":false},"excerpt":{"rendered":"<h2>Pet Elizabethan Yaka<\/h2>\n<p>Pet Elizabethan Yaka'y\u0131 ke\u015ffedin.<\/p>\n<p>Rakipsiz fiyatlar ve kalite i\u00e7in fabrikadan toptan evcil hayvan aksesuarlar\u0131 sat\u0131n al\u0131n.<\/p>","protected":false},"featured_media":5097,"template":"","meta":{"_seopress_robots_primary_cat":"none","_seopress_titles_title":"Pet Accessory: Pet Elizabethan Collar - Professional Manufacturers","_seopress_titles_desc":"Discover our Pet Elizabethan Collar, an adorable and adjustable pet accessory. Ideal for seeking high-quality, comfortable, and protective collars for pets.","_seopress_robots_index":"","_uag_custom_page_level_css":""},"product_brand":[],"product_cat":[366,365,23],"product_tag":[],"class_list":{"0":"post-5093","1":"product","2":"type-product","3":"status-publish","4":"has-post-thumbnail","6":"product_cat-dog-surgery-clothes","7":"product_cat-functional-dog-clothing","8":"product_cat-pet-clothing","10":"first","11":"instock","12":"shipping-taxable","13":"product-type-simple"},"uagb_featured_image_src":{"full":["https:\/\/pecpets.com\/wp-content\/uploads\/2024\/05\/Pet-Elizabethan-Collar4.jpg",750,862,false],"thumbnail":["https:\/\/pecpets.com\/wp-content\/uploads\/2024\/05\/Pet-Elizabethan-Collar4.jpg",131,150,false],"medium":["https:\/\/pecpets.com\/wp-content\/uploads\/2024\/05\/Pet-Elizabethan-Collar4.jpg",261,300,false],"medium_large":["https:\/\/pecpets.com\/wp-content\/uploads\/2024\/05\/Pet-Elizabethan-Collar4.jpg",750,862,false],"large":["https:\/\/pecpets.com\/wp-content\/uploads\/2024\/05\/Pet-Elizabethan-Collar4.jpg",750,862,false],"1536x1536":["https:\/\/pecpets.com\/wp-content\/uploads\/2024\/05\/Pet-Elizabethan-Collar4.jpg",750,862,false],"2048x2048":["https:\/\/pecpets.com\/wp-content\/uploads\/2024\/05\/Pet-Elizabethan-Collar4.jpg",750,862,false],"trp-custom-language-flag":["https:\/\/pecpets.com\/wp-content\/uploads\/2024\/05\/Pet-Elizabethan-Collar4.jpg",10,12,false],"woocommerce_thumbnail":["https:\/\/pecpets.com\/wp-content\/uploads\/2024\/05\/Pet-Elizabethan-Collar4-300x300.jpg",300,300,true],"woocommerce_single":["https:\/\/pecpets.com\/wp-content\/uploads\/2024\/05\/Pet-Elizabethan-Collar4.jpg",600,690,false],"woocommerce_gallery_thumbnail":["https:\/\/pecpets.com\/wp-content\/uploads\/2024\/05\/Pet-Elizabethan-Collar4-100x100.jpg",100,100,true]},"uagb_author_info":{"display_name":"Lawrence\u00a0\u52b3\u4f26\u65af","author_link":"https:\/\/pecpets.com\/tr\/author\/"},"uagb_comment_info":0,"uagb_excerpt":"Pet Elizabethan Collar Explore Pet Elizabethan Collar. Shop wholesale pet accessories from the factory for unbeatable prices and quality.","_links":{"self":[{"href":"https:\/\/pecpets.com\/tr\/wp-json\/wp\/v2\/product\/5093","targetHints":{"allow":["GET"]}}],"collection":[{"href":"https:\/\/pecpets.com\/tr\/wp-json\/wp\/v2\/product"}],"about":[{"href":"https:\/\/pecpets.com\/tr\/wp-json\/wp\/v2\/types\/product"}],"wp:featuredmedia":[{"embeddable":true,"href":"https:\/\/pecpets.com\/tr\/wp-json\/wp\/v2\/media\/5097"}],"wp:attachment":[{"href":"https:\/\/pecpets.com\/tr\/wp-json\/wp\/v2\/media?parent=5093"}],"wp:term":[{"taxonomy":"product_brand","embeddable":true,"href":"https:\/\/pecpets.com\/tr\/wp-json\/wp\/v2\/product_brand?post=5093"},{"taxonomy":"product_cat","embeddable":true,"href":"https:\/\/pecpets.com\/tr\/wp-json\/wp\/v2\/product_cat?post=5093"},{"taxonomy":"product_tag","embeddable":true,"href":"https:\/\/pecpets.com\/tr\/wp-json\/wp\/v2\/product_tag?post=5093"}],"curies":[{"name":"wp","href":"https:\/\/api.w.org\/{rel}","templated":true}]}}