{"id":5289,"date":"2024-05-08T15:59:52","date_gmt":"2024-05-08T07:59:52","guid":{"rendered":"https:\/\/pecpets.com\/?post_type=product&#038;p=5289"},"modified":"2024-06-12T15:12:46","modified_gmt":"2024-06-12T07:12:46","slug":"dog-leash-custom-color","status":"publish","type":"product","link":"https:\/\/pecpets.com\/tr\/product\/dog-leash-custom-color\/","title":{"rendered":"K\u00f6pek Tasmas\u0131 \u00d6zel Renk"},"content":{"rendered":"<h2 data-immersive-translate-walked=\"a31ad6ab-e45e-43ba-80ae-f8cca86f0c4e\"><strong data-immersive-translate-walked=\"a31ad6ab-e45e-43ba-80ae-f8cca86f0c4e\">L\u00fcks A\u011f\u0131r Hizmet B\u00fcy\u00fck K\u00f6pek Tasma Fabrikas\u0131 | Pet E\u011fitim Halat\u0131 Tedarik\u00e7isi<\/strong><\/h2>\n<p data-immersive-translate-walked=\"a31ad6ab-e45e-43ba-80ae-f8cca86f0c4e\" data-immersive-translate-paragraph=\"1\">Evcil hayvan e\u011fitimi ve g\u00fcnl\u00fck y\u00fcr\u00fcy\u00fc\u015fler i\u00e7in m\u00fckemmel olan birinci s\u0131n\u0131f b\u00fcy\u00fck k\u00f6pek tasma kay\u0131\u015flar\u0131m\u0131za ho\u015f geldiniz. Fabrikada \u00fcretilen evcil hayvan e\u011fitim iplerimiz dayan\u0131kl\u0131l\u0131k ve konfor i\u00e7in tasarlanm\u0131\u015ft\u0131r, bu da onlar\u0131 b\u00fcy\u00fck k\u00f6pekler i\u00e7in ideal hale getirir. \u0130ster evcil hayvan sahibi ister perakendeci olun, l\u00fcks tasmalar\u0131m\u0131z evcil hayvan aksesuarlar\u0131nda kalite ve stil arayanlar i\u00e7in m\u00fckemmel bir se\u00e7imdir.<\/p>\n<p data-immersive-translate-walked=\"a31ad6ab-e45e-43ba-80ae-f8cca86f0c4e\" data-immersive-translate-paragraph=\"1\">A\u011f\u0131r hizmet tipi k\u00f6pek tasmalar\u0131 yelpazemizi bug\u00fcn ke\u015ffedin ve \u00fcr\u00fcnlerimizin neden di\u011ferlerinden farkl\u0131 oldu\u011funu ke\u015ffedin. Kaliteli i\u015f\u00e7ilik ve dayan\u0131kl\u0131l\u0131\u011fa odaklanan fabrikam\u0131z, her bir tasman\u0131n en y\u00fcksek standartlar\u0131 kar\u015f\u0131lamas\u0131n\u0131 sa\u011flar. Dayan\u0131ks\u0131z evcil hayvan aksesuarlar\u0131na elveda deyin ve \u00fcst\u00fcn bir y\u00fcr\u00fcy\u00fc\u015f deneyimi i\u00e7in l\u00fcks b\u00fcy\u00fck k\u00f6pek tasmalar\u0131m\u0131za terfi edin.<\/p>\n<p data-immersive-translate-walked=\"a31ad6ab-e45e-43ba-80ae-f8cca86f0c4e\" data-immersive-translate-paragraph=\"1\">T\u00fcm evcil hayvan e\u011fitim ipi ihtiya\u00e7lar\u0131n\u0131z i\u00e7in fabrikam\u0131z\u0131 se\u00e7in ve kalite ve performans fark\u0131n\u0131 ya\u015fay\u0131n. \u015eimdi al\u0131\u015fveri\u015f yap\u0131n ve t\u00fcyl\u00fc dostunuza evcil hayvan aksesuarlar\u0131nda en iyisini sunun!<\/p>","protected":false},"excerpt":{"rendered":"<div class=\"elementor-element elementor-element-36a3285 elementor-widget elementor-widget-woocommerce-product-title elementor-page-title elementor-widget-heading\" data-id=\"36a3285\" data-element_type=\"widget\" data-widget_type=\"woocommerce-product-title.default\">\n<div class=\"elementor-widget-container\">\n<h1 class=\"product_title entry-title elementor-heading-title elementor-size-default\">K\u00f6pek Tasmas\u0131 \u00d6zel Renk ve D\u00fc\u015f\u00fck MOQ<\/h1>\n<\/div>\n<\/div>\n<div class=\"elementor-element elementor-element-f148377 elementor-widget elementor-widget-woocommerce-product-content\" data-id=\"f148377\" data-element_type=\"widget\" data-widget_type=\"woocommerce-product-content.default\">\n<div class=\"elementor-widget-container\">\n<table class=\"is-zebra all magic-1\" style=\"height: 309px;\" width=\"390\">\n<tbody>\n<tr>\n<td colspan=\"1\" rowspan=\"1\">\n<div class=\"magic-2\">\u00dcr\u00fcn Tipi<\/div>\n<\/td>\n<td colspan=\"1\" rowspan=\"1\">\n<div class=\"magic-3\">Toptan Evcil Hayvan Tasmas\u0131<\/div>\n<\/td>\n<\/tr>\n<tr>\n<td colspan=\"1\" rowspan=\"1\">\n<div class=\"magic-2\">Malzeme<\/div>\n<\/td>\n<td colspan=\"1\" rowspan=\"1\">\n<div class=\"magic-3\">Naylon<\/div>\n<\/td>\n<\/tr>\n<tr>\n<td colspan=\"1\" rowspan=\"1\">\n<div class=\"magic-2\">Tasar\u0131m<\/div>\n<\/td>\n<td colspan=\"1\" rowspan=\"1\">\n<div class=\"magic-3\">Stok Tasar\u0131m\u0131nda<\/div>\n<\/td>\n<\/tr>\n<tr>\n<td colspan=\"1\" rowspan=\"1\">\n<div class=\"magic-2\">Kullan\u0131m<\/div>\n<\/td>\n<td colspan=\"1\" rowspan=\"1\">\n<div class=\"magic-3\">Y\u00fcr\u00fcyen K\u00f6pekler<\/div>\n<\/td>\n<\/tr>\n<tr>\n<td colspan=\"1\" rowspan=\"1\">\n<div class=\"magic-2\">\u00d6zellik<\/div>\n<\/td>\n<td colspan=\"1\" rowspan=\"1\">\n<div class=\"magic-3\">S\u00fcrd\u00fcr\u00fclebilir<\/div>\n<\/td>\n<\/tr>\n<tr>\n<td colspan=\"1\" rowspan=\"1\">\n<div class=\"magic-2\">ADEDI<\/div>\n<\/td>\n<td colspan=\"1\" rowspan=\"1\">\n<div class=\"magic-3\">100 Adet<\/div>\n<\/td>\n<\/tr>\n<tr>\n<td colspan=\"1\" rowspan=\"1\">\n<div class=\"magic-2\">\u00d6rnek Zaman<\/div>\n<\/td>\n<td colspan=\"1\" rowspan=\"1\">\n<div class=\"magic-3\">5-7 i\u015f g\u00fcn\u00fc<\/div>\n<\/td>\n<\/tr>\n<tr>\n<td colspan=\"1\" rowspan=\"1\">\n<div class=\"magic-2\">OEM Hizmeti<\/div>\n<\/td>\n<td colspan=\"1\" rowspan=\"1\">\n<div class=\"magic-3\">Mevcut<\/div>\n<\/td>\n<\/tr>\n<\/tbody>\n<\/table>\n<\/div>\n<\/div>","protected":false},"featured_media":5285,"template":"","meta":{"_seopress_robots_primary_cat":"none","_seopress_titles_title":"","_seopress_titles_desc":"Explore our Dog Leash custom color, combining durability and comfort. Ideal for manufacturers seeking high-quality, customizable pet leashes for wholesale.\u00a0","_seopress_robots_index":"","_uag_custom_page_level_css":""},"product_brand":[],"product_cat":[325,28],"product_tag":[],"class_list":{"0":"post-5289","1":"product","2":"type-product","3":"status-publish","4":"has-post-thumbnail","6":"product_cat-chew-resistant-dog-leashes","7":"product_cat-pet-leash","9":"first","10":"instock","11":"shipping-taxable","12":"product-type-simple"},"uagb_featured_image_src":{"full":["https:\/\/pecpets.com\/wp-content\/uploads\/2024\/05\/pet-dog-leash4.jpg",1000,1000,false],"thumbnail":["https:\/\/pecpets.com\/wp-content\/uploads\/2024\/05\/pet-dog-leash4.jpg",150,150,false],"medium":["https:\/\/pecpets.com\/wp-content\/uploads\/2024\/05\/pet-dog-leash4.jpg",300,300,false],"medium_large":["https:\/\/pecpets.com\/wp-content\/uploads\/2024\/05\/pet-dog-leash4.jpg",768,768,false],"large":["https:\/\/pecpets.com\/wp-content\/uploads\/2024\/05\/pet-dog-leash4.jpg",800,800,false],"1536x1536":["https:\/\/pecpets.com\/wp-content\/uploads\/2024\/05\/pet-dog-leash4.jpg",1000,1000,false],"2048x2048":["https:\/\/pecpets.com\/wp-content\/uploads\/2024\/05\/pet-dog-leash4.jpg",1000,1000,false],"trp-custom-language-flag":["https:\/\/pecpets.com\/wp-content\/uploads\/2024\/05\/pet-dog-leash4.jpg",12,12,false],"woocommerce_thumbnail":["https:\/\/pecpets.com\/wp-content\/uploads\/2024\/05\/pet-dog-leash4.jpg",300,300,false],"woocommerce_single":["https:\/\/pecpets.com\/wp-content\/uploads\/2024\/05\/pet-dog-leash4.jpg",600,600,false],"woocommerce_gallery_thumbnail":["https:\/\/pecpets.com\/wp-content\/uploads\/2024\/05\/pet-dog-leash4.jpg",100,100,false]},"uagb_author_info":{"display_name":"Lawrence\u00a0\u52b3\u4f26\u65af","author_link":"https:\/\/pecpets.com\/tr\/author\/"},"uagb_comment_info":0,"uagb_excerpt":"Dog Leash Custom Color and Low MOQ Product Type Wholesale Pet Leash Material Nylon Design In Stock Design Usage Walk Dogs Feature Sustainable MOQ 100 Pieces Sample Time 5-7 working days OEM Service Available","_links":{"self":[{"href":"https:\/\/pecpets.com\/tr\/wp-json\/wp\/v2\/product\/5289","targetHints":{"allow":["GET"]}}],"collection":[{"href":"https:\/\/pecpets.com\/tr\/wp-json\/wp\/v2\/product"}],"about":[{"href":"https:\/\/pecpets.com\/tr\/wp-json\/wp\/v2\/types\/product"}],"wp:featuredmedia":[{"embeddable":true,"href":"https:\/\/pecpets.com\/tr\/wp-json\/wp\/v2\/media\/5285"}],"wp:attachment":[{"href":"https:\/\/pecpets.com\/tr\/wp-json\/wp\/v2\/media?parent=5289"}],"wp:term":[{"taxonomy":"product_brand","embeddable":true,"href":"https:\/\/pecpets.com\/tr\/wp-json\/wp\/v2\/product_brand?post=5289"},{"taxonomy":"product_cat","embeddable":true,"href":"https:\/\/pecpets.com\/tr\/wp-json\/wp\/v2\/product_cat?post=5289"},{"taxonomy":"product_tag","embeddable":true,"href":"https:\/\/pecpets.com\/tr\/wp-json\/wp\/v2\/product_tag?post=5289"}],"curies":[{"name":"wp","href":"https:\/\/api.w.org\/{rel}","templated":true}]}}