{"id":5326,"date":"2024-05-09T11:21:22","date_gmt":"2024-05-09T03:21:22","guid":{"rendered":"https:\/\/pecpets.com\/?post_type=product&#038;p=5326"},"modified":"2024-10-24T14:14:49","modified_gmt":"2024-10-24T06:14:49","slug":"dog-winter-apparel","status":"publish","type":"product","link":"https:\/\/pecpets.com\/tr\/product\/dog-winter-apparel\/","title":{"rendered":"K\u00f6pek K\u0131\u015fl\u0131k Giysileri"},"content":{"rendered":"<h2 data-immersive-translate-walked=\"016756d5-39df-48b1-ae55-3948c534da60\">Toptan K\u00f6pek K\u0131\u015fl\u0131k K\u0131yafetleri: S\u0131cak ve R\u00fczgar Ge\u00e7irmez K\u00f6pek K\u0131\u015fl\u0131k K\u0131yafeti Pet Mont<\/h2>\n<p data-immersive-translate-walked=\"016756d5-39df-48b1-ae55-3948c534da60\" data-immersive-translate-paragraph=\"1\">T\u00fcyl\u00fc dostlar\u0131n\u0131z\u0131 s\u0131cak ve \u015f\u0131k tutmak i\u00e7in en iyi k\u0131\u015fl\u0131k k\u00f6pek montu evcil hayvan k\u0131yafetlerini i\u00e7eren y\u00fcksek kaliteli toptan k\u00f6pek k\u0131\u015fl\u0131k giyim koleksiyonumuzu ke\u015ffedin.<\/p>\n<table style=\"border-collapse: collapse; background-color: #ffffff; width: 332px; height: 279px;\" border=\"1\">\n<tbody>\n<tr>\n<td style=\"font-family: Verdana, Arial, Helvetica, sans-serif; font-size: 12px; color: #000000; margin: 8px; width: 187px; text-align: center;\"><span style=\"line-height: 21px; font-size: 14px;\">\u00dcr\u00fcn Ad\u0131<\/span><\/td>\n<td style=\"font-family: Verdana, Arial, Helvetica, sans-serif; font-size: 12px; color: #000000; margin: 8px; width: 526px; text-align: center;\">Evcil Hayvan Montu<\/td>\n<\/tr>\n<tr>\n<td style=\"font-family: Verdana, Arial, Helvetica, sans-serif; font-size: 12px; color: #000000; margin: 8px; width: 187px; text-align: center;\"><span style=\"line-height: 21px; font-size: 14px;\">\u00dcr\u00fcn No.<\/span><\/td>\n<td style=\"font-family: Verdana, Arial, Helvetica, sans-serif; font-size: 12px; color: #000000; margin: 8px; width: 526px; text-align: center;\"><span style=\"font-size: 14px;\">P-C2034<\/span><\/td>\n<\/tr>\n<tr>\n<td style=\"font-family: Verdana, Arial, Helvetica, sans-serif; font-size: 12px; color: #000000; margin: 8px; width: 187px; text-align: center;\"><span style=\"line-height: 21px; color: #333333; font-family: Arial, Helvetica; font-size: 14px; font-style: normal; font-weight: 400; background-color: #ffffff; float: none; display: inline !important;\">Malzeme<\/span><\/td>\n<td style=\"font-family: Verdana, Arial, Helvetica, sans-serif; font-size: 12px; color: #000000; margin: 8px; width: 526px; text-align: center;\">Cotton, Polyester<\/td>\n<\/tr>\n<tr>\n<td style=\"font-family: Verdana, Arial, Helvetica, sans-serif; font-size: 12px; color: #000000; margin: 8px; width: 187px; text-align: center;\"><span style=\"line-height: 21px; font-size: 14px;\">\u00a0Boyut<\/span><\/td>\n<td style=\"font-family: Verdana, Arial, Helvetica, sans-serif; font-size: 12px; color: #000000; margin: 8px; width: 526px; text-align: center;\"><span style=\"font-size: 14px;\">\u00d6zel Boyut<\/span><\/td>\n<\/tr>\n<tr>\n<td style=\"font-family: Verdana, Arial, Helvetica, sans-serif; font-size: 12px; color: #000000; margin: 8px; width: 187px; text-align: center;\"><span style=\"line-height: 21px; font-size: 14px;\">\u00a0Renk<\/span><\/td>\n<td style=\"font-family: Verdana, Arial, Helvetica, sans-serif; font-size: 12px; color: #000000; margin: 8px; width: 526px; text-align: center;\"><span style=\"line-height: 21px; font-size: 14px;\">\u00d6zel Renk\u00a0<\/span><\/td>\n<\/tr>\n<tr>\n<td style=\"font-family: Verdana, Arial, Helvetica, sans-serif; font-size: 12px; color: #000000; margin: 8px; width: 187px; text-align: center;\"><span style=\"line-height: 21px; font-size: 14px;\">\u00a0<span style=\"line-height: 21px; color: #333333; font-family: Arial, Helvetica; font-size: 14px; font-style: normal; font-weight: 400; background-color: #ffffff; float: none; display: inline !important;\">Evcil hayvan t\u00fcr\u00fc<\/span><\/span><\/td>\n<td style=\"font-family: Verdana, Arial, Helvetica, sans-serif; font-size: 12px; color: #000000; margin: 8px; width: 526px; text-align: center;\"><span style=\"line-height: 21px; font-size: 14px;\">\u00a0T\u00fcm K\u00f6pekler<\/span><\/td>\n<\/tr>\n<tr>\n<td style=\"font-family: Verdana, Arial, Helvetica, sans-serif; font-size: 12px; color: #000000; margin: 8px; width: 187px; text-align: center;\"><span style=\"line-height: 21px; font-size: 14px;\">\u00a0<span style=\"line-height: 21px; color: #333333; font-family: Arial, Helvetica; font-size: 14px; font-style: normal; font-weight: 400; background-color: #ffffff; float: none; display: inline !important;\">Teslimat s\u00fcresi<\/span><\/span><\/td>\n<td style=\"font-family: Verdana, Arial, Helvetica, sans-serif; font-size: 12px; color: #000000; margin: 8px; width: 526px; text-align: center;\"><span style=\"line-height: 21px; font-size: 14px;\"><span style=\"line-height: 21px; color: #000000; font-family: Verdana, Arial, Helvetica, sans-serif; font-size: 14px; font-style: normal; font-weight: 400; background-color: #ffffff; float: none; display: inline !important;\">Hava yoluyla k\u00fc\u00e7\u00fck miktar i\u00e7in 1-5 g\u00fcn ve deniz yoluyla b\u00fcy\u00fck miktar i\u00e7in 30-35 g\u00fcn<\/span>\u00a0<\/span><\/td>\n<\/tr>\n<tr>\n<td style=\"font-family: Verdana, Arial, Helvetica, sans-serif; font-size: 12px; color: #000000; margin: 8px; width: 187px; text-align: center;\"><span style=\"line-height: 21px; font-size: 14px;\">\u00a0<span style=\"line-height: 21px; color: #333333; font-family: Arial, Helvetica; font-size: 14px; font-style: normal; font-weight: 400; background-color: #ffffff; float: none; display: inline !important;\">Sevkiyat liman\u0131<\/span><\/span><\/td>\n<td style=\"font-family: Verdana, Arial, Helvetica, sans-serif; font-size: 12px; color: #000000; margin: 8px; width: 526px; text-align: center;\"><span style=\"line-height: 21px; font-size: 14px;\">Xiamen\u00a0<\/span><\/td>\n<\/tr>\n<tr>\n<td style=\"font-family: Verdana, Arial, Helvetica, sans-serif; font-size: 12px; color: #000000; margin: 8px; width: 187px; text-align: center;\"><span style=\"line-height: 21px; font-size: 14px;\">\u00a0<span style=\"line-height: 21px; color: #333333; font-family: Arial, Helvetica; font-size: 14px; font-style: normal; font-weight: 400; background-color: #ffffff; float: none; display: inline !important;\">OEM\/ODM<\/span><\/span><\/td>\n<td style=\"font-family: Verdana, Arial, Helvetica, sans-serif; font-size: 12px; color: #000000; margin: 8px; width: 526px; text-align: center;\"><span style=\"line-height: 21px; font-size: 14px;\">\u00a0<span style=\"line-height: 21px; color: #333333; font-family: Arial, Helvetica; font-size: 14px; font-style: normal; font-weight: 400; background-color: #ffffff; float: none; display: inline !important;\">Mevcut<\/span><\/span><\/td>\n<\/tr>\n<tr>\n<td style=\"font-family: Verdana, Arial, Helvetica, sans-serif; font-size: 12px; color: #000000; margin: 8px; width: 187px; text-align: center;\"><span style=\"line-height: 21px; font-size: 14px;\">\u00a0<span style=\"line-height: 21px; color: #333333; font-family: Arial, Helvetica; font-size: 14px; font-style: normal; font-weight: 400; background-color: #ffffff; float: none; display: inline !important;\">Paket<\/span><\/span><\/td>\n<td style=\"font-family: Verdana, Arial, Helvetica, sans-serif; font-size: 12px; color: #000000; margin: 8px; width: 526px; text-align: center;\"><span style=\"line-height: 21px; font-size: 14px;\"><span style=\"line-height: 21px; color: #333333; font-family: Arial, Helvetica; font-size: 14px; font-style: normal; font-weight: 400; background-color: #ffffff; float: none; display: inline !important;\">Her biri bir PPB i\u00e7inde paketlendikten sonra Kartona veya ihtiyaca g\u00f6re<\/span><\/span><\/td>\n<\/tr>\n<\/tbody>\n<\/table>\n<p data-immersive-translate-walked=\"016756d5-39df-48b1-ae55-3948c534da60\" data-immersive-translate-paragraph=\"1\">R\u00fczgar ge\u00e7irmez tasar\u0131mlar\u0131m\u0131z, evcil hayvanlar\u0131n\u0131z\u0131n so\u011fuk havalarda rahat kalmas\u0131n\u0131 sa\u011flar.<\/p>\n<p data-immersive-translate-walked=\"016756d5-39df-48b1-ae55-3948c534da60\" data-immersive-translate-paragraph=\"1\">K\u0131\u015f mevsimi i\u00e7in m\u00fckemmel olan rahat ve dayan\u0131kl\u0131 k\u00f6pek giysilerimizi ke\u015ffedin.<\/p>\n<p data-immersive-translate-walked=\"016756d5-39df-48b1-ae55-3948c534da60\" data-immersive-translate-paragraph=\"1\">Toptan fiyatlarla birinci s\u0131n\u0131f evcil hayvan k\u0131yafetleri i\u00e7in \u015fimdi al\u0131\u015fveri\u015f yap\u0131n!<\/p>","protected":false},"excerpt":{"rendered":"<h3>Toptan K\u00f6pek K\u0131\u015fl\u0131k Giysileri<\/h3>\n<p>K\u00f6pek K\u0131\u015f K\u0131yafetlerini Ke\u015ffedin.<\/p>\n<p>Ma\u011faza <span style=\"color: #ff0000;\"><a style=\"color: #ff0000;\" href=\"https:\/\/pecpets.com\/tr\/urun-kategori%cc%87si%cc%87\/pet-clothing\/\" target=\"_blank\" rel=\"noopener\">toptan evcil hayvan k\u0131yafetleri<\/a><\/span> ger\u00e7e\u011findenPet K\u00f6pek Mont Ceket Kal\u0131nla\u015ft\u0131r\u0131lm\u0131\u015f Warmory rakipsiz fiyatlar ve kalite i\u00e7in<\/p>","protected":false},"featured_media":5329,"template":"","meta":{"_seopress_robots_primary_cat":"none","_seopress_titles_title":"Pet Clothes: Dog Winter Apparel - Top Manufacturers","_seopress_titles_desc":"Discover our Dog Winter Apparel, featuring windproof and warm dog clothes. Perfect for manufacturers seeking stylish, high-quality winter wear for pets.","_seopress_robots_index":"","_uag_custom_page_level_css":""},"product_brand":[],"product_cat":[364,342,23],"product_tag":[],"class_list":{"0":"post-5326","1":"product","2":"type-product","3":"status-publish","4":"has-post-thumbnail","6":"product_cat-basic-dog-clothing","7":"product_cat-pet-coat","8":"product_cat-pet-clothing","10":"first","11":"instock","12":"shipping-taxable","13":"product-type-simple"},"uagb_featured_image_src":{"full":["https:\/\/pecpets.com\/wp-content\/uploads\/2024\/05\/dog-winter-apparel4.webp",1000,1000,false],"thumbnail":["https:\/\/pecpets.com\/wp-content\/uploads\/2024\/05\/dog-winter-apparel4.webp",150,150,false],"medium":["https:\/\/pecpets.com\/wp-content\/uploads\/2024\/05\/dog-winter-apparel4.webp",300,300,false],"medium_large":["https:\/\/pecpets.com\/wp-content\/uploads\/2024\/05\/dog-winter-apparel4.webp",768,768,false],"large":["https:\/\/pecpets.com\/wp-content\/uploads\/2024\/05\/dog-winter-apparel4.webp",800,800,false],"1536x1536":["https:\/\/pecpets.com\/wp-content\/uploads\/2024\/05\/dog-winter-apparel4.webp",1000,1000,false],"2048x2048":["https:\/\/pecpets.com\/wp-content\/uploads\/2024\/05\/dog-winter-apparel4.webp",1000,1000,false],"trp-custom-language-flag":["https:\/\/pecpets.com\/wp-content\/uploads\/2024\/05\/dog-winter-apparel4.webp",12,12,false],"woocommerce_thumbnail":["https:\/\/pecpets.com\/wp-content\/uploads\/2024\/05\/dog-winter-apparel4.webp",300,300,false],"woocommerce_single":["https:\/\/pecpets.com\/wp-content\/uploads\/2024\/05\/dog-winter-apparel4.webp",600,600,false],"woocommerce_gallery_thumbnail":["https:\/\/pecpets.com\/wp-content\/uploads\/2024\/05\/dog-winter-apparel4.webp",100,100,false]},"uagb_author_info":{"display_name":"Lawrence\u00a0\u52b3\u4f26\u65af","author_link":"https:\/\/pecpets.com\/tr\/author\/"},"uagb_comment_info":0,"uagb_excerpt":"Wholesale Dog Winter Apparel Explore Dog Winter Apparel. Shop wholesale pet clothes from the factPet Dog Coat Jacket Thicken Warmory for unbeatable prices and quality","_links":{"self":[{"href":"https:\/\/pecpets.com\/tr\/wp-json\/wp\/v2\/product\/5326","targetHints":{"allow":["GET"]}}],"collection":[{"href":"https:\/\/pecpets.com\/tr\/wp-json\/wp\/v2\/product"}],"about":[{"href":"https:\/\/pecpets.com\/tr\/wp-json\/wp\/v2\/types\/product"}],"wp:featuredmedia":[{"embeddable":true,"href":"https:\/\/pecpets.com\/tr\/wp-json\/wp\/v2\/media\/5329"}],"wp:attachment":[{"href":"https:\/\/pecpets.com\/tr\/wp-json\/wp\/v2\/media?parent=5326"}],"wp:term":[{"taxonomy":"product_brand","embeddable":true,"href":"https:\/\/pecpets.com\/tr\/wp-json\/wp\/v2\/product_brand?post=5326"},{"taxonomy":"product_cat","embeddable":true,"href":"https:\/\/pecpets.com\/tr\/wp-json\/wp\/v2\/product_cat?post=5326"},{"taxonomy":"product_tag","embeddable":true,"href":"https:\/\/pecpets.com\/tr\/wp-json\/wp\/v2\/product_tag?post=5326"}],"curies":[{"name":"wp","href":"https:\/\/api.w.org\/{rel}","templated":true}]}}