{"id":5403,"date":"2024-05-10T14:59:03","date_gmt":"2024-05-10T06:59:03","guid":{"rendered":"https:\/\/pecpets.com\/?post_type=product&#038;p=5403"},"modified":"2025-08-19T14:18:35","modified_gmt":"2025-08-19T06:18:35","slug":"raised-dog-bowls","status":"publish","type":"product","link":"https:\/\/pecpets.com\/tr\/product\/raised-dog-bowls\/","title":{"rendered":"Raised Dog Bowls"},"content":{"rendered":"<h2 data-immersive-translate-walked=\"0ed840e9-ebe0-4e3a-a5fb-859a652e1258\" data-immersive-translate-paragraph=\"1\">Toptan Y\u00fckseltilmi\u015f K\u00f6pek Kaseleri - Mutlu Evcil Hayvanlar i\u00e7in Yava\u015f Besleyicili Ayarlanabilir ve Sabit Y\u00fckseltilmi\u015f Kaseler<\/h2>\n<p data-immersive-translate-walked=\"0ed840e9-ebe0-4e3a-a5fb-859a652e1258\" data-immersive-translate-paragraph=\"1\">T\u00fcyl\u00fc dostlar\u0131n\u0131z i\u00e7in ayarlanabilir y\u00fckseklik se\u00e7enekleri ve sa\u011flaml\u0131k sunan birinci s\u0131n\u0131f toptan y\u00fckseltilmi\u015f k\u00f6pek kaplar\u0131m\u0131z\u0131 ke\u015ffedin.<\/p>\n<table width=\"288\">\n<tbody>\n<tr>\n<td width=\"137\"><span style=\"color: #333333;\">\u00dcr\u00fcn Ad\u0131<\/span><\/td>\n<td width=\"151\"><span style=\"color: #333333;\">Evcil Hayvan Aksesuar\u0131<\/span><\/td>\n<\/tr>\n<tr>\n<td><span style=\"color: #333333;\">\u00dcr\u00fcn No.<\/span><\/td>\n<td><span style=\"color: #333333;\">PA-2003<\/span><\/td>\n<\/tr>\n<tr>\n<td><span style=\"color: #333333;\">Malzeme<\/span><\/td>\n<td><span style=\"font-size: 14px;\">Paslanmaz \u00e7elik<\/span><\/td>\n<\/tr>\n<tr>\n<td><span style=\"color: #333333;\">\u00a0Boyut ve Renk<\/span><\/td>\n<td>\u00d6zelle\u015ftirilebilir<\/td>\n<\/tr>\n<tr>\n<td><span style=\"color: #333333;\">\u00a0Teslimat s\u00fcresi<\/span><\/td>\n<td><span style=\"color: #333333;\">Hava yoluyla k\u00fc\u00e7\u00fck miktar i\u00e7in 1-5 g\u00fcn ve deniz yoluyla b\u00fcy\u00fck miktar i\u00e7in 30-35 g\u00fcn<\/span><\/td>\n<\/tr>\n<\/tbody>\n<\/table>\n<p data-immersive-translate-walked=\"0ed840e9-ebe0-4e3a-a5fb-859a652e1258\" data-immersive-translate-paragraph=\"1\">Bu y\u00fckseltilmi\u015f kaseler, sa\u011fl\u0131kl\u0131 beslenme al\u0131\u015fkanl\u0131klar\u0131n\u0131 te\u015fvik etmek i\u00e7in yava\u015f bir besleyici ile birlikte gelir.<\/p>\n<p data-immersive-translate-walked=\"0ed840e9-ebe0-4e3a-a5fb-859a652e1258\" data-immersive-translate-paragraph=\"1\">Toplu olarak sat\u0131n al\u0131n ve m\u00fc\u015fterilerinize sevgili evcil hayvanlar\u0131 i\u00e7in en iyi besleme \u00e7\u00f6z\u00fcmlerini sunun.<\/p>","protected":false},"excerpt":{"rendered":"<h2 data-immersive-translate-walked=\"0ed840e9-ebe0-4e3a-a5fb-859a652e1258\" data-immersive-translate-paragraph=\"1\">Toptan Y\u00fckseltilmi\u015f K\u00f6pek Kaseleri<\/h2>\n<p>Explore Wholesale Raised Dog Bowls.<\/p>\n<p>Rakipsiz fiyatlar ve kalite i\u00e7in fabrikadan toptan evcil hayvan aksesuarlar\u0131 sat\u0131n al\u0131n.<\/p>","protected":false},"featured_media":5406,"template":"","meta":{"_seopress_robots_primary_cat":"none","_seopress_titles_title":"Pet Accessory: Raised Dog Bowls\u00a0- Top Manufacturers","_seopress_titles_desc":"Discover adjustable and stable raised dog bowls from top manufacturers. Ensure your pet comfort and proper feeding posture with our high-quality durable designs","_seopress_robots_index":"","_uag_custom_page_level_css":""},"product_brand":[],"product_cat":[324],"product_tag":[336],"class_list":{"0":"post-5403","1":"product","2":"type-product","3":"status-publish","4":"has-post-thumbnail","6":"product_cat-pet-accessory","7":"product_tag-raised-dog-bowls","9":"first","10":"instock","11":"shipping-taxable","12":"product-type-simple"},"uagb_featured_image_src":{"full":["https:\/\/pecpets.com\/wp-content\/uploads\/2024\/05\/Raised-Dog-Bowls2.jpg",1500,1500,false],"thumbnail":["https:\/\/pecpets.com\/wp-content\/uploads\/2024\/05\/Raised-Dog-Bowls2.jpg",150,150,false],"medium":["https:\/\/pecpets.com\/wp-content\/uploads\/2024\/05\/Raised-Dog-Bowls2.jpg",300,300,false],"medium_large":["https:\/\/pecpets.com\/wp-content\/uploads\/2024\/05\/Raised-Dog-Bowls2.jpg",768,768,false],"large":["https:\/\/pecpets.com\/wp-content\/uploads\/2024\/05\/Raised-Dog-Bowls2.jpg",800,800,false],"1536x1536":["https:\/\/pecpets.com\/wp-content\/uploads\/2024\/05\/Raised-Dog-Bowls2.jpg",1500,1500,false],"2048x2048":["https:\/\/pecpets.com\/wp-content\/uploads\/2024\/05\/Raised-Dog-Bowls2.jpg",1500,1500,false],"trp-custom-language-flag":["https:\/\/pecpets.com\/wp-content\/uploads\/2024\/05\/Raised-Dog-Bowls2.jpg",12,12,false],"woocommerce_thumbnail":["https:\/\/pecpets.com\/wp-content\/uploads\/2024\/05\/Raised-Dog-Bowls2.jpg",300,300,false],"woocommerce_single":["https:\/\/pecpets.com\/wp-content\/uploads\/2024\/05\/Raised-Dog-Bowls2.jpg",600,600,false],"woocommerce_gallery_thumbnail":["https:\/\/pecpets.com\/wp-content\/uploads\/2024\/05\/Raised-Dog-Bowls2.jpg",100,100,false]},"uagb_author_info":{"display_name":"Lawrence\u00a0\u52b3\u4f26\u65af","author_link":"https:\/\/pecpets.com\/tr\/author\/"},"uagb_comment_info":0,"uagb_excerpt":"Wholesale Raised Dog Bowls Explore Wholesale Raised Dog Bowls. Shop wholesale pet accessories from the factory for unbeatable prices and quality.","_links":{"self":[{"href":"https:\/\/pecpets.com\/tr\/wp-json\/wp\/v2\/product\/5403","targetHints":{"allow":["GET"]}}],"collection":[{"href":"https:\/\/pecpets.com\/tr\/wp-json\/wp\/v2\/product"}],"about":[{"href":"https:\/\/pecpets.com\/tr\/wp-json\/wp\/v2\/types\/product"}],"wp:featuredmedia":[{"embeddable":true,"href":"https:\/\/pecpets.com\/tr\/wp-json\/wp\/v2\/media\/5406"}],"wp:attachment":[{"href":"https:\/\/pecpets.com\/tr\/wp-json\/wp\/v2\/media?parent=5403"}],"wp:term":[{"taxonomy":"product_brand","embeddable":true,"href":"https:\/\/pecpets.com\/tr\/wp-json\/wp\/v2\/product_brand?post=5403"},{"taxonomy":"product_cat","embeddable":true,"href":"https:\/\/pecpets.com\/tr\/wp-json\/wp\/v2\/product_cat?post=5403"},{"taxonomy":"product_tag","embeddable":true,"href":"https:\/\/pecpets.com\/tr\/wp-json\/wp\/v2\/product_tag?post=5403"}],"curies":[{"name":"wp","href":"https:\/\/api.w.org\/{rel}","templated":true}]}}