{"id":5425,"date":"2024-05-13T10:23:55","date_gmt":"2024-05-13T02:23:55","guid":{"rendered":"https:\/\/pecpets.com\/?post_type=product&#038;p=5425"},"modified":"2024-06-12T14:26:19","modified_gmt":"2024-06-12T06:26:19","slug":"cat-laser-pointer","status":"publish","type":"product","link":"https:\/\/pecpets.com\/tr\/product\/cat-laser-pointer\/","title":{"rendered":"Kedi Lazer Pointer"},"content":{"rendered":"<h2 data-immersive-translate-walked=\"ec68562d-a024-4976-a6b0-e13a360f0c00\" data-immersive-translate-paragraph=\"1\">Premium Kedi Lazer Pointer ve Evcil Hayvan Aksesuarlar\u0131 Fabrikas\u0131<\/h2>\n<p data-immersive-translate-walked=\"ec68562d-a024-4976-a6b0-e13a360f0c00\" data-immersive-translate-paragraph=\"1\">Pop\u00fcler Kedi Lazer \u0130\u015faret\u00e7isi de dahil olmak \u00fczere \u00e7ok \u00e7e\u015fitli evcil hayvan aksesuarlar\u0131m\u0131z\u0131 ke\u015ffedin.<\/p>\n<p data-immersive-translate-walked=\"ec68562d-a024-4976-a6b0-e13a360f0c00\" data-immersive-translate-paragraph=\"1\">Fabrikam\u0131z, t\u00fcyl\u00fc arkada\u015flar\u0131n\u0131z i\u00e7in sadece e\u011flenceli de\u011fil ayn\u0131 zamanda ilgi \u00e7ekici olan en kaliteli ve ta\u015f\u0131nabilir evcil kedi oyuncaklar\u0131 \u00fcretmektedir.<\/p>\n<p data-immersive-translate-walked=\"ec68562d-a024-4976-a6b0-e13a360f0c00\" data-immersive-translate-paragraph=\"1\">E\u011flence ve i\u015flevselli\u011fe odaklanan \u00fcr\u00fcnlerimiz, her boyuttaki evcil hayvan i\u00e7in sonsuz e\u011flence sa\u011flamak \u00fczere tasarlanm\u0131\u015ft\u0131r.<\/p>\n<p data-immersive-translate-walked=\"ec68562d-a024-4976-a6b0-e13a360f0c00\" data-immersive-translate-paragraph=\"1\">M\u00fckemmel evcil hayvan aksesuarlar\u0131n\u0131 bug\u00fcn fabrikam\u0131zda ke\u015ffedin!<\/p>","protected":false},"excerpt":{"rendered":"<h2>Kedi Lazer Pointer<\/h2>\n<table style=\"border-collapse: collapse; background-color: #ffffff; width: 721px; height: 192px;\" border=\"1\">\n<tbody>\n<tr style=\"height: auto;\">\n<td style=\"font-family: Verdana, Arial, Helvetica, sans-serif; font-size: 12px; color: #000000; margin: 8px; width: 187px; text-align: center; height: auto;\"><span style=\"line-height: 21px; font-size: 14px;\">\u00dcr\u00fcn Ad\u0131<\/span><\/td>\n<td style=\"font-family: Verdana, Arial, Helvetica, sans-serif; font-size: 12px; color: #000000; margin: 8px; width: 526px; text-align: center; height: auto;\"><span style=\"font-size: 14px;\">Kedi Lazer Pointer<\/span><\/td>\n<\/tr>\n<tr style=\"height: 21px;\">\n<td style=\"font-family: Verdana, Arial, Helvetica, sans-serif; font-size: 12px; color: #000000; margin: 8px; width: 187px; text-align: center; height: 21px;\"><span style=\"line-height: 21px; font-size: 14px;\">\u00dcr\u00fcn No.<\/span><\/td>\n<td style=\"font-family: Verdana, Arial, Helvetica, sans-serif; font-size: 12px; color: #000000; margin: 8px; width: 526px; text-align: center; height: 21px;\"><span style=\"line-height: 21px; font-size: 14px;\">Y2106<\/span><\/td>\n<\/tr>\n<tr style=\"height: 18.5px;\">\n<td style=\"font-family: Verdana, Arial, Helvetica, sans-serif; font-size: 12px; color: #000000; margin: 8px; width: 187px; text-align: center; height: 18.5px;\"><span style=\"line-height: 21px; color: #333333; font-family: Arial, Helvetica; font-size: 14px; font-style: normal; font-weight: 400; background-color: #ffffff; float: none; display: inline !important;\">Malzeme<\/span><\/td>\n<td style=\"font-family: Verdana, Arial, Helvetica, sans-serif; font-size: 12px; color: #000000; margin: 8px; width: 526px; text-align: center; height: 18.5px;\"><span style=\"color: #333333; font-family: Helvetica, Tahoma, Arial; font-size: 14px; font-style: normal; font-weight: 400; background-color: #fcfcfc; float: none; display: inline !important;\">Paslanmaz \u00e7elik<\/span><\/td>\n<\/tr>\n<tr style=\"height: 21px;\">\n<td style=\"font-family: Verdana, Arial, Helvetica, sans-serif; font-size: 12px; color: #000000; margin: 8px; width: 187px; text-align: center; height: 21px;\"><span style=\"line-height: 21px; font-size: 14px;\">\u00a0Boyut<\/span><\/td>\n<td style=\"font-family: Verdana, Arial, Helvetica, sans-serif; font-size: 12px; color: #000000; margin: 8px; width: 526px; text-align: center; height: 21px;\"><span style=\"font-size: 14px;\">114mm*16mm<\/span><\/td>\n<\/tr>\n<tr style=\"height: 21px;\">\n<td style=\"font-family: Verdana, Arial, Helvetica, sans-serif; font-size: 12px; color: #000000; margin: 8px; width: 187px; text-align: center; height: 21px;\"><span style=\"line-height: 21px; font-size: 14px;\">\u00a0Renk<\/span><\/td>\n<td style=\"font-family: Verdana, Arial, Helvetica, sans-serif; font-size: 12px; color: #000000; margin: 8px; width: 526px; text-align: center; height: 21px;\"><span style=\"font-size: 14px;\">g\u00fcm\u00fc\u015f beyaz<\/span><\/td>\n<\/tr>\n<tr style=\"height: auto;\">\n<td style=\"font-family: Verdana, Arial, Helvetica, sans-serif; font-size: 12px; color: #000000; margin: 8px; width: 187px; text-align: center; height: auto;\"><span style=\"line-height: 21px; font-size: 14px;\">\u00a0<span style=\"line-height: 21px; color: #333333; font-family: Arial, Helvetica; font-size: 14px; font-style: normal; font-weight: 400; background-color: #ffffff; float: none; display: inline !important;\">Evcil hayvan t\u00fcr\u00fc<\/span><\/span><\/td>\n<td style=\"font-family: Verdana, Arial, Helvetica, sans-serif; font-size: 12px; color: #000000; margin: 8px; width: 526px; text-align: center; height: auto;\"><span style=\"line-height: 21px; font-size: 14px;\">\u00a0T\u00fcm Kedi<span class=\"notranslate immersive-translate-target-wrapper\" lang=\"zh-CN\" translate=\"no\" data-immersive-translate-loading-id=\"1\">\u00a0<\/span><\/span><\/td>\n<\/tr>\n<tr style=\"height: auto;\">\n<td style=\"font-family: Verdana, Arial, Helvetica, sans-serif; font-size: 12px; color: #000000; margin: 8px; width: 187px; text-align: center; height: auto;\"><span style=\"line-height: 21px; font-size: 14px;\">\u00a0<span style=\"line-height: 21px; color: #333333; font-family: Arial, Helvetica; font-size: 14px; font-style: normal; font-weight: 400; background-color: #ffffff; float: none; display: inline !important;\">Teslimat s\u00fcresi<\/span><\/span><\/td>\n<td style=\"font-family: Verdana, Arial, Helvetica, sans-serif; font-size: 12px; color: #000000; margin: 8px; width: 526px; text-align: center; height: auto;\"><span style=\"line-height: 21px; font-size: 14px;\"><span style=\"line-height: 21px; color: #000000; font-family: Verdana, Arial, Helvetica, sans-serif; font-size: 14px; font-style: normal; font-weight: 400; background-color: #ffffff; float: none; display: inline !important;\">Hava yoluyla k\u00fc\u00e7\u00fck miktar i\u00e7in 1-5 g\u00fcn ve deniz yoluyla b\u00fcy\u00fck miktar i\u00e7in 30-35 g\u00fcn<\/span>\u00a0<\/span><\/td>\n<\/tr>\n<tr style=\"height: auto;\">\n<td style=\"font-family: Verdana, Arial, Helvetica, sans-serif; font-size: 12px; color: #000000; margin: 8px; width: 187px; text-align: center; height: auto;\"><span style=\"line-height: 21px; font-size: 14px;\">\u00a0<span style=\"line-height: 21px; color: #333333; font-family: Arial, Helvetica; font-size: 14px; font-style: normal; font-weight: 400; background-color: #ffffff; float: none; display: inline !important;\">Sevkiyat liman\u0131<\/span><\/span><\/td>\n<td style=\"font-family: Verdana, Arial, Helvetica, sans-serif; font-size: 12px; color: #000000; margin: 8px; width: 526px; text-align: center; height: auto;\"><span style=\"line-height: 21px; font-size: 14px;\">Xiamen\u00a0<\/span><\/td>\n<\/tr>\n<tr style=\"height: auto;\">\n<td style=\"font-family: Verdana, Arial, Helvetica, sans-serif; font-size: 12px; color: #000000; margin: 8px; width: 187px; text-align: center; height: auto;\"><span style=\"line-height: 21px; font-size: 14px;\">\u00a0<span style=\"line-height: 21px; color: #333333; font-family: Arial, Helvetica; font-size: 14px; font-style: normal; font-weight: 400; background-color: #ffffff; float: none; display: inline !important;\">OEM\/ODM<\/span><\/span><\/td>\n<td style=\"font-family: Verdana, Arial, Helvetica, sans-serif; font-size: 12px; color: #000000; margin: 8px; width: 526px; text-align: center; height: auto;\"><span style=\"line-height: 21px; font-size: 14px;\">\u00a0<span style=\"line-height: 21px; color: #333333; font-family: Arial, Helvetica; font-size: 14px; font-style: normal; font-weight: 400; background-color: #ffffff; float: none; display: inline !important;\">Mevcut<\/span><\/span><\/td>\n<\/tr>\n<tr style=\"height: auto;\">\n<td style=\"font-family: Verdana, Arial, Helvetica, sans-serif; font-size: 12px; color: #000000; margin: 8px; width: 187px; text-align: center; height: auto;\"><span style=\"line-height: 21px; font-size: 14px;\">\u00a0<span style=\"line-height: 21px; color: #333333; font-family: Arial, Helvetica; font-size: 14px; font-style: normal; font-weight: 400; background-color: #ffffff; float: none; display: inline !important;\">Paket<\/span><\/span><\/td>\n<td style=\"font-family: Verdana, Arial, Helvetica, sans-serif; font-size: 12px; color: #000000; margin: 8px; width: 526px; text-align: center; height: auto;\"><span style=\"line-height: 21px; font-size: 14px;\"><span style=\"line-height: 21px; color: #333333; font-family: Arial, Helvetica; font-size: 14px; font-style: normal; font-weight: 400; background-color: #ffffff; float: none; display: inline !important;\">Her biri bir PPB i\u00e7inde paketlendikten sonra Kartona veya ihtiyaca g\u00f6re<\/span><\/span><\/td>\n<\/tr>\n<\/tbody>\n<\/table>","protected":false},"featured_media":5418,"template":"","meta":{"_seopress_robots_primary_cat":"none","_seopress_titles_title":"Pet Accessory: Cat Laser Pointer - Top Manufacturers","_seopress_titles_desc":"Discover funny and engaging cat laser pointer from top pet accessory manufacturers. Keep your cats entertained and active with our high-quality, interactive toy","_seopress_robots_index":"","_uag_custom_page_level_css":""},"product_brand":[],"product_cat":[29],"product_tag":[168],"class_list":{"0":"post-5425","1":"product","2":"type-product","3":"status-publish","4":"has-post-thumbnail","6":"product_cat-pet-toys","7":"product_tag-pet-toy","9":"first","10":"instock","11":"shipping-taxable","12":"product-type-simple"},"uagb_featured_image_src":{"full":["https:\/\/pecpets.com\/wp-content\/uploads\/2024\/05\/Cat-Laser-Pointer4.jpg",800,800,false],"thumbnail":["https:\/\/pecpets.com\/wp-content\/uploads\/2024\/05\/Cat-Laser-Pointer4.jpg",150,150,false],"medium":["https:\/\/pecpets.com\/wp-content\/uploads\/2024\/05\/Cat-Laser-Pointer4.jpg",300,300,false],"medium_large":["https:\/\/pecpets.com\/wp-content\/uploads\/2024\/05\/Cat-Laser-Pointer4.jpg",768,768,false],"large":["https:\/\/pecpets.com\/wp-content\/uploads\/2024\/05\/Cat-Laser-Pointer4.jpg",800,800,false],"1536x1536":["https:\/\/pecpets.com\/wp-content\/uploads\/2024\/05\/Cat-Laser-Pointer4.jpg",800,800,false],"2048x2048":["https:\/\/pecpets.com\/wp-content\/uploads\/2024\/05\/Cat-Laser-Pointer4.jpg",800,800,false],"trp-custom-language-flag":["https:\/\/pecpets.com\/wp-content\/uploads\/2024\/05\/Cat-Laser-Pointer4.jpg",12,12,false],"woocommerce_thumbnail":["https:\/\/pecpets.com\/wp-content\/uploads\/2024\/05\/Cat-Laser-Pointer4.jpg",300,300,false],"woocommerce_single":["https:\/\/pecpets.com\/wp-content\/uploads\/2024\/05\/Cat-Laser-Pointer4.jpg",600,600,false],"woocommerce_gallery_thumbnail":["https:\/\/pecpets.com\/wp-content\/uploads\/2024\/05\/Cat-Laser-Pointer4.jpg",100,100,false]},"uagb_author_info":{"display_name":"Lawrence\u00a0\u52b3\u4f26\u65af","author_link":"https:\/\/pecpets.com\/tr\/author\/"},"uagb_comment_info":0,"uagb_excerpt":"Cat Laser Pointer Products Name Cat Laser Pointer Item No. Y2106 Material Stainless steel \u00a0Size 114mm*16mm \u00a0Color silver white \u00a0Pet type \u00a0All\u00a0Cat\u00a0 \u00a0Delivery time 1-5days\u00a0for small quantity by air and 30-35days for large quantity by sea\u00a0 \u00a0Port of shipment Xiamen\u00a0 \u00a0OEM\/ODM \u00a0Available \u00a0Package Each one packed in a PPB then into Carton or per needed","_links":{"self":[{"href":"https:\/\/pecpets.com\/tr\/wp-json\/wp\/v2\/product\/5425","targetHints":{"allow":["GET"]}}],"collection":[{"href":"https:\/\/pecpets.com\/tr\/wp-json\/wp\/v2\/product"}],"about":[{"href":"https:\/\/pecpets.com\/tr\/wp-json\/wp\/v2\/types\/product"}],"wp:featuredmedia":[{"embeddable":true,"href":"https:\/\/pecpets.com\/tr\/wp-json\/wp\/v2\/media\/5418"}],"wp:attachment":[{"href":"https:\/\/pecpets.com\/tr\/wp-json\/wp\/v2\/media?parent=5425"}],"wp:term":[{"taxonomy":"product_brand","embeddable":true,"href":"https:\/\/pecpets.com\/tr\/wp-json\/wp\/v2\/product_brand?post=5425"},{"taxonomy":"product_cat","embeddable":true,"href":"https:\/\/pecpets.com\/tr\/wp-json\/wp\/v2\/product_cat?post=5425"},{"taxonomy":"product_tag","embeddable":true,"href":"https:\/\/pecpets.com\/tr\/wp-json\/wp\/v2\/product_tag?post=5425"}],"curies":[{"name":"wp","href":"https:\/\/api.w.org\/{rel}","templated":true}]}}