{"id":5735,"date":"2024-05-28T17:00:20","date_gmt":"2024-05-28T09:00:20","guid":{"rendered":"https:\/\/pecpets.com\/?post_type=product&#038;p=5735"},"modified":"2025-08-18T17:13:26","modified_gmt":"2025-08-18T09:13:26","slug":"waterproof-dog-shoes","status":"publish","type":"product","link":"https:\/\/pecpets.com\/tr\/product\/waterproof-dog-shoes\/","title":{"rendered":"Su Ge\u00e7irmez K\u00f6pek Ayakkab\u0131lar\u0131"},"content":{"rendered":"<h2 data-immersive-translate-walked=\"b535e8cb-4fa8-4755-a6c9-df7ac573832a\"><strong data-immersive-translate-walked=\"b535e8cb-4fa8-4755-a6c9-df7ac573832a\" data-immersive-translate-paragraph=\"1\">Toptan Sat\u0131\u015f <\/strong><strong data-immersive-translate-walked=\"b535e8cb-4fa8-4755-a6c9-df7ac573832a\" data-immersive-translate-paragraph=\"1\">Nefes alabilir <\/strong><strong data-immersive-translate-walked=\"b535e8cb-4fa8-4755-a6c9-df7ac573832a\" data-immersive-translate-paragraph=\"1\">Su Ge\u00e7irmez K\u00f6pek Ayakkab\u0131lar\u0131 - Her Mevsim \u0130\u00e7in Evcil K\u00f6pek Ayakkab\u0131lar\u0131<\/strong><\/h2>\n<p data-immersive-translate-walked=\"b535e8cb-4fa8-4755-a6c9-df7ac573832a\" data-immersive-translate-paragraph=\"1\">Her mevsim i\u00e7in tasarlanm\u0131\u015f \u00e7e\u015fitli evcil k\u00f6pek ayakkab\u0131lar\u0131 da dahil olmak \u00fczere toptan su ge\u00e7irmez nefes alabilen k\u00f6pek ayakkab\u0131lar\u0131 koleksiyonumuzu ke\u015ffedin.<\/p>\n<table width=\"288\">\n<tbody>\n<tr>\n<td width=\"137\"><span style=\"color: #333333;\">\u00dcr\u00fcn Ad\u0131<\/span><\/td>\n<td width=\"151\"><span style=\"color: #333333;\">Evcil Hayvan Ayakkab\u0131lar\u0131<\/span><\/td>\n<\/tr>\n<tr>\n<td><span style=\"color: #333333;\">\u00dcr\u00fcn No.<\/span><\/td>\n<td><span style=\"color: #333333;\">PA-S2019<\/span><\/td>\n<\/tr>\n<tr>\n<td><span style=\"color: #333333;\">Malzeme<\/span><\/td>\n<td><span style=\"color: #333333;\">Kau\u00e7uk<\/span><\/td>\n<\/tr>\n<tr>\n<td><span style=\"color: #333333;\">\u00a0Boyut ve Renk<\/span><\/td>\n<td><span style=\"color: #333333;\">\u00d6zelle\u015ftirilmi\u015f<\/span><\/td>\n<\/tr>\n<tr>\n<td><span style=\"color: #333333;\">\u00a0Teslimat s\u00fcresi<\/span><\/td>\n<td><span style=\"color: #333333;\">Hava yoluyla k\u00fc\u00e7\u00fck miktar i\u00e7in 1-5 g\u00fcn ve deniz yoluyla b\u00fcy\u00fck miktar i\u00e7in 30-35 g\u00fcn<\/span><\/td>\n<\/tr>\n<\/tbody>\n<\/table>\n<p data-immersive-translate-walked=\"b535e8cb-4fa8-4755-a6c9-df7ac573832a\" data-immersive-translate-paragraph=\"1\">\u00c7e\u015fitli ko\u015fullara dayan\u0131kl\u0131 \u00fcr\u00fcnlerimiz, t\u00fcyl\u00fc dostlar\u0131n\u0131n patilerini korumak isteyen k\u00f6pek sahipleri i\u00e7in hem stil hem de i\u015flevsellik sunuyor.<\/p>\n<p data-immersive-translate-walked=\"b535e8cb-4fa8-4755-a6c9-df7ac573832a\" data-immersive-translate-paragraph=\"1\">Su ge\u00e7irmezlik \u00f6zelliklerinden nefes alabilirli\u011fe kadar, k\u00f6pek ayakkab\u0131lar\u0131m\u0131z konfor ve koruma sa\u011flamak i\u00e7in \u00fcretilmi\u015ftir.<\/p>\n<p data-immersive-translate-walked=\"b535e8cb-4fa8-4755-a6c9-df7ac573832a\" data-immersive-translate-paragraph=\"1\">M\u00fc\u015fterilerinizin evcil hayvanlar\u0131n\u0131n \u015f\u0131k ve g\u00fcvenli bir \u015fekilde y\u00fcr\u00fcmesini sa\u011flamak i\u00e7in toptan k\u00f6pek ayakkab\u0131s\u0131 \u00e7e\u015fitlerimize bug\u00fcn g\u00f6z at\u0131n.<\/p>","protected":false},"excerpt":{"rendered":"<h2 data-immersive-translate-walked=\"b535e8cb-4fa8-4755-a6c9-df7ac573832a\"><strong data-immersive-translate-walked=\"b535e8cb-4fa8-4755-a6c9-df7ac573832a\" data-immersive-translate-paragraph=\"1\">Su Ge\u00e7irmez K\u00f6pek Ayakkab\u0131lar\u0131<\/strong><\/h2>\n<p>Explore Waterproof Dog Shoes.<\/p>\n<p>Rakipsiz fiyatlar ve kalite i\u00e7in fabrikadan toptan evcil hayvan ayakkab\u0131lar\u0131 sat\u0131n al\u0131n.<\/p>","protected":false},"featured_media":5741,"template":"","meta":{"_seopress_robots_primary_cat":"none","_seopress_titles_title":"Pet Accessory:Breathable Waterproof Dog Shoes - Top Manufacturers","_seopress_titles_desc":"Find top-quality breathable, waterproof dog shoes from leading pet accessory manufacturers. Keep your pet paws dry and comfortable with our premium selection.","_seopress_robots_index":"","_uag_custom_page_level_css":""},"product_brand":[],"product_cat":[330],"product_tag":[],"class_list":{"0":"post-5735","1":"product","2":"type-product","3":"status-publish","4":"has-post-thumbnail","6":"product_cat-dog-shoes","8":"first","9":"instock","10":"shipping-taxable","11":"product-type-simple"},"uagb_featured_image_src":{"full":["https:\/\/pecpets.com\/wp-content\/uploads\/2024\/05\/Waterproof-Breathable-Dog-Shoes6.jpg",800,800,false],"thumbnail":["https:\/\/pecpets.com\/wp-content\/uploads\/2024\/05\/Waterproof-Breathable-Dog-Shoes6-150x150.jpg",150,150,true],"medium":["https:\/\/pecpets.com\/wp-content\/uploads\/2024\/05\/Waterproof-Breathable-Dog-Shoes6-300x300.jpg",300,300,true],"medium_large":["https:\/\/pecpets.com\/wp-content\/uploads\/2024\/05\/Waterproof-Breathable-Dog-Shoes6-768x768.jpg",768,768,true],"large":["https:\/\/pecpets.com\/wp-content\/uploads\/2024\/05\/Waterproof-Breathable-Dog-Shoes6.jpg",800,800,false],"1536x1536":["https:\/\/pecpets.com\/wp-content\/uploads\/2024\/05\/Waterproof-Breathable-Dog-Shoes6.jpg",800,800,false],"2048x2048":["https:\/\/pecpets.com\/wp-content\/uploads\/2024\/05\/Waterproof-Breathable-Dog-Shoes6.jpg",800,800,false],"trp-custom-language-flag":["https:\/\/pecpets.com\/wp-content\/uploads\/2024\/05\/Waterproof-Breathable-Dog-Shoes6.jpg",12,12,false],"woocommerce_thumbnail":["https:\/\/pecpets.com\/wp-content\/uploads\/2024\/05\/Waterproof-Breathable-Dog-Shoes6-300x300.jpg",300,300,true],"woocommerce_single":["https:\/\/pecpets.com\/wp-content\/uploads\/2024\/05\/Waterproof-Breathable-Dog-Shoes6-600x600.jpg",600,600,true],"woocommerce_gallery_thumbnail":["https:\/\/pecpets.com\/wp-content\/uploads\/2024\/05\/Waterproof-Breathable-Dog-Shoes6-100x100.jpg",100,100,true]},"uagb_author_info":{"display_name":"Lawrence\u00a0\u52b3\u4f26\u65af","author_link":"https:\/\/pecpets.com\/tr\/author\/"},"uagb_comment_info":0,"uagb_excerpt":"Waterproof Dog Shoes Explore Waterproof Dog Shoes. Shop wholesale pet Shoes from the factory for unbeatable prices and quality.","_links":{"self":[{"href":"https:\/\/pecpets.com\/tr\/wp-json\/wp\/v2\/product\/5735","targetHints":{"allow":["GET"]}}],"collection":[{"href":"https:\/\/pecpets.com\/tr\/wp-json\/wp\/v2\/product"}],"about":[{"href":"https:\/\/pecpets.com\/tr\/wp-json\/wp\/v2\/types\/product"}],"wp:featuredmedia":[{"embeddable":true,"href":"https:\/\/pecpets.com\/tr\/wp-json\/wp\/v2\/media\/5741"}],"wp:attachment":[{"href":"https:\/\/pecpets.com\/tr\/wp-json\/wp\/v2\/media?parent=5735"}],"wp:term":[{"taxonomy":"product_brand","embeddable":true,"href":"https:\/\/pecpets.com\/tr\/wp-json\/wp\/v2\/product_brand?post=5735"},{"taxonomy":"product_cat","embeddable":true,"href":"https:\/\/pecpets.com\/tr\/wp-json\/wp\/v2\/product_cat?post=5735"},{"taxonomy":"product_tag","embeddable":true,"href":"https:\/\/pecpets.com\/tr\/wp-json\/wp\/v2\/product_tag?post=5735"}],"curies":[{"name":"wp","href":"https:\/\/api.w.org\/{rel}","templated":true}]}}