{"id":5775,"date":"2024-05-28T17:45:20","date_gmt":"2024-05-28T09:45:20","guid":{"rendered":"https:\/\/pecpets.com\/?post_type=product&#038;p=5775"},"modified":"2025-08-18T17:04:34","modified_gmt":"2025-08-18T09:04:34","slug":"reflective-dog-shoes","status":"publish","type":"product","link":"https:\/\/pecpets.com\/tr\/product\/reflective-dog-shoes\/","title":{"rendered":"Reflekt\u00f6rl\u00fc K\u00f6pek Ayakkab\u0131lar\u0131"},"content":{"rendered":"<p data-immersive-translate-walked=\"b535e8cb-4fa8-4755-a6c9-df7ac573832a\"><strong>Toptan Su Ge\u00e7irmez Nefes Alabilir K\u00f6pek Ayakkab\u0131lar\u0131 - Her Mevsim \u0130\u00e7in Pet K\u00f6pek Ayakkab\u0131lar\u0131<\/strong><\/p>\n<p data-immersive-translate-walked=\"b535e8cb-4fa8-4755-a6c9-df7ac573832a\" data-immersive-translate-paragraph=\"1\">Y\u00fcksek kaliteli malzemeler: Y\u00fcksek kaliteli kuma\u015flar a\u015f\u0131nmaya kar\u015f\u0131 dayan\u0131kl\u0131d\u0131r, b\u00f6ylece kire dayanabilir veya dayanabilirsiniz. Sevimli evcil hayvan patisi i\u015flemeleri vard\u0131r, yumu\u015fakt\u0131r ve elde y\u0131kanabilir, modaya uygun ancak uzun \u00f6m\u00fcrl\u00fcd\u00fcr. Uzun \u00f6m\u00fcrl\u00fc tabanlar ve sert kaymaz taban, denge ve \u00e7eki\u015f sa\u011flar ve k\u00f6peklerin karo ve kum \u00fczerinde hareketlilik ve denge sa\u011flamas\u0131na yard\u0131mc\u0131 olur.<\/p>\n<table width=\"288\">\n<tbody>\n<tr>\n<td width=\"137\"><span style=\"color: #333333;\">\u00dcr\u00fcn Ad\u0131<\/span><\/td>\n<td width=\"151\"><span style=\"color: #333333;\">Evcil Hayvan Ayakkab\u0131lar\u0131<\/span><\/td>\n<\/tr>\n<tr>\n<td><span style=\"color: #333333;\">\u00dcr\u00fcn No.<\/span><\/td>\n<td><span style=\"color: #333333;\">PA-S2015<\/span><\/td>\n<\/tr>\n<tr>\n<td><span style=\"color: #333333;\">Malzeme<\/span><\/td>\n<td><span style=\"color: #333333;\">Kau\u00e7uk<\/span><\/td>\n<\/tr>\n<tr>\n<td><span style=\"color: #333333;\">\u00a0Boyut ve Renk<\/span><\/td>\n<td><span style=\"color: #333333;\">\u00d6zelle\u015ftirilmi\u015f<\/span><\/td>\n<\/tr>\n<tr>\n<td><span style=\"color: #333333;\">\u00a0Teslimat s\u00fcresi<\/span><\/td>\n<td><span style=\"color: #333333;\">Hava yoluyla k\u00fc\u00e7\u00fck miktar i\u00e7in 1-5 g\u00fcn ve deniz yoluyla b\u00fcy\u00fck miktar i\u00e7in 30-35 g\u00fcn<\/span><\/td>\n<\/tr>\n<\/tbody>\n<\/table>\n<p data-immersive-translate-walked=\"b535e8cb-4fa8-4755-a6c9-df7ac573832a\" data-immersive-translate-paragraph=\"1\">Rahatt\u0131r: Patiler i\u00e7in yumu\u015fak ve nefes alabilir \uff0c botlar i\u00e7 veya d\u0131\u015f mekanlarda, s\u0131cak ve so\u011fuk, \u0131slak ve kuru ko\u015fullarda kullan\u0131labilir - keskin dikenlerden ve s\u0131cak kald\u0131r\u0131mdan koruma. K\u00f6pek pen\u00e7elerini \u0131s\u0131dan, ta\u015flardan, camdan vb. etkili bir \u015fekilde korur. Zay\u0131f patiyi k\u0131\u015f\u0131n kar, buz ve tuzdan korur.<\/p>\n<p data-immersive-translate-walked=\"b535e8cb-4fa8-4755-a6c9-df7ac573832a\" data-immersive-translate-paragraph=\"1\">G\u00fcvenli ve Ayarlanabilir: Giymesi \/ \u00e7\u0131karmas\u0131 kolay olan k\u00f6pek ayakkab\u0131lar\u0131, kaymay\u0131 \u00f6nleyebilen ve g\u00fcvenli kapatma i\u00e7in \u00f6zelle\u015ftirilmi\u015f bir s\u0131k\u0131l\u0131k sa\u011flayan uzun ve ayarlanabilir 2 kay\u0131\u015fla s\u0131k\u0131ca tutturulur. ve yans\u0131t\u0131c\u0131 kay\u0131\u015flara sahiptir, yans\u0131t\u0131c\u0131 \u00e7izgiler t\u00fcm gece g\u00f6r\u00fcn\u00fcrl\u00fc\u011f\u00fc art\u0131r\u0131r, ayr\u0131ca sevgili k\u00f6pe\u011finizi g\u00fcvende tutar. L\u00fctfen giydikten sonra kay\u0131\u015flar\u0131 s\u0131kmaya \u00e7al\u0131\u015f\u0131n, bu da ayakkab\u0131lar\u0131n k\u00f6pe\u011fin pen\u00e7elerinden d\u00fc\u015fmesini etkili bir \u015fekilde \u00f6nleyebilir. <span class=\"notranslate immersive-translate-target-wrapper\" lang=\"zh-CN\" translate=\"no\" data-immersive-translate-loading-id=\"1\">\u00a0<\/span><\/p>","protected":false},"excerpt":{"rendered":"<h2><strong>Reflekt\u00f6rl\u00fc K\u00f6pek Ayakkab\u0131lar\u0131<\/strong><\/h2>\n<p>Reflekt\u00f6rl\u00fc K\u00f6pek Ayakkab\u0131lar\u0131n\u0131 ke\u015ffedin.<\/p>\n<p>Rakipsiz fiyatlar ve kalite i\u00e7in fabrikadan toptan evcil hayvan ayakkab\u0131lar\u0131 sat\u0131n al\u0131n.<\/p>","protected":false},"featured_media":5771,"template":"","meta":{"_seopress_robots_primary_cat":"none","_seopress_titles_title":"Reflective Dog Shoes","_seopress_titles_desc":"Explore our high-quality reflective dog shoes. Designed for comfort, they are perfect for wholesalers. Ensure pets are visible and comfortable on every walk.","_seopress_robots_index":"","_uag_custom_page_level_css":""},"product_brand":[],"product_cat":[330],"product_tag":[],"class_list":{"0":"post-5775","1":"product","2":"type-product","3":"status-publish","4":"has-post-thumbnail","6":"product_cat-dog-shoes","8":"first","9":"instock","10":"shipping-taxable","11":"product-type-simple"},"uagb_featured_image_src":{"full":["https:\/\/pecpets.com\/wp-content\/uploads\/2024\/05\/Reflective-Dog-Shoes5.jpg",1890,1890,false],"thumbnail":["https:\/\/pecpets.com\/wp-content\/uploads\/2024\/05\/Reflective-Dog-Shoes5-150x150.jpg",150,150,true],"medium":["https:\/\/pecpets.com\/wp-content\/uploads\/2024\/05\/Reflective-Dog-Shoes5-300x300.jpg",300,300,true],"medium_large":["https:\/\/pecpets.com\/wp-content\/uploads\/2024\/05\/Reflective-Dog-Shoes5-768x768.jpg",768,768,true],"large":["https:\/\/pecpets.com\/wp-content\/uploads\/2024\/05\/Reflective-Dog-Shoes5-1024x1024.jpg",800,800,true],"1536x1536":["https:\/\/pecpets.com\/wp-content\/uploads\/2024\/05\/Reflective-Dog-Shoes5-1536x1536.jpg",1536,1536,true],"2048x2048":["https:\/\/pecpets.com\/wp-content\/uploads\/2024\/05\/Reflective-Dog-Shoes5.jpg",1890,1890,false],"trp-custom-language-flag":["https:\/\/pecpets.com\/wp-content\/uploads\/2024\/05\/Reflective-Dog-Shoes5.jpg",12,12,false],"woocommerce_thumbnail":["https:\/\/pecpets.com\/wp-content\/uploads\/2024\/05\/Reflective-Dog-Shoes5-300x300.jpg",300,300,true],"woocommerce_single":["https:\/\/pecpets.com\/wp-content\/uploads\/2024\/05\/Reflective-Dog-Shoes5-600x600.jpg",600,600,true],"woocommerce_gallery_thumbnail":["https:\/\/pecpets.com\/wp-content\/uploads\/2024\/05\/Reflective-Dog-Shoes5-100x100.jpg",100,100,true]},"uagb_author_info":{"display_name":"Lawrence\u00a0\u52b3\u4f26\u65af","author_link":"https:\/\/pecpets.com\/tr\/author\/"},"uagb_comment_info":0,"uagb_excerpt":"Reflective Dog Shoes Explore Reflective Dog Shoes. Shop wholesale pet Shoes from the factory for unbeatable prices and quality.","_links":{"self":[{"href":"https:\/\/pecpets.com\/tr\/wp-json\/wp\/v2\/product\/5775","targetHints":{"allow":["GET"]}}],"collection":[{"href":"https:\/\/pecpets.com\/tr\/wp-json\/wp\/v2\/product"}],"about":[{"href":"https:\/\/pecpets.com\/tr\/wp-json\/wp\/v2\/types\/product"}],"wp:featuredmedia":[{"embeddable":true,"href":"https:\/\/pecpets.com\/tr\/wp-json\/wp\/v2\/media\/5771"}],"wp:attachment":[{"href":"https:\/\/pecpets.com\/tr\/wp-json\/wp\/v2\/media?parent=5775"}],"wp:term":[{"taxonomy":"product_brand","embeddable":true,"href":"https:\/\/pecpets.com\/tr\/wp-json\/wp\/v2\/product_brand?post=5775"},{"taxonomy":"product_cat","embeddable":true,"href":"https:\/\/pecpets.com\/tr\/wp-json\/wp\/v2\/product_cat?post=5775"},{"taxonomy":"product_tag","embeddable":true,"href":"https:\/\/pecpets.com\/tr\/wp-json\/wp\/v2\/product_tag?post=5775"}],"curies":[{"name":"wp","href":"https:\/\/api.w.org\/{rel}","templated":true}]}}