{"id":6845,"date":"2024-06-21T17:38:21","date_gmt":"2024-06-21T09:38:21","guid":{"rendered":"https:\/\/pecpets.com\/?post_type=product&#038;p=6845"},"modified":"2024-10-29T16:35:08","modified_gmt":"2024-10-29T08:35:08","slug":"waterproof-portable-dog-mat","status":"publish","type":"product","link":"https:\/\/pecpets.com\/tr\/product\/waterproof-portable-dog-mat\/","title":{"rendered":"Su Ge\u00e7irmez Ta\u015f\u0131nabilir K\u00f6pek Mat\u0131"},"content":{"rendered":"<h2 data-immersive-translate-walked=\"c5d12309-4bec-4f15-b92c-78135b761a6c\" data-immersive-translate-paragraph=\"1\">Su ge\u00e7irmez Ta\u015f\u0131nabilir K\u00f6pek Mat - Nefes Alabilir Pet Yatak ve Ta\u015f\u0131y\u0131c\u0131 Mat | Toptan Fabrika<\/h2>\n<p data-immersive-translate-walked=\"c5d12309-4bec-4f15-b92c-78135b761a6c\" data-immersive-translate-paragraph=\"1\">Su ge\u00e7irmez Ta\u015f\u0131nabilir K\u00f6pek Mat\u0131m\u0131z ile t\u00fcyl\u00fc dostunuz i\u00e7in en \u00fcst d\u00fczey konforu ke\u015ffedin. \u00c7ok y\u00f6nl\u00fc bir evcil hayvan yata\u011f\u0131 ve evcil hayvan ta\u015f\u0131ma mat\u0131 olarak tasarlanan bu \u00fcr\u00fcn, evcil hayvan sahipleri i\u00e7in benzersiz bir kolayl\u0131k sunar. Su ge\u00e7irmez ve nefes alabilen malzemeleri evcil hayvan\u0131n\u0131z i\u00e7in kuru ve rahat bir ortam sa\u011flayarak onu hem i\u00e7 hem de d\u0131\u015f mekan kullan\u0131m\u0131 i\u00e7in m\u00fckemmel hale getirir.<\/p>\n<table style=\"border-collapse: collapse; background-color: #ffffff; width: 334px; height: 258px;\" border=\"1\">\n<tbody>\n<tr>\n<td style=\"font-family: Verdana, Arial, Helvetica, sans-serif; font-size: 12px; color: #000000; margin: 8px; width: 187px; text-align: center;\"><span style=\"line-height: 21px; font-size: 14px;\">\u00dcr\u00fcn Ad\u0131<\/span><\/td>\n<td style=\"font-family: Verdana, Arial, Helvetica, sans-serif; font-size: 12px; color: #000000; margin: 8px; width: 526px; text-align: center;\">K\u00f6pek Yata\u011f\u0131<\/td>\n<\/tr>\n<tr>\n<td style=\"font-family: Verdana, Arial, Helvetica, sans-serif; font-size: 12px; color: #000000; margin: 8px; width: 187px; text-align: center;\"><span style=\"line-height: 21px; font-size: 14px;\">\u00dcr\u00fcn No.<\/span><\/td>\n<td style=\"font-family: Verdana, Arial, Helvetica, sans-serif; font-size: 12px; color: #000000; margin: 8px; width: 526px; text-align: center;\"><span style=\"line-height: 21px; font-size: 14px;\">P-B2017<\/span><\/td>\n<\/tr>\n<tr>\n<td style=\"font-family: Verdana, Arial, Helvetica, sans-serif; font-size: 12px; color: #000000; margin: 8px; width: 187px; text-align: center;\"><span style=\"line-height: 21px; color: #333333; font-family: Arial, Helvetica; font-size: 14px; font-style: normal; font-weight: 400; background-color: #ffffff; float: none; display: inline !important;\">Malzeme<\/span><\/td>\n<td style=\"font-family: Verdana, Arial, Helvetica, sans-serif; font-size: 12px; color: #000000; margin: 8px; width: 526px; text-align: center;\">\n<p style=\"margin: 0px auto; padding: 0px; border: 0px; line-height: 30px; color: #222222; font-family: Helvetica,Verdana,Tahoma,Arial,sans-serif; font-size: 13px; font-style: normal; font-weight: 400; background-color: #fcfcfc;\"><span style=\"color: #333333; font-family: Helvetica, Tahoma, Arial; font-size: 14px; font-style: normal; font-weight: 400; background-color: #fcfcfc; float: none; display: inline !important;\">polyester<\/span><\/p>\n<\/td>\n<\/tr>\n<tr>\n<td style=\"font-family: Verdana, Arial, Helvetica, sans-serif; font-size: 12px; color: #000000; margin: 8px; width: 187px; text-align: center;\"><span style=\"line-height: 21px; font-size: 14px;\">\u00a0Boyut<\/span><\/td>\n<td style=\"font-family: Verdana, Arial, Helvetica, sans-serif; font-size: 12px; color: #000000; margin: 8px; width: 526px; text-align: center;\"><span style=\"color: #222222; font-family: Helvetica,Verdana,Tahoma,Arial,sans-serif; font-size: 13px; font-style: normal; font-weight: 400; background-color: #fcfcfc; display: inline !important; float: none;\">Costomize Boyut<\/span><\/td>\n<\/tr>\n<tr>\n<td style=\"font-family: Verdana, Arial, Helvetica, sans-serif; font-size: 12px; color: #000000; margin: 8px; width: 187px; text-align: center;\"><span style=\"line-height: 21px; font-size: 14px;\">\u00a0Renk<\/span><\/td>\n<td style=\"font-family: Verdana, Arial, Helvetica, sans-serif; font-size: 12px; color: #000000; margin: 8px; width: 526px; text-align: center;\"><span style=\"font-size: 14px;\"><span style=\"color: #222222; font-family: Helvetica, Verdana, Tahoma, Arial, sans-serif;\"><span style=\"background-color: #fcfcfc;\">Mavi<\/span><\/span><\/span><\/td>\n<\/tr>\n<tr>\n<td style=\"font-family: Verdana, Arial, Helvetica, sans-serif; font-size: 12px; color: #000000; margin: 8px; width: 187px; text-align: center;\"><span style=\"line-height: 21px; font-size: 14px;\">\u00a0<span style=\"line-height: 21px; color: #333333; font-family: Arial, Helvetica; font-size: 14px; font-style: normal; font-weight: 400; background-color: #ffffff; float: none; display: inline !important;\">Evcil hayvan t\u00fcr\u00fc<\/span><\/span><\/td>\n<td style=\"font-family: Verdana, Arial, Helvetica, sans-serif; font-size: 12px; color: #000000; margin: 8px; width: 526px; text-align: center;\"><span style=\"line-height: 21px; font-size: 14px;\">\u00a0T\u00fcm K\u00f6pekler<\/span><\/td>\n<\/tr>\n<tr>\n<td style=\"font-family: Verdana, Arial, Helvetica, sans-serif; font-size: 12px; color: #000000; margin: 8px; width: 187px; text-align: center;\"><span style=\"line-height: 21px; font-size: 14px;\">\u00a0<span style=\"line-height: 21px; color: #333333; font-family: Arial, Helvetica; font-size: 14px; font-style: normal; font-weight: 400; background-color: #ffffff; float: none; display: inline !important;\">Teslimat s\u00fcresi<\/span><\/span><\/td>\n<td style=\"font-family: Verdana, Arial, Helvetica, sans-serif; font-size: 12px; color: #000000; margin: 8px; width: 526px; text-align: center;\"><span style=\"line-height: 21px; font-size: 14px;\"><span style=\"line-height: 21px; color: #000000; font-family: Verdana, Arial, Helvetica, sans-serif; font-size: 14px; font-style: normal; font-weight: 400; background-color: #ffffff; float: none; display: inline !important;\">Hava yoluyla k\u00fc\u00e7\u00fck miktar i\u00e7in 1-5 g\u00fcn ve deniz yoluyla b\u00fcy\u00fck miktar i\u00e7in 30-35 g\u00fcn<\/span>\u00a0<\/span><\/td>\n<\/tr>\n<tr>\n<td style=\"font-family: Verdana, Arial, Helvetica, sans-serif; font-size: 12px; color: #000000; margin: 8px; width: 187px; text-align: center;\"><span style=\"line-height: 21px; font-size: 14px;\">\u00a0<span style=\"line-height: 21px; color: #333333; font-family: Arial, Helvetica; font-size: 14px; font-style: normal; font-weight: 400; background-color: #ffffff; float: none; display: inline !important;\">Sevkiyat liman\u0131<\/span><\/span><\/td>\n<td style=\"font-family: Verdana, Arial, Helvetica, sans-serif; font-size: 12px; color: #000000; margin: 8px; width: 526px; text-align: center;\"><span style=\"line-height: 21px; font-size: 14px;\">Xiamen\u00a0<\/span><\/td>\n<\/tr>\n<tr>\n<td style=\"font-family: Verdana, Arial, Helvetica, sans-serif; font-size: 12px; color: #000000; margin: 8px; width: 187px; text-align: center;\"><span style=\"line-height: 21px; font-size: 14px;\">\u00a0<span style=\"line-height: 21px; color: #333333; font-family: Arial, Helvetica; font-size: 14px; font-style: normal; font-weight: 400; background-color: #ffffff; float: none; display: inline !important;\">OEM\/ODM<\/span><\/span><\/td>\n<td style=\"font-family: Verdana, Arial, Helvetica, sans-serif; font-size: 12px; color: #000000; margin: 8px; width: 526px; text-align: center;\"><span style=\"line-height: 21px; font-size: 14px;\">\u00a0<span style=\"line-height: 21px; color: #333333; font-family: Arial, Helvetica; font-size: 14px; font-style: normal; font-weight: 400; background-color: #ffffff; float: none; display: inline !important;\">Mevcut<\/span><\/span><\/td>\n<\/tr>\n<tr>\n<td style=\"font-family: Verdana, Arial, Helvetica, sans-serif; font-size: 12px; color: #000000; margin: 8px; width: 187px; text-align: center;\"><span style=\"line-height: 21px; font-size: 14px;\">\u00a0<span style=\"line-height: 21px; color: #333333; font-family: Arial, Helvetica; font-size: 14px; font-style: normal; font-weight: 400; background-color: #ffffff; float: none; display: inline !important;\">Paket<\/span><\/span><\/td>\n<td style=\"font-family: Verdana, Arial, Helvetica, sans-serif; font-size: 12px; color: #000000; margin: 8px; width: 526px; text-align: center;\"><span style=\"line-height: 21px; font-size: 14px;\"><span style=\"line-height: 21px; color: #333333; font-family: Arial, Helvetica; font-size: 14px; font-style: normal; font-weight: 400; background-color: #ffffff; float: none; display: inline !important;\">Her biri bir PPB i\u00e7inde paketlendikten sonra Kartona veya ihtiyaca g\u00f6re<\/span><\/span><\/td>\n<\/tr>\n<\/tbody>\n<\/table>\n<p data-immersive-translate-walked=\"c5d12309-4bec-4f15-b92c-78135b761a6c\" data-immersive-translate-paragraph=\"1\">Paspaslar\u0131m\u0131z, dayan\u0131kl\u0131l\u0131k ve memnuniyeti garanti ederek do\u011frudan toptan fabrikam\u0131zdan y\u00fcksek kalite standartlar\u0131nda \u00fcretilmektedir. \u0130ster evcil hayvan ma\u011fazan\u0131z i\u00e7in stok yapmak istiyor olun, ister g\u00fcvenilir bir tedarik\u00e7iye ihtiyac\u0131n\u0131z olsun, Su Ge\u00e7irmez Ta\u015f\u0131nabilir K\u00f6pek Paspas\u0131m\u0131z t\u00fcm evcil hayvan yatak ihtiya\u00e7lar\u0131n\u0131z i\u00e7in ideal se\u00e7imdir.<\/p>\n<ul>\n<li>Su ge\u00e7irmez: Evcil hayvan\u0131n\u0131z\u0131 her ortamda kuru ve rahat tutar.<\/li>\n<li data-immersive-translate-walked=\"c5d12309-4bec-4f15-b92c-78135b761a6c\" data-immersive-translate-paragraph=\"1\">Nefes alabilir: A\u015f\u0131r\u0131 \u0131s\u0131nmay\u0131 \u00f6nlemek i\u00e7in optimum hava ak\u0131\u015f\u0131 sa\u011flar.<\/li>\n<li data-immersive-translate-walked=\"c5d12309-4bec-4f15-b92c-78135b761a6c\" data-immersive-translate-paragraph=\"1\">Ta\u015f\u0131nabilir: Ta\u015f\u0131mas\u0131 kolayd\u0131r ve seyahat i\u00e7in veya evcil hayvan ta\u015f\u0131y\u0131c\u0131lar\u0131nda kullan\u0131m i\u00e7in m\u00fckemmeldir.<\/li>\n<li>Toptan sat\u0131\u015f: Do\u011frudan fabrikam\u0131zdan toplu sipari\u015fler i\u00e7in rekabet\u00e7i fiyatlar.<\/li>\n<\/ul>\n<p data-immersive-translate-walked=\"c5d12309-4bec-4f15-b92c-78135b761a6c\" data-immersive-translate-paragraph=\"1\">Evcil hayvan \u00fcr\u00fcnleri envanterinizi premium Su Ge\u00e7irmez Ta\u015f\u0131nabilir \u00fcr\u00fcn\u00fcm\u00fczle y\u00fckseltin <span style=\"color: #ff0000;\"><a style=\"color: #ff0000;\" href=\"https:\/\/pecpets.com\/tr\/urun-kategori%cc%87si%cc%87\/pet-bed\/\" target=\"_blank\" rel=\"noopener\">K\u00f6pek Paspas\u0131<\/a><\/span> Bug\u00fcn!<\/p>","protected":false},"excerpt":{"rendered":"<h2><strong><b>Toptan Su Ge\u00e7irmez Ta\u015f\u0131nabilir K\u00f6pek Mat<\/b><\/strong><\/h2>\n<p>Su Ge\u00e7irmez Ta\u015f\u0131nabilir K\u00f6pek Mat\u0131n\u0131 Ke\u015ffedin.<\/p>\n<p>Y\u00fcksek kaliteli tasar\u0131mlar\u0131m\u0131zla evcil hayvanlar\u0131n\u0131z\u0131n \u015f\u0131kl\u0131\u011f\u0131n\u0131 koruyun.<\/p>","protected":false},"featured_media":6851,"template":"","meta":{"_seopress_robots_primary_cat":"none","_seopress_titles_title":"Pet Bed: Waterproof Portable Dog Mat -Pet Product Manufacturers","_seopress_titles_desc":"Explore our Waterproof Portable Dog Mat, a versatile dog bed. These portable dog beds are detachable and waterproof, perfect for travel.  Ideal for bulk orders.","_seopress_robots_index":"","_seopress_analysis_target_kw":"Waterproof Portable Dog Mat","_uag_custom_page_level_css":""},"product_brand":[],"product_cat":[22,350],"product_tag":[],"class_list":{"0":"post-6845","1":"product","2":"type-product","3":"status-publish","4":"has-post-thumbnail","6":"product_cat-pet-bed","7":"product_cat-portable-dog-beds","9":"first","10":"instock","11":"shipping-taxable","12":"product-type-simple"},"uagb_featured_image_src":{"full":["https:\/\/pecpets.com\/wp-content\/uploads\/2024\/06\/\u4e3b\u56fe-05-16.jpg",1500,1500,false],"thumbnail":["https:\/\/pecpets.com\/wp-content\/uploads\/2024\/06\/\u4e3b\u56fe-05-16-150x150.jpg",150,150,true],"medium":["https:\/\/pecpets.com\/wp-content\/uploads\/2024\/06\/\u4e3b\u56fe-05-16-300x300.jpg",300,300,true],"medium_large":["https:\/\/pecpets.com\/wp-content\/uploads\/2024\/06\/\u4e3b\u56fe-05-16-768x768.jpg",768,768,true],"large":["https:\/\/pecpets.com\/wp-content\/uploads\/2024\/06\/\u4e3b\u56fe-05-16-1024x1024.jpg",800,800,true],"1536x1536":["https:\/\/pecpets.com\/wp-content\/uploads\/2024\/06\/\u4e3b\u56fe-05-16.jpg",1500,1500,false],"2048x2048":["https:\/\/pecpets.com\/wp-content\/uploads\/2024\/06\/\u4e3b\u56fe-05-16.jpg",1500,1500,false],"trp-custom-language-flag":["https:\/\/pecpets.com\/wp-content\/uploads\/2024\/06\/\u4e3b\u56fe-05-16.jpg",12,12,false],"woocommerce_thumbnail":["https:\/\/pecpets.com\/wp-content\/uploads\/2024\/06\/\u4e3b\u56fe-05-16-300x300.jpg",300,300,true],"woocommerce_single":["https:\/\/pecpets.com\/wp-content\/uploads\/2024\/06\/\u4e3b\u56fe-05-16-600x600.jpg",600,600,true],"woocommerce_gallery_thumbnail":["https:\/\/pecpets.com\/wp-content\/uploads\/2024\/06\/\u4e3b\u56fe-05-16-100x100.jpg",100,100,true]},"uagb_author_info":{"display_name":"Lawrence\u00a0\u52b3\u4f26\u65af","author_link":"https:\/\/pecpets.com\/tr\/author\/"},"uagb_comment_info":0,"uagb_excerpt":"Wholesale Waterproof Portable Dog Mat Discover Waterproof Portable Dog Mat. Keep your pets stylish with our high-quality designs.","_links":{"self":[{"href":"https:\/\/pecpets.com\/tr\/wp-json\/wp\/v2\/product\/6845","targetHints":{"allow":["GET"]}}],"collection":[{"href":"https:\/\/pecpets.com\/tr\/wp-json\/wp\/v2\/product"}],"about":[{"href":"https:\/\/pecpets.com\/tr\/wp-json\/wp\/v2\/types\/product"}],"wp:featuredmedia":[{"embeddable":true,"href":"https:\/\/pecpets.com\/tr\/wp-json\/wp\/v2\/media\/6851"}],"wp:attachment":[{"href":"https:\/\/pecpets.com\/tr\/wp-json\/wp\/v2\/media?parent=6845"}],"wp:term":[{"taxonomy":"product_brand","embeddable":true,"href":"https:\/\/pecpets.com\/tr\/wp-json\/wp\/v2\/product_brand?post=6845"},{"taxonomy":"product_cat","embeddable":true,"href":"https:\/\/pecpets.com\/tr\/wp-json\/wp\/v2\/product_cat?post=6845"},{"taxonomy":"product_tag","embeddable":true,"href":"https:\/\/pecpets.com\/tr\/wp-json\/wp\/v2\/product_tag?post=6845"}],"curies":[{"name":"wp","href":"https:\/\/api.w.org\/{rel}","templated":true}]}}