{"id":6928,"date":"2024-06-25T10:10:48","date_gmt":"2024-06-25T02:10:48","guid":{"rendered":"https:\/\/pecpets.com\/?post_type=product&#038;p=6928"},"modified":"2024-10-29T16:20:16","modified_gmt":"2024-10-29T08:20:16","slug":"neck-care-bolster-orthopaedic-memory-foam-velvet-dog-bed","status":"publish","type":"product","link":"https:\/\/pecpets.com\/tr\/product\/neck-care-bolster-orthopaedic-memory-foam-velvet-dog-bed\/","title":{"rendered":"Neck-care Bolster Ortopedik Haf\u0131zal\u0131 K\u00f6p\u00fck Kadife K\u00f6pek Yata\u011f\u0131"},"content":{"rendered":"<h2 data-immersive-translate-walked=\"4d8d5f5d-02b7-4704-85e3-4753af6287a1\" data-immersive-translate-paragraph=\"1\">L\u00fcks Boyun Bak\u0131m\u0131 Bolster Ortopedik Haf\u0131zal\u0131 K\u00f6p\u00fck Kadife K\u00f6pek Yata\u011f\u0131 | Toptan ve Fabrika Do\u011frudan Ortopedik K\u00f6pek Yataklar\u0131<\/h2>\n<p data-immersive-translate-walked=\"4d8d5f5d-02b7-4704-85e3-4753af6287a1\" data-immersive-translate-paragraph=\"1\">L\u00fcks Boyun Bak\u0131m Bolster Ortopedik Haf\u0131zal\u0131 K\u00f6p\u00fck Kadife K\u00f6pek Yata\u011f\u0131 ile en \u00fcst d\u00fczey konforu ke\u015ffedin. Ortopedik destek sa\u011flamak i\u00e7in m\u00fckemmel olan bu l\u00fcks k\u00f6pek yata\u011f\u0131, en y\u00fcksek kalite ve rekabet\u00e7i fiyatland\u0131rma sa\u011flayarak do\u011frudan fabrikam\u0131zdan toptan sat\u0131\u015f i\u00e7in mevcuttur.<\/p>\n<table style=\"border-collapse: collapse; background-color: #ffffff; width: 329px; height: 315px;\" border=\"1\">\n<tbody>\n<tr>\n<td style=\"font-family: Verdana, Arial, Helvetica, sans-serif; font-size: 12px; color: #000000; margin: 8px; width: 187px; text-align: center;\"><span style=\"line-height: 21px; font-size: 14px;\">\u00dcr\u00fcn Ad\u0131<span class=\"notranslate immersive-translate-target-wrapper\" lang=\"zh-CN\" translate=\"no\" data-immersive-translate-loading-id=\"1\">\u00a0<\/span><\/span><\/td>\n<td style=\"font-family: Verdana, Arial, Helvetica, sans-serif; font-size: 12px; color: #000000; margin: 8px; width: 526px; text-align: center;\"><span style=\"color: #000000; font-family: Verdana, Arial, Helvetica, sans-serif; font-size: 12px; font-style: normal; font-weight: 400; text-align: center; background-color: #ffffff; display: inline !important; float: none;\">Evcil Hayvan Yata\u011f\u0131<\/span><\/td>\n<\/tr>\n<tr>\n<td style=\"font-family: Verdana, Arial, Helvetica, sans-serif; font-size: 12px; color: #000000; margin: 8px; width: 187px; text-align: center;\"><span style=\"line-height: 21px; font-size: 14px;\">\u00dcr\u00fcn No.<\/span><\/td>\n<td style=\"font-family: Verdana, Arial, Helvetica, sans-serif; font-size: 12px; color: #000000; margin: 8px; width: 526px; text-align: center;\"><span style=\"line-height: 21px; font-size: 14px;\">P-B2013<\/span><\/td>\n<\/tr>\n<tr>\n<td style=\"font-family: Verdana, Arial, Helvetica, sans-serif; font-size: 12px; color: #000000; margin: 8px; width: 187px; text-align: center;\"><span style=\"line-height: 21px; color: #333333; font-family: Arial, Helvetica; font-size: 14px; font-style: normal; font-weight: 400; background-color: #ffffff; float: none; display: inline !important;\">Malzeme<\/span><\/td>\n<td style=\"font-family: Verdana, Arial, Helvetica, sans-serif; font-size: 12px; color: #000000; margin: 8px; width: 526px; text-align: center;\">\n<p style=\"margin: 0px auto; padding: 0px; border: 0px; line-height: 30px; color: #222222; font-family: Helvetica,Verdana,Tahoma,Arial,sans-serif; font-size: 13px; font-style: normal; font-weight: 400; background-color: #fcfcfc;\"><label><span style=\"box-sizing: border-box; margin: 0px; padding: 0px 0px 0px 8px; border: 0px; font-style: inherit; font-weight: inherit; font-size: 12px; line-height: 30px; font-family: Helvetica,Tahoma,Arial; vertical-align: middle; color: #333333;\"><span style=\"box-sizing: border-box; margin: 0px; padding: 0px; border: 0px; vertical-align: baseline; display: inline-block;\">Mmory K\u00f6p\u00fck<\/span><\/span><\/label><\/p>\n<\/td>\n<\/tr>\n<tr>\n<td style=\"font-family: Verdana, Arial, Helvetica, sans-serif; font-size: 12px; color: #000000; margin: 8px; width: 187px; text-align: center;\"><span style=\"line-height: 21px; font-size: 14px;\">\u00a0Boyut<\/span><\/td>\n<td style=\"font-family: Verdana, Arial, Helvetica, sans-serif; font-size: 12px; color: #000000; margin: 8px; width: 526px; text-align: center;\">\n<p style=\"margin: 0px; padding: 0px; font-family: Verdana, Arial, Helvetica, sans-serif; font-size: 12px; font-style: normal; font-weight: 400; text-align: center; box-sizing: border-box; color: #333333; background-color: #ffffff;\">M:64*51*14cm<\/p>\n<p style=\"margin: 0px; padding: 0px; font-family: Verdana, Arial, Helvetica, sans-serif; font-size: 12px; font-style: normal; font-weight: 400; text-align: center; box-sizing: border-box; color: #333333; background-color: #ffffff;\">L:91*71*25cm<\/p>\n<p style=\"margin: 0px; padding: 0px; font-family: Verdana, Arial, Helvetica, sans-serif; font-size: 12px; font-style: normal; font-weight: 400; text-align: center; box-sizing: border-box; color: #333333; background-color: #ffffff;\">XL:112*86*25cm<\/p>\n<p style=\"margin: 0px; padding: 0px; font-family: Verdana, Arial, Helvetica, sans-serif; font-size: 12px; font-style: normal; font-weight: 400; text-align: center; box-sizing: border-box; color: #333333; background-color: #ffffff;\">XXL:127*102*33cm<\/p>\n<\/td>\n<\/tr>\n<tr>\n<td style=\"font-family: Verdana, Arial, Helvetica, sans-serif; font-size: 12px; color: #000000; margin: 8px; width: 187px; text-align: center;\"><span style=\"line-height: 21px; font-size: 14px;\">\u00a0Renk<\/span><\/td>\n<td style=\"font-family: Verdana, Arial, Helvetica, sans-serif; font-size: 12px; color: #000000; margin: 8px; width: 526px; text-align: center;\"><span style=\"color: #222222; font-family: Helvetica,Tahoma,Arial; font-size: 16px; font-style: normal; font-weight: 500; background-color: #ffffff; display: inline !important; float: none;\">gri, kahverengi<\/span><\/td>\n<\/tr>\n<tr>\n<td style=\"font-family: Verdana, Arial, Helvetica, sans-serif; font-size: 12px; color: #000000; margin: 8px; width: 187px; text-align: center;\"><span style=\"line-height: 21px; font-size: 14px;\">\u00a0<span style=\"line-height: 21px; color: #333333; font-family: Arial, Helvetica; font-size: 14px; font-style: normal; font-weight: 400; background-color: #ffffff; float: none; display: inline !important;\">Evcil hayvan t\u00fcr\u00fc<\/span><\/span><\/td>\n<td style=\"font-family: Verdana, Arial, Helvetica, sans-serif; font-size: 12px; color: #000000; margin: 8px; width: 526px; text-align: center;\"><span style=\"line-height: 21px; font-size: 14px;\">\u00a0T\u00fcm K\u00f6pekler<\/span><\/td>\n<\/tr>\n<tr>\n<td style=\"font-family: Verdana, Arial, Helvetica, sans-serif; font-size: 12px; color: #000000; margin: 8px; width: 187px; text-align: center;\"><span style=\"line-height: 21px; font-size: 14px;\">\u00a0<span style=\"line-height: 21px; color: #333333; font-family: Arial, Helvetica; font-size: 14px; font-style: normal; font-weight: 400; background-color: #ffffff; float: none; display: inline !important;\">Teslimat s\u00fcresi<\/span><\/span><\/td>\n<td style=\"font-family: Verdana, Arial, Helvetica, sans-serif; font-size: 12px; color: #000000; margin: 8px; width: 526px; text-align: center;\"><span style=\"line-height: 21px; font-size: 14px;\"><span style=\"line-height: 21px; color: #000000; font-family: Verdana, Arial, Helvetica, sans-serif; font-size: 14px; font-style: normal; font-weight: 400; background-color: #ffffff; float: none; display: inline !important;\">Hava yoluyla k\u00fc\u00e7\u00fck miktar i\u00e7in 1-5 g\u00fcn ve deniz yoluyla b\u00fcy\u00fck miktar i\u00e7in 30-35 g\u00fcn<\/span>\u00a0<\/span><\/td>\n<\/tr>\n<tr>\n<td style=\"font-family: Verdana, Arial, Helvetica, sans-serif; font-size: 12px; color: #000000; margin: 8px; width: 187px; text-align: center;\"><span style=\"line-height: 21px; font-size: 14px;\">\u00a0<span style=\"line-height: 21px; color: #333333; font-family: Arial, Helvetica; font-size: 14px; font-style: normal; font-weight: 400; background-color: #ffffff; float: none; display: inline !important;\">Sevkiyat liman\u0131<\/span><\/span><\/td>\n<td style=\"font-family: Verdana, Arial, Helvetica, sans-serif; font-size: 12px; color: #000000; margin: 8px; width: 526px; text-align: center;\"><span style=\"line-height: 21px; font-size: 14px;\">Xiamen\u00a0<\/span><\/td>\n<\/tr>\n<tr>\n<td style=\"font-family: Verdana, Arial, Helvetica, sans-serif; font-size: 12px; color: #000000; margin: 8px; width: 187px; text-align: center;\"><span style=\"line-height: 21px; font-size: 14px;\">\u00a0<span style=\"line-height: 21px; color: #333333; font-family: Arial, Helvetica; font-size: 14px; font-style: normal; font-weight: 400; background-color: #ffffff; float: none; display: inline !important;\">OEM\/ODM<\/span><\/span><\/td>\n<td style=\"font-family: Verdana, Arial, Helvetica, sans-serif; font-size: 12px; color: #000000; margin: 8px; width: 526px; text-align: center;\"><span style=\"line-height: 21px; font-size: 14px;\">\u00a0<span style=\"line-height: 21px; color: #333333; font-family: Arial, Helvetica; font-size: 14px; font-style: normal; font-weight: 400; background-color: #ffffff; float: none; display: inline !important;\">Mevcut<\/span><\/span><\/td>\n<\/tr>\n<tr>\n<td style=\"font-family: Verdana, Arial, Helvetica, sans-serif; font-size: 12px; color: #000000; margin: 8px; width: 187px; text-align: center;\"><span style=\"line-height: 21px; font-size: 14px;\">\u00a0<span style=\"line-height: 21px; color: #333333; font-family: Arial, Helvetica; font-size: 14px; font-style: normal; font-weight: 400; background-color: #ffffff; float: none; display: inline !important;\">Paket<\/span><\/span><\/td>\n<td style=\"font-family: Verdana, Arial, Helvetica, sans-serif; font-size: 12px; color: #000000; margin: 8px; width: 526px; text-align: center;\"><span style=\"line-height: 21px; font-size: 14px;\"><span style=\"line-height: 21px; color: #333333; font-family: Arial, Helvetica; font-size: 14px; font-style: normal; font-weight: 400; background-color: #ffffff; float: none; display: inline !important;\">Her biri bir PPB i\u00e7inde paketlendikten sonra Kartona veya ihtiyaca g\u00f6re<\/span><\/span><\/td>\n<\/tr>\n<\/tbody>\n<\/table>\n<ul>\n<li><strong>Ortopedik Haf\u0131zal\u0131 K\u00f6p\u00fck:<\/strong> Y\u00fcksek yo\u011funluklu haf\u0131zal\u0131 k\u00f6p\u00fck k\u00f6pe\u011finizin v\u00fccuduna uyum sa\u011flayarak eklemler ve kaslar i\u00e7in ola\u011fan\u00fcst\u00fc destek ve bas\u0131n\u00e7 rahatlamas\u0131 sa\u011flar.<\/li>\n<li><strong>Boyun Bak\u0131m Deste\u011fi:<\/strong> Destek tasar\u0131m\u0131, k\u00f6pe\u011finizin boynu i\u00e7in ek destek sunarak konforu art\u0131r\u0131r ve daha iyi uyku duru\u015fu sa\u011flar.<\/li>\n<li><strong>L\u00fcks Kadife Kuma\u015f:<\/strong> Yatak, pel\u00fc\u015f kadife kuma\u015fla kapl\u0131d\u0131r ve evcil hayvan\u0131n\u0131z\u0131n sevece\u011fi yumu\u015fak ve l\u00fcks bir his sunar.<\/li>\n<li><strong>Dayan\u0131kl\u0131 ve Rahat:<\/strong> Y\u00fcksek kaliteli malzemelerden \u00fcretilen bu k\u00f6pek yata\u011f\u0131 hem dayan\u0131kl\u0131 hem de rahatt\u0131r ve uzun \u00f6m\u00fcrl\u00fc kullan\u0131m sa\u011flar.<\/li>\n<li><strong>Kolay Bak\u0131m:<\/strong> \u00c7\u0131kar\u0131labilir k\u0131l\u0131f makinede y\u0131kanabilir ve yata\u011f\u0131 temiz ve taze tutmay\u0131 kolayla\u015ft\u0131r\u0131r.<\/li>\n<li><strong>Wholesale &amp; Factory Direct:<\/strong> En iyi toptan fiyatlardan yararlanmak i\u00e7in do\u011frudan fabrikam\u0131zdan sat\u0131n al\u0131n. Evcil hayvan ma\u011fazalar\u0131, veterinerler ve evcil hayvan bak\u0131m sa\u011flay\u0131c\u0131lar\u0131 i\u00e7in idealdir.<\/li>\n<\/ul>\n<p>L\u00fcks Boyun Bak\u0131m Deste\u011fi Ortopedik Haf\u0131zal\u0131 K\u00f6p\u00fck Kadife ile evcil hayvan \u00fcr\u00fcn tekliflerinizi y\u00fckseltin <span style=\"color: #ff0000;\"><a style=\"color: #ff0000;\" href=\"https:\/\/pecpets.com\/tr\/urun-kategori%cc%87si%cc%87\/pet-bed\/\" target=\"_blank\" rel=\"noopener\">K\u00f6pek Yata\u011f\u0131<\/a><\/span>. En \u00fcst d\u00fczeyde konfor ve destek i\u00e7in tasarlanan bu ortopedik k\u00f6pek yata\u011f\u0131, i\u015fletme envanterinize m\u00fckemmel bir ektir. Toptan sat\u0131\u015f talepleri ve fabrika do\u011frudan fiyatlar\u0131 i\u00e7in bug\u00fcn bize ula\u015f\u0131n!<\/p>","protected":false},"excerpt":{"rendered":"<div class=\"elementor-element elementor-element-36a3285 elementor-widget elementor-widget-woocommerce-product-title elementor-page-title elementor-widget-heading\" data-id=\"36a3285\" data-element_type=\"widget\" data-widget_type=\"woocommerce-product-title.default\">\n<h2><strong><b>Toptan Boyun Bak\u0131m\u0131 Bolster Ortopedik Haf\u0131zal\u0131 K\u00f6p\u00fck Kadife K\u00f6pek Yata\u011f\u0131<\/b><\/strong><\/h2>\n<p>Neck-care Bolster Ortopedik Haf\u0131zal\u0131 K\u00f6p\u00fck Kadife K\u00f6pek Yata\u011f\u0131n\u0131 ke\u015ffedin.<\/p>\n<p>Y\u00fcksek kaliteli tasar\u0131mlar\u0131m\u0131zla evcil hayvanlar\u0131n\u0131z\u0131n \u015f\u0131kl\u0131\u011f\u0131n\u0131 koruyun.<\/p>\n<\/div>","protected":false},"featured_media":6932,"template":"","meta":{"_seopress_robots_primary_cat":"none","_seopress_titles_title":"Neck-care Bolster Orthopaedic Memory Foam Velvet Dog Bed","_seopress_titles_desc":"Introducing our Neck-care Bolster Orthopaedic Memory Foam Velvet Dog Bed, a premium orthopedic dog bed designed for superior comfort and support. ","_seopress_robots_index":"","_uag_custom_page_level_css":""},"product_brand":[],"product_cat":[349,345,22],"product_tag":[71,69],"class_list":{"0":"post-6928","1":"product","2":"type-product","3":"status-publish","4":"has-post-thumbnail","6":"product_cat-memory-foam-dog-beds","7":"product_cat-orthopedic-dog-bed","8":"product_cat-pet-bed","9":"product_tag-cat-bed","10":"product_tag-dog-bed","12":"first","13":"instock","14":"shipping-taxable","15":"product-type-simple"},"uagb_featured_image_src":{"full":["https:\/\/pecpets.com\/wp-content\/uploads\/2024\/06\/\u4e3b\u56fe-01-18.jpg",1500,1500,false],"thumbnail":["https:\/\/pecpets.com\/wp-content\/uploads\/2024\/06\/\u4e3b\u56fe-01-18-150x150.jpg",150,150,true],"medium":["https:\/\/pecpets.com\/wp-content\/uploads\/2024\/06\/\u4e3b\u56fe-01-18-300x300.jpg",300,300,true],"medium_large":["https:\/\/pecpets.com\/wp-content\/uploads\/2024\/06\/\u4e3b\u56fe-01-18-768x768.jpg",768,768,true],"large":["https:\/\/pecpets.com\/wp-content\/uploads\/2024\/06\/\u4e3b\u56fe-01-18-1024x1024.jpg",800,800,true],"1536x1536":["https:\/\/pecpets.com\/wp-content\/uploads\/2024\/06\/\u4e3b\u56fe-01-18.jpg",1500,1500,false],"2048x2048":["https:\/\/pecpets.com\/wp-content\/uploads\/2024\/06\/\u4e3b\u56fe-01-18.jpg",1500,1500,false],"trp-custom-language-flag":["https:\/\/pecpets.com\/wp-content\/uploads\/2024\/06\/\u4e3b\u56fe-01-18.jpg",12,12,false],"woocommerce_thumbnail":["https:\/\/pecpets.com\/wp-content\/uploads\/2024\/06\/\u4e3b\u56fe-01-18-300x300.jpg",300,300,true],"woocommerce_single":["https:\/\/pecpets.com\/wp-content\/uploads\/2024\/06\/\u4e3b\u56fe-01-18-600x600.jpg",600,600,true],"woocommerce_gallery_thumbnail":["https:\/\/pecpets.com\/wp-content\/uploads\/2024\/06\/\u4e3b\u56fe-01-18-100x100.jpg",100,100,true]},"uagb_author_info":{"display_name":"Lawrence\u00a0\u52b3\u4f26\u65af","author_link":"https:\/\/pecpets.com\/tr\/author\/"},"uagb_comment_info":0,"uagb_excerpt":"Wholesale Neck-care Bolster Orthopaedic Memory Foam Velvet Dog Bed Discover Neck-care Bolster Orthopaedic Memory Foam Velvet Dog Bed. Keep your pets stylish with our high-quality designs.","_links":{"self":[{"href":"https:\/\/pecpets.com\/tr\/wp-json\/wp\/v2\/product\/6928","targetHints":{"allow":["GET"]}}],"collection":[{"href":"https:\/\/pecpets.com\/tr\/wp-json\/wp\/v2\/product"}],"about":[{"href":"https:\/\/pecpets.com\/tr\/wp-json\/wp\/v2\/types\/product"}],"wp:featuredmedia":[{"embeddable":true,"href":"https:\/\/pecpets.com\/tr\/wp-json\/wp\/v2\/media\/6932"}],"wp:attachment":[{"href":"https:\/\/pecpets.com\/tr\/wp-json\/wp\/v2\/media?parent=6928"}],"wp:term":[{"taxonomy":"product_brand","embeddable":true,"href":"https:\/\/pecpets.com\/tr\/wp-json\/wp\/v2\/product_brand?post=6928"},{"taxonomy":"product_cat","embeddable":true,"href":"https:\/\/pecpets.com\/tr\/wp-json\/wp\/v2\/product_cat?post=6928"},{"taxonomy":"product_tag","embeddable":true,"href":"https:\/\/pecpets.com\/tr\/wp-json\/wp\/v2\/product_tag?post=6928"}],"curies":[{"name":"wp","href":"https:\/\/api.w.org\/{rel}","templated":true}]}}