{"id":6973,"date":"2024-06-25T16:10:30","date_gmt":"2024-06-25T08:10:30","guid":{"rendered":"https:\/\/pecpets.com\/?post_type=product&#038;p=6973"},"modified":"2025-08-19T10:53:14","modified_gmt":"2025-08-19T02:53:14","slug":"pet-hair-brush-3-in1-steamer-brush","status":"publish","type":"product","link":"https:\/\/pecpets.com\/tr\/product\/pet-hair-brush-3-in1-steamer-brush\/","title":{"rendered":"Evcil Hayvan T\u00fcy F\u0131r\u00e7as\u0131 3'\u00fc 1 Arada Buharl\u0131 Pi\u015firici F\u0131r\u00e7a"},"content":{"rendered":"<h2 data-immersive-translate-walked=\"7a0058e1-a44f-4dca-9e53-0c6459c72304\" data-immersive-translate-paragraph=\"1\">Evcil Hayvan T\u00fcy F\u0131r\u00e7as\u0131 3'\u00fc 1 Arada Buharl\u0131 Pi\u015firici F\u0131r\u00e7a - K\u00f6pek Bak\u0131m Temizli\u011fi ve Masaj\u0131 | Toptan ve Fabrika Do\u011frudan<\/h2>\n<p>K\u00f6pek bak\u0131m\u0131, temizli\u011fi, masaj\u0131 ve kar\u0131\u015f\u0131k ve gev\u015fek t\u00fcyleri \u00e7\u0131karmak i\u00e7in m\u00fckemmel olan Pet Hair Brush 3'\u00fc 1 arada Buharl\u0131 Pi\u015firici F\u0131r\u00e7am\u0131z\u0131 ke\u015ffedin. Do\u011frudan fabrikam\u0131zdan toptan sat\u0131\u015f i\u00e7in mevcuttur, i\u015f ihtiya\u00e7lar\u0131n\u0131z i\u00e7in en y\u00fcksek kalite ve rekabet\u00e7i fiyatland\u0131rma sunar.<\/p>\n<table width=\"288\">\n<tbody>\n<tr>\n<td width=\"137\"><span style=\"color: #333333;\">\u00dcr\u00fcn Ad\u0131<\/span><\/td>\n<td width=\"151\"><span style=\"color: #333333;\">Evcil Hayvan Bak\u0131m Temizli\u011fi<\/span><\/td>\n<\/tr>\n<tr>\n<td><span style=\"color: #333333;\">\u00dcr\u00fcn No.<\/span><\/td>\n<td><span style=\"color: #333333;\">PA-PGC2004<\/span><\/td>\n<\/tr>\n<tr>\n<td><span style=\"color: #333333;\">Malzeme<\/span><\/td>\n<td><span style=\"color: #333333;\">Silikon<\/span><\/td>\n<\/tr>\n<tr>\n<td><span style=\"color: #333333;\">\u00a0Boyut ve Renk<\/span><\/td>\n<td><span style=\"color: #333333;\">7,7 x 12,5 x 6 cm<\/span><\/td>\n<\/tr>\n<tr>\n<td><span style=\"color: #333333;\">\u00a0Teslimat s\u00fcresi<\/span><\/td>\n<td><span style=\"color: #333333;\">Hava yoluyla k\u00fc\u00e7\u00fck miktar i\u00e7in 1-5 g\u00fcn ve deniz yoluyla b\u00fcy\u00fck miktar i\u00e7in 30-35 g\u00fcn<\/span><\/td>\n<\/tr>\n<\/tbody>\n<\/table>\n<ul>\n<li data-immersive-translate-walked=\"85fa5479-e3d0-4913-81cd-8463fb71838d\"><strong data-immersive-translate-walked=\"85fa5479-e3d0-4913-81cd-8463fb71838d\">3'\u00fc 1 arada \u0130\u015flevsellik:<\/strong> Bu f\u0131r\u00e7a, evcil hayvan\u0131n\u0131za kapsaml\u0131 bak\u0131m sa\u011flamak i\u00e7in t\u0131mar, masaj ve buharlamay\u0131 birle\u015ftirir. Buharlay\u0131c\u0131, t\u00fcyleri ve cildi yumu\u015fatmaya yard\u0131mc\u0131 olarak evcil hayvan\u0131n\u0131z i\u00e7in t\u0131mar i\u015flemini daha kolay ve rahat hale getirir.<\/li>\n<li><strong>K\u00f6pek Bak\u0131m\u0131 Temiz:<\/strong> Kiri, gev\u015fek t\u00fcyleri ve kar\u0131\u015f\u0131kl\u0131klar\u0131 etkili bir \u015fekilde gidererek k\u00f6pe\u011finizin temiz ve bak\u0131ml\u0131 kalmas\u0131n\u0131 sa\u011flar.<\/li>\n<li data-immersive-translate-walked=\"85fa5479-e3d0-4913-81cd-8463fb71838d\"><strong data-immersive-translate-walked=\"85fa5479-e3d0-4913-81cd-8463fb71838d\">Masaj Evcil Hayvan Bak\u0131m\u0131:<\/strong> F\u0131r\u00e7a nazik bir masaj sa\u011flayarak daha iyi kan dola\u015f\u0131m\u0131n\u0131 ve daha sa\u011fl\u0131kl\u0131 bir t\u00fcy\u00fc destekler.<\/li>\n<li><strong>Kar\u0131\u015f\u0131k ve Gev\u015fek Sa\u00e7lar\u0131 \u00c7\u0131karma:<\/strong> D\u00f6k\u00fclen t\u00fcyleri kolayca a\u00e7mak ve temizlemek, d\u00f6k\u00fclmeyi azaltmak ve evcil hayvan\u0131n\u0131z\u0131n t\u00fcylerini en iyi durumda tutmak i\u00e7in tasarlanm\u0131\u015ft\u0131r.<\/li>\n<li><strong>Dayan\u0131kl\u0131 ve Y\u00fcksek Kaliteli:<\/strong> Uzun \u00f6m\u00fcrl\u00fc kullan\u0131m ve g\u00fcvenilirlik sa\u011flamak i\u00e7in sa\u011flam, y\u00fcksek kaliteli malzemelerden \u00fcretilmi\u015ftir.<\/li>\n<li><strong>Kullan\u0131m\u0131 ve Temizli\u011fi Kolay:<\/strong> F\u0131r\u00e7a kullan\u0131c\u0131 dostudur ve temizlenmesi kolayd\u0131r, bu da bak\u0131m seanslar\u0131n\u0131 h\u0131zl\u0131 ve sorunsuz hale getirir.<\/li>\n<li data-immersive-translate-walked=\"85fa5479-e3d0-4913-81cd-8463fb71838d\"><strong data-immersive-translate-walked=\"85fa5479-e3d0-4913-81cd-8463fb71838d\">Wholesale &amp; Factory Direct:<\/strong> Evcil hayvan ma\u011fazalar\u0131, bak\u0131m salonlar\u0131 ve evcil hayvan bak\u0131m sa\u011flay\u0131c\u0131lar\u0131 i\u00e7in m\u00fckemmel olan en iyi toptan fiyatlardan yararlanmak i\u00e7in do\u011frudan fabrikam\u0131zdan sat\u0131n al\u0131n.<\/li>\n<\/ul>\n<p data-immersive-translate-walked=\"85fa5479-e3d0-4913-81cd-8463fb71838d\">Evcil Hayvan T\u00fcy F\u0131r\u00e7as\u0131 3'\u00fc 1 Arada Buharl\u0131 Pi\u015firici F\u0131r\u00e7a ile bak\u0131m ara\u00e7 setinizi y\u00fckseltin. Kapsaml\u0131 ve l\u00fcks bir bak\u0131m \u00e7\u00f6z\u00fcm\u00fc arayan evcil hayvan sahipleri ve bak\u0131m uzmanlar\u0131 i\u00e7in idealdir. Toptan sorular ve fabrika do\u011frudan fiyatland\u0131rmas\u0131 i\u00e7in bug\u00fcn bize ula\u015f\u0131n!<\/p>","protected":false},"excerpt":{"rendered":"<h2>Evcil Hayvan T\u00fcy F\u0131r\u00e7as\u0131 3'\u00fc 1 Arada Buharl\u0131 Pi\u015firici F\u0131r\u00e7a<\/h2>\n<p>Explore Pet Hair Brush 3'\u00fc 1 arada Buharl\u0131 Pi\u015firici F\u0131r\u00e7a.<\/p>\n<p>Rakipsiz fiyatlar ve kalite i\u00e7in fabrikadan toptan evcil hayvan bak\u0131m\u0131 sat\u0131n al\u0131n.<\/p>","protected":false},"featured_media":6974,"template":"","meta":{"_seopress_robots_primary_cat":"none","_seopress_titles_title":"Pet Clean: 3 in1 Steamer Brush - Pet Manufacterurs","_seopress_titles_desc":"This Pet Hair Brush 3 in1 Steamer Brush combines three functionalities in one, making it an essential tool for pet care professionals and pet owners alike.","_seopress_robots_index":"","_uag_custom_page_level_css":""},"product_brand":[],"product_cat":[324,331],"product_tag":[165,337],"class_list":{"0":"post-6973","1":"product","2":"type-product","3":"status-publish","4":"has-post-thumbnail","6":"product_cat-pet-accessory","7":"product_cat-pet-grooming-clean","8":"product_tag-pet-accessories","9":"product_tag-pet-clean","11":"first","12":"instock","13":"shipping-taxable","14":"product-type-simple"},"uagb_featured_image_src":{"full":["https:\/\/pecpets.com\/wp-content\/uploads\/2024\/06\/\u4e3b\u56fe-01-22.jpg",1600,1600,false],"thumbnail":["https:\/\/pecpets.com\/wp-content\/uploads\/2024\/06\/\u4e3b\u56fe-01-22-150x150.jpg",150,150,true],"medium":["https:\/\/pecpets.com\/wp-content\/uploads\/2024\/06\/\u4e3b\u56fe-01-22-300x300.jpg",300,300,true],"medium_large":["https:\/\/pecpets.com\/wp-content\/uploads\/2024\/06\/\u4e3b\u56fe-01-22-768x768.jpg",768,768,true],"large":["https:\/\/pecpets.com\/wp-content\/uploads\/2024\/06\/\u4e3b\u56fe-01-22-1024x1024.jpg",800,800,true],"1536x1536":["https:\/\/pecpets.com\/wp-content\/uploads\/2024\/06\/\u4e3b\u56fe-01-22-1536x1536.jpg",1536,1536,true],"2048x2048":["https:\/\/pecpets.com\/wp-content\/uploads\/2024\/06\/\u4e3b\u56fe-01-22.jpg",1600,1600,false],"trp-custom-language-flag":["https:\/\/pecpets.com\/wp-content\/uploads\/2024\/06\/\u4e3b\u56fe-01-22.jpg",12,12,false],"woocommerce_thumbnail":["https:\/\/pecpets.com\/wp-content\/uploads\/2024\/06\/\u4e3b\u56fe-01-22-300x300.jpg",300,300,true],"woocommerce_single":["https:\/\/pecpets.com\/wp-content\/uploads\/2024\/06\/\u4e3b\u56fe-01-22-600x600.jpg",600,600,true],"woocommerce_gallery_thumbnail":["https:\/\/pecpets.com\/wp-content\/uploads\/2024\/06\/\u4e3b\u56fe-01-22-100x100.jpg",100,100,true]},"uagb_author_info":{"display_name":"Lawrence\u00a0\u52b3\u4f26\u65af","author_link":"https:\/\/pecpets.com\/tr\/author\/"},"uagb_comment_info":0,"uagb_excerpt":"Pet Hair Brush 3 in1 Steamer Brush Explore Pet Hair Brush 3 in1 Steamer Brush. Shop wholesale pet grooming from the factory for unbeatable prices and quality.","_links":{"self":[{"href":"https:\/\/pecpets.com\/tr\/wp-json\/wp\/v2\/product\/6973","targetHints":{"allow":["GET"]}}],"collection":[{"href":"https:\/\/pecpets.com\/tr\/wp-json\/wp\/v2\/product"}],"about":[{"href":"https:\/\/pecpets.com\/tr\/wp-json\/wp\/v2\/types\/product"}],"wp:featuredmedia":[{"embeddable":true,"href":"https:\/\/pecpets.com\/tr\/wp-json\/wp\/v2\/media\/6974"}],"wp:attachment":[{"href":"https:\/\/pecpets.com\/tr\/wp-json\/wp\/v2\/media?parent=6973"}],"wp:term":[{"taxonomy":"product_brand","embeddable":true,"href":"https:\/\/pecpets.com\/tr\/wp-json\/wp\/v2\/product_brand?post=6973"},{"taxonomy":"product_cat","embeddable":true,"href":"https:\/\/pecpets.com\/tr\/wp-json\/wp\/v2\/product_cat?post=6973"},{"taxonomy":"product_tag","embeddable":true,"href":"https:\/\/pecpets.com\/tr\/wp-json\/wp\/v2\/product_tag?post=6973"}],"curies":[{"name":"wp","href":"https:\/\/api.w.org\/{rel}","templated":true}]}}