{"id":7005,"date":"2024-06-25T16:36:40","date_gmt":"2024-06-25T08:36:40","guid":{"rendered":"https:\/\/pecpets.com\/?post_type=product&#038;p=7005"},"modified":"2025-08-19T10:20:43","modified_gmt":"2025-08-19T02:20:43","slug":"dog-grooming-scissors-kit","status":"publish","type":"product","link":"https:\/\/pecpets.com\/tr\/product\/dog-grooming-scissors-kit\/","title":{"rendered":"K\u00f6pek Bak\u0131m Makas\u0131 Seti"},"content":{"rendered":"<h2 data-immersive-translate-walked=\"7a0058e1-a44f-4dca-9e53-0c6459c72304\" data-immersive-translate-paragraph=\"1\">Profesyonel K\u00f6pek Bak\u0131m Makas\u0131 Seti - K\u00f6pek Bak\u0131m Temiz Alet Seti | Toptan ve Fabrika Do\u011frudan<\/h2>\n<p>Temiz k\u00f6pek t\u0131mar sonu\u00e7lar\u0131 elde etmek i\u00e7in tasarlanm\u0131\u015f Profesyonel K\u00f6pek Bak\u0131m Makas\u0131 Setimizi ke\u015ffedin. Bu evcil hayvan temizleme ve bak\u0131m aleti seti, do\u011frudan fabrikam\u0131zdan toptan sat\u0131\u015f i\u00e7in mevcuttur ve i\u015f ihtiya\u00e7lar\u0131n\u0131z i\u00e7in en y\u00fcksek kalite ve rekabet\u00e7i fiyatland\u0131rma sa\u011flar.<\/p>\n<table width=\"288\">\n<tbody>\n<tr>\n<td width=\"137\"><span style=\"color: #333333;\">\u00dcr\u00fcn Ad\u0131<\/span><\/td>\n<td width=\"151\"><span style=\"color: #333333;\">Evcil Hayvan Bak\u0131m Temizli\u011fi<\/span><\/td>\n<\/tr>\n<tr>\n<td><span style=\"color: #333333;\">\u00dcr\u00fcn No.<\/span><\/td>\n<td><span style=\"color: #333333;\">PGC-2001<\/span><\/td>\n<\/tr>\n<tr>\n<td><span style=\"color: #333333;\">Malzeme<\/span><\/td>\n<td><span style=\"color: #333333;\">Paslanmaz \u00e7elikler<\/span><\/td>\n<\/tr>\n<tr>\n<td><span style=\"color: #333333;\">\u00a0Boyut ve Renk<\/span><\/td>\n<td><span style=\"color: #333333;\">18 x 6 x 5 cm<\/span><\/td>\n<\/tr>\n<tr>\n<td><span style=\"color: #333333;\">\u00a0Teslimat s\u00fcresi<\/span><\/td>\n<td><span style=\"color: #333333;\">Hava yoluyla k\u00fc\u00e7\u00fck miktar i\u00e7in 1-5 g\u00fcn ve deniz yoluyla b\u00fcy\u00fck miktar i\u00e7in 30-35 g\u00fcn<\/span><\/td>\n<\/tr>\n<\/tbody>\n<\/table>\n<ul>\n<li><strong>K\u00f6pek Bak\u0131m\u0131 Temiz:<\/strong> Temiz ve d\u00fczg\u00fcn bir biti\u015f sa\u011flamak i\u00e7in tasarlanm\u0131\u015f hassas makaslarla m\u00fckemmel bak\u0131ml\u0131 bir g\u00f6r\u00fcn\u00fcm elde edin.<\/li>\n<li><strong>Profesyonel Evcil Hayvan Temizleme ve Bak\u0131m Alet Seti:<\/strong> Bu kit, d\u00fcz makas, inceltme makas\u0131, kavisli makas ve bak\u0131m tara\u011f\u0131 gibi \u00e7e\u015fitli bak\u0131m makaslar\u0131 i\u00e7erir ve t\u00fcm bak\u0131m ihtiya\u00e7lar\u0131 i\u00e7in eksiksiz bir \u00e7\u00f6z\u00fcm sunar.<\/li>\n<li><strong>Y\u00fcksek Kaliteli Malzemeler:<\/strong> Uzun \u00f6m\u00fcrl\u00fc keskinlik ve g\u00fcvenilirlik sa\u011flamak i\u00e7in dayan\u0131kl\u0131, paslanmaya kar\u015f\u0131 diren\u00e7li paslanmaz \u00e7elikten yap\u0131lm\u0131\u015ft\u0131r.<\/li>\n<li><strong>Ergonomik Tasar\u0131m:<\/strong> G\u00fcvenli bir tutu\u015f sa\u011flayan rahat, ergonomik saplara sahiptir ve uzun bak\u0131m seanslar\u0131 s\u0131ras\u0131nda el yorgunlu\u011funu azalt\u0131r.<\/li>\n<li><strong>G\u00fcvenli ve Nazik:<\/strong> Evcil hayvan\u0131n\u0131z\u0131n g\u00fcvenli\u011fini sa\u011flamak i\u00e7in yuvarlat\u0131lm\u0131\u015f u\u00e7larla tasarlanm\u0131\u015ft\u0131r ve kazara \u00e7entik ve kesikleri \u00f6nler.<\/li>\n<li><strong>\u00c7ok Y\u00f6nl\u00fc Kullan\u0131m:<\/strong> Y\u00fcz, patiler ve v\u00fccut dahil olmak \u00fczere k\u00f6pe\u011fin t\u00fcm b\u00f6lgelerindeki t\u00fcyleri d\u00fczeltmek i\u00e7in uygundur.<\/li>\n<li><strong>Temizli\u011fi ve Bak\u0131m\u0131 Kolay:<\/strong> Makas\u0131n temizlenmesi ve bak\u0131m\u0131 kolayd\u0131r, tekrar tekrar kullan\u0131m i\u00e7in en iyi durumda kalmalar\u0131n\u0131 sa\u011flar.<\/li>\n<li data-immersive-translate-walked=\"85fa5479-e3d0-4913-81cd-8463fb71838d\"><strong data-immersive-translate-walked=\"85fa5479-e3d0-4913-81cd-8463fb71838d\">Wholesale &amp; Factory Direct:<\/strong> Evcil hayvan ma\u011fazalar\u0131, bak\u0131m salonlar\u0131 ve evcil hayvan bak\u0131m sa\u011flay\u0131c\u0131lar\u0131 i\u00e7in m\u00fckemmel olan en iyi toptan fiyatlardan yararlanmak i\u00e7in do\u011frudan fabrikam\u0131zdan sat\u0131n al\u0131n.<\/li>\n<\/ul>\n<p data-immersive-translate-walked=\"85fa5479-e3d0-4913-81cd-8463fb71838d\">Profesyonel K\u00f6pek Bak\u0131m Makas\u0131 Kitimiz ile bak\u0131m malzemelerinizi geli\u015ftirin. Y\u00fcksek kaliteli, g\u00fcvenilir bir t\u0131mar \u00e7\u00f6z\u00fcm\u00fc arayan evcil hayvan sahipleri ve profesyonel t\u0131marc\u0131lar i\u00e7in idealdir. Toptan sorular ve fabrika do\u011frudan fiyatland\u0131rmas\u0131 i\u00e7in bug\u00fcn bize ula\u015f\u0131n!<\/p>","protected":false},"excerpt":{"rendered":"<h2>K\u00f6pek Bak\u0131m Makas\u0131 Seti<\/h2>\n<p>K\u00f6pek Bak\u0131m Makas\u0131 Seti'ni ke\u015ffedin.<\/p>\n<p>Rakipsiz fiyatlar ve kalite i\u00e7in fabrikadan toptan evcil hayvan ayakkab\u0131lar\u0131 sat\u0131n al\u0131n.<\/p>","protected":false},"featured_media":7006,"template":"","meta":{"_seopress_robots_primary_cat":"none","_seopress_titles_title":"Pet Clean: Dog Grooming Scissors Kit - Pet Manufacterurs","_seopress_titles_desc":"Introducing the Professional Dog Grooming Scissors Kit, designed to provide dog grooming clean results for both professional groomers and pet owners.","_seopress_robots_index":"","_uag_custom_page_level_css":""},"product_brand":[],"product_cat":[324,331],"product_tag":[165,337],"class_list":{"0":"post-7005","1":"product","2":"type-product","3":"status-publish","4":"has-post-thumbnail","6":"product_cat-pet-accessory","7":"product_cat-pet-grooming-clean","8":"product_tag-pet-accessories","9":"product_tag-pet-clean","11":"first","12":"instock","13":"shipping-taxable","14":"product-type-simple"},"uagb_featured_image_src":{"full":["https:\/\/pecpets.com\/wp-content\/uploads\/2024\/06\/\u4e3b\u56fe-01-25.jpg",800,800,false],"thumbnail":["https:\/\/pecpets.com\/wp-content\/uploads\/2024\/06\/\u4e3b\u56fe-01-25-150x150.jpg",150,150,true],"medium":["https:\/\/pecpets.com\/wp-content\/uploads\/2024\/06\/\u4e3b\u56fe-01-25-300x300.jpg",300,300,true],"medium_large":["https:\/\/pecpets.com\/wp-content\/uploads\/2024\/06\/\u4e3b\u56fe-01-25-768x768.jpg",768,768,true],"large":["https:\/\/pecpets.com\/wp-content\/uploads\/2024\/06\/\u4e3b\u56fe-01-25.jpg",800,800,false],"1536x1536":["https:\/\/pecpets.com\/wp-content\/uploads\/2024\/06\/\u4e3b\u56fe-01-25.jpg",800,800,false],"2048x2048":["https:\/\/pecpets.com\/wp-content\/uploads\/2024\/06\/\u4e3b\u56fe-01-25.jpg",800,800,false],"trp-custom-language-flag":["https:\/\/pecpets.com\/wp-content\/uploads\/2024\/06\/\u4e3b\u56fe-01-25.jpg",12,12,false],"woocommerce_thumbnail":["https:\/\/pecpets.com\/wp-content\/uploads\/2024\/06\/\u4e3b\u56fe-01-25-300x300.jpg",300,300,true],"woocommerce_single":["https:\/\/pecpets.com\/wp-content\/uploads\/2024\/06\/\u4e3b\u56fe-01-25-600x600.jpg",600,600,true],"woocommerce_gallery_thumbnail":["https:\/\/pecpets.com\/wp-content\/uploads\/2024\/06\/\u4e3b\u56fe-01-25-100x100.jpg",100,100,true]},"uagb_author_info":{"display_name":"Lawrence\u00a0\u52b3\u4f26\u65af","author_link":"https:\/\/pecpets.com\/tr\/author\/"},"uagb_comment_info":0,"uagb_excerpt":"Dog Grooming Scissors Kit Explore Dog Grooming Scissors Kit. Shop wholesale pet shoes from the factory for unbeatable prices and quality.","_links":{"self":[{"href":"https:\/\/pecpets.com\/tr\/wp-json\/wp\/v2\/product\/7005","targetHints":{"allow":["GET"]}}],"collection":[{"href":"https:\/\/pecpets.com\/tr\/wp-json\/wp\/v2\/product"}],"about":[{"href":"https:\/\/pecpets.com\/tr\/wp-json\/wp\/v2\/types\/product"}],"wp:featuredmedia":[{"embeddable":true,"href":"https:\/\/pecpets.com\/tr\/wp-json\/wp\/v2\/media\/7006"}],"wp:attachment":[{"href":"https:\/\/pecpets.com\/tr\/wp-json\/wp\/v2\/media?parent=7005"}],"wp:term":[{"taxonomy":"product_brand","embeddable":true,"href":"https:\/\/pecpets.com\/tr\/wp-json\/wp\/v2\/product_brand?post=7005"},{"taxonomy":"product_cat","embeddable":true,"href":"https:\/\/pecpets.com\/tr\/wp-json\/wp\/v2\/product_cat?post=7005"},{"taxonomy":"product_tag","embeddable":true,"href":"https:\/\/pecpets.com\/tr\/wp-json\/wp\/v2\/product_tag?post=7005"}],"curies":[{"name":"wp","href":"https:\/\/api.w.org\/{rel}","templated":true}]}}