{"id":7029,"date":"2024-06-26T09:27:09","date_gmt":"2024-06-26T01:27:09","guid":{"rendered":"https:\/\/pecpets.com\/?post_type=product&#038;p=7029"},"modified":"2025-08-20T10:35:00","modified_gmt":"2025-08-20T02:35:00","slug":"luxury-dog-hawaiian-shirt","status":"publish","type":"product","link":"https:\/\/pecpets.com\/tr\/product\/luxury-dog-hawaiian-shirt\/","title":{"rendered":"L\u00fcks K\u00f6pek Hawai Ti\u015f\u00f6rt\u00fc"},"content":{"rendered":"<h2>Toptan L\u00fcks K\u00f6pek Hawai G\u00f6mle\u011fi - Rahat, Dayan\u0131kl\u0131 K\u00f6pek Giyim Fabrikas\u0131 Do\u011frudan<\/h2>\n<p data-immersive-translate-walked=\"ca880e30-c1f8-4fb1-8e47-6e0a60645f84\" data-immersive-translate-paragraph=\"1\">Stil ve konforu bir araya getiren L\u00fcks K\u00f6pek Hawai Ti\u015f\u00f6rt\u00fcm\u00fcz\u00fc ke\u015ffedin. Dayan\u0131kl\u0131 malzemelerden \u00fcretilen k\u00f6pek ti\u015f\u00f6rtlerimiz her durum i\u00e7in m\u00fckemmeldir.<\/p>\n<p data-immersive-translate-walked=\"ca880e30-c1f8-4fb1-8e47-6e0a60645f84\" data-immersive-translate-paragraph=\"1\">Daha fazla avantaj ve rekabet\u00e7i fiyatlar i\u00e7in fabrikadan toptan al\u0131\u015fveri\u015f yap\u0131n.<\/p>\n<table style=\"height: 269px;\" width=\"287\">\n<tbody>\n<tr>\n<td width=\"137\"><span style=\"color: #333333;\">\u00dcr\u00fcn Ad\u0131<\/span><\/td>\n<td width=\"151\"><span style=\"color: #333333;\">Evcil Hayvan Giysileri<\/span><\/td>\n<\/tr>\n<tr>\n<td><span style=\"color: #333333;\">\u00dcr\u00fcn No.<\/span><\/td>\n<td><span style=\"color: #333333;\">P-C2165<\/span><\/td>\n<\/tr>\n<tr>\n<td><span style=\"color: #333333;\">Malzeme<\/span><\/td>\n<td>Pamuk, Polyester, Polar<\/td>\n<\/tr>\n<tr>\n<td><span style=\"color: #333333;\">\u00a0Boyut ve Renk<\/span><\/td>\n<td><span style=\"color: #333333;\">\u00d6zelle\u015ftirilmi\u015f<\/span><\/td>\n<\/tr>\n<tr>\n<td><span style=\"color: #333333;\">\u00a0Teslimat s\u00fcresi<\/span><\/td>\n<td><span style=\"color: #333333;\">Hava yoluyla k\u00fc\u00e7\u00fck miktarlar i\u00e7in 1- 5 g\u00fcn ve deniz yoluyla b\u00fcy\u00fck miktarlar i\u00e7in 30- 35 g\u00fcn<\/span><\/td>\n<\/tr>\n<\/tbody>\n<\/table>\n<p data-immersive-translate-walked=\"ca880e30-c1f8-4fb1-8e47-6e0a60645f84\" data-immersive-translate-paragraph=\"1\">Stil, konfor ve dayan\u0131kl\u0131l\u0131\u011f\u0131n m\u00fckemmel bir kar\u0131\u015f\u0131m\u0131 olan L\u00fcks K\u00f6pek Hawai Ti\u015f\u00f6rt\u00fcm\u00fcz ile \u00fcr\u00fcn tekliflerinizi geli\u015ftirin. K\u00f6peklerin kendilerini rahat hissederken \u015f\u0131k g\u00f6r\u00fcnmelerini sa\u011flamak i\u00e7in tasarlanan bu g\u00f6mlek, \u00e7e\u015fitli durumlar ve mevsimler i\u00e7in idealdir.<\/p>\n<ul>\n<li data-immersive-translate-walked=\"74886ed9-3c57-4843-8350-d06a3e28483f\" data-immersive-translate-paragraph=\"1\"><strong data-immersive-translate-walked=\"74886ed9-3c57-4843-8350-d06a3e28483f\">\u015e\u0131k Tasar\u0131m<\/strong>: Hawaii bask\u0131s\u0131, her k\u00f6pe\u011fin gard\u0131robuna l\u00fcks ve e\u011flenceli bir dokunu\u015f katarak \u00f6zel g\u00fcnler veya g\u00fcnl\u00fck kullan\u0131m i\u00e7in m\u00fckemmel hale getirir.<\/li>\n<li data-immersive-translate-walked=\"74886ed9-3c57-4843-8350-d06a3e28483f\" data-immersive-translate-paragraph=\"1\"><strong data-immersive-translate-walked=\"74886ed9-3c57-4843-8350-d06a3e28483f\">Rahat Uyum<\/strong>: G\u00f6mleklerimiz, k\u00f6peklerin k\u0131s\u0131tlama olmadan \u00f6zg\u00fcrce hareket etmelerine olanak tan\u0131yan rahat bir uyum sa\u011flamak i\u00e7in tasarlanm\u0131\u015ft\u0131r.<\/li>\n<li><strong>Dayan\u0131kl\u0131 Malzemeler<\/strong>: Y\u00fcksek kaliteli, dayan\u0131kl\u0131 kuma\u015flardan \u00fcretilen k\u00f6pek ti\u015f\u00f6rtlerimiz, d\u00fczenli a\u015f\u0131nma ve y\u0131kamaya dayanacak \u015fekilde \u00fcretilmi\u015ftir.<\/li>\n<li data-immersive-translate-walked=\"74886ed9-3c57-4843-8350-d06a3e28483f\" data-immersive-translate-paragraph=\"1\"><strong data-immersive-translate-walked=\"74886ed9-3c57-4843-8350-d06a3e28483f\">Wholesale Opportunities<\/strong>: Do\u011frudan fabrika tedarik\u00e7isi olarak, rekabet\u00e7i toptan sat\u0131\u015f fiyatlar\u0131 ve toplu sipari\u015fler i\u00e7in ek avantajlar sunuyoruz.<\/li>\n<\/ul>\n<p>L\u00fcks K\u00f6pek Hawai G\u00f6mle\u011fi i\u00e7in toptan sat\u0131\u015f f\u0131rsatlar\u0131m\u0131z ve fabrika do\u011frudan fiyatland\u0131rmam\u0131z hakk\u0131nda daha fazla bilgi edinmek i\u00e7in bug\u00fcn bize ula\u015f\u0131n.<\/p>\n<p>M\u00fc\u015fterilerinizin k\u00f6peklerinin \u015f\u0131k, rahat ve her duruma haz\u0131r olmas\u0131n\u0131 sa\u011flay\u0131n.<\/p>","protected":false},"excerpt":{"rendered":"<h2 data-immersive-translate-walked=\"f36f68ab-127d-4e10-955b-f6ada5d45339\">Toptan L\u00fcks K\u00f6pek Hawai G\u00f6mle\u011fi<\/h2>\n<p>L\u00fcks K\u00f6pek Hawaii G\u00f6mle\u011fini ke\u015ffedin.<\/p>\n<p>Rakipsiz fiyatlar ve kalite i\u00e7in fabrikadan toptan evcil hayvan k\u0131yafetleri sat\u0131n al\u0131n.<\/p>","protected":false},"featured_media":7034,"template":"","meta":{"_seopress_robots_primary_cat":"none","_seopress_titles_title":"Pet Apparel: Luxury Dog Hawaiian Shirt - Top Manufacturers","_seopress_titles_desc":"Contact us today to learn more about our wholesale opportunities and factory direct pricing for the Luxury Dog Hawaiian Shirt. Ensure your dogs are stylish.","_seopress_robots_index":"","_uag_custom_page_level_css":""},"product_brand":[],"product_cat":[364,343,23],"product_tag":[],"class_list":{"0":"post-7029","1":"product","2":"type-product","3":"status-publish","4":"has-post-thumbnail","6":"product_cat-basic-dog-clothing","7":"product_cat-pet-shirts","8":"product_cat-pet-clothing","10":"first","11":"instock","12":"shipping-taxable","13":"product-type-simple"},"uagb_featured_image_src":{"full":["https:\/\/pecpets.com\/wp-content\/uploads\/2024\/06\/\u4e3b\u56fe-03-34.jpg",800,800,false],"thumbnail":["https:\/\/pecpets.com\/wp-content\/uploads\/2024\/06\/\u4e3b\u56fe-03-34-150x150.jpg",150,150,true],"medium":["https:\/\/pecpets.com\/wp-content\/uploads\/2024\/06\/\u4e3b\u56fe-03-34-300x300.jpg",300,300,true],"medium_large":["https:\/\/pecpets.com\/wp-content\/uploads\/2024\/06\/\u4e3b\u56fe-03-34-768x768.jpg",768,768,true],"large":["https:\/\/pecpets.com\/wp-content\/uploads\/2024\/06\/\u4e3b\u56fe-03-34.jpg",800,800,false],"1536x1536":["https:\/\/pecpets.com\/wp-content\/uploads\/2024\/06\/\u4e3b\u56fe-03-34.jpg",800,800,false],"2048x2048":["https:\/\/pecpets.com\/wp-content\/uploads\/2024\/06\/\u4e3b\u56fe-03-34.jpg",800,800,false],"trp-custom-language-flag":["https:\/\/pecpets.com\/wp-content\/uploads\/2024\/06\/\u4e3b\u56fe-03-34.jpg",12,12,false],"woocommerce_thumbnail":["https:\/\/pecpets.com\/wp-content\/uploads\/2024\/06\/\u4e3b\u56fe-03-34-300x300.jpg",300,300,true],"woocommerce_single":["https:\/\/pecpets.com\/wp-content\/uploads\/2024\/06\/\u4e3b\u56fe-03-34-600x600.jpg",600,600,true],"woocommerce_gallery_thumbnail":["https:\/\/pecpets.com\/wp-content\/uploads\/2024\/06\/\u4e3b\u56fe-03-34-100x100.jpg",100,100,true]},"uagb_author_info":{"display_name":"Lawrence\u00a0\u52b3\u4f26\u65af","author_link":"https:\/\/pecpets.com\/tr\/author\/"},"uagb_comment_info":0,"uagb_excerpt":"Wholesale Luxury Dog Hawaiian Shirt Explore Luxury Dog Hawaiian Shirt. Shop wholesale pet clothes from the factory for unbeatable prices and quality.","_links":{"self":[{"href":"https:\/\/pecpets.com\/tr\/wp-json\/wp\/v2\/product\/7029","targetHints":{"allow":["GET"]}}],"collection":[{"href":"https:\/\/pecpets.com\/tr\/wp-json\/wp\/v2\/product"}],"about":[{"href":"https:\/\/pecpets.com\/tr\/wp-json\/wp\/v2\/types\/product"}],"wp:featuredmedia":[{"embeddable":true,"href":"https:\/\/pecpets.com\/tr\/wp-json\/wp\/v2\/media\/7034"}],"wp:attachment":[{"href":"https:\/\/pecpets.com\/tr\/wp-json\/wp\/v2\/media?parent=7029"}],"wp:term":[{"taxonomy":"product_brand","embeddable":true,"href":"https:\/\/pecpets.com\/tr\/wp-json\/wp\/v2\/product_brand?post=7029"},{"taxonomy":"product_cat","embeddable":true,"href":"https:\/\/pecpets.com\/tr\/wp-json\/wp\/v2\/product_cat?post=7029"},{"taxonomy":"product_tag","embeddable":true,"href":"https:\/\/pecpets.com\/tr\/wp-json\/wp\/v2\/product_tag?post=7029"}],"curies":[{"name":"wp","href":"https:\/\/api.w.org\/{rel}","templated":true}]}}