{"id":7041,"date":"2024-06-26T11:11:06","date_gmt":"2024-06-26T03:11:06","guid":{"rendered":"https:\/\/pecpets.com\/?post_type=product&#038;p=7041"},"modified":"2025-08-20T10:43:06","modified_gmt":"2025-08-20T02:43:06","slug":"pet-dog-solid-vest-basic-clothing","status":"publish","type":"product","link":"https:\/\/pecpets.com\/tr\/product\/pet-dog-solid-vest-basic-clothing\/","title":{"rendered":"Evcil K\u00f6pek Kat\u0131 Yelek Temel Giyim"},"content":{"rendered":"<h2>Toptan Pet K\u00f6pek Kat\u0131 Yelek Temel Giyim - Ucuz, Rahat, Dayan\u0131kl\u0131 K\u00f6pek G\u00f6mlekleri<\/h2>\n<p>Ucuz fiyatlarla konfor ve dayan\u0131kl\u0131l\u0131\u011f\u0131n bir kar\u0131\u015f\u0131m\u0131n\u0131 sunan Evcil K\u00f6pek Kat\u0131 Yelek Temel Giysilerimizi ke\u015ffedin. G\u00fcnl\u00fck kullan\u0131m i\u00e7in m\u00fckemmel olan k\u00f6pek ti\u015f\u00f6rtlerimiz fabrikadan toptan olarak temin edilebilir.<\/p>\n<table style=\"height: 269px;\" width=\"287\">\n<tbody>\n<tr>\n<td width=\"137\"><span style=\"color: #333333;\">\u00dcr\u00fcn Ad\u0131<\/span><\/td>\n<td width=\"151\"><span style=\"color: #333333;\">Evcil Hayvan Giysileri<\/span><\/td>\n<\/tr>\n<tr>\n<td><span style=\"color: #333333;\">\u00dcr\u00fcn No.<\/span><\/td>\n<td><span style=\"color: #333333;\">P-C2166<\/span><\/td>\n<\/tr>\n<tr>\n<td><span style=\"color: #333333;\">Malzeme<\/span><\/td>\n<td>Pamuk, Polyester, Polar<\/td>\n<\/tr>\n<tr>\n<td><span style=\"color: #333333;\">\u00a0Boyut ve Renk<\/span><\/td>\n<td><span style=\"color: #333333;\">\u00d6zelle\u015ftirilmi\u015f<\/span><\/td>\n<\/tr>\n<tr>\n<td><span style=\"color: #333333;\">\u00a0Teslimat s\u00fcresi<\/span><\/td>\n<td><span style=\"color: #333333;\">Hava yoluyla k\u00fc\u00e7\u00fck miktarlar i\u00e7in 1- 5 g\u00fcn ve deniz yoluyla b\u00fcy\u00fck miktarlar i\u00e7in 30- 35 g\u00fcn<\/span><\/td>\n<\/tr>\n<\/tbody>\n<\/table>\n<ul>\n<li><strong>Uygun Fiyatland\u0131rma<\/strong>: Sa\u011flam yele\u011fimiz, ucuz fiyatlarla y\u00fcksek kaliteli k\u00f6pek k\u0131yafetleri sa\u011flayarak t\u00fcm evcil hayvan sahipleri i\u00e7in eri\u015filebilir hale getirerek b\u00fcy\u00fck bir de\u011fer sunar.<\/li>\n<li data-immersive-translate-walked=\"74886ed9-3c57-4843-8350-d06a3e28483f\" data-immersive-translate-paragraph=\"1\"><strong data-immersive-translate-walked=\"74886ed9-3c57-4843-8350-d06a3e28483f\">Rahat Uyum<\/strong>: Yumu\u015fak, nefes alabilen malzemelerden \u00fcretilen yele\u011fimiz, k\u00f6pekler i\u00e7in rahat bir uyum sa\u011flayarak \u00f6zg\u00fcrce hareket etmelerine ve serin kalmalar\u0131na olanak tan\u0131r.<\/li>\n<li data-immersive-translate-walked=\"74886ed9-3c57-4843-8350-d06a3e28483f\" data-immersive-translate-paragraph=\"1\"><strong data-immersive-translate-walked=\"74886ed9-3c57-4843-8350-d06a3e28483f\">Durable Construction<\/strong>: Dayan\u0131kl\u0131 kuma\u015flardan \u00fcretilen bu k\u00f6pek yele\u011fi, d\u00fczenli a\u015f\u0131nma ve y\u0131pranmaya dayanabilir, uzun \u00f6m\u00fcrl\u00fcl\u00fck ve memnuniyet sa\u011flar.<\/li>\n<li data-immersive-translate-walked=\"74886ed9-3c57-4843-8350-d06a3e28483f\" data-immersive-translate-paragraph=\"1\"><strong data-immersive-translate-walked=\"74886ed9-3c57-4843-8350-d06a3e28483f\">Wholesale Opportunities<\/strong>: As a factory direct supplier, we offer competitive wholesale prices and added benefits for bulk orders.<\/li>\n<\/ul>\n<p>Pet Dog Solid Vest Basic Clothing i\u00e7in toptan sat\u0131\u015f f\u0131rsatlar\u0131m\u0131z ve fabrika do\u011frudan fiyatland\u0131rmam\u0131z hakk\u0131nda daha fazla bilgi edinmek i\u00e7in bug\u00fcn bize ula\u015f\u0131n. M\u00fc\u015fterilerinizin k\u00f6peklerinin uygun bir fiyata konfor ve dayan\u0131kl\u0131l\u0131\u011f\u0131n keyfini \u00e7\u0131karmas\u0131n\u0131 sa\u011flay\u0131n.<\/p>","protected":false},"excerpt":{"rendered":"<h2>Evcil K\u00f6pek Kat\u0131 Yelek Temel Giyim<\/h2>\n<p>Evcil K\u00f6pek Kat\u0131 Yelek Temel Giysilerini Ke\u015ffedin.<\/p>\n<p>Rakipsiz fiyatlar ve kalite i\u00e7in fabrikadan toptan evcil hayvan k\u0131yafetleri sat\u0131n al\u0131n.<\/p>","protected":false},"featured_media":7049,"template":"","meta":{"_seopress_robots_primary_cat":"none","_seopress_titles_title":"Pet Clothes: Pet Dog Solid Vest Basic Clothing - Manufacturers","_seopress_titles_desc":"Introduce our Pet Dog Solid Vest Basic Clothing, the ideal choice for everyday dog apparel that combines affordability, comfort, and durability.","_seopress_robots_index":"","_uag_custom_page_level_css":""},"product_brand":[],"product_cat":[364,343,23],"product_tag":[],"class_list":{"0":"post-7041","1":"product","2":"type-product","3":"status-publish","4":"has-post-thumbnail","6":"product_cat-basic-dog-clothing","7":"product_cat-pet-shirts","8":"product_cat-pet-clothing","10":"first","11":"instock","12":"shipping-taxable","13":"product-type-simple"},"uagb_featured_image_src":{"full":["https:\/\/pecpets.com\/wp-content\/uploads\/2024\/06\/H13187fdb20fe4f16ad3e4ab920008f63R.jpeg",1000,1000,false],"thumbnail":["https:\/\/pecpets.com\/wp-content\/uploads\/2024\/06\/H13187fdb20fe4f16ad3e4ab920008f63R-150x150.jpeg",150,150,true],"medium":["https:\/\/pecpets.com\/wp-content\/uploads\/2024\/06\/H13187fdb20fe4f16ad3e4ab920008f63R-300x300.jpeg",300,300,true],"medium_large":["https:\/\/pecpets.com\/wp-content\/uploads\/2024\/06\/H13187fdb20fe4f16ad3e4ab920008f63R-768x768.jpeg",768,768,true],"large":["https:\/\/pecpets.com\/wp-content\/uploads\/2024\/06\/H13187fdb20fe4f16ad3e4ab920008f63R.jpeg",800,800,false],"1536x1536":["https:\/\/pecpets.com\/wp-content\/uploads\/2024\/06\/H13187fdb20fe4f16ad3e4ab920008f63R.jpeg",1000,1000,false],"2048x2048":["https:\/\/pecpets.com\/wp-content\/uploads\/2024\/06\/H13187fdb20fe4f16ad3e4ab920008f63R.jpeg",1000,1000,false],"trp-custom-language-flag":["https:\/\/pecpets.com\/wp-content\/uploads\/2024\/06\/H13187fdb20fe4f16ad3e4ab920008f63R.jpeg",12,12,false],"woocommerce_thumbnail":["https:\/\/pecpets.com\/wp-content\/uploads\/2024\/06\/H13187fdb20fe4f16ad3e4ab920008f63R-300x300.jpeg",300,300,true],"woocommerce_single":["https:\/\/pecpets.com\/wp-content\/uploads\/2024\/06\/H13187fdb20fe4f16ad3e4ab920008f63R-600x600.jpeg",600,600,true],"woocommerce_gallery_thumbnail":["https:\/\/pecpets.com\/wp-content\/uploads\/2024\/06\/H13187fdb20fe4f16ad3e4ab920008f63R-100x100.jpeg",100,100,true]},"uagb_author_info":{"display_name":"Lawrence\u00a0\u52b3\u4f26\u65af","author_link":"https:\/\/pecpets.com\/tr\/author\/"},"uagb_comment_info":0,"uagb_excerpt":"Pet Dog Solid Vest Basic Clothing Explore Pet Dog Solid Vest Basic Clothing. Shop wholesale pet clothes from the factory for unbeatable prices and quality.","_links":{"self":[{"href":"https:\/\/pecpets.com\/tr\/wp-json\/wp\/v2\/product\/7041","targetHints":{"allow":["GET"]}}],"collection":[{"href":"https:\/\/pecpets.com\/tr\/wp-json\/wp\/v2\/product"}],"about":[{"href":"https:\/\/pecpets.com\/tr\/wp-json\/wp\/v2\/types\/product"}],"wp:featuredmedia":[{"embeddable":true,"href":"https:\/\/pecpets.com\/tr\/wp-json\/wp\/v2\/media\/7049"}],"wp:attachment":[{"href":"https:\/\/pecpets.com\/tr\/wp-json\/wp\/v2\/media?parent=7041"}],"wp:term":[{"taxonomy":"product_brand","embeddable":true,"href":"https:\/\/pecpets.com\/tr\/wp-json\/wp\/v2\/product_brand?post=7041"},{"taxonomy":"product_cat","embeddable":true,"href":"https:\/\/pecpets.com\/tr\/wp-json\/wp\/v2\/product_cat?post=7041"},{"taxonomy":"product_tag","embeddable":true,"href":"https:\/\/pecpets.com\/tr\/wp-json\/wp\/v2\/product_tag?post=7041"}],"curies":[{"name":"wp","href":"https:\/\/api.w.org\/{rel}","templated":true}]}}