{"id":7070,"date":"2024-06-26T15:46:07","date_gmt":"2024-06-26T07:46:07","guid":{"rendered":"https:\/\/pecpets.com\/?post_type=product&#038;p=7070"},"modified":"2025-08-20T11:17:43","modified_gmt":"2025-08-20T03:17:43","slug":"blank-raglan-large-clothes-for-dogs","status":"publish","type":"product","link":"https:\/\/pecpets.com\/tr\/product\/blank-raglan-large-clothes-for-dogs\/","title":{"rendered":"K\u00f6pekler \u0130\u00e7in Bo\u015f Raglan B\u00fcy\u00fck Giysiler"},"content":{"rendered":"<h2>K\u00f6pekler \u0130\u00e7in Toptan Bo\u015f Raglan B\u00fcy\u00fck Giysiler - Rahat, Dayan\u0131kl\u0131 Temel K\u00f6pek Giysileri Fabrika Do\u011frudan<\/h2>\n<p>Konfor ve dayan\u0131kl\u0131l\u0131k sunan K\u00f6pekler i\u00e7in Bo\u015f Raglan B\u00fcy\u00fck Giysilerimizi ke\u015ffedin.<\/p>\n<p>Her k\u00f6pek i\u00e7in m\u00fckemmel olan DOG g\u00f6mle\u011fimiz fabrikadan rekabet\u00e7i fiyatlarla toptan olarak temin edilebilir<\/p>\n<table style=\"height: 269px;\" width=\"287\">\n<tbody>\n<tr>\n<td width=\"137\"><span style=\"color: #333333;\">\u00dcr\u00fcn Ad\u0131<\/span><\/td>\n<td width=\"151\"><span style=\"color: #333333;\">Evcil Hayvan Giysileri<\/span><\/td>\n<\/tr>\n<tr>\n<td><span style=\"color: #333333;\">\u00dcr\u00fcn No.<\/span><\/td>\n<td><span style=\"color: #333333;\">P-C2167<\/span><\/td>\n<\/tr>\n<tr>\n<td><span style=\"color: #333333;\">Malzeme<\/span><\/td>\n<td>Pamuk, Polyester, Polar<\/td>\n<\/tr>\n<tr>\n<td><span style=\"color: #333333;\">\u00a0Boyut ve Renk<\/span><\/td>\n<td><span style=\"color: #333333;\">\u00d6zelle\u015ftirilmi\u015f<\/span><\/td>\n<\/tr>\n<tr>\n<td><span style=\"color: #333333;\">\u00a0Teslimat s\u00fcresi<\/span><\/td>\n<td><span style=\"color: #333333;\">Hava yoluyla k\u00fc\u00e7\u00fck miktarlar i\u00e7in 1- 5 g\u00fcn ve deniz yoluyla b\u00fcy\u00fck miktarlar i\u00e7in 30- 35 g\u00fcn<\/span><\/td>\n<\/tr>\n<\/tbody>\n<\/table>\n<ul>\n<li data-immersive-translate-walked=\"74886ed9-3c57-4843-8350-d06a3e28483f\" data-immersive-translate-paragraph=\"1\"><strong data-immersive-translate-walked=\"74886ed9-3c57-4843-8350-d06a3e28483f\">\u00c7ok Y\u00f6nl\u00fc Tasar\u0131m<\/strong>: Bo\u015f reglan tasar\u0131m\u0131, \u00f6zelle\u015ftirilebilen veya oldu\u011fu gibi giyilebilen klasik bir g\u00f6r\u00fcn\u00fcm sa\u011flayarak \u00e7e\u015fitli durumlar i\u00e7in uygun hale getirir.<\/li>\n<li><strong>Rahat Uyum<\/strong>: Yumu\u015fak, nefes alabilen malzemelerden \u00fcretilen DOG ti\u015f\u00f6rt\u00fcm\u00fcz, b\u00fcy\u00fck k\u00f6pekler i\u00e7in rahat bir uyum sa\u011flayarak \u00f6zg\u00fcrce hareket etmelerine ve rahat kalmalar\u0131na olanak tan\u0131r.<\/li>\n<li><strong>Durable Construction<\/strong>: Y\u00fcksek kaliteli, dayan\u0131kl\u0131 kuma\u015flardan \u00fcretilen bu k\u00f6pek ti\u015f\u00f6rt\u00fc, d\u00fczenli a\u015f\u0131nma ve y\u0131kamaya dayanabilir ve uzun \u00f6m\u00fcrl\u00fc kullan\u0131m sa\u011flar.<\/li>\n<li data-immersive-translate-walked=\"74886ed9-3c57-4843-8350-d06a3e28483f\" data-immersive-translate-paragraph=\"1\"><strong data-immersive-translate-walked=\"74886ed9-3c57-4843-8350-d06a3e28483f\">Wholesale Opportunities<\/strong>: Do\u011frudan fabrika tedarik\u00e7isi olarak, rekabet\u00e7i toptan sat\u0131\u015f fiyatlar\u0131 ve toplu sipari\u015fler i\u00e7in ek avantajlar sunarak i\u015fletmeniz i\u00e7in b\u00fcy\u00fck de\u011fer sa\u011fl\u0131yoruz.<\/li>\n<\/ul>\n<p>K\u00f6pekler i\u00e7in Bo\u015f Raglan B\u00fcy\u00fck Giysiler i\u00e7in toptan sat\u0131\u015f f\u0131rsatlar\u0131m\u0131z ve fabrika do\u011frudan fiyatland\u0131rmam\u0131z hakk\u0131nda daha fazla bilgi edinmek i\u00e7in bug\u00fcn bize ula\u015f\u0131n.<\/p>\n<p>Temel k\u00f6pek k\u0131yafetlerimizle m\u00fc\u015fterilerinizin b\u00fcy\u00fck k\u00f6peklerinin konfor ve dayan\u0131kl\u0131l\u0131\u011f\u0131n keyfini \u00e7\u0131karmas\u0131n\u0131 sa\u011flay\u0131n.<\/p>","protected":false},"excerpt":{"rendered":"<h2 data-immersive-translate-walked=\"f36f68ab-127d-4e10-955b-f6ada5d45339\">K\u00f6pekler \u0130\u00e7in Toptan Bo\u015f Raglan B\u00fcy\u00fck Giysiler<\/h2>\n<p>K\u00f6pekler \u0130\u00e7in Bo\u015f Raglan B\u00fcy\u00fck Giysileri ke\u015ffedin.<\/p>\n<p>Rakipsiz fiyatlar ve kalite i\u00e7in fabrikadan toptan evcil hayvan k\u0131yafetleri sat\u0131n al\u0131n.<\/p>","protected":false},"featured_media":7072,"template":"","meta":{"_seopress_robots_primary_cat":"none","_seopress_titles_title":"Pet Clothes: Blank Large Clothes For Dogs- Top Manufacturers","_seopress_titles_desc":"Equip your customers with our Blank Raglan Large Clothes For Dogs, the perfect choice for basic dog clothing that ensures both comfort and durability.","_seopress_robots_index":"","_uag_custom_page_level_css":""},"product_brand":[],"product_cat":[364,343,23],"product_tag":[],"class_list":{"0":"post-7070","1":"product","2":"type-product","3":"status-publish","4":"has-post-thumbnail","6":"product_cat-basic-dog-clothing","7":"product_cat-pet-shirts","8":"product_cat-pet-clothing","10":"first","11":"instock","12":"shipping-taxable","13":"product-type-simple"},"uagb_featured_image_src":{"full":["https:\/\/pecpets.com\/wp-content\/uploads\/2024\/06\/Main-01-1.jpg",800,800,false],"thumbnail":["https:\/\/pecpets.com\/wp-content\/uploads\/2024\/06\/Main-01-1-150x150.jpg",150,150,true],"medium":["https:\/\/pecpets.com\/wp-content\/uploads\/2024\/06\/Main-01-1-300x300.jpg",300,300,true],"medium_large":["https:\/\/pecpets.com\/wp-content\/uploads\/2024\/06\/Main-01-1-768x768.jpg",768,768,true],"large":["https:\/\/pecpets.com\/wp-content\/uploads\/2024\/06\/Main-01-1.jpg",800,800,false],"1536x1536":["https:\/\/pecpets.com\/wp-content\/uploads\/2024\/06\/Main-01-1.jpg",800,800,false],"2048x2048":["https:\/\/pecpets.com\/wp-content\/uploads\/2024\/06\/Main-01-1.jpg",800,800,false],"trp-custom-language-flag":["https:\/\/pecpets.com\/wp-content\/uploads\/2024\/06\/Main-01-1.jpg",12,12,false],"woocommerce_thumbnail":["https:\/\/pecpets.com\/wp-content\/uploads\/2024\/06\/Main-01-1-300x300.jpg",300,300,true],"woocommerce_single":["https:\/\/pecpets.com\/wp-content\/uploads\/2024\/06\/Main-01-1-600x600.jpg",600,600,true],"woocommerce_gallery_thumbnail":["https:\/\/pecpets.com\/wp-content\/uploads\/2024\/06\/Main-01-1-100x100.jpg",100,100,true]},"uagb_author_info":{"display_name":"Lawrence\u00a0\u52b3\u4f26\u65af","author_link":"https:\/\/pecpets.com\/tr\/author\/"},"uagb_comment_info":0,"uagb_excerpt":"Wholesale Blank Raglan Large Clothes For Dogs Explore Blank Raglan Large Clothes For Dogs. Shop wholesale pet clothes from the factory for unbeatable prices and quality.","_links":{"self":[{"href":"https:\/\/pecpets.com\/tr\/wp-json\/wp\/v2\/product\/7070","targetHints":{"allow":["GET"]}}],"collection":[{"href":"https:\/\/pecpets.com\/tr\/wp-json\/wp\/v2\/product"}],"about":[{"href":"https:\/\/pecpets.com\/tr\/wp-json\/wp\/v2\/types\/product"}],"wp:featuredmedia":[{"embeddable":true,"href":"https:\/\/pecpets.com\/tr\/wp-json\/wp\/v2\/media\/7072"}],"wp:attachment":[{"href":"https:\/\/pecpets.com\/tr\/wp-json\/wp\/v2\/media?parent=7070"}],"wp:term":[{"taxonomy":"product_brand","embeddable":true,"href":"https:\/\/pecpets.com\/tr\/wp-json\/wp\/v2\/product_brand?post=7070"},{"taxonomy":"product_cat","embeddable":true,"href":"https:\/\/pecpets.com\/tr\/wp-json\/wp\/v2\/product_cat?post=7070"},{"taxonomy":"product_tag","embeddable":true,"href":"https:\/\/pecpets.com\/tr\/wp-json\/wp\/v2\/product_tag?post=7070"}],"curies":[{"name":"wp","href":"https:\/\/api.w.org\/{rel}","templated":true}]}}