{"id":7140,"date":"2024-06-27T08:53:29","date_gmt":"2024-06-27T00:53:29","guid":{"rendered":"https:\/\/pecpets.com\/?post_type=product&#038;p=7140"},"modified":"2024-10-29T09:10:33","modified_gmt":"2024-10-29T01:10:33","slug":"dogs-anti-licking-pet-onesies-vest","status":"publish","type":"product","link":"https:\/\/pecpets.com\/tr\/product\/dogs-anti-licking-pet-onesies-vest\/","title":{"rendered":"K\u00f6pekler Yalama \u00d6nleyici Evcil Hayvan Tulumlar\u0131 Yelek"},"content":{"rendered":"<h2>Fonksiyonel K\u00f6pek Giysileri: K\u00f6pekler Anti-Yalama Pet Onesies Yelek - Rahat K\u00f6pek Cerrahi Giysileri - Toptan Fabrika<\/h2>\n<p>Dogs Anti-Licking Pet Onesies Yele\u011fimiz ile ameliyat sonras\u0131 bak\u0131m i\u00e7in nihai \u00e7\u00f6z\u00fcm\u00fc ke\u015ffedin. Optimum konfor ve i\u015flevsellik i\u00e7in \u00f6zel olarak tasarlanan yele\u011fimiz, t\u00fcyl\u00fc dostunuzun iyile\u015fme s\u00fcrecinin sorunsuz ve stressiz ge\u00e7mesini sa\u011flar. Fonksiyonel k\u00f6pek k\u0131yafetlerimiz, yalama ve t\u0131rmalamay\u0131 \u00f6nlerken evcil hayvan\u0131n\u0131z\u0131 rahat ettiren y\u00fcksek kaliteli, nefes alabilen malzemelerden \u00fcretilmi\u015ftir.<\/p>\n<table style=\"border-collapse: collapse; background-color: #ffffff; width: 331px; height: 255px;\" border=\"1\">\n<tbody>\n<tr>\n<td style=\"font-family: Verdana, Arial, Helvetica, sans-serif; font-size: 12px; color: #000000; margin: 8px; width: 187px; text-align: center;\"><span style=\"line-height: 21px; font-size: 14px;\">\u00dcr\u00fcn Ad\u0131<\/span><\/td>\n<td style=\"font-family: Verdana, Arial, Helvetica, sans-serif; font-size: 12px; color: #000000; margin: 8px; width: 526px; text-align: center;\">Evcil Hayvan G\u00f6mle\u011fi<\/td>\n<\/tr>\n<tr>\n<td style=\"font-family: Verdana, Arial, Helvetica, sans-serif; font-size: 12px; color: #000000; margin: 8px; width: 187px; text-align: center;\"><span style=\"line-height: 21px; font-size: 14px;\">\u00dcr\u00fcn No.<\/span><\/td>\n<td style=\"font-family: Verdana, Arial, Helvetica, sans-serif; font-size: 12px; color: #000000; margin: 8px; width: 526px; text-align: center;\"><span style=\"line-height: 21px; font-size: 14px;\">P-S2004<\/span><\/td>\n<\/tr>\n<tr>\n<td style=\"font-family: Verdana, Arial, Helvetica, sans-serif; font-size: 12px; color: #000000; margin: 8px; width: 187px; text-align: center;\"><span style=\"line-height: 21px; color: #333333; font-family: Arial, Helvetica; font-size: 14px; font-style: normal; font-weight: 400; background-color: #ffffff; float: none; display: inline !important;\">Malzeme<\/span><\/td>\n<td style=\"font-family: Verdana, Arial, Helvetica, sans-serif; font-size: 12px; color: #000000; margin: 8px; width: 526px; text-align: center;\">Cotton, Polyester<\/td>\n<\/tr>\n<tr>\n<td style=\"font-family: Verdana, Arial, Helvetica, sans-serif; font-size: 12px; color: #000000; margin: 8px; width: 187px; text-align: center;\"><span style=\"line-height: 21px; font-size: 14px;\">\u00a0Boyut<\/span><\/td>\n<td style=\"font-family: Verdana, Arial, Helvetica, sans-serif; font-size: 12px; color: #000000; margin: 8px; width: 526px; text-align: center;\"><span style=\"font-size: 14px;\">\u00d6zel Boyut<\/span><\/td>\n<\/tr>\n<tr>\n<td style=\"font-family: Verdana, Arial, Helvetica, sans-serif; font-size: 12px; color: #000000; margin: 8px; width: 187px; text-align: center;\"><span style=\"line-height: 21px; font-size: 14px;\">\u00a0Renk<\/span><\/td>\n<td style=\"font-family: Verdana, Arial, Helvetica, sans-serif; font-size: 12px; color: #000000; margin: 8px; width: 526px; text-align: center;\"><span style=\"line-height: 21px; font-size: 14px;\">\u00d6zel Renk\u00a0<\/span><\/td>\n<\/tr>\n<tr>\n<td style=\"font-family: Verdana, Arial, Helvetica, sans-serif; font-size: 12px; color: #000000; margin: 8px; width: 187px; text-align: center;\"><span style=\"line-height: 21px; font-size: 14px;\">\u00a0<span style=\"line-height: 21px; color: #333333; font-family: Arial, Helvetica; font-size: 14px; font-style: normal; font-weight: 400; background-color: #ffffff; float: none; display: inline !important;\">Evcil hayvan t\u00fcr\u00fc<\/span><\/span><\/td>\n<td style=\"font-family: Verdana, Arial, Helvetica, sans-serif; font-size: 12px; color: #000000; margin: 8px; width: 526px; text-align: center;\"><span style=\"line-height: 21px; font-size: 14px;\">\u00a0T\u00fcm K\u00f6pekler<\/span><\/td>\n<\/tr>\n<tr>\n<td style=\"font-family: Verdana, Arial, Helvetica, sans-serif; font-size: 12px; color: #000000; margin: 8px; width: 187px; text-align: center;\"><span style=\"line-height: 21px; font-size: 14px;\">\u00a0<span style=\"line-height: 21px; color: #333333; font-family: Arial, Helvetica; font-size: 14px; font-style: normal; font-weight: 400; background-color: #ffffff; float: none; display: inline !important;\">Teslimat s\u00fcresi<\/span><\/span><\/td>\n<td style=\"font-family: Verdana, Arial, Helvetica, sans-serif; font-size: 12px; color: #000000; margin: 8px; width: 526px; text-align: center;\"><span style=\"line-height: 21px; font-size: 14px;\"><span style=\"line-height: 21px; color: #000000; font-family: Verdana, Arial, Helvetica, sans-serif; font-size: 14px; font-style: normal; font-weight: 400; background-color: #ffffff; float: none; display: inline !important;\">Hava yoluyla k\u00fc\u00e7\u00fck miktar i\u00e7in 1-5 g\u00fcn ve deniz yoluyla b\u00fcy\u00fck miktar i\u00e7in 30-35 g\u00fcn<\/span>\u00a0<\/span><\/td>\n<\/tr>\n<tr>\n<td style=\"font-family: Verdana, Arial, Helvetica, sans-serif; font-size: 12px; color: #000000; margin: 8px; width: 187px; text-align: center;\"><span style=\"line-height: 21px; font-size: 14px;\">\u00a0<span style=\"line-height: 21px; color: #333333; font-family: Arial, Helvetica; font-size: 14px; font-style: normal; font-weight: 400; background-color: #ffffff; float: none; display: inline !important;\">Sevkiyat liman\u0131<\/span><\/span><\/td>\n<td style=\"font-family: Verdana, Arial, Helvetica, sans-serif; font-size: 12px; color: #000000; margin: 8px; width: 526px; text-align: center;\"><span style=\"line-height: 21px; font-size: 14px;\">Xiamen\u00a0<\/span><\/td>\n<\/tr>\n<tr>\n<td style=\"font-family: Verdana, Arial, Helvetica, sans-serif; font-size: 12px; color: #000000; margin: 8px; width: 187px; text-align: center;\"><span style=\"line-height: 21px; font-size: 14px;\">\u00a0<span style=\"line-height: 21px; color: #333333; font-family: Arial, Helvetica; font-size: 14px; font-style: normal; font-weight: 400; background-color: #ffffff; float: none; display: inline !important;\">OEM\/ODM<\/span><\/span><\/td>\n<td style=\"font-family: Verdana, Arial, Helvetica, sans-serif; font-size: 12px; color: #000000; margin: 8px; width: 526px; text-align: center;\"><span style=\"line-height: 21px; font-size: 14px;\">\u00a0<span style=\"line-height: 21px; color: #333333; font-family: Arial, Helvetica; font-size: 14px; font-style: normal; font-weight: 400; background-color: #ffffff; float: none; display: inline !important;\">Mevcut<\/span><\/span><\/td>\n<\/tr>\n<tr>\n<td style=\"font-family: Verdana, Arial, Helvetica, sans-serif; font-size: 12px; color: #000000; margin: 8px; width: 187px; text-align: center;\"><span style=\"line-height: 21px; font-size: 14px;\">\u00a0<span style=\"line-height: 21px; color: #333333; font-family: Arial, Helvetica; font-size: 14px; font-style: normal; font-weight: 400; background-color: #ffffff; float: none; display: inline !important;\">Paket<\/span><\/span><\/td>\n<td style=\"font-family: Verdana, Arial, Helvetica, sans-serif; font-size: 12px; color: #000000; margin: 8px; width: 526px; text-align: center;\"><span style=\"line-height: 21px; font-size: 14px;\"><span style=\"line-height: 21px; color: #333333; font-family: Arial, Helvetica; font-size: 14px; font-style: normal; font-weight: 400; background-color: #ffffff; float: none; display: inline !important;\">Her biri bir PPB i\u00e7inde paketlendikten sonra Kartona veya ihtiyaca g\u00f6re<\/span><\/span><\/td>\n<\/tr>\n<\/tbody>\n<\/table>\n<ul>\n<li><strong>Fonksiyonel K\u00f6pek K\u0131yafetleri<\/strong>: Yalamaya ve \u00e7izilmeye kar\u015f\u0131 etkili koruma sa\u011flayarak daha h\u0131zl\u0131 iyile\u015fme sa\u011flamak i\u00e7in tasarlanm\u0131\u015ft\u0131r.<\/li>\n<li><strong>K\u00f6pek Ameliyat K\u0131yafetleri<\/strong>: Ameliyat sonras\u0131 bak\u0131m i\u00e7in idealdir, evcil hayvanlar\u0131n yaralara veya diki\u015flere m\u00fcdahale etmesini \u00f6nleyen g\u00fcvenli ve rahat bir uyum sa\u011flar.<\/li>\n<li><strong>Konforlu Tasar\u0131m<\/strong>: K\u00f6pe\u011finizin rahat ve tahri\u015f olmadan kalmas\u0131n\u0131 garanti eden yumu\u015fak, nefes alabilen kuma\u015ftan \u00fcretilmi\u015ftir.<\/li>\n<li data-immersive-translate-walked=\"dccba797-3b74-4de3-9466-e3eeeb22814a\" data-immersive-translate-paragraph=\"1\"><strong data-immersive-translate-walked=\"dccba797-3b74-4de3-9466-e3eeeb22814a\">Toptan ve Fabrika Fiyatlar\u0131<\/strong>: Toplu sipari\u015fler i\u00e7in mevcut olan anti-yalama evcil hayvan tulum yele\u011fimiz, veteriner hekimler, evcil hayvan klinikleri ve perakendeciler i\u00e7in rakipsiz bir de\u011fer sunar.<\/li>\n<\/ul>\n<p data-immersive-translate-walked=\"dccba797-3b74-4de3-9466-e3eeeb22814a\" data-immersive-translate-paragraph=\"1\">Bizimle i\u015f ortakl\u0131\u011f\u0131 yaparak, toptan fabrika fiyatlar\u0131yla \u00fcst\u00fcn kaliteli k\u00f6pek ameliyat\u0131 k\u0131yafetlerine eri\u015febilirsiniz, bu da i\u015finiz i\u00e7in uygun maliyetli bir se\u00e7imdir.<\/p>\n<p data-immersive-translate-walked=\"dccba797-3b74-4de3-9466-e3eeeb22814a\" data-immersive-translate-paragraph=\"1\">Ma\u011fazan\u0131z\u0131 en iyilerle donat\u0131n <span style=\"color: #ff0000;\"><a style=\"color: #ff0000;\" href=\"https:\/\/pecpets.com\/tr\/urun-kategori%cc%87si%cc%87\/pet-clothing\/\" target=\"_blank\" rel=\"noopener\">fonksiyonel k\u00f6pek k\u0131yafetleri<\/a><\/span> mevcut. Dogs Anti-Licking Pet Onesies Vest \u00fcr\u00fcn\u00fcm\u00fcz\u00fc toplu olarak sipari\u015f edin ve m\u00fc\u015fterilerinize evcil hayvanlar\u0131n\u0131n hak etti\u011fi \u00fcst\u00fcn ameliyat sonras\u0131 bak\u0131m\u0131 sa\u011flay\u0131n. Toptan sat\u0131\u015f fiyatlar\u0131m\u0131z ve fabrika do\u011frudan tekliflerimiz hakk\u0131nda daha fazla bilgi edinmek i\u00e7in bug\u00fcn bize ula\u015f\u0131n.<span class=\"notranslate immersive-translate-target-wrapper\" lang=\"zh-CN\" translate=\"no\" data-immersive-translate-loading-id=\"1\">\u00a0<\/span><\/p>","protected":false},"excerpt":{"rendered":"<h2><strong><b>Toptan K\u00f6pekler Anti-Yalama Pet Tulum Yelek<\/b><\/strong><\/h2>\n<p>Discover Dogs Yalama \u00d6nleyici Evcil Hayvan Tulum Yelek.<\/p>\n<p>Y\u00fcksek kaliteli tasar\u0131mlar\u0131m\u0131zla evcil hayvanlar\u0131n\u0131z\u0131n \u015f\u0131kl\u0131\u011f\u0131n\u0131 koruyun.<\/p>","protected":false},"featured_media":7148,"template":"","meta":{"_seopress_robots_primary_cat":"none","_seopress_titles_title":"\u00a0Dogs Anti-Licking Pet Onesies Vest - Top Manufacturers","_seopress_titles_desc":"Our Dogs Anti-Licking Pet Onesies Vest stands out in the market for its unique blend of comfort. The design makes dressing and undressing simple,","_seopress_robots_index":"","_seopress_analysis_target_kw":"Dogs Anti-Licking Pet Onesies Vest","_uag_custom_page_level_css":""},"product_brand":[],"product_cat":[366,365],"product_tag":[],"class_list":{"0":"post-7140","1":"product","2":"type-product","3":"status-publish","4":"has-post-thumbnail","6":"product_cat-dog-surgery-clothes","7":"product_cat-functional-dog-clothing","9":"first","10":"instock","11":"shipping-taxable","12":"product-type-simple"},"uagb_featured_image_src":{"full":["https:\/\/pecpets.com\/wp-content\/uploads\/2024\/06\/0ced2d36-c2b1-4435-8fab-8f5acb8c8a07.jpeg",800,800,false],"thumbnail":["https:\/\/pecpets.com\/wp-content\/uploads\/2024\/06\/0ced2d36-c2b1-4435-8fab-8f5acb8c8a07-150x150.jpeg",150,150,true],"medium":["https:\/\/pecpets.com\/wp-content\/uploads\/2024\/06\/0ced2d36-c2b1-4435-8fab-8f5acb8c8a07-300x300.jpeg",300,300,true],"medium_large":["https:\/\/pecpets.com\/wp-content\/uploads\/2024\/06\/0ced2d36-c2b1-4435-8fab-8f5acb8c8a07-768x768.jpeg",768,768,true],"large":["https:\/\/pecpets.com\/wp-content\/uploads\/2024\/06\/0ced2d36-c2b1-4435-8fab-8f5acb8c8a07.jpeg",800,800,false],"1536x1536":["https:\/\/pecpets.com\/wp-content\/uploads\/2024\/06\/0ced2d36-c2b1-4435-8fab-8f5acb8c8a07.jpeg",800,800,false],"2048x2048":["https:\/\/pecpets.com\/wp-content\/uploads\/2024\/06\/0ced2d36-c2b1-4435-8fab-8f5acb8c8a07.jpeg",800,800,false],"trp-custom-language-flag":["https:\/\/pecpets.com\/wp-content\/uploads\/2024\/06\/0ced2d36-c2b1-4435-8fab-8f5acb8c8a07.jpeg",12,12,false],"woocommerce_thumbnail":["https:\/\/pecpets.com\/wp-content\/uploads\/2024\/06\/0ced2d36-c2b1-4435-8fab-8f5acb8c8a07-300x300.jpeg",300,300,true],"woocommerce_single":["https:\/\/pecpets.com\/wp-content\/uploads\/2024\/06\/0ced2d36-c2b1-4435-8fab-8f5acb8c8a07-600x600.jpeg",600,600,true],"woocommerce_gallery_thumbnail":["https:\/\/pecpets.com\/wp-content\/uploads\/2024\/06\/0ced2d36-c2b1-4435-8fab-8f5acb8c8a07-100x100.jpeg",100,100,true]},"uagb_author_info":{"display_name":"Lawrence\u00a0\u52b3\u4f26\u65af","author_link":"https:\/\/pecpets.com\/tr\/author\/"},"uagb_comment_info":0,"uagb_excerpt":"Wholesale Dogs Anti-Licking Pet Onesies Vest Discover Dogs Anti-Licking Pet Onesies Vest. Keep your pets stylish with our high-quality designs.","_links":{"self":[{"href":"https:\/\/pecpets.com\/tr\/wp-json\/wp\/v2\/product\/7140","targetHints":{"allow":["GET"]}}],"collection":[{"href":"https:\/\/pecpets.com\/tr\/wp-json\/wp\/v2\/product"}],"about":[{"href":"https:\/\/pecpets.com\/tr\/wp-json\/wp\/v2\/types\/product"}],"wp:featuredmedia":[{"embeddable":true,"href":"https:\/\/pecpets.com\/tr\/wp-json\/wp\/v2\/media\/7148"}],"wp:attachment":[{"href":"https:\/\/pecpets.com\/tr\/wp-json\/wp\/v2\/media?parent=7140"}],"wp:term":[{"taxonomy":"product_brand","embeddable":true,"href":"https:\/\/pecpets.com\/tr\/wp-json\/wp\/v2\/product_brand?post=7140"},{"taxonomy":"product_cat","embeddable":true,"href":"https:\/\/pecpets.com\/tr\/wp-json\/wp\/v2\/product_cat?post=7140"},{"taxonomy":"product_tag","embeddable":true,"href":"https:\/\/pecpets.com\/tr\/wp-json\/wp\/v2\/product_tag?post=7140"}],"curies":[{"name":"wp","href":"https:\/\/api.w.org\/{rel}","templated":true}]}}