{"id":7340,"date":"2024-06-29T11:48:13","date_gmt":"2024-06-29T03:48:13","guid":{"rendered":"https:\/\/pecpets.com\/?post_type=product&#038;p=7340"},"modified":"2024-10-30T10:17:44","modified_gmt":"2024-10-30T02:17:44","slug":"led-light-up-dog-collar","status":"publish","type":"product","link":"https:\/\/pecpets.com\/tr\/product\/led-light-up-dog-collar\/","title":{"rendered":"LED I\u015f\u0131kl\u0131 K\u00f6pek Tasmas\u0131"},"content":{"rendered":"<h2 data-immersive-translate-walked=\"e7004b1f-2e8f-4436-a121-9fbf271e51c9\">LED I\u015f\u0131kl\u0131 K\u00f6pek Tasmas\u0131 | E\u011fitim ve G\u00fcvenlik Tasmalar\u0131 | Rahat ve Dayan\u0131kl\u0131 | Toptan Fabrika<\/h2>\n<table style=\"border-collapse: collapse; background-color: #ffffff; width: 329px; height: 273px;\" border=\"1\">\n<tbody>\n<tr>\n<td style=\"font-family: Verdana, Arial, Helvetica, sans-serif; font-size: 12px; color: #000000; margin: 8px; width: 187px; text-align: center;\"><span style=\"line-height: 21px; font-size: 14px;\">\u00dcr\u00fcn Ad\u0131<\/span><\/td>\n<td style=\"font-family: Verdana, Arial, Helvetica, sans-serif; font-size: 12px; color: #000000; margin: 8px; width: 526px; text-align: center;\"><span style=\"font-size: 14px;\">Evcil Hayvan Tasmas\u0131<\/span><\/td>\n<\/tr>\n<tr>\n<td style=\"font-family: Verdana, Arial, Helvetica, sans-serif; font-size: 12px; color: #000000; margin: 8px; width: 187px; text-align: center;\"><span style=\"line-height: 21px; font-size: 14px;\">\u00dcr\u00fcn No.<\/span><\/td>\n<td style=\"font-family: Verdana, Arial, Helvetica, sans-serif; font-size: 12px; color: #000000; margin: 8px; width: 526px; text-align: center;\"><span style=\"line-height: 21px; font-size: 14px;\">P-C1008<\/span><\/td>\n<\/tr>\n<tr>\n<td style=\"font-family: Verdana, Arial, Helvetica, sans-serif; font-size: 12px; color: #000000; margin: 8px; width: 187px; text-align: center;\"><span style=\"line-height: 21px; color: #333333; font-family: Arial, Helvetica; font-size: 14px; font-style: normal; font-weight: 400; background-color: #ffffff; float: none; display: inline !important;\">Malzeme<\/span><\/td>\n<td style=\"font-family: Verdana, Arial, Helvetica, sans-serif; font-size: 12px; color: #000000; margin: 8px; width: 526px; text-align: center;\"><span style=\"color: #333333; font-family: Helvetica,Tahoma,Arial; font-size: 12px; font-style: normal; font-weight: 400; background-color: #fcfcfc; display: inline !important; float: none;\">Oxford Kuma\u015f<\/span><\/td>\n<\/tr>\n<tr>\n<td style=\"font-family: Verdana, Arial, Helvetica, sans-serif; font-size: 12px; color: #000000; margin: 8px; width: 187px; text-align: center;\"><span style=\"line-height: 21px; font-size: 14px;\">\u00a0Boyut<\/span><\/td>\n<td style=\"margin: 8px; width: 526px; text-align: center;\"><span style=\"color: #222222; font-family: Helvetica, Tahoma, Arial;\"><span style=\"font-size: 14px;\">\u00d6zel Boyut<\/span><\/span><\/td>\n<\/tr>\n<tr>\n<td style=\"font-family: Verdana, Arial, Helvetica, sans-serif; font-size: 12px; color: #000000; margin: 8px; width: 187px; text-align: center;\"><span style=\"line-height: 21px; font-size: 14px;\">\u00a0Renk<\/span><\/td>\n<td style=\"font-family: Verdana, Arial, Helvetica, sans-serif; font-size: 12px; color: #000000; margin: 8px; width: 526px; text-align: center;\"><span style=\"font-size: 14px;\">\u00d6zel Renk<\/span><\/td>\n<\/tr>\n<tr>\n<td style=\"font-family: Verdana, Arial, Helvetica, sans-serif; font-size: 12px; color: #000000; margin: 8px; width: 187px; text-align: center;\"><span style=\"line-height: 21px; font-size: 14px;\">\u00a0<span style=\"line-height: 21px; color: #333333; font-family: Arial, Helvetica; font-size: 14px; font-style: normal; font-weight: 400; background-color: #ffffff; float: none; display: inline !important;\">Evcil hayvan t\u00fcr\u00fc<\/span><\/span><\/td>\n<td style=\"font-family: Verdana, Arial, Helvetica, sans-serif; font-size: 12px; color: #000000; margin: 8px; width: 526px; text-align: center;\"><span style=\"line-height: 21px; font-size: 14px;\">\u00a0T\u00fcm K\u00f6pekler<\/span><\/td>\n<\/tr>\n<tr>\n<td style=\"font-family: Verdana, Arial, Helvetica, sans-serif; font-size: 12px; color: #000000; margin: 8px; width: 187px; text-align: center;\"><span style=\"line-height: 21px; font-size: 14px;\">\u00a0<span style=\"line-height: 21px; color: #333333; font-family: Arial, Helvetica; font-size: 14px; font-style: normal; font-weight: 400; background-color: #ffffff; float: none; display: inline !important;\">Teslimat s\u00fcresi<\/span><\/span><\/td>\n<td style=\"font-family: Verdana, Arial, Helvetica, sans-serif; font-size: 12px; color: #000000; margin: 8px; width: 526px; text-align: center;\"><span style=\"line-height: 21px; font-size: 14px;\"><span style=\"line-height: 21px; color: #000000; font-family: Verdana, Arial, Helvetica, sans-serif; font-size: 14px; font-style: normal; font-weight: 400; background-color: #ffffff; float: none; display: inline !important;\">Hava yoluyla k\u00fc\u00e7\u00fck miktar i\u00e7in 1-5 g\u00fcn ve deniz yoluyla b\u00fcy\u00fck miktar i\u00e7in 30-35 g\u00fcn<\/span>\u00a0<\/span><\/td>\n<\/tr>\n<tr>\n<td style=\"font-family: Verdana, Arial, Helvetica, sans-serif; font-size: 12px; color: #000000; margin: 8px; width: 187px; text-align: center;\"><span style=\"line-height: 21px; font-size: 14px;\">\u00a0<span style=\"line-height: 21px; color: #333333; font-family: Arial, Helvetica; font-size: 14px; font-style: normal; font-weight: 400; background-color: #ffffff; float: none; display: inline !important;\">Sevkiyat liman\u0131<\/span><\/span><\/td>\n<td style=\"font-family: Verdana, Arial, Helvetica, sans-serif; font-size: 12px; color: #000000; margin: 8px; width: 526px; text-align: center;\"><span style=\"line-height: 21px; font-size: 14px;\">Xiamen\u00a0<\/span><\/td>\n<\/tr>\n<tr>\n<td style=\"font-family: Verdana, Arial, Helvetica, sans-serif; font-size: 12px; color: #000000; margin: 8px; width: 187px; text-align: center;\"><span style=\"line-height: 21px; font-size: 14px;\">\u00a0<span style=\"line-height: 21px; color: #333333; font-family: Arial, Helvetica; font-size: 14px; font-style: normal; font-weight: 400; background-color: #ffffff; float: none; display: inline !important;\">OEM\/ODM<\/span><\/span><\/td>\n<td style=\"font-family: Verdana, Arial, Helvetica, sans-serif; font-size: 12px; color: #000000; margin: 8px; width: 526px; text-align: center;\"><span style=\"line-height: 21px; font-size: 14px;\">\u00a0<span style=\"line-height: 21px; color: #333333; font-family: Arial, Helvetica; font-size: 14px; font-style: normal; font-weight: 400; background-color: #ffffff; float: none; display: inline !important;\">Mevcut<\/span><\/span><\/td>\n<\/tr>\n<tr>\n<td style=\"font-family: Verdana, Arial, Helvetica, sans-serif; font-size: 12px; color: #000000; margin: 8px; width: 187px; text-align: center;\"><span style=\"line-height: 21px; font-size: 14px;\">\u00a0<span style=\"line-height: 21px; color: #333333; font-family: Arial, Helvetica; font-size: 14px; font-style: normal; font-weight: 400; background-color: #ffffff; float: none; display: inline !important;\">Paket<\/span><\/span><\/td>\n<td style=\"font-family: Verdana, Arial, Helvetica, sans-serif; font-size: 12px; color: #000000; margin: 8px; width: 526px; text-align: center;\"><span style=\"line-height: 21px; font-size: 14px;\"><span style=\"line-height: 21px; color: #333333; font-family: Arial, Helvetica; font-size: 14px; font-style: normal; font-weight: 400; background-color: #ffffff; float: none; display: inline !important;\">Her biri bir PPB i\u00e7inde paketlendikten sonra Kartona veya ihtiyaca g\u00f6re<\/span><\/span><\/td>\n<\/tr>\n<\/tbody>\n<\/table>\n<ul>\n<li>\n<p data-immersive-translate-walked=\"8b5afd8b-1b58-4d39-bfba-c28d7f2dd9b7\" data-immersive-translate-paragraph=\"1\"><strong data-immersive-translate-walked=\"8b5afd8b-1b58-4d39-bfba-c28d7f2dd9b7\">Geli\u015fmi\u015f G\u00f6r\u00fcn\u00fcrl\u00fck<\/strong>: LED I\u015f\u0131kland\u0131rmam\u0131z <span style=\"color: #ff0000;\"><a style=\"color: #ff0000;\" href=\"https:\/\/pecpets.com\/tr\/urun-kategori%cc%87si%cc%87\/pet-collars\/\" target=\"_blank\" rel=\"noopener\">K\u00f6pek Tasmas\u0131<\/a><\/span> evcil hayvan\u0131n\u0131z\u0131n d\u00fc\u015f\u00fck \u0131\u015f\u0131k ko\u015fullar\u0131nda g\u00f6r\u00fcn\u00fcr olmas\u0131n\u0131 sa\u011flar. Parlak LED \u0131\u015f\u0131klarla donat\u0131lm\u0131\u015f olan bu \u00fcr\u00fcn, gece y\u00fcr\u00fcy\u00fc\u015fleri s\u0131ras\u0131nda maksimum g\u00f6r\u00fcn\u00fcrl\u00fck sa\u011flayarak hem evcil hayvanlar hem de sahipleri i\u00e7in g\u00fcvenli\u011fi art\u0131r\u0131r.<\/p>\n<\/li>\n<li>\n<p data-immersive-translate-walked=\"8b5afd8b-1b58-4d39-bfba-c28d7f2dd9b7\" data-immersive-translate-paragraph=\"1\"><strong data-immersive-translate-walked=\"8b5afd8b-1b58-4d39-bfba-c28d7f2dd9b7\">\u00d6nce G\u00fcvenlik<\/strong>: G\u00fcvenlik g\u00f6z \u00f6n\u00fcnde bulundurularak tasarlanan tasmalar\u0131m\u0131z toksik olmayan malzemeler kullan\u0131r ve kazara serbest kalmas\u0131n\u0131 \u00f6nlemek i\u00e7in g\u00fcvenli bir tokaya sahiptir. LED \u0131\u015f\u0131klar enerji tasarrufludur ve daha fazla rahatl\u0131k i\u00e7in birden fazla ayd\u0131nlatma moduna sahiptir.<\/p>\n<\/li>\n<li><strong>Rahat Uyum<\/strong>: Birinci s\u0131n\u0131f malzemelerden \u00fcretilen k\u00f6pek tasmalar\u0131m\u0131z, her boyuttaki k\u00f6pek i\u00e7in rahat bir uyum sa\u011flar. Ayarlanabilir tasar\u0131m ve hafif yap\u0131, rahats\u0131zl\u0131\u011fa neden olmadan uzun s\u00fcreli kullan\u0131m sa\u011flar.<\/li>\n<li><strong>Dayan\u0131kl\u0131l\u0131k<\/strong>: Uzun \u00f6m\u00fcrl\u00fc olmas\u0131 i\u00e7in \u00fcretilen LED tasmalar\u0131m\u0131z, d\u00fczenli kullan\u0131ma dayanabilecek dayan\u0131kl\u0131 malzemelerden \u00fcretilmi\u015ftir. A\u00e7\u0131k hava etkinlikleri ve e\u011fitim seanslar\u0131 i\u00e7in ideal olan bu tasmalar, \u00e7e\u015fitli hava ko\u015fullar\u0131na dayanacak \u015fekilde tasarlanm\u0131\u015ft\u0131r.<\/li>\n<li>\n<p data-immersive-translate-walked=\"8b5afd8b-1b58-4d39-bfba-c28d7f2dd9b7\" data-immersive-translate-paragraph=\"1\"><strong data-immersive-translate-walked=\"8b5afd8b-1b58-4d39-bfba-c28d7f2dd9b7\">Toptan Sat\u0131\u015f<\/strong>: Do\u011frudan fabrika tedarik\u00e7isi olarak, toplu sipari\u015fler i\u00e7in rekabet\u00e7i toptan sat\u0131\u015f fiyatlar\u0131 sunuyoruz. Verimli \u00fcretim ve da\u011f\u0131t\u0131m sistemimiz, zaman\u0131nda teslimat ve m\u00fckemmel m\u00fc\u015fteri hizmeti sa\u011flar.<\/p>\n<\/li>\n<\/ul>\n<p><strong>Neden Bizi Se\u00e7melisiniz?<\/strong><\/p>\n<ul>\n<li><strong>Do\u011frudan Fabrika<\/strong>: Do\u011frudan fabrikam\u0131zdan sat\u0131n alarak, daha d\u00fc\u015f\u00fck maliyetlerden ve daha h\u0131zl\u0131 sevkiyat s\u00fcrelerinden faydalan\u0131rs\u0131n\u0131z. Arac\u0131y\u0131 ortadan kald\u0131rarak size en iyi de\u011feri sa\u011fl\u0131yoruz.<\/li>\n<li>\n<p data-immersive-translate-walked=\"8b5afd8b-1b58-4d39-bfba-c28d7f2dd9b7\" data-immersive-translate-paragraph=\"1\"><strong data-immersive-translate-walked=\"8b5afd8b-1b58-4d39-bfba-c28d7f2dd9b7\">Kalite G\u00fcvence<\/strong>: Her yaka, y\u00fcksek standartlar\u0131m\u0131z\u0131 kar\u015f\u0131lad\u0131\u011f\u0131ndan emin olmak i\u00e7in s\u0131k\u0131 kalite kontrol kontrollerinden ge\u00e7er. \u0130\u015fletmenizin ihtiya\u00e7 duydu\u011fu performans\u0131 ve g\u00fcvenilirli\u011fi sa\u011flamak i\u00e7in \u00fcr\u00fcnlerimize g\u00fcvenebilirsiniz.<\/p>\n<\/li>\n<li>\n<p data-immersive-translate-walked=\"8b5afd8b-1b58-4d39-bfba-c28d7f2dd9b7\" data-immersive-translate-paragraph=\"1\"><strong data-immersive-translate-walked=\"8b5afd8b-1b58-4d39-bfba-c28d7f2dd9b7\">\u00d6zelle\u015ftirilebilir Se\u00e7enekler<\/strong>: \u00d6zel gereksinimlerinizi kar\u015f\u0131lamak i\u00e7in \u00f6zelle\u015ftirme se\u00e7enekleri sunuyoruz. Markala\u015fmadan tasar\u0131m ayarlamalar\u0131na kadar, markan\u0131z\u0131n kimli\u011fine uygun \u00fcr\u00fcnler yaratmak i\u00e7in sizinle birlikte \u00e7al\u0131\u015f\u0131yoruz.<\/p>\n<\/li>\n<\/ul>","protected":false},"excerpt":{"rendered":"<h2><strong><b>Toptan LED I\u015f\u0131kl\u0131 K\u00f6pek Tasmas\u0131<\/b><\/strong><\/h2>\n<p>LED I\u015f\u0131kl\u0131 K\u00f6pek Tasmas\u0131n\u0131 ke\u015ffedin.<\/p>\n<p>Y\u00fcksek kaliteli tasar\u0131mlar\u0131m\u0131zla evcil hayvanlar\u0131n\u0131z\u0131n \u015f\u0131kl\u0131\u011f\u0131n\u0131 koruyun.<\/p>","protected":false},"featured_media":7341,"template":"","meta":{"_seopress_robots_primary_cat":"none","_seopress_titles_title":"LED Light Up Dog Collar - Professional Manufacturers","_seopress_titles_desc":"Discover LED Light Up Dog Collar for training and safety. Shop high-quality collars at wholesale factory prices. Perfect for pet dogs.","_seopress_robots_index":"","_seopress_analysis_target_kw":"LED Light Up Dog Collar","_uag_custom_page_level_css":""},"product_brand":[],"product_cat":[211,363],"product_tag":[215,216,214,213],"class_list":{"0":"post-7340","1":"product","2":"type-product","3":"status-publish","4":"has-post-thumbnail","6":"product_cat-pet-collars","7":"product_cat-training-safety-collars","8":"product_tag-adjustable-collar","9":"product_tag-collar-and-leash-set","10":"product_tag-custom-color-dog-collar","11":"product_tag-dog-collar","13":"first","14":"instock","15":"shipping-taxable","16":"product-type-simple"},"uagb_featured_image_src":{"full":["https:\/\/pecpets.com\/wp-content\/uploads\/2024\/06\/\u4e3b\u56fe-01-35.jpg",1414,1414,false],"thumbnail":["https:\/\/pecpets.com\/wp-content\/uploads\/2024\/06\/\u4e3b\u56fe-01-35-150x150.jpg",150,150,true],"medium":["https:\/\/pecpets.com\/wp-content\/uploads\/2024\/06\/\u4e3b\u56fe-01-35-300x300.jpg",300,300,true],"medium_large":["https:\/\/pecpets.com\/wp-content\/uploads\/2024\/06\/\u4e3b\u56fe-01-35-768x768.jpg",768,768,true],"large":["https:\/\/pecpets.com\/wp-content\/uploads\/2024\/06\/\u4e3b\u56fe-01-35-1024x1024.jpg",800,800,true],"1536x1536":["https:\/\/pecpets.com\/wp-content\/uploads\/2024\/06\/\u4e3b\u56fe-01-35.jpg",1414,1414,false],"2048x2048":["https:\/\/pecpets.com\/wp-content\/uploads\/2024\/06\/\u4e3b\u56fe-01-35.jpg",1414,1414,false],"trp-custom-language-flag":["https:\/\/pecpets.com\/wp-content\/uploads\/2024\/06\/\u4e3b\u56fe-01-35.jpg",12,12,false],"woocommerce_thumbnail":["https:\/\/pecpets.com\/wp-content\/uploads\/2024\/06\/\u4e3b\u56fe-01-35-300x300.jpg",300,300,true],"woocommerce_single":["https:\/\/pecpets.com\/wp-content\/uploads\/2024\/06\/\u4e3b\u56fe-01-35-600x600.jpg",600,600,true],"woocommerce_gallery_thumbnail":["https:\/\/pecpets.com\/wp-content\/uploads\/2024\/06\/\u4e3b\u56fe-01-35-100x100.jpg",100,100,true]},"uagb_author_info":{"display_name":"Lawrence\u00a0\u52b3\u4f26\u65af","author_link":"https:\/\/pecpets.com\/tr\/author\/"},"uagb_comment_info":0,"uagb_excerpt":"Wholesale LED Light Up Dog Collar Discover LED Light Up Dog Collar. Keep your pets stylish with our high-quality designs.","_links":{"self":[{"href":"https:\/\/pecpets.com\/tr\/wp-json\/wp\/v2\/product\/7340","targetHints":{"allow":["GET"]}}],"collection":[{"href":"https:\/\/pecpets.com\/tr\/wp-json\/wp\/v2\/product"}],"about":[{"href":"https:\/\/pecpets.com\/tr\/wp-json\/wp\/v2\/types\/product"}],"wp:featuredmedia":[{"embeddable":true,"href":"https:\/\/pecpets.com\/tr\/wp-json\/wp\/v2\/media\/7341"}],"wp:attachment":[{"href":"https:\/\/pecpets.com\/tr\/wp-json\/wp\/v2\/media?parent=7340"}],"wp:term":[{"taxonomy":"product_brand","embeddable":true,"href":"https:\/\/pecpets.com\/tr\/wp-json\/wp\/v2\/product_brand?post=7340"},{"taxonomy":"product_cat","embeddable":true,"href":"https:\/\/pecpets.com\/tr\/wp-json\/wp\/v2\/product_cat?post=7340"},{"taxonomy":"product_tag","embeddable":true,"href":"https:\/\/pecpets.com\/tr\/wp-json\/wp\/v2\/product_tag?post=7340"}],"curies":[{"name":"wp","href":"https:\/\/api.w.org\/{rel}","templated":true}]}}