{"id":7361,"date":"2024-06-29T13:02:00","date_gmt":"2024-06-29T05:02:00","guid":{"rendered":"https:\/\/pecpets.com\/?post_type=product&#038;p=7361"},"modified":"2024-10-30T10:21:43","modified_gmt":"2024-10-30T02:21:43","slug":"adjustable-safety-buckle-strong-nylon-dog-collar","status":"publish","type":"product","link":"https:\/\/pecpets.com\/tr\/product\/adjustable-safety-buckle-strong-nylon-dog-collar\/","title":{"rendered":"Ayarlanabilir Emniyet Tokal\u0131 G\u00fc\u00e7l\u00fc Naylon K\u00f6pek Tasmas\u0131"},"content":{"rendered":"<h2 data-immersive-translate-walked=\"e7004b1f-2e8f-4436-a121-9fbf271e51c9\">Ayarlanabilir G\u00fcvenlik Tokas\u0131 G\u00fc\u00e7l\u00fc Naylon K\u00f6pek Tasmas\u0131 | E\u011fitim ve G\u00fcvenlik Tasmalar\u0131 | Rahat ve Dayan\u0131kl\u0131 | Toptan Fabrika<\/h2>\n<p>Y\u00fcksek kaliteli Ayarlanabilir Emniyet Tokal\u0131 G\u00fc\u00e7l\u00fc Naylon K\u00f6pek Tasmalar\u0131 i\u00e7in \u00f6nde gelen kayna\u011f\u0131n\u0131z olan B2B platformumuza ho\u015f geldiniz. K\u00f6pek tasmalar\u0131m\u0131z maksimum g\u00fcvenlik, konfor ve dayan\u0131kl\u0131l\u0131k i\u00e7in tasarlanm\u0131\u015ft\u0131r, bu da onlar\u0131 hem e\u011fitim hem de g\u00fcnl\u00fck kullan\u0131m i\u00e7in ideal hale getirir. Evcil hayvan perakendecileri, e\u011fitmenleri ve distrib\u00fct\u00f6rleri i\u00e7in m\u00fckemmel olan en y\u00fcksek standartlar\u0131 kar\u015f\u0131layan \u00fcst d\u00fczey \u00fcr\u00fcnler sunuyoruz.<\/p>\n<table style=\"border-collapse: collapse; background-color: #ffffff; width: 329px; height: 273px;\" border=\"1\">\n<tbody>\n<tr>\n<td style=\"font-family: Verdana, Arial, Helvetica, sans-serif; font-size: 12px; color: #000000; margin: 8px; width: 187px; text-align: center;\"><span style=\"line-height: 21px; font-size: 14px;\">\u00dcr\u00fcn Ad\u0131<\/span><\/td>\n<td style=\"font-family: Verdana, Arial, Helvetica, sans-serif; font-size: 12px; color: #000000; margin: 8px; width: 526px; text-align: center;\"><span style=\"font-size: 14px;\">Evcil Hayvan Tasmas\u0131<\/span><\/td>\n<\/tr>\n<tr>\n<td style=\"font-family: Verdana, Arial, Helvetica, sans-serif; font-size: 12px; color: #000000; margin: 8px; width: 187px; text-align: center;\"><span style=\"line-height: 21px; font-size: 14px;\">\u00dcr\u00fcn No.<\/span><\/td>\n<td style=\"font-family: Verdana, Arial, Helvetica, sans-serif; font-size: 12px; color: #000000; margin: 8px; width: 526px; text-align: center;\"><span style=\"line-height: 21px; font-size: 14px;\">P-C1011<\/span><\/td>\n<\/tr>\n<tr>\n<td style=\"font-family: Verdana, Arial, Helvetica, sans-serif; font-size: 12px; color: #000000; margin: 8px; width: 187px; text-align: center;\"><span style=\"line-height: 21px; color: #333333; font-family: Arial, Helvetica; font-size: 14px; font-style: normal; font-weight: 400; background-color: #ffffff; float: none; display: inline !important;\">Malzeme<\/span><\/td>\n<td style=\"font-family: Verdana, Arial, Helvetica, sans-serif; font-size: 12px; color: #000000; margin: 8px; width: 526px; text-align: center;\"><span style=\"color: #333333; font-family: Helvetica,Tahoma,Arial; font-size: 12px; font-style: normal; font-weight: 400; background-color: #fcfcfc; display: inline !important; float: none;\">Oxford Kuma\u015f<\/span><\/td>\n<\/tr>\n<tr>\n<td style=\"font-family: Verdana, Arial, Helvetica, sans-serif; font-size: 12px; color: #000000; margin: 8px; width: 187px; text-align: center;\"><span style=\"line-height: 21px; font-size: 14px;\">\u00a0Boyut<\/span><\/td>\n<td style=\"margin: 8px; width: 526px; text-align: center;\"><span style=\"color: #222222; font-family: Helvetica, Tahoma, Arial;\"><span style=\"font-size: 14px;\">\u00d6zel Boyut<\/span><\/span><\/td>\n<\/tr>\n<tr>\n<td style=\"font-family: Verdana, Arial, Helvetica, sans-serif; font-size: 12px; color: #000000; margin: 8px; width: 187px; text-align: center;\"><span style=\"line-height: 21px; font-size: 14px;\">\u00a0Renk<\/span><\/td>\n<td style=\"font-family: Verdana, Arial, Helvetica, sans-serif; font-size: 12px; color: #000000; margin: 8px; width: 526px; text-align: center;\"><span style=\"font-size: 14px;\">\u00d6zel Renk<\/span><\/td>\n<\/tr>\n<tr>\n<td style=\"font-family: Verdana, Arial, Helvetica, sans-serif; font-size: 12px; color: #000000; margin: 8px; width: 187px; text-align: center;\"><span style=\"line-height: 21px; font-size: 14px;\">\u00a0<span style=\"line-height: 21px; color: #333333; font-family: Arial, Helvetica; font-size: 14px; font-style: normal; font-weight: 400; background-color: #ffffff; float: none; display: inline !important;\">Evcil hayvan t\u00fcr\u00fc<\/span><\/span><\/td>\n<td style=\"font-family: Verdana, Arial, Helvetica, sans-serif; font-size: 12px; color: #000000; margin: 8px; width: 526px; text-align: center;\"><span style=\"line-height: 21px; font-size: 14px;\">\u00a0T\u00fcm K\u00f6pekler<\/span><\/td>\n<\/tr>\n<tr>\n<td style=\"font-family: Verdana, Arial, Helvetica, sans-serif; font-size: 12px; color: #000000; margin: 8px; width: 187px; text-align: center;\"><span style=\"line-height: 21px; font-size: 14px;\">\u00a0<span style=\"line-height: 21px; color: #333333; font-family: Arial, Helvetica; font-size: 14px; font-style: normal; font-weight: 400; background-color: #ffffff; float: none; display: inline !important;\">Teslimat s\u00fcresi<\/span><\/span><\/td>\n<td style=\"font-family: Verdana, Arial, Helvetica, sans-serif; font-size: 12px; color: #000000; margin: 8px; width: 526px; text-align: center;\"><span style=\"line-height: 21px; font-size: 14px;\"><span style=\"line-height: 21px; color: #000000; font-family: Verdana, Arial, Helvetica, sans-serif; font-size: 14px; font-style: normal; font-weight: 400; background-color: #ffffff; float: none; display: inline !important;\">Hava yoluyla k\u00fc\u00e7\u00fck miktar i\u00e7in 1-5 g\u00fcn ve deniz yoluyla b\u00fcy\u00fck miktar i\u00e7in 30-35 g\u00fcn<\/span>\u00a0<\/span><\/td>\n<\/tr>\n<tr>\n<td style=\"font-family: Verdana, Arial, Helvetica, sans-serif; font-size: 12px; color: #000000; margin: 8px; width: 187px; text-align: center;\"><span style=\"line-height: 21px; font-size: 14px;\">\u00a0<span style=\"line-height: 21px; color: #333333; font-family: Arial, Helvetica; font-size: 14px; font-style: normal; font-weight: 400; background-color: #ffffff; float: none; display: inline !important;\">Sevkiyat liman\u0131<\/span><\/span><\/td>\n<td style=\"font-family: Verdana, Arial, Helvetica, sans-serif; font-size: 12px; color: #000000; margin: 8px; width: 526px; text-align: center;\"><span style=\"line-height: 21px; font-size: 14px;\">Xiamen\u00a0<\/span><\/td>\n<\/tr>\n<tr>\n<td style=\"font-family: Verdana, Arial, Helvetica, sans-serif; font-size: 12px; color: #000000; margin: 8px; width: 187px; text-align: center;\"><span style=\"line-height: 21px; font-size: 14px;\">\u00a0<span style=\"line-height: 21px; color: #333333; font-family: Arial, Helvetica; font-size: 14px; font-style: normal; font-weight: 400; background-color: #ffffff; float: none; display: inline !important;\">OEM\/ODM<\/span><\/span><\/td>\n<td style=\"font-family: Verdana, Arial, Helvetica, sans-serif; font-size: 12px; color: #000000; margin: 8px; width: 526px; text-align: center;\"><span style=\"line-height: 21px; font-size: 14px;\">\u00a0<span style=\"line-height: 21px; color: #333333; font-family: Arial, Helvetica; font-size: 14px; font-style: normal; font-weight: 400; background-color: #ffffff; float: none; display: inline !important;\">Mevcut<\/span><\/span><\/td>\n<\/tr>\n<tr>\n<td style=\"font-family: Verdana, Arial, Helvetica, sans-serif; font-size: 12px; color: #000000; margin: 8px; width: 187px; text-align: center;\"><span style=\"line-height: 21px; font-size: 14px;\">\u00a0<span style=\"line-height: 21px; color: #333333; font-family: Arial, Helvetica; font-size: 14px; font-style: normal; font-weight: 400; background-color: #ffffff; float: none; display: inline !important;\">Paket<\/span><\/span><\/td>\n<td style=\"font-family: Verdana, Arial, Helvetica, sans-serif; font-size: 12px; color: #000000; margin: 8px; width: 526px; text-align: center;\"><span style=\"line-height: 21px; font-size: 14px;\"><span style=\"line-height: 21px; color: #333333; font-family: Arial, Helvetica; font-size: 14px; font-style: normal; font-weight: 400; background-color: #ffffff; float: none; display: inline !important;\">Her biri bir PPB i\u00e7inde paketlendikten sonra Kartona veya ihtiyaca g\u00f6re<\/span><\/span><\/td>\n<\/tr>\n<\/tbody>\n<\/table>\n<ul>\n<li><strong>Ayarlanabilir G\u00fcvenlik Tokas\u0131<\/strong>: K\u00f6pek tasmam\u0131z, her boyuttaki k\u00f6pek i\u00e7in g\u00fcvenli bir uyum sa\u011flayan ayarlanabilir bir g\u00fcvenlik tokas\u0131na sahiptir. Toka, kolay sabitleme ve serbest b\u0131rakma i\u00e7in tasarlanm\u0131\u015ft\u0131r ve kullan\u0131m s\u0131ras\u0131nda kolayl\u0131k ve g\u00fcvenlik sa\u011flar.<\/li>\n<li><strong>G\u00fc\u00e7l\u00fc Naylon Malzeme<\/strong>: G\u00fc\u00e7l\u00fc, y\u00fcksek kaliteli naylondan \u00fcretilen tasmalar\u0131m\u0131z uzun \u00f6m\u00fcrl\u00fc olacak \u015fekilde \u00fcretilmi\u015ftir. Bu dayan\u0131kl\u0131 malzeme, tasman\u0131n d\u00fczenli kullan\u0131ma ve aktif k\u00f6peklerin a\u015f\u0131nma ve y\u0131pranmas\u0131na dayanabilmesini sa\u011flar.<\/li>\n<li><strong>Rahat Uyum<\/strong>: Evcil hayvan\u0131n\u0131z\u0131n konforu d\u00fc\u015f\u00fcn\u00fclerek tasarlanan tasmalar\u0131m\u0131z hafif ve ayarlanabilirdir. Yumu\u015fak naylon kuma\u015f s\u00fcrt\u00fcnmeyi ve tahri\u015fi \u00f6nleyerek rahats\u0131zl\u0131k vermeden uzun s\u00fcreli kullan\u0131m sa\u011flar.<\/li>\n<li><strong>Dayan\u0131kl\u0131l\u0131k<\/strong>: K\u00f6pek tasmalar\u0131m\u0131z zorlu kullan\u0131ma dayanacak \u015fekilde tasarlanm\u0131\u015ft\u0131r. Sa\u011flam yap\u0131 ve g\u00fc\u00e7l\u00fc naylon malzeme, uzun \u00f6m\u00fcrl\u00fc performans sa\u011flar ve onlar\u0131 hem e\u011fitim seanslar\u0131 hem de g\u00fcnl\u00fck y\u00fcr\u00fcy\u00fc\u015fler i\u00e7in uygun hale getirir.<\/li>\n<li>\n<p data-immersive-translate-walked=\"8b5afd8b-1b58-4d39-bfba-c28d7f2dd9b7\" data-immersive-translate-paragraph=\"1\"><strong data-immersive-translate-walked=\"8b5afd8b-1b58-4d39-bfba-c28d7f2dd9b7\">Toptan Sat\u0131\u015f<\/strong>: Do\u011frudan fabrika tedarik\u00e7isi olarak, toplu sipari\u015fler i\u00e7in rekabet\u00e7i toptan sat\u0131\u015f fiyatlar\u0131 sunuyoruz. Verimli \u00fcretim ve da\u011f\u0131t\u0131m sistemimiz, zaman\u0131nda teslimat ve ola\u011fan\u00fcst\u00fc m\u00fc\u015fteri hizmetleri sa\u011flar.<\/p>\n<\/li>\n<\/ul>\n<p data-immersive-translate-walked=\"8b5afd8b-1b58-4d39-bfba-c28d7f2dd9b7\"><strong data-immersive-translate-walked=\"8b5afd8b-1b58-4d39-bfba-c28d7f2dd9b7\" data-immersive-translate-paragraph=\"1\">Neden Bizi Se\u00e7melisiniz?<\/strong><\/p>\n<ul>\n<li><strong>Do\u011frudan Fabrika<\/strong>: Do\u011frudan fabrikam\u0131zdan sat\u0131n alarak, daha d\u00fc\u015f\u00fck maliyetlerden ve daha h\u0131zl\u0131 sevkiyat s\u00fcrelerinden faydalan\u0131rs\u0131n\u0131z. Arac\u0131y\u0131 ortadan kald\u0131rarak size en iyi de\u011feri sa\u011fl\u0131yoruz.<\/li>\n<li><strong>Kalite G\u00fcvence<\/strong>: Her yaka, y\u00fcksek standartlar\u0131m\u0131z\u0131 kar\u015f\u0131lad\u0131\u011f\u0131ndan emin olmak i\u00e7in s\u0131k\u0131 kalite kontrol kontrollerinden ge\u00e7er. \u0130\u015fletmenizin ihtiya\u00e7 duydu\u011fu performans\u0131 ve g\u00fcvenilirli\u011fi sa\u011flamak i\u00e7in \u00fcr\u00fcnlerimize g\u00fcvenebilirsiniz.<\/li>\n<li>\n<p data-immersive-translate-walked=\"8b5afd8b-1b58-4d39-bfba-c28d7f2dd9b7\" data-immersive-translate-paragraph=\"1\"><strong data-immersive-translate-walked=\"8b5afd8b-1b58-4d39-bfba-c28d7f2dd9b7\">\u00d6zelle\u015ftirilebilir Se\u00e7enekler<\/strong>: \u00d6zel gereksinimlerinizi kar\u015f\u0131lamak i\u00e7in \u00f6zelle\u015ftirme se\u00e7enekleri sunuyoruz. Markala\u015fmadan tasar\u0131m ayarlamalar\u0131na kadar, markan\u0131z\u0131n kimli\u011fine uygun \u00fcr\u00fcnler yaratmak i\u00e7in sizinle birlikte \u00e7al\u0131\u015f\u0131yoruz.<\/p>\n<\/li>\n<\/ul>\n<p><strong>\u015eimdi Sipari\u015f Verin!<\/strong><\/p>\n<p data-immersive-translate-walked=\"8b5afd8b-1b58-4d39-bfba-c28d7f2dd9b7\" data-immersive-translate-paragraph=\"1\">T\u00fcm Ayarlanabilir Emniyet Tokas\u0131 G\u00fc\u00e7l\u00fc Naylonlar\u0131n\u0131z i\u00e7in bizimle ortak olun <span style=\"color: #ff0000;\"><a style=\"color: #ff0000;\" href=\"https:\/\/pecpets.com\/tr\/urun-kategori%cc%87si%cc%87\/pet-collars\/\" target=\"_blank\" rel=\"noopener\">K\u00f6pek Tasmas\u0131<\/a><\/span> ihtiya\u00e7lar. G\u00fcvenlik, konfor ve dayan\u0131kl\u0131l\u0131\u011f\u0131n m\u00fckemmel kar\u0131\u015f\u0131m\u0131n\u0131 deneyimleyin. Fiyat teklifi almak ve toptan sat\u0131\u015f fiyatlar\u0131m\u0131zdan yararlanmak i\u00e7in bug\u00fcn bize ula\u015f\u0131n.<\/p>","protected":false},"excerpt":{"rendered":"<h2><strong><b>Toptan Ayarlanabilir Emniyet Tokas\u0131 G\u00fc\u00e7l\u00fc Naylon K\u00f6pek Tasmas\u0131<\/b><\/strong><\/h2>\n<p>Ayarlanabilir Emniyet Tokal\u0131 G\u00fc\u00e7l\u00fc Naylon K\u00f6pek Tasmas\u0131n\u0131 ke\u015ffedin.<\/p>\n<p>Y\u00fcksek kaliteli tasar\u0131mlar\u0131m\u0131zla evcil hayvanlar\u0131n\u0131z\u0131n \u015f\u0131kl\u0131\u011f\u0131n\u0131 koruyun.<\/p>","protected":false},"featured_media":7362,"template":"","meta":{"_seopress_robots_primary_cat":"none","_seopress_titles_title":"Adjustable Safety Buckle Strong Nylon Dog Collar","_seopress_titles_desc":"Discover Adjustable Safety Buckle Strong Nylon Dog Collar. Shop high-quality collars at wholesale factory prices. Perfect for pet dogs.","_seopress_robots_index":"","_seopress_analysis_target_kw":"Safety Buckle Strong Nylon Dog Collar,Adjustable Safety Buckle Strong Nylon Dog Collar","_uag_custom_page_level_css":""},"product_brand":[],"product_cat":[211,363],"product_tag":[215,216,214,213],"class_list":{"0":"post-7361","1":"product","2":"type-product","3":"status-publish","4":"has-post-thumbnail","6":"product_cat-pet-collars","7":"product_cat-training-safety-collars","8":"product_tag-adjustable-collar","9":"product_tag-collar-and-leash-set","10":"product_tag-custom-color-dog-collar","11":"product_tag-dog-collar","13":"first","14":"instock","15":"shipping-taxable","16":"product-type-simple"},"uagb_featured_image_src":{"full":["https:\/\/pecpets.com\/wp-content\/uploads\/2024\/06\/\u4e3b\u56fe-01-37.jpg",1000,1000,false],"thumbnail":["https:\/\/pecpets.com\/wp-content\/uploads\/2024\/06\/\u4e3b\u56fe-01-37-150x150.jpg",150,150,true],"medium":["https:\/\/pecpets.com\/wp-content\/uploads\/2024\/06\/\u4e3b\u56fe-01-37-300x300.jpg",300,300,true],"medium_large":["https:\/\/pecpets.com\/wp-content\/uploads\/2024\/06\/\u4e3b\u56fe-01-37-768x768.jpg",768,768,true],"large":["https:\/\/pecpets.com\/wp-content\/uploads\/2024\/06\/\u4e3b\u56fe-01-37.jpg",800,800,false],"1536x1536":["https:\/\/pecpets.com\/wp-content\/uploads\/2024\/06\/\u4e3b\u56fe-01-37.jpg",1000,1000,false],"2048x2048":["https:\/\/pecpets.com\/wp-content\/uploads\/2024\/06\/\u4e3b\u56fe-01-37.jpg",1000,1000,false],"trp-custom-language-flag":["https:\/\/pecpets.com\/wp-content\/uploads\/2024\/06\/\u4e3b\u56fe-01-37.jpg",12,12,false],"woocommerce_thumbnail":["https:\/\/pecpets.com\/wp-content\/uploads\/2024\/06\/\u4e3b\u56fe-01-37-300x300.jpg",300,300,true],"woocommerce_single":["https:\/\/pecpets.com\/wp-content\/uploads\/2024\/06\/\u4e3b\u56fe-01-37-600x600.jpg",600,600,true],"woocommerce_gallery_thumbnail":["https:\/\/pecpets.com\/wp-content\/uploads\/2024\/06\/\u4e3b\u56fe-01-37-100x100.jpg",100,100,true]},"uagb_author_info":{"display_name":"Lawrence\u00a0\u52b3\u4f26\u65af","author_link":"https:\/\/pecpets.com\/tr\/author\/"},"uagb_comment_info":0,"uagb_excerpt":"Wholesale Adjustable Safety Buckle Strong Nylon Dog Collar Discover Adjustable Safety Buckle Strong Nylon Dog Collar. Keep your pets stylish with our high-quality designs.","_links":{"self":[{"href":"https:\/\/pecpets.com\/tr\/wp-json\/wp\/v2\/product\/7361","targetHints":{"allow":["GET"]}}],"collection":[{"href":"https:\/\/pecpets.com\/tr\/wp-json\/wp\/v2\/product"}],"about":[{"href":"https:\/\/pecpets.com\/tr\/wp-json\/wp\/v2\/types\/product"}],"wp:featuredmedia":[{"embeddable":true,"href":"https:\/\/pecpets.com\/tr\/wp-json\/wp\/v2\/media\/7362"}],"wp:attachment":[{"href":"https:\/\/pecpets.com\/tr\/wp-json\/wp\/v2\/media?parent=7361"}],"wp:term":[{"taxonomy":"product_brand","embeddable":true,"href":"https:\/\/pecpets.com\/tr\/wp-json\/wp\/v2\/product_brand?post=7361"},{"taxonomy":"product_cat","embeddable":true,"href":"https:\/\/pecpets.com\/tr\/wp-json\/wp\/v2\/product_cat?post=7361"},{"taxonomy":"product_tag","embeddable":true,"href":"https:\/\/pecpets.com\/tr\/wp-json\/wp\/v2\/product_tag?post=7361"}],"curies":[{"name":"wp","href":"https:\/\/api.w.org\/{rel}","templated":true}]}}