{"id":7416,"date":"2024-06-29T14:33:21","date_gmt":"2024-06-29T06:33:21","guid":{"rendered":"https:\/\/pecpets.com\/?post_type=product&#038;p=7416"},"modified":"2024-10-30T14:54:21","modified_gmt":"2024-10-30T06:54:21","slug":"outdoor-training-explosion-proof-dog-harness-2","status":"publish","type":"product","link":"https:\/\/pecpets.com\/tr\/product\/outdoor-training-explosion-proof-dog-harness-2\/","title":{"rendered":"A\u00e7\u0131k Hava E\u011fitimi Patlamaya dayan\u0131kl\u0131 K\u00f6pek Tasmas\u0131"},"content":{"rendered":"<h2 data-immersive-translate-walked=\"016756d5-39df-48b1-ae55-3948c534da60\" data-immersive-translate-paragraph=\"1\">A\u00e7\u0131k E\u011fitim Patlamaya dayan\u0131kl\u0131 K\u00f6pek Ko\u015fum | A\u011f\u0131r Hizmet Tipi K\u00f6pek Ko\u015fumlar\u0131 | Rahat ve Dayan\u0131kl\u0131 | Toptan Fabrika<\/h2>\n<p data-immersive-translate-walked=\"8b5afd8b-1b58-4d39-bfba-c28d7f2dd9b7\" data-immersive-translate-paragraph=\"1\">Y\u00fcksek kaliteli Tasar\u0131mc\u0131 A\u00e7\u0131k Hava K\u00f6pek Ko\u015fumlar\u0131 i\u00e7in \u00f6nde gelen var\u0131\u015f noktan\u0131z olan B2B platformumuza ho\u015f geldiniz. Evcil hayvan ko\u015fum tak\u0131mlar\u0131m\u0131z stil, konfor ve dayan\u0131kl\u0131l\u0131\u011f\u0131 birle\u015ftirmek i\u00e7in titizlikle tasarlanm\u0131\u015ft\u0131r, bu da onlar\u0131 a\u00e7\u0131k hava maceralar\u0131 ve g\u00fcnl\u00fck kullan\u0131m i\u00e7in m\u00fckemmel k\u0131lar. Evcil hayvan perakendecileri, e\u011fitmenleri ve distrib\u00fct\u00f6rleri i\u00e7in ideal olan en y\u00fcksek standartlar\u0131 kar\u015f\u0131layan \u00fcst d\u00fczey \u00fcr\u00fcnler sunuyoruz.<\/p>\n<table style=\"border-collapse: collapse; background-color: #ffffff; width: 329px; height: 273px;\" border=\"1\">\n<tbody>\n<tr>\n<td style=\"font-family: Verdana, Arial, Helvetica, sans-serif; font-size: 12px; color: #000000; margin: 8px; width: 187px; text-align: center;\"><span style=\"line-height: 21px; font-size: 14px;\">\u00dcr\u00fcn Ad\u0131<\/span><\/td>\n<td style=\"font-family: Verdana, Arial, Helvetica, sans-serif; font-size: 12px; color: #000000; margin: 8px; width: 526px; text-align: center;\"><span style=\"font-size: 14px;\">Evcil Hayvan Ko\u015fum Tak\u0131m\u0131<\/span><\/td>\n<\/tr>\n<tr>\n<td style=\"font-family: Verdana, Arial, Helvetica, sans-serif; font-size: 12px; color: #000000; margin: 8px; width: 187px; text-align: center;\"><span style=\"line-height: 21px; font-size: 14px;\">\u00dcr\u00fcn No.<\/span><\/td>\n<td style=\"font-family: Verdana, Arial, Helvetica, sans-serif; font-size: 12px; color: #000000; margin: 8px; width: 526px; text-align: center;\"><span style=\"line-height: 21px; font-size: 14px;\">P-H2013<\/span><\/td>\n<\/tr>\n<tr>\n<td style=\"font-family: Verdana, Arial, Helvetica, sans-serif; font-size: 12px; color: #000000; margin: 8px; width: 187px; text-align: center;\"><span style=\"line-height: 21px; color: #333333; font-family: Arial, Helvetica; font-size: 14px; font-style: normal; font-weight: 400; background-color: #ffffff; float: none; display: inline !important;\">Malzeme<\/span><\/td>\n<td style=\"font-family: Verdana, Arial, Helvetica, sans-serif; font-size: 12px; color: #000000; margin: 8px; width: 526px; text-align: center;\"><span style=\"color: #333333; font-family: Helvetica,Tahoma,Arial; font-size: 12px; font-style: normal; font-weight: 400; background-color: #fcfcfc; display: inline !important; float: none;\">Oxford Kuma\u015f<\/span><\/td>\n<\/tr>\n<tr>\n<td style=\"font-family: Verdana, Arial, Helvetica, sans-serif; font-size: 12px; color: #000000; margin: 8px; width: 187px; text-align: center;\"><span style=\"line-height: 21px; font-size: 14px;\">\u00a0Boyut<\/span><\/td>\n<td style=\"margin: 8px; width: 526px; text-align: center;\"><span style=\"color: #222222; font-family: Helvetica, Tahoma, Arial;\"><span style=\"font-size: 14px;\">\u00d6zel Boyut<\/span><\/span><\/td>\n<\/tr>\n<tr>\n<td style=\"font-family: Verdana, Arial, Helvetica, sans-serif; font-size: 12px; color: #000000; margin: 8px; width: 187px; text-align: center;\"><span style=\"line-height: 21px; font-size: 14px;\">\u00a0Renk<\/span><\/td>\n<td style=\"font-family: Verdana, Arial, Helvetica, sans-serif; font-size: 12px; color: #000000; margin: 8px; width: 526px; text-align: center;\"><span style=\"font-size: 14px;\">\u00d6zel Renk<\/span><\/td>\n<\/tr>\n<tr>\n<td style=\"font-family: Verdana, Arial, Helvetica, sans-serif; font-size: 12px; color: #000000; margin: 8px; width: 187px; text-align: center;\"><span style=\"line-height: 21px; font-size: 14px;\">\u00a0<span style=\"line-height: 21px; color: #333333; font-family: Arial, Helvetica; font-size: 14px; font-style: normal; font-weight: 400; background-color: #ffffff; float: none; display: inline !important;\">Evcil hayvan t\u00fcr\u00fc<\/span><\/span><\/td>\n<td style=\"font-family: Verdana, Arial, Helvetica, sans-serif; font-size: 12px; color: #000000; margin: 8px; width: 526px; text-align: center;\"><span style=\"line-height: 21px; font-size: 14px;\">\u00a0T\u00fcm K\u00f6pekler<\/span><\/td>\n<\/tr>\n<tr>\n<td style=\"font-family: Verdana, Arial, Helvetica, sans-serif; font-size: 12px; color: #000000; margin: 8px; width: 187px; text-align: center;\"><span style=\"line-height: 21px; font-size: 14px;\">\u00a0<span style=\"line-height: 21px; color: #333333; font-family: Arial, Helvetica; font-size: 14px; font-style: normal; font-weight: 400; background-color: #ffffff; float: none; display: inline !important;\">Teslimat s\u00fcresi<\/span><\/span><\/td>\n<td style=\"font-family: Verdana, Arial, Helvetica, sans-serif; font-size: 12px; color: #000000; margin: 8px; width: 526px; text-align: center;\"><span style=\"line-height: 21px; font-size: 14px;\"><span style=\"line-height: 21px; color: #000000; font-family: Verdana, Arial, Helvetica, sans-serif; font-size: 14px; font-style: normal; font-weight: 400; background-color: #ffffff; float: none; display: inline !important;\">Hava yoluyla k\u00fc\u00e7\u00fck miktar i\u00e7in 1-5 g\u00fcn ve deniz yoluyla b\u00fcy\u00fck miktar i\u00e7in 30-35 g\u00fcn<\/span>\u00a0<\/span><\/td>\n<\/tr>\n<tr>\n<td style=\"font-family: Verdana, Arial, Helvetica, sans-serif; font-size: 12px; color: #000000; margin: 8px; width: 187px; text-align: center;\"><span style=\"line-height: 21px; font-size: 14px;\">\u00a0<span style=\"line-height: 21px; color: #333333; font-family: Arial, Helvetica; font-size: 14px; font-style: normal; font-weight: 400; background-color: #ffffff; float: none; display: inline !important;\">Sevkiyat liman\u0131<\/span><\/span><\/td>\n<td style=\"font-family: Verdana, Arial, Helvetica, sans-serif; font-size: 12px; color: #000000; margin: 8px; width: 526px; text-align: center;\"><span style=\"line-height: 21px; font-size: 14px;\">Xiamen\u00a0<\/span><\/td>\n<\/tr>\n<tr>\n<td style=\"font-family: Verdana, Arial, Helvetica, sans-serif; font-size: 12px; color: #000000; margin: 8px; width: 187px; text-align: center;\"><span style=\"line-height: 21px; font-size: 14px;\">\u00a0<span style=\"line-height: 21px; color: #333333; font-family: Arial, Helvetica; font-size: 14px; font-style: normal; font-weight: 400; background-color: #ffffff; float: none; display: inline !important;\">OEM\/ODM<\/span><\/span><\/td>\n<td style=\"font-family: Verdana, Arial, Helvetica, sans-serif; font-size: 12px; color: #000000; margin: 8px; width: 526px; text-align: center;\"><span style=\"line-height: 21px; font-size: 14px;\">\u00a0<span style=\"line-height: 21px; color: #333333; font-family: Arial, Helvetica; font-size: 14px; font-style: normal; font-weight: 400; background-color: #ffffff; float: none; display: inline !important;\">Mevcut<\/span><\/span><\/td>\n<\/tr>\n<tr>\n<td style=\"font-family: Verdana, Arial, Helvetica, sans-serif; font-size: 12px; color: #000000; margin: 8px; width: 187px; text-align: center;\"><span style=\"line-height: 21px; font-size: 14px;\">\u00a0<span style=\"line-height: 21px; color: #333333; font-family: Arial, Helvetica; font-size: 14px; font-style: normal; font-weight: 400; background-color: #ffffff; float: none; display: inline !important;\">Paket<\/span><\/span><\/td>\n<td style=\"font-family: Verdana, Arial, Helvetica, sans-serif; font-size: 12px; color: #000000; margin: 8px; width: 526px; text-align: center;\"><span style=\"line-height: 21px; font-size: 14px;\"><span style=\"line-height: 21px; color: #333333; font-family: Arial, Helvetica; font-size: 14px; font-style: normal; font-weight: 400; background-color: #ffffff; float: none; display: inline !important;\">Her biri bir PPB i\u00e7inde paketlendikten sonra Kartona veya ihtiyaca g\u00f6re<\/span><\/span><\/td>\n<\/tr>\n<\/tbody>\n<\/table>\n<p><strong>Temel \u00d6zellikler:<\/strong><\/p>\n<ul>\n<li><strong>\u015e\u0131k Tasar\u0131m<\/strong>: Tasar\u0131mc\u0131 Outdoor K\u00f6pek G\u00f6\u011f\u00fcs Tasmas\u0131, \u015f\u0131k ve i\u015flevsel tasar\u0131m\u0131yla \u00f6ne \u00e7\u0131kar. Estetik \u00e7ekicili\u011fi pratik \u00f6zelliklerle birle\u015ftirerek evcil hayvanlar\u0131n\u0131z\u0131n a\u00e7\u0131k hava etkinlikleri s\u0131ras\u0131nda g\u00fcvende kal\u0131rken harika g\u00f6r\u00fcnmesini sa\u011flar.<\/li>\n<li><strong>A\u011f\u0131r Hizmet Tipi Yap\u0131<\/strong>: Y\u00fcksek kaliteli malzemelerden \u00fcretilen a\u011f\u0131r hizmet tipi k\u00f6pek ko\u015fum tak\u0131mlar\u0131m\u0131z, zorlu kullan\u0131ma dayanacak \u015fekilde \u00fcretilmi\u015ftir. Dayan\u0131kl\u0131 yap\u0131, uzun \u00f6m\u00fcrl\u00fc performans sa\u011flayarak onlar\u0131 her t\u00fcrl\u00fc a\u00e7\u0131k hava maceras\u0131 i\u00e7in uygun hale getirir.<\/li>\n<li><strong>Rahat Uyum<\/strong>: Evcil hayvan\u0131n\u0131z\u0131n konforu d\u00fc\u015f\u00fcn\u00fclerek tasarlanan g\u00f6\u011f\u00fcs tasmalar\u0131m\u0131z ayarlanabilir kay\u0131\u015flara ve dolgulu i\u00e7 k\u0131s\u0131mlara sahiptir. Bu, uzun s\u00fcreli kullan\u0131m s\u0131ras\u0131nda bile s\u00fcrt\u00fcnmeyi ve tahri\u015fi \u00f6nleyerek g\u00fcvenli ve rahat bir uyum sa\u011flar.<\/li>\n<li><strong>Dayan\u0131kl\u0131l\u0131k<\/strong>: G\u00f6\u011f\u00fcs tasmalar\u0131m\u0131z zorlu ko\u015fullara dayanacak \u015fekilde tasarlanm\u0131\u015ft\u0131r. Y\u00fcksek kaliteli malzemeler ve g\u00fc\u00e7lendirilmi\u015f diki\u015fler ola\u011fan\u00fcst\u00fc dayan\u0131kl\u0131l\u0131k sa\u011flayarak aktif k\u00f6peklerin ve d\u0131\u015f ortamlar\u0131n taleplerini kar\u015f\u0131layabilmelerini sa\u011flar.<\/li>\n<li><strong>Toptan Sat\u0131\u015f<\/strong>: Do\u011frudan fabrika tedarik\u00e7isi olarak, toplu sipari\u015fler i\u00e7in rekabet\u00e7i toptan sat\u0131\u015f fiyatlar\u0131 sunuyoruz. Verimli \u00fcretim ve da\u011f\u0131t\u0131m sistemimiz, zaman\u0131nda teslimat ve ola\u011fan\u00fcst\u00fc m\u00fc\u015fteri hizmetleri sa\u011flar.<\/li>\n<\/ul>\n<p><strong>Neden Bizi Se\u00e7melisiniz?<\/strong><\/p>\n<ul>\n<li><strong>Do\u011frudan Fabrika<\/strong>: Do\u011frudan fabrikam\u0131zdan sat\u0131n alarak, daha d\u00fc\u015f\u00fck maliyetlerden ve daha h\u0131zl\u0131 sevkiyat s\u00fcrelerinden faydalan\u0131rs\u0131n\u0131z. Arac\u0131y\u0131 ortadan kald\u0131rarak size en iyi de\u011feri sa\u011fl\u0131yoruz.<\/li>\n<li><strong>Kalite G\u00fcvence<\/strong>: Her bir kablo demeti, y\u00fcksek standartlar\u0131m\u0131z\u0131 kar\u015f\u0131lad\u0131\u011f\u0131ndan emin olmak i\u00e7in s\u0131k\u0131 kalite kontrol kontrollerinden ge\u00e7er. \u0130\u015fletmenizin ihtiya\u00e7 duydu\u011fu performans\u0131 ve g\u00fcvenilirli\u011fi sa\u011flamak i\u00e7in \u00fcr\u00fcnlerimize g\u00fcvenebilirsiniz.<\/li>\n<li><strong>\u00d6zelle\u015ftirilebilir Se\u00e7enekler<\/strong>: \u00d6zel gereksinimlerinizi kar\u015f\u0131lamak i\u00e7in bir dizi \u00f6zelle\u015ftirme se\u00e7ene\u011fi sunuyoruz. Markala\u015fmadan tasar\u0131m de\u011fi\u015fikliklerine kadar, markan\u0131z\u0131n kimli\u011fiyle uyumlu \u00fcr\u00fcnler yaratmak i\u00e7in sizinle birlikte \u00e7al\u0131\u015f\u0131yoruz.<\/li>\n<\/ul>\n<p><strong>\u015eimdi Sipari\u015f Verin!<\/strong><\/p>\n<p data-immersive-translate-walked=\"8b5afd8b-1b58-4d39-bfba-c28d7f2dd9b7\" data-immersive-translate-paragraph=\"1\">T\u00fcm D\u0131\u015f Mekan Tasar\u0131mlar\u0131n\u0131z i\u00e7in bizimle ortak olun <span style=\"color: #ff0000;\"><a style=\"color: #ff0000;\" href=\"https:\/\/pecpets.com\/tr\/urun-kategori%cc%87si%cc%87\/pet-harness\/\" target=\"_blank\" rel=\"noopener\">K\u00f6pek Ko\u015fum Tak\u0131m\u0131<\/a><\/span> ihtiya\u00e7lar. Stil, konfor ve dayan\u0131kl\u0131l\u0131\u011f\u0131n m\u00fckemmel kombinasyonunu deneyimleyin. Fiyat teklifi almak ve toptan sat\u0131\u015f fiyatlar\u0131m\u0131zdan yararlanmak i\u00e7in bug\u00fcn bize ula\u015f\u0131n.<\/p>","protected":false},"excerpt":{"rendered":"<h2><strong><b>Toptan A\u00e7\u0131k Hava E\u011fitim Patlamaya dayan\u0131kl\u0131 K\u00f6pek Ko\u015fum<\/b><\/strong><\/h2>\n<p>A\u00e7\u0131k Hava E\u011fitim Patlamaya dayan\u0131kl\u0131 K\u00f6pek Ko\u015fumunu ke\u015ffedin.<\/p>\n<p>Y\u00fcksek kaliteli tasar\u0131mlar\u0131m\u0131zla evcil hayvanlar\u0131n\u0131z\u0131n \u015f\u0131kl\u0131\u011f\u0131n\u0131 koruyun.<\/p>","protected":false},"featured_media":7393,"template":"","meta":{"_seopress_robots_primary_cat":"none","_seopress_titles_title":"Outdoor Training Explosion-proof Dog Harness - Manufacturers","_seopress_titles_desc":"Explore our Outdoor Training Explosion-proof Dog Harness, comfortable dog harness. Ideal for manufacturers seeking high-quality, durable pet gear. ","_seopress_robots_index":"","_uag_custom_page_level_css":""},"product_brand":[],"product_cat":[353,354,212,359],"product_tag":[],"class_list":{"0":"post-7416","1":"product","2":"type-product","3":"status-publish","4":"has-post-thumbnail","6":"product_cat-no-pull-dog-harnesses","7":"product_cat-no-pull-dog-harnesses-pet-harness","8":"product_cat-pet-harness","9":"product_cat-waterproof-dog-harnesses","11":"first","12":"instock","13":"shipping-taxable","14":"product-type-simple"},"uagb_featured_image_src":{"full":["https:\/\/pecpets.com\/wp-content\/uploads\/2024\/06\/\u4e3b\u56fe-01-40.jpg",800,800,false],"thumbnail":["https:\/\/pecpets.com\/wp-content\/uploads\/2024\/06\/\u4e3b\u56fe-01-40-150x150.jpg",150,150,true],"medium":["https:\/\/pecpets.com\/wp-content\/uploads\/2024\/06\/\u4e3b\u56fe-01-40-300x300.jpg",300,300,true],"medium_large":["https:\/\/pecpets.com\/wp-content\/uploads\/2024\/06\/\u4e3b\u56fe-01-40-768x768.jpg",768,768,true],"large":["https:\/\/pecpets.com\/wp-content\/uploads\/2024\/06\/\u4e3b\u56fe-01-40.jpg",800,800,false],"1536x1536":["https:\/\/pecpets.com\/wp-content\/uploads\/2024\/06\/\u4e3b\u56fe-01-40.jpg",800,800,false],"2048x2048":["https:\/\/pecpets.com\/wp-content\/uploads\/2024\/06\/\u4e3b\u56fe-01-40.jpg",800,800,false],"trp-custom-language-flag":["https:\/\/pecpets.com\/wp-content\/uploads\/2024\/06\/\u4e3b\u56fe-01-40.jpg",12,12,false],"woocommerce_thumbnail":["https:\/\/pecpets.com\/wp-content\/uploads\/2024\/06\/\u4e3b\u56fe-01-40-300x300.jpg",300,300,true],"woocommerce_single":["https:\/\/pecpets.com\/wp-content\/uploads\/2024\/06\/\u4e3b\u56fe-01-40-600x600.jpg",600,600,true],"woocommerce_gallery_thumbnail":["https:\/\/pecpets.com\/wp-content\/uploads\/2024\/06\/\u4e3b\u56fe-01-40-100x100.jpg",100,100,true]},"uagb_author_info":{"display_name":"Lawrence\u00a0\u52b3\u4f26\u65af","author_link":"https:\/\/pecpets.com\/tr\/author\/"},"uagb_comment_info":0,"uagb_excerpt":"Wholesale Outdoor Training Explosion-proof Dog Harness Discover Outdoor Training Explosion-proof Dog Harness. Keep your pets stylish with our high-quality designs.","_links":{"self":[{"href":"https:\/\/pecpets.com\/tr\/wp-json\/wp\/v2\/product\/7416","targetHints":{"allow":["GET"]}}],"collection":[{"href":"https:\/\/pecpets.com\/tr\/wp-json\/wp\/v2\/product"}],"about":[{"href":"https:\/\/pecpets.com\/tr\/wp-json\/wp\/v2\/types\/product"}],"wp:featuredmedia":[{"embeddable":true,"href":"https:\/\/pecpets.com\/tr\/wp-json\/wp\/v2\/media\/7393"}],"wp:attachment":[{"href":"https:\/\/pecpets.com\/tr\/wp-json\/wp\/v2\/media?parent=7416"}],"wp:term":[{"taxonomy":"product_brand","embeddable":true,"href":"https:\/\/pecpets.com\/tr\/wp-json\/wp\/v2\/product_brand?post=7416"},{"taxonomy":"product_cat","embeddable":true,"href":"https:\/\/pecpets.com\/tr\/wp-json\/wp\/v2\/product_cat?post=7416"},{"taxonomy":"product_tag","embeddable":true,"href":"https:\/\/pecpets.com\/tr\/wp-json\/wp\/v2\/product_tag?post=7416"}],"curies":[{"name":"wp","href":"https:\/\/api.w.org\/{rel}","templated":true}]}}