{"id":7798,"date":"2024-07-04T10:45:05","date_gmt":"2024-07-04T02:45:05","guid":{"rendered":"https:\/\/pecpets.com\/?post_type=product&#038;p=7798"},"modified":"2024-10-30T09:06:29","modified_gmt":"2024-10-30T01:06:29","slug":"portable-outdoor-pet-carrier-travel-bag","status":"publish","type":"product","link":"https:\/\/pecpets.com\/tr\/product\/portable-outdoor-pet-carrier-travel-bag\/","title":{"rendered":"Ta\u015f\u0131nabilir D\u0131\u015f Mekan Evcil Hayvan Ta\u015f\u0131y\u0131c\u0131 Seyahat \u00c7antas\u0131"},"content":{"rendered":"<h2 data-immersive-translate-walked=\"489116ed-4b4a-4117-9ebc-78cb98715400\" data-immersive-translate-paragraph=\"1\">Ta\u015f\u0131nabilir A\u00e7\u0131k Pet Ta\u015f\u0131y\u0131c\u0131 Seyahat \u00c7antas\u0131 | Pet Ta\u015f\u0131y\u0131c\u0131 | Seyahat K\u00f6pek Ta\u015f\u0131y\u0131c\u0131lar\u0131 | Su Ge\u00e7irmez ve Rahat | Toptan Fabrika<span class=\"notranslate immersive-translate-target-wrapper\" lang=\"zh-CN\" data-immersive-translate-translation-element-mark=\"1\"><br \/>\n<\/span><\/h2>\n<p data-immersive-translate-walked=\"489116ed-4b4a-4117-9ebc-78cb98715400\" data-immersive-translate-paragraph=\"1\">Evcil K\u00f6pek Kedi Koltu\u011fumuzla t\u00fcyl\u00fc arkada\u015flar\u0131n\u0131zla seyahat etmek i\u00e7in nihai \u00e7\u00f6z\u00fcm\u00fc ke\u015ffedin.<\/p>\n<table style=\"border-collapse: collapse; background-color: #ffffff; width: 329px; height: 273px;\" border=\"1\">\n<tbody>\n<tr>\n<td style=\"font-family: Verdana, Arial, Helvetica, sans-serif; font-size: 12px; color: #000000; margin: 8px; width: 187px; text-align: center;\"><span style=\"line-height: 21px; font-size: 14px;\">\u00dcr\u00fcn Ad\u0131<\/span><\/td>\n<td style=\"font-family: Verdana, Arial, Helvetica, sans-serif; font-size: 12px; color: #000000; margin: 8px; width: 526px; text-align: center;\"><span style=\"font-size: 14px;\">Evcil Hayvan Ta\u015f\u0131y\u0131c\u0131<\/span><\/td>\n<\/tr>\n<tr>\n<td style=\"font-family: Verdana, Arial, Helvetica, sans-serif; font-size: 12px; color: #000000; margin: 8px; width: 187px; text-align: center;\"><span style=\"line-height: 21px; font-size: 14px;\">\u00dcr\u00fcn No.<\/span><\/td>\n<td style=\"font-family: Verdana, Arial, Helvetica, sans-serif; font-size: 12px; color: #000000; margin: 8px; width: 526px; text-align: center;\"><span style=\"line-height: 21px; font-size: 14px;\">P-C2040<\/span><\/td>\n<\/tr>\n<tr>\n<td style=\"font-family: Verdana, Arial, Helvetica, sans-serif; font-size: 12px; color: #000000; margin: 8px; width: 187px; text-align: center;\"><span style=\"line-height: 21px; color: #333333; font-family: Arial, Helvetica; font-size: 14px; font-style: normal; font-weight: 400; background-color: #ffffff; float: none; display: inline !important;\">Malzeme<\/span><\/td>\n<td style=\"font-family: Verdana, Arial, Helvetica, sans-serif; font-size: 12px; color: #000000; margin: 8px; width: 526px; text-align: center;\"><span style=\"color: #333333; font-family: Helvetica,Tahoma,Arial; font-size: 12px; font-style: normal; font-weight: 400; background-color: #fcfcfc; display: inline !important; float: none;\">Oxford Kuma\u015f<\/span><\/td>\n<\/tr>\n<tr>\n<td style=\"font-family: Verdana, Arial, Helvetica, sans-serif; font-size: 12px; color: #000000; margin: 8px; width: 187px; text-align: center;\"><span style=\"line-height: 21px; font-size: 14px;\">\u00a0Boyut<\/span><\/td>\n<td style=\"margin: 8px; width: 526px; text-align: center;\"><span style=\"color: #222222; font-family: Helvetica, Tahoma, Arial;\"><span style=\"font-size: 14px;\">\u00d6zel Boyut<\/span><\/span><\/td>\n<\/tr>\n<tr>\n<td style=\"font-family: Verdana, Arial, Helvetica, sans-serif; font-size: 12px; color: #000000; margin: 8px; width: 187px; text-align: center;\"><span style=\"line-height: 21px; font-size: 14px;\">\u00a0Renk<\/span><\/td>\n<td style=\"font-family: Verdana, Arial, Helvetica, sans-serif; font-size: 12px; color: #000000; margin: 8px; width: 526px; text-align: center;\"><span style=\"font-size: 14px;\">\u00d6zel Renk<\/span><\/td>\n<\/tr>\n<tr>\n<td style=\"font-family: Verdana, Arial, Helvetica, sans-serif; font-size: 12px; color: #000000; margin: 8px; width: 187px; text-align: center;\"><span style=\"line-height: 21px; font-size: 14px;\">\u00a0<span style=\"line-height: 21px; color: #333333; font-family: Arial, Helvetica; font-size: 14px; font-style: normal; font-weight: 400; background-color: #ffffff; float: none; display: inline !important;\">Evcil hayvan t\u00fcr\u00fc<\/span><\/span><\/td>\n<td style=\"font-family: Verdana, Arial, Helvetica, sans-serif; font-size: 12px; color: #000000; margin: 8px; width: 526px; text-align: center;\"><span style=\"line-height: 21px; font-size: 14px;\">\u00a0T\u00fcm K\u00f6pekler<\/span><\/td>\n<\/tr>\n<tr>\n<td style=\"font-family: Verdana, Arial, Helvetica, sans-serif; font-size: 12px; color: #000000; margin: 8px; width: 187px; text-align: center;\"><span style=\"line-height: 21px; font-size: 14px;\">\u00a0<span style=\"line-height: 21px; color: #333333; font-family: Arial, Helvetica; font-size: 14px; font-style: normal; font-weight: 400; background-color: #ffffff; float: none; display: inline !important;\">Teslimat s\u00fcresi<\/span><\/span><\/td>\n<td style=\"font-family: Verdana, Arial, Helvetica, sans-serif; font-size: 12px; color: #000000; margin: 8px; width: 526px; text-align: center;\"><span style=\"line-height: 21px; font-size: 14px;\"><span style=\"line-height: 21px; color: #000000; font-family: Verdana, Arial, Helvetica, sans-serif; font-size: 14px; font-style: normal; font-weight: 400; background-color: #ffffff; float: none; display: inline !important;\">Hava yoluyla k\u00fc\u00e7\u00fck miktar i\u00e7in 1-5 g\u00fcn ve deniz yoluyla b\u00fcy\u00fck miktar i\u00e7in 30-35 g\u00fcn<\/span>\u00a0<\/span><\/td>\n<\/tr>\n<tr>\n<td style=\"font-family: Verdana, Arial, Helvetica, sans-serif; font-size: 12px; color: #000000; margin: 8px; width: 187px; text-align: center;\"><span style=\"line-height: 21px; font-size: 14px;\">\u00a0<span style=\"line-height: 21px; color: #333333; font-family: Arial, Helvetica; font-size: 14px; font-style: normal; font-weight: 400; background-color: #ffffff; float: none; display: inline !important;\">Sevkiyat liman\u0131<\/span><\/span><\/td>\n<td style=\"font-family: Verdana, Arial, Helvetica, sans-serif; font-size: 12px; color: #000000; margin: 8px; width: 526px; text-align: center;\"><span style=\"line-height: 21px; font-size: 14px;\">Xiamen\u00a0<\/span><\/td>\n<\/tr>\n<tr>\n<td style=\"font-family: Verdana, Arial, Helvetica, sans-serif; font-size: 12px; color: #000000; margin: 8px; width: 187px; text-align: center;\"><span style=\"line-height: 21px; font-size: 14px;\">\u00a0<span style=\"line-height: 21px; color: #333333; font-family: Arial, Helvetica; font-size: 14px; font-style: normal; font-weight: 400; background-color: #ffffff; float: none; display: inline !important;\">OEM\/ODM<\/span><\/span><\/td>\n<td style=\"font-family: Verdana, Arial, Helvetica, sans-serif; font-size: 12px; color: #000000; margin: 8px; width: 526px; text-align: center;\"><span style=\"line-height: 21px; font-size: 14px;\">\u00a0<span style=\"line-height: 21px; color: #333333; font-family: Arial, Helvetica; font-size: 14px; font-style: normal; font-weight: 400; background-color: #ffffff; float: none; display: inline !important;\">Mevcut<\/span><\/span><\/td>\n<\/tr>\n<tr>\n<td style=\"font-family: Verdana, Arial, Helvetica, sans-serif; font-size: 12px; color: #000000; margin: 8px; width: 187px; text-align: center;\"><span style=\"line-height: 21px; font-size: 14px;\">\u00a0<span style=\"line-height: 21px; color: #333333; font-family: Arial, Helvetica; font-size: 14px; font-style: normal; font-weight: 400; background-color: #ffffff; float: none; display: inline !important;\">Paket<\/span><\/span><\/td>\n<td style=\"font-family: Verdana, Arial, Helvetica, sans-serif; font-size: 12px; color: #000000; margin: 8px; width: 526px; text-align: center;\"><span style=\"line-height: 21px; font-size: 14px;\"><span style=\"line-height: 21px; color: #333333; font-family: Arial, Helvetica; font-size: 14px; font-style: normal; font-weight: 400; background-color: #ffffff; float: none; display: inline !important;\">Her biri bir PPB i\u00e7inde paketlendikten sonra Kartona veya ihtiyaca g\u00f6re<\/span><\/span><\/td>\n<\/tr>\n<\/tbody>\n<\/table>\n<p data-immersive-translate-walked=\"489116ed-4b4a-4117-9ebc-78cb98715400\" data-immersive-translate-paragraph=\"1\">Bu yenilik\u00e7i <span style=\"color: #ff0000;\"><a style=\"color: #ff0000;\" href=\"https:\/\/pecpets.com\/tr\/urun-kategori%cc%87si%cc%87\/pet-bed\/\" target=\"_blank\" rel=\"noopener\">evcil hayvan ta\u015f\u0131y\u0131c\u0131<\/a><\/span> konfor ve rahatl\u0131k i\u00e7in tasarlanm\u0131\u015ft\u0131r ve yolculuklar s\u0131ras\u0131nda evcil hayvan\u0131n\u0131z\u0131 kuru ve rahat tutmak i\u00e7in su ge\u00e7irmez malzemeler i\u00e7erir.<\/p>\n<p data-immersive-translate-walked=\"489116ed-4b4a-4117-9ebc-78cb98715400\" data-immersive-translate-paragraph=\"1\">Do\u011frudan fabrikam\u0131zdan toptan fiyatlarla seyahat k\u00f6pek ta\u015f\u0131y\u0131c\u0131lar\u0131 yelpazemizi ke\u015ffedin.<\/p>\n<p data-immersive-translate-walked=\"489116ed-4b4a-4117-9ebc-78cb98715400\" data-immersive-translate-paragraph=\"1\">Evcil hayvanlar\u0131n\u0131z i\u00e7in her yolculu\u011fu konforlu ve keyifli bir deneyim haline getirin!<\/p>","protected":false},"excerpt":{"rendered":"<h2><strong><b>Toptan Ta\u015f\u0131nabilir A\u00e7\u0131k Pet Ta\u015f\u0131y\u0131c\u0131 Seyahat \u00c7antas\u0131<\/b><\/strong><\/h2>\n<p>Ta\u015f\u0131nabilir D\u0131\u015f Mekan Evcil Hayvan Ta\u015f\u0131y\u0131c\u0131 Seyahat \u00c7antas\u0131n\u0131 ke\u015ffedin.<\/p>\n<p>Y\u00fcksek kaliteli tasar\u0131mlar\u0131m\u0131zla evcil hayvanlar\u0131n\u0131z\u0131n \u015f\u0131kl\u0131\u011f\u0131n\u0131 koruyun.<\/p>","protected":false},"featured_media":7799,"template":"","meta":{"_seopress_robots_primary_cat":"none","_seopress_titles_title":"Pet Carrier: Portable Outdoor Pet Carrier Travel Bag","_seopress_titles_desc":"Explore Portable Outdoor Pet Carrier Travel Bag. Our travel dog carriers are waterproof, available for wholesale directly from the factory.","_seopress_robots_index":"","_uag_custom_page_level_css":""},"product_brand":[],"product_cat":[15,368],"product_tag":[],"class_list":{"0":"post-7798","1":"product","2":"type-product","3":"status-publish","4":"has-post-thumbnail","6":"product_cat-pet-carrier","7":"product_cat-travel-dog-carriers","9":"first","10":"instock","11":"shipping-taxable","12":"product-type-simple"},"uagb_featured_image_src":{"full":["https:\/\/pecpets.com\/wp-content\/uploads\/2024\/07\/\u8be6\u60c5-01.jpg",750,750,false],"thumbnail":["https:\/\/pecpets.com\/wp-content\/uploads\/2024\/07\/\u8be6\u60c5-01-150x150.jpg",150,150,true],"medium":["https:\/\/pecpets.com\/wp-content\/uploads\/2024\/07\/\u8be6\u60c5-01-300x300.jpg",300,300,true],"medium_large":["https:\/\/pecpets.com\/wp-content\/uploads\/2024\/07\/\u8be6\u60c5-01.jpg",750,750,false],"large":["https:\/\/pecpets.com\/wp-content\/uploads\/2024\/07\/\u8be6\u60c5-01.jpg",750,750,false],"1536x1536":["https:\/\/pecpets.com\/wp-content\/uploads\/2024\/07\/\u8be6\u60c5-01.jpg",750,750,false],"2048x2048":["https:\/\/pecpets.com\/wp-content\/uploads\/2024\/07\/\u8be6\u60c5-01.jpg",750,750,false],"trp-custom-language-flag":["https:\/\/pecpets.com\/wp-content\/uploads\/2024\/07\/\u8be6\u60c5-01.jpg",12,12,false],"woocommerce_thumbnail":["https:\/\/pecpets.com\/wp-content\/uploads\/2024\/07\/\u8be6\u60c5-01-300x300.jpg",300,300,true],"woocommerce_single":["https:\/\/pecpets.com\/wp-content\/uploads\/2024\/07\/\u8be6\u60c5-01-600x600.jpg",600,600,true],"woocommerce_gallery_thumbnail":["https:\/\/pecpets.com\/wp-content\/uploads\/2024\/07\/\u8be6\u60c5-01-100x100.jpg",100,100,true]},"uagb_author_info":{"display_name":"Lawrence\u00a0\u52b3\u4f26\u65af","author_link":"https:\/\/pecpets.com\/tr\/author\/"},"uagb_comment_info":0,"uagb_excerpt":"Wholesale Portable Outdoor Pet Carrier Travel Bag Discover Portable Outdoor Pet Carrier Travel Bag. Keep your pets stylish with our high-quality designs.","_links":{"self":[{"href":"https:\/\/pecpets.com\/tr\/wp-json\/wp\/v2\/product\/7798","targetHints":{"allow":["GET"]}}],"collection":[{"href":"https:\/\/pecpets.com\/tr\/wp-json\/wp\/v2\/product"}],"about":[{"href":"https:\/\/pecpets.com\/tr\/wp-json\/wp\/v2\/types\/product"}],"wp:featuredmedia":[{"embeddable":true,"href":"https:\/\/pecpets.com\/tr\/wp-json\/wp\/v2\/media\/7799"}],"wp:attachment":[{"href":"https:\/\/pecpets.com\/tr\/wp-json\/wp\/v2\/media?parent=7798"}],"wp:term":[{"taxonomy":"product_brand","embeddable":true,"href":"https:\/\/pecpets.com\/tr\/wp-json\/wp\/v2\/product_brand?post=7798"},{"taxonomy":"product_cat","embeddable":true,"href":"https:\/\/pecpets.com\/tr\/wp-json\/wp\/v2\/product_cat?post=7798"},{"taxonomy":"product_tag","embeddable":true,"href":"https:\/\/pecpets.com\/tr\/wp-json\/wp\/v2\/product_tag?post=7798"}],"curies":[{"name":"wp","href":"https:\/\/api.w.org\/{rel}","templated":true}]}}