{"id":7851,"date":"2024-07-04T14:14:45","date_gmt":"2024-07-04T06:14:45","guid":{"rendered":"https:\/\/pecpets.com\/?post_type=product&#038;p=7851"},"modified":"2024-10-30T09:03:50","modified_gmt":"2024-10-30T01:03:50","slug":"breathable-mesh-pet-shoulder-bag","status":"publish","type":"product","link":"https:\/\/pecpets.com\/tr\/product\/breathable-mesh-pet-shoulder-bag\/","title":{"rendered":"Nefes Alabilen Fileli Evcil Hayvan Omuz \u00c7antas\u0131"},"content":{"rendered":"<h2 title=\"Katlanabilir K\u00f6pek \u00c7antas\u0131 Nefes Alabilir \u00d6rg\u00fc Pet Omuz \u00c7antas\u0131 K\u00fc\u00e7\u00fck Evcil K\u00f6pek Kediler i\u00e7in\" data-immersive-translate-walked=\"1c928421-2e42-4cd3-8754-5404553c0af5\" data-immersive-translate-paragraph=\"1\" data-spm-anchor-id=\"a2700.details.0.i35.4f6757d4w4zNZA\">Y\u00fcksek Kaliteli Nefes Alabilir \u00d6rg\u00fc Pet Omuz \u00c7antas\u0131 - \u015eehir Y\u00fcr\u00fcy\u00fc\u015fleri i\u00e7in L\u00fcks Pet Ta\u015f\u0131y\u0131c\u0131 Fabrikadan Toptan Sat\u0131\u015f<\/h2>\n<p>\u015eehir y\u00fcr\u00fcy\u00fc\u015fleri ve \u00f6tesi i\u00e7in tasarlanm\u0131\u015f l\u00fcks bir evcil hayvan ta\u015f\u0131y\u0131c\u0131s\u0131 olan Y\u00fcksek Kaliteli Nefes Alabilir \u00d6rg\u00fc Pet Omuz \u00c7antas\u0131 ile tan\u0131\u015f\u0131n. Bu \u00e7ok y\u00f6nl\u00fc \u00e7anta hem stil hem de i\u015flevsellik sunarak evcil hayvan\u0131n\u0131z i\u00e7in rahat ve g\u00fcvenli bir ortam sa\u011flar. Perakendeciler ve toptanc\u0131lar i\u00e7in m\u00fckemmel olan bu \u00fcr\u00fcn, en iyi fiyatlar\u0131 ve ola\u011fan\u00fcst\u00fc kaliteyi sa\u011flamak i\u00e7in do\u011frudan fabrikam\u0131zdan temin edilebilir.<\/p>\n<table style=\"border-collapse: collapse; background-color: #ffffff; width: 329px; height: 273px;\" border=\"1\">\n<tbody>\n<tr>\n<td style=\"font-family: Verdana, Arial, Helvetica, sans-serif; font-size: 12px; color: #000000; margin: 8px; width: 187px; text-align: center;\"><span style=\"line-height: 21px; font-size: 14px;\">\u00dcr\u00fcn Ad\u0131<\/span><\/td>\n<td style=\"font-family: Verdana, Arial, Helvetica, sans-serif; font-size: 12px; color: #000000; margin: 8px; width: 526px; text-align: center;\"><span style=\"font-size: 14px;\">Evcil Hayvan Ta\u015f\u0131y\u0131c\u0131<\/span><\/td>\n<\/tr>\n<tr>\n<td style=\"font-family: Verdana, Arial, Helvetica, sans-serif; font-size: 12px; color: #000000; margin: 8px; width: 187px; text-align: center;\"><span style=\"line-height: 21px; font-size: 14px;\">\u00dcr\u00fcn No.<\/span><\/td>\n<td style=\"font-family: Verdana, Arial, Helvetica, sans-serif; font-size: 12px; color: #000000; margin: 8px; width: 526px; text-align: center;\"><span style=\"line-height: 21px; font-size: 14px;\">P-C2038<\/span><\/td>\n<\/tr>\n<tr>\n<td style=\"font-family: Verdana, Arial, Helvetica, sans-serif; font-size: 12px; color: #000000; margin: 8px; width: 187px; text-align: center;\"><span style=\"line-height: 21px; color: #333333; font-family: Arial, Helvetica; font-size: 14px; font-style: normal; font-weight: 400; background-color: #ffffff; float: none; display: inline !important;\">Malzeme<\/span><\/td>\n<td style=\"font-family: Verdana, Arial, Helvetica, sans-serif; font-size: 12px; color: #000000; margin: 8px; width: 526px; text-align: center;\"><span style=\"color: #333333; font-family: Helvetica,Tahoma,Arial; font-size: 12px; font-style: normal; font-weight: 400; background-color: #fcfcfc; display: inline !important; float: none;\">Oxford Kuma\u015f<\/span><\/td>\n<\/tr>\n<tr>\n<td style=\"font-family: Verdana, Arial, Helvetica, sans-serif; font-size: 12px; color: #000000; margin: 8px; width: 187px; text-align: center;\"><span style=\"line-height: 21px; font-size: 14px;\">\u00a0Boyut<\/span><\/td>\n<td style=\"margin: 8px; width: 526px; text-align: center;\"><span style=\"color: #222222; font-family: Helvetica, Tahoma, Arial;\"><span style=\"font-size: 14px;\">\u00d6zel Boyut<\/span><\/span><\/td>\n<\/tr>\n<tr>\n<td style=\"font-family: Verdana, Arial, Helvetica, sans-serif; font-size: 12px; color: #000000; margin: 8px; width: 187px; text-align: center;\"><span style=\"line-height: 21px; font-size: 14px;\">\u00a0Renk<\/span><\/td>\n<td style=\"font-family: Verdana, Arial, Helvetica, sans-serif; font-size: 12px; color: #000000; margin: 8px; width: 526px; text-align: center;\"><span style=\"font-size: 14px;\">\u00d6zel Renk<\/span><\/td>\n<\/tr>\n<tr>\n<td style=\"font-family: Verdana, Arial, Helvetica, sans-serif; font-size: 12px; color: #000000; margin: 8px; width: 187px; text-align: center;\"><span style=\"line-height: 21px; font-size: 14px;\">\u00a0<span style=\"line-height: 21px; color: #333333; font-family: Arial, Helvetica; font-size: 14px; font-style: normal; font-weight: 400; background-color: #ffffff; float: none; display: inline !important;\">Evcil hayvan t\u00fcr\u00fc<\/span><\/span><\/td>\n<td style=\"font-family: Verdana, Arial, Helvetica, sans-serif; font-size: 12px; color: #000000; margin: 8px; width: 526px; text-align: center;\"><span style=\"line-height: 21px; font-size: 14px;\">\u00a0T\u00fcm K\u00f6pekler<\/span><\/td>\n<\/tr>\n<tr>\n<td style=\"font-family: Verdana, Arial, Helvetica, sans-serif; font-size: 12px; color: #000000; margin: 8px; width: 187px; text-align: center;\"><span style=\"line-height: 21px; font-size: 14px;\">\u00a0<span style=\"line-height: 21px; color: #333333; font-family: Arial, Helvetica; font-size: 14px; font-style: normal; font-weight: 400; background-color: #ffffff; float: none; display: inline !important;\">Teslimat s\u00fcresi<\/span><\/span><\/td>\n<td style=\"font-family: Verdana, Arial, Helvetica, sans-serif; font-size: 12px; color: #000000; margin: 8px; width: 526px; text-align: center;\"><span style=\"line-height: 21px; font-size: 14px;\"><span style=\"line-height: 21px; color: #000000; font-family: Verdana, Arial, Helvetica, sans-serif; font-size: 14px; font-style: normal; font-weight: 400; background-color: #ffffff; float: none; display: inline !important;\">Hava yoluyla k\u00fc\u00e7\u00fck miktar i\u00e7in 1-5 g\u00fcn ve deniz yoluyla b\u00fcy\u00fck miktar i\u00e7in 30-35 g\u00fcn<\/span>\u00a0<\/span><\/td>\n<\/tr>\n<tr>\n<td style=\"font-family: Verdana, Arial, Helvetica, sans-serif; font-size: 12px; color: #000000; margin: 8px; width: 187px; text-align: center;\"><span style=\"line-height: 21px; font-size: 14px;\">\u00a0<span style=\"line-height: 21px; color: #333333; font-family: Arial, Helvetica; font-size: 14px; font-style: normal; font-weight: 400; background-color: #ffffff; float: none; display: inline !important;\">Sevkiyat liman\u0131<\/span><\/span><\/td>\n<td style=\"font-family: Verdana, Arial, Helvetica, sans-serif; font-size: 12px; color: #000000; margin: 8px; width: 526px; text-align: center;\"><span style=\"line-height: 21px; font-size: 14px;\">Xiamen\u00a0<\/span><\/td>\n<\/tr>\n<tr>\n<td style=\"font-family: Verdana, Arial, Helvetica, sans-serif; font-size: 12px; color: #000000; margin: 8px; width: 187px; text-align: center;\"><span style=\"line-height: 21px; font-size: 14px;\">\u00a0<span style=\"line-height: 21px; color: #333333; font-family: Arial, Helvetica; font-size: 14px; font-style: normal; font-weight: 400; background-color: #ffffff; float: none; display: inline !important;\">OEM\/ODM<\/span><\/span><\/td>\n<td style=\"font-family: Verdana, Arial, Helvetica, sans-serif; font-size: 12px; color: #000000; margin: 8px; width: 526px; text-align: center;\"><span style=\"line-height: 21px; font-size: 14px;\">\u00a0<span style=\"line-height: 21px; color: #333333; font-family: Arial, Helvetica; font-size: 14px; font-style: normal; font-weight: 400; background-color: #ffffff; float: none; display: inline !important;\">Mevcut<\/span><\/span><\/td>\n<\/tr>\n<tr>\n<td style=\"font-family: Verdana, Arial, Helvetica, sans-serif; font-size: 12px; color: #000000; margin: 8px; width: 187px; text-align: center;\"><span style=\"line-height: 21px; font-size: 14px;\">\u00a0<span style=\"line-height: 21px; color: #333333; font-family: Arial, Helvetica; font-size: 14px; font-style: normal; font-weight: 400; background-color: #ffffff; float: none; display: inline !important;\">Paket<\/span><\/span><\/td>\n<td style=\"font-family: Verdana, Arial, Helvetica, sans-serif; font-size: 12px; color: #000000; margin: 8px; width: 526px; text-align: center;\"><span style=\"line-height: 21px; font-size: 14px;\"><span style=\"line-height: 21px; color: #333333; font-family: Arial, Helvetica; font-size: 14px; font-style: normal; font-weight: 400; background-color: #ffffff; float: none; display: inline !important;\">Her biri bir PPB i\u00e7inde paketlendikten sonra Kartona veya ihtiyaca g\u00f6re<\/span><\/span><\/td>\n<\/tr>\n<\/tbody>\n<\/table>\n<h4>Temel \u00d6zellikler:<\/h4>\n<ul>\n<li><strong>Nefes Alabilen File Tasar\u0131m<\/strong>: \u015eehir y\u00fcr\u00fcy\u00fc\u015fleri ve seyahat s\u0131ras\u0131nda evcil hayvan\u0131n\u0131z i\u00e7in maksimum hava ak\u0131\u015f\u0131 ve konfor sa\u011flar.<\/li>\n<li><strong>Y\u00fcksek Kaliteli Malzemeler<\/strong>: Uzun \u00f6m\u00fcrl\u00fc kullan\u0131m i\u00e7in birinci s\u0131n\u0131f, dayan\u0131kl\u0131 malzemelerden \u00fcretilmi\u015ftir.<\/li>\n<li><strong>L\u00fcks ve Stil<\/strong>: \u015e\u0131kl\u0131\u011f\u0131 pratiklikle birle\u015ftirerek modern evcil hayvan sahipleri i\u00e7in sahip olunmas\u0131 gereken bir aksesuar haline getirir.<\/li>\n<li><strong>Kullan\u0131\u015fl\u0131 ve Ergonomik<\/strong>: Kolay ta\u015f\u0131ma ve saklama i\u00e7in ayarlanabilir omuz ask\u0131lar\u0131 ve \u00e7oklu ceplere sahiptir.<\/li>\n<li><strong>Toptan Sat\u0131\u015f<\/strong>: Do\u011frudan fabrikadan temin edilebilir, rekabet\u00e7i fiyatland\u0131rma ve tutarl\u0131 kalite sunar.<\/li>\n<\/ul>\n<h3>\u015eunun i\u00e7in ideal:<\/h3>\n<ul>\n<li>\u015eehir y\u00fcr\u00fcy\u00fc\u015fleri ve seyahatler i\u00e7in \u015f\u0131k ve konforlu bir evcil hayvan ta\u015f\u0131y\u0131c\u0131s\u0131 arayan evcil hayvan sahipleri.<\/li>\n<li>Fabrika do\u011frudan fiyatlar\u0131yla y\u00fcksek kaliteli, l\u00fcks evcil hayvan omuz \u00e7antalar\u0131 arayan perakendeciler ve toptanc\u0131lar.<\/li>\n<li>M\u00fc\u015fterilerine en \u00fcst d\u00fczey evcil hayvan aksesuarlar\u0131 sunmay\u0131 hedefleyen i\u015fletmeler.<\/li>\n<\/ul>\n<p>Y\u00fcksek Kaliteli Nefes Alabilen Filemiz ile evcil hayvan\u0131n\u0131z\u0131n seyahat deneyimini geli\u015ftirin <span style=\"color: #ff0000;\"><a style=\"color: #ff0000;\" href=\"https:\/\/pecpets.com\/tr\/urun-kategori%cc%87si%cc%87\/pet-bed\/\" target=\"_blank\" rel=\"noopener\">Evcil Hayvan Omuz \u00c7antas\u0131<\/a><\/span>. Toptan sat\u0131\u015f talepleri ve fabrikadan do\u011frudan fiyatland\u0131rma i\u00e7in bug\u00fcn bize ula\u015f\u0131n.<\/p>","protected":false},"excerpt":{"rendered":"<h2><strong><b>Toptan Nefes Alabilir \u00d6rg\u00fc Pet Omuz \u00c7antas\u0131<\/b><\/strong><\/h2>\n<p>Nefes Alabilen Fileli Evcil Hayvan Omuz \u00c7antas\u0131n\u0131 Ke\u015ffedin.<\/p>\n<p>Y\u00fcksek kaliteli tasar\u0131mlar\u0131m\u0131zla evcil hayvanlar\u0131n\u0131z\u0131n \u015f\u0131kl\u0131\u011f\u0131n\u0131 koruyun.<\/p>","protected":false},"featured_media":7852,"template":"","meta":{"_seopress_robots_primary_cat":"none","_seopress_titles_title":"Pet Carrier: Breathable Mesh Pet Shoulder Bag","_seopress_titles_desc":"Explore Breathable Mesh Pet Shoulder Bag. Our travel dog carriers are waterproof, available for wholesale directly from the factory.","_seopress_robots_index":"","_uag_custom_page_level_css":""},"product_brand":[],"product_cat":[15,368],"product_tag":[],"class_list":{"0":"post-7851","1":"product","2":"type-product","3":"status-publish","4":"has-post-thumbnail","6":"product_cat-pet-carrier","7":"product_cat-travel-dog-carriers","9":"first","10":"instock","11":"shipping-taxable","12":"product-type-simple"},"uagb_featured_image_src":{"full":["https:\/\/pecpets.com\/wp-content\/uploads\/2024\/07\/\u8be6\u60c5-02-4.jpg",1003,1000,false],"thumbnail":["https:\/\/pecpets.com\/wp-content\/uploads\/2024\/07\/\u8be6\u60c5-02-4-150x150.jpg",150,150,true],"medium":["https:\/\/pecpets.com\/wp-content\/uploads\/2024\/07\/\u8be6\u60c5-02-4-300x300.jpg",300,300,true],"medium_large":["https:\/\/pecpets.com\/wp-content\/uploads\/2024\/07\/\u8be6\u60c5-02-4-768x766.jpg",768,766,true],"large":["https:\/\/pecpets.com\/wp-content\/uploads\/2024\/07\/\u8be6\u60c5-02-4.jpg",800,798,false],"1536x1536":["https:\/\/pecpets.com\/wp-content\/uploads\/2024\/07\/\u8be6\u60c5-02-4.jpg",1003,1000,false],"2048x2048":["https:\/\/pecpets.com\/wp-content\/uploads\/2024\/07\/\u8be6\u60c5-02-4.jpg",1003,1000,false],"trp-custom-language-flag":["https:\/\/pecpets.com\/wp-content\/uploads\/2024\/07\/\u8be6\u60c5-02-4.jpg",12,12,false],"woocommerce_thumbnail":["https:\/\/pecpets.com\/wp-content\/uploads\/2024\/07\/\u8be6\u60c5-02-4-300x300.jpg",300,300,true],"woocommerce_single":["https:\/\/pecpets.com\/wp-content\/uploads\/2024\/07\/\u8be6\u60c5-02-4-600x598.jpg",600,598,true],"woocommerce_gallery_thumbnail":["https:\/\/pecpets.com\/wp-content\/uploads\/2024\/07\/\u8be6\u60c5-02-4-100x100.jpg",100,100,true]},"uagb_author_info":{"display_name":"Lawrence\u00a0\u52b3\u4f26\u65af","author_link":"https:\/\/pecpets.com\/tr\/author\/"},"uagb_comment_info":0,"uagb_excerpt":"Wholesale Breathable Mesh Pet Shoulder Bag Discover Breathable Mesh Pet Shoulder Bag. Keep your pets stylish with our high-quality designs.","_links":{"self":[{"href":"https:\/\/pecpets.com\/tr\/wp-json\/wp\/v2\/product\/7851","targetHints":{"allow":["GET"]}}],"collection":[{"href":"https:\/\/pecpets.com\/tr\/wp-json\/wp\/v2\/product"}],"about":[{"href":"https:\/\/pecpets.com\/tr\/wp-json\/wp\/v2\/types\/product"}],"wp:featuredmedia":[{"embeddable":true,"href":"https:\/\/pecpets.com\/tr\/wp-json\/wp\/v2\/media\/7852"}],"wp:attachment":[{"href":"https:\/\/pecpets.com\/tr\/wp-json\/wp\/v2\/media?parent=7851"}],"wp:term":[{"taxonomy":"product_brand","embeddable":true,"href":"https:\/\/pecpets.com\/tr\/wp-json\/wp\/v2\/product_brand?post=7851"},{"taxonomy":"product_cat","embeddable":true,"href":"https:\/\/pecpets.com\/tr\/wp-json\/wp\/v2\/product_cat?post=7851"},{"taxonomy":"product_tag","embeddable":true,"href":"https:\/\/pecpets.com\/tr\/wp-json\/wp\/v2\/product_tag?post=7851"}],"curies":[{"name":"wp","href":"https:\/\/api.w.org\/{rel}","templated":true}]}}