{"id":7934,"date":"2024-07-04T15:42:17","date_gmt":"2024-07-04T07:42:17","guid":{"rendered":"https:\/\/pecpets.com\/?post_type=product&#038;p=7934"},"modified":"2024-07-04T15:44:22","modified_gmt":"2024-07-04T07:44:22","slug":"wholesale-breathable-designer-pet-dog-harness","status":"publish","type":"product","link":"https:\/\/pecpets.com\/tr\/product\/wholesale-breathable-designer-pet-dog-harness\/","title":{"rendered":"Toptan Nefes Alabilir Tasar\u0131mc\u0131 Pet K\u00f6pek Ko\u015fum"},"content":{"rendered":"<h2 data-immersive-translate-walked=\"aa333ee4-404a-4aef-9a25-2ecc46165f31\" data-immersive-translate-paragraph=\"1\">L\u00fcks Y\u00fcksek Kaliteli Nefes Alabilir Tasar\u0131mc\u0131 Pet K\u00f6pek Ko\u015fum - Fabrikadan Toptan Sat\u0131\u015f<\/h2>\n<p>Stil ve i\u015flevselli\u011fin bir \u00f6rne\u011fi olan L\u00fcks Y\u00fcksek Kaliteli Nefes Alabilir Tasar\u0131mc\u0131 Pet K\u00f6pek Ko\u015fum Tak\u0131m\u0131m\u0131zla tan\u0131\u015f\u0131n. Bu premium evcil hayvan ko\u015fum tak\u0131m\u0131, y\u00fcksek kaliteli malzemeleri tasar\u0131mc\u0131 bir g\u00f6r\u00fcn\u00fcmle birle\u015ftirerek evcil hayvan\u0131n\u0131z\u0131n konforunu ve g\u00fcvenli\u011fini sa\u011flar. Do\u011frudan fabrikam\u0131zdan toptan sat\u0131\u015f i\u00e7in mevcut olan bu \u00fcr\u00fcn, ola\u011fan\u00fcst\u00fc kalite ve rekabet\u00e7i fiyatland\u0131rma sunar.<\/p>\n<h4>Temel \u00d6zellikler:<\/h4>\n<ul>\n<li><strong>Nefes Alabilen Tasar\u0131m<\/strong>: Y\u00fcr\u00fcy\u00fc\u015fler s\u0131ras\u0131nda evcil hayvan\u0131n\u0131z\u0131 rahat ve serin tutmak i\u00e7in nefes alabilen malzemelerden yap\u0131lm\u0131\u015ft\u0131r.<\/li>\n<li><strong>Y\u00fcksek Kaliteli Yap\u0131<\/strong>: Uzun \u00f6m\u00fcrl\u00fc kullan\u0131m sa\u011flamak i\u00e7in dayan\u0131kl\u0131, birinci s\u0131n\u0131f malzemelerle \u00fcretilmi\u015ftir.<\/li>\n<li><strong>L\u00fcks Tasar\u0131mc\u0131 G\u00f6r\u00fcn\u00fcm\u00fc<\/strong>: L\u00fcks\u00fc seven evcil hayvan sahiplerine hitap eden zarif ve \u015f\u0131k tasar\u0131m.<\/li>\n<li><strong>Ayarlanabilir ve G\u00fcvenli<\/strong>: M\u00fckemmel uyum ve geli\u015fmi\u015f g\u00fcvenlik i\u00e7in ayarlanabilir kay\u0131\u015flara ve g\u00fcvenli toka kapaklar\u0131na sahiptir.<\/li>\n<li><strong>Rahat Uyum<\/strong>: Bas\u0131nc\u0131 e\u015fit olarak da\u011f\u0131tarak gerginli\u011fi \u00f6nler ve evcil hayvan\u0131n\u0131z\u0131n rahat etmesini sa\u011flar.<\/li>\n<li><strong>Toptan Sat\u0131\u015f<\/strong>: Do\u011frudan fabrikadan, tutarl\u0131 kalite ve toplu sipari\u015fler i\u00e7in uygun maliyetli fiyatland\u0131rma sa\u011flar.<\/li>\n<\/ul>\n<h3>\u015eunun i\u00e7in ideal:<\/h3>\n<ul>\n<li>K\u00f6pekleri i\u00e7in y\u00fcksek kaliteli, nefes alabilen ve \u015f\u0131k bir g\u00f6\u011f\u00fcs tasmas\u0131 arayan evcil hayvan sahipleri.<\/li>\n<li>Fabrika do\u011frudan fiyatlar\u0131yla l\u00fcks evcil hayvan ko\u015fum tak\u0131mlar\u0131 arayan perakendeciler ve toptanc\u0131lar.<\/li>\n<li>M\u00fc\u015fterilerine moda ve i\u015flevi bir araya getiren birinci s\u0131n\u0131f evcil hayvan aksesuarlar\u0131 sunmay\u0131 ama\u00e7layan i\u015fletmeler.<\/li>\n<\/ul>\n<p>L\u00fcks Y\u00fcksek Kaliteli Nefes Alabilir Tasar\u0131mc\u0131 Pet K\u00f6pek Ko\u015fum Tak\u0131m\u0131m\u0131zla k\u00f6pe\u011finizin y\u00fcr\u00fcy\u00fc\u015f deneyimini y\u00fckseltin. Toptan sat\u0131\u015f talepleri ve fabrika do\u011frudan fiyatland\u0131rmas\u0131 i\u00e7in bug\u00fcn bize ula\u015f\u0131n.<\/p>","protected":false},"excerpt":{"rendered":"<h2>Reflektif \u00d6rg\u00fc Kuma\u015f Naylon Ko\u015fum K\u00f6pek Yele\u011fi<\/h2>\n<table style=\"border-collapse: collapse; background-color: #ffffff; width: 721px; height: 192px;\" border=\"1\">\n<tbody>\n<tr>\n<td style=\"font-family: Verdana, Arial, Helvetica, sans-serif; font-size: 12px; color: #000000; margin: 8px; width: 187px; text-align: center;\"><span style=\"line-height: 21px; font-size: 14px;\">\u00dcr\u00fcn Ad\u0131<\/span><\/td>\n<td style=\"font-family: Verdana, Arial, Helvetica, sans-serif; font-size: 12px; color: #000000; margin: 8px; width: 526px; text-align: center;\"><span style=\"font-size: 14px;\">K\u00f6pek Ko\u015fum Tak\u0131m\u0131<\/span><\/td>\n<\/tr>\n<tr>\n<td style=\"font-family: Verdana, Arial, Helvetica, sans-serif; font-size: 12px; color: #000000; margin: 8px; width: 187px; text-align: center;\"><span style=\"line-height: 21px; font-size: 14px;\">\u00dcr\u00fcn No.<\/span><\/td>\n<td style=\"font-family: Verdana, Arial, Helvetica, sans-serif; font-size: 12px; color: #000000; margin: 8px; width: 526px; text-align: center;\"><span style=\"line-height: 21px; font-size: 14px;\">Y2106<\/span><\/td>\n<\/tr>\n<tr>\n<td style=\"font-family: Verdana, Arial, Helvetica, sans-serif; font-size: 12px; color: #000000; margin: 8px; width: 187px; text-align: center;\"><span style=\"line-height: 21px; color: #333333; font-family: Arial, Helvetica; font-size: 14px; font-style: normal; font-weight: 400; background-color: #ffffff; float: none; display: inline !important;\">Malzeme<\/span><\/td>\n<td style=\"font-family: Verdana, Arial, Helvetica, sans-serif; font-size: 12px; color: #000000; margin: 8px; width: 526px; text-align: center;\"><span style=\"color: #222222; font-family: Helvetica, Tahoma, Arial; font-size: 14px; font-style: normal; font-weight: 500; background-color: #ffffff; float: none; display: inline !important;\">Naylon<\/span><\/td>\n<\/tr>\n<tr>\n<td style=\"font-family: Verdana, Arial, Helvetica, sans-serif; font-size: 12px; color: #000000; margin: 8px; width: 187px; text-align: center;\"><span style=\"line-height: 21px; font-size: 14px;\">\u00a0Boyut<\/span><\/td>\n<td style=\"font-family: Verdana, Arial, Helvetica, sans-serif; font-size: 12px; color: #000000; margin: 8px; width: 526px; text-align: center;\"><span style=\"font-size: 14px;\">\u00d6zel Boyut<\/span><\/td>\n<\/tr>\n<tr>\n<td style=\"font-family: Verdana, Arial, Helvetica, sans-serif; font-size: 12px; color: #000000; margin: 8px; width: 187px; text-align: center;\"><span style=\"line-height: 21px; font-size: 14px;\">\u00a0Renk<\/span><\/td>\n<td style=\"font-family: Verdana, Arial, Helvetica, sans-serif; font-size: 12px; color: #000000; margin: 8px; width: 526px; text-align: center;\"><span style=\"line-height: 21px; font-size: 14px;\">\u00d6zel Renk\u00a0<\/span><\/td>\n<\/tr>\n<tr>\n<td style=\"font-family: Verdana, Arial, Helvetica, sans-serif; font-size: 12px; color: #000000; margin: 8px; width: 187px; text-align: center;\"><span style=\"line-height: 21px; font-size: 14px;\">\u00a0<span style=\"line-height: 21px; color: #333333; font-family: Arial, Helvetica; font-size: 14px; font-style: normal; font-weight: 400; background-color: #ffffff; float: none; display: inline !important;\">Evcil hayvan t\u00fcr\u00fc<\/span><\/span><\/td>\n<td style=\"font-family: Verdana, Arial, Helvetica, sans-serif; font-size: 12px; color: #000000; margin: 8px; width: 526px; text-align: center;\"><span style=\"line-height: 21px; font-size: 14px;\">\u00a0T\u00fcm K\u00f6pekler<\/span><\/td>\n<\/tr>\n<tr>\n<td style=\"font-family: Verdana, Arial, Helvetica, sans-serif; font-size: 12px; color: #000000; margin: 8px; width: 187px; text-align: center;\"><span style=\"line-height: 21px; font-size: 14px;\">\u00a0<span style=\"line-height: 21px; color: #333333; font-family: Arial, Helvetica; font-size: 14px; font-style: normal; font-weight: 400; background-color: #ffffff; float: none; display: inline !important;\">Teslimat s\u00fcresi<\/span><\/span><\/td>\n<td style=\"font-family: Verdana, Arial, Helvetica, sans-serif; font-size: 12px; color: #000000; margin: 8px; width: 526px; text-align: center;\"><span style=\"line-height: 21px; font-size: 14px;\"><span style=\"line-height: 21px; color: #000000; font-family: Verdana, Arial, Helvetica, sans-serif; font-size: 14px; font-style: normal; font-weight: 400; background-color: #ffffff; float: none; display: inline !important;\">Hava yoluyla k\u00fc\u00e7\u00fck miktar i\u00e7in 1-5 g\u00fcn ve deniz yoluyla b\u00fcy\u00fck miktar i\u00e7in 30-35 g\u00fcn<\/span>\u00a0<\/span><\/td>\n<\/tr>\n<tr>\n<td style=\"font-family: Verdana, Arial, Helvetica, sans-serif; font-size: 12px; color: #000000; margin: 8px; width: 187px; text-align: center;\"><span style=\"line-height: 21px; font-size: 14px;\">\u00a0<span style=\"line-height: 21px; color: #333333; font-family: Arial, Helvetica; font-size: 14px; font-style: normal; font-weight: 400; background-color: #ffffff; float: none; display: inline !important;\">Sevkiyat liman\u0131<\/span><\/span><\/td>\n<td style=\"font-family: Verdana, Arial, Helvetica, sans-serif; font-size: 12px; color: #000000; margin: 8px; width: 526px; text-align: center;\"><span style=\"line-height: 21px; font-size: 14px;\">Xiamen\u00a0<\/span><\/td>\n<\/tr>\n<tr>\n<td style=\"font-family: Verdana, Arial, Helvetica, sans-serif; font-size: 12px; color: #000000; margin: 8px; width: 187px; text-align: center;\"><span style=\"line-height: 21px; font-size: 14px;\">\u00a0<span style=\"line-height: 21px; color: #333333; font-family: Arial, Helvetica; font-size: 14px; font-style: normal; font-weight: 400; background-color: #ffffff; float: none; display: inline !important;\">OEM\/ODM<\/span><\/span><\/td>\n<td style=\"font-family: Verdana, Arial, Helvetica, sans-serif; font-size: 12px; color: #000000; margin: 8px; width: 526px; text-align: center;\"><span style=\"line-height: 21px; font-size: 14px;\">\u00a0<span style=\"line-height: 21px; color: #333333; font-family: Arial, Helvetica; font-size: 14px; font-style: normal; font-weight: 400; background-color: #ffffff; float: none; display: inline !important;\">Mevcut<\/span><\/span><\/td>\n<\/tr>\n<tr>\n<td style=\"font-family: Verdana, Arial, Helvetica, sans-serif; font-size: 12px; color: #000000; margin: 8px; width: 187px; text-align: center;\"><span style=\"line-height: 21px; font-size: 14px;\">\u00a0<span style=\"line-height: 21px; color: #333333; font-family: Arial, Helvetica; font-size: 14px; font-style: normal; font-weight: 400; background-color: #ffffff; float: none; display: inline !important;\">Paket<\/span><\/span><\/td>\n<td style=\"font-family: Verdana, Arial, Helvetica, sans-serif; font-size: 12px; color: #000000; margin: 8px; width: 526px; text-align: center;\"><span style=\"line-height: 21px; font-size: 14px;\"><span style=\"line-height: 21px; color: #333333; font-family: Arial, Helvetica; font-size: 14px; font-style: normal; font-weight: 400; background-color: #ffffff; float: none; display: inline !important;\">Her biri bir PPB i\u00e7inde paketlendikten sonra Kartona veya ihtiyaca g\u00f6re<\/span><\/span><\/td>\n<\/tr>\n<\/tbody>\n<\/table>","protected":false},"featured_media":7935,"template":"","meta":{"_seopress_robots_primary_cat":"none","_seopress_titles_title":"Breathable Designer Pet Dog Harness - Manufacturer","_seopress_titles_desc":"Explore our Breathable Designer Pet Dog Harness, durable pet harness perfect for manufacturers. Ideal for wholesale buyers seeking premium quality.","_seopress_robots_index":"","_uag_custom_page_level_css":""},"product_brand":[],"product_cat":[212,323],"product_tag":[],"class_list":{"0":"post-7934","1":"product","2":"type-product","3":"status-publish","4":"has-post-thumbnail","6":"product_cat-pet-harness","7":"product_cat-standard-harnesses","9":"first","10":"instock","11":"shipping-taxable","12":"product-type-simple"},"uagb_featured_image_src":{"full":["https:\/\/pecpets.com\/wp-content\/uploads\/2024\/07\/\u4e3b\u56fe-01-4.jpg",1200,1200,false],"thumbnail":["https:\/\/pecpets.com\/wp-content\/uploads\/2024\/07\/\u4e3b\u56fe-01-4-150x150.jpg",150,150,true],"medium":["https:\/\/pecpets.com\/wp-content\/uploads\/2024\/07\/\u4e3b\u56fe-01-4-300x300.jpg",300,300,true],"medium_large":["https:\/\/pecpets.com\/wp-content\/uploads\/2024\/07\/\u4e3b\u56fe-01-4-768x768.jpg",768,768,true],"large":["https:\/\/pecpets.com\/wp-content\/uploads\/2024\/07\/\u4e3b\u56fe-01-4-1024x1024.jpg",800,800,true],"1536x1536":["https:\/\/pecpets.com\/wp-content\/uploads\/2024\/07\/\u4e3b\u56fe-01-4.jpg",1200,1200,false],"2048x2048":["https:\/\/pecpets.com\/wp-content\/uploads\/2024\/07\/\u4e3b\u56fe-01-4.jpg",1200,1200,false],"trp-custom-language-flag":["https:\/\/pecpets.com\/wp-content\/uploads\/2024\/07\/\u4e3b\u56fe-01-4.jpg",12,12,false],"woocommerce_thumbnail":["https:\/\/pecpets.com\/wp-content\/uploads\/2024\/07\/\u4e3b\u56fe-01-4-300x300.jpg",300,300,true],"woocommerce_single":["https:\/\/pecpets.com\/wp-content\/uploads\/2024\/07\/\u4e3b\u56fe-01-4-600x600.jpg",600,600,true],"woocommerce_gallery_thumbnail":["https:\/\/pecpets.com\/wp-content\/uploads\/2024\/07\/\u4e3b\u56fe-01-4-100x100.jpg",100,100,true]},"uagb_author_info":{"display_name":"Lawrence\u00a0\u52b3\u4f26\u65af","author_link":"https:\/\/pecpets.com\/tr\/author\/"},"uagb_comment_info":0,"uagb_excerpt":"Reflective Mesh Cloth Nylon Harness Dog Vest Products Name Dog Harness Item No. Y2106 Material Nylon \u00a0Size Custom\u00a0Size \u00a0Color Custom Color\u00a0 \u00a0Pet type \u00a0All Dog \u00a0Delivery time 1-5days\u00a0for small quantity by air and 30-35days for large quantity by sea\u00a0 \u00a0Port of shipment Xiamen\u00a0 \u00a0OEM\/ODM \u00a0Available \u00a0Package Each one packed in a PPB then into Carton&hellip;","_links":{"self":[{"href":"https:\/\/pecpets.com\/tr\/wp-json\/wp\/v2\/product\/7934","targetHints":{"allow":["GET"]}}],"collection":[{"href":"https:\/\/pecpets.com\/tr\/wp-json\/wp\/v2\/product"}],"about":[{"href":"https:\/\/pecpets.com\/tr\/wp-json\/wp\/v2\/types\/product"}],"wp:featuredmedia":[{"embeddable":true,"href":"https:\/\/pecpets.com\/tr\/wp-json\/wp\/v2\/media\/7935"}],"wp:attachment":[{"href":"https:\/\/pecpets.com\/tr\/wp-json\/wp\/v2\/media?parent=7934"}],"wp:term":[{"taxonomy":"product_brand","embeddable":true,"href":"https:\/\/pecpets.com\/tr\/wp-json\/wp\/v2\/product_brand?post=7934"},{"taxonomy":"product_cat","embeddable":true,"href":"https:\/\/pecpets.com\/tr\/wp-json\/wp\/v2\/product_cat?post=7934"},{"taxonomy":"product_tag","embeddable":true,"href":"https:\/\/pecpets.com\/tr\/wp-json\/wp\/v2\/product_tag?post=7934"}],"curies":[{"name":"wp","href":"https:\/\/api.w.org\/{rel}","templated":true}]}}