{"id":8143,"date":"2024-07-08T11:03:56","date_gmt":"2024-07-08T03:03:56","guid":{"rendered":"https:\/\/pecpets.com\/?post_type=product&#038;p=8143"},"modified":"2024-10-29T14:46:28","modified_gmt":"2024-10-29T06:46:28","slug":"waterproof-lightweight-rain-jacket","status":"publish","type":"product","link":"https:\/\/pecpets.com\/tr\/product\/waterproof-lightweight-rain-jacket\/","title":{"rendered":"Su Ge\u00e7irmez Hafif Ya\u011fmur Ceketi"},"content":{"rendered":"<h2 data-immersive-translate-walked=\"344be1c1-5052-41eb-8fcd-0dbe236a0d6b\" data-immersive-translate-paragraph=\"1\"><span class=\"notranslate immersive-translate-target-wrapper\" lang=\"zh-CN\" data-immersive-translate-translation-element-mark=\"1\">Su Ge\u00e7irmez Hafif Ya\u011fmurluk - Evcil Hayvan Giysileri, Evcil Hayvan Ya\u011fmurlu\u011fu, Fonksiyonel K\u00f6pek Giysileri | Toptan Fabrika<\/span><\/h2>\n<p>Ma\u011fazan\u0131z\u0131, her evcil hayvan giyim koleksiyonunun vazge\u00e7ilmez bir par\u00e7as\u0131 olan Su Ge\u00e7irmez Hafif Ya\u011fmur Ceketimizle donat\u0131n. Maksimum konfor ve koruma i\u00e7in tasarlanan bu evcil hayvan ya\u011fmurlu\u011fu, hava nas\u0131l olursa olsun t\u00fcyl\u00fc m\u00fc\u015fterilerinizin kuru ve mutlu kalmas\u0131n\u0131 sa\u011flar. \u0130\u015flevsel bir k\u00f6pek giysisi olarak, pratikli\u011fi stille birle\u015ftirerek evcil hayvan sahiplerinin sahip olmas\u0131 gereken bir par\u00e7a haline getirir.<\/p>\n<table style=\"border-collapse: collapse; background-color: #ffffff; width: 332px; height: 258px;\" border=\"1\">\n<tbody>\n<tr>\n<td style=\"font-family: Verdana, Arial, Helvetica, sans-serif; font-size: 12px; color: #000000; margin: 8px; width: 187px; text-align: center;\"><span style=\"line-height: 21px; font-size: 14px;\">\u00dcr\u00fcn Ad\u0131<\/span><\/td>\n<td style=\"font-family: Verdana, Arial, Helvetica, sans-serif; font-size: 12px; color: #000000; margin: 8px; width: 526px; text-align: center;\"><span style=\"font-size: 14px;\">Evcil Hayvan Ya\u011fmurlu\u011fu<\/span><\/td>\n<\/tr>\n<tr>\n<td style=\"font-family: Verdana, Arial, Helvetica, sans-serif; font-size: 12px; color: #000000; margin: 8px; width: 187px; text-align: center;\"><span style=\"line-height: 21px; font-size: 14px;\">\u00dcr\u00fcn No.<\/span><\/td>\n<td style=\"font-family: Verdana, Arial, Helvetica, sans-serif; font-size: 12px; color: #000000; margin: 8px; width: 526px; text-align: center;\"><span style=\"line-height: 21px; font-size: 14px;\">P-R2007<\/span><\/td>\n<\/tr>\n<tr>\n<td style=\"font-family: Verdana, Arial, Helvetica, sans-serif; font-size: 12px; color: #000000; margin: 8px; width: 187px; text-align: center;\"><span style=\"line-height: 21px; color: #333333; font-family: Arial, Helvetica; font-size: 14px; font-style: normal; font-weight: 400; background-color: #ffffff; float: none; display: inline !important;\">Malzeme<\/span><\/td>\n<td style=\"font-family: Verdana, Arial, Helvetica, sans-serif; font-size: 12px; color: #000000; margin: 8px; width: 526px; text-align: center;\">Cotton, Polyester<\/td>\n<\/tr>\n<tr>\n<td style=\"font-family: Verdana, Arial, Helvetica, sans-serif; font-size: 12px; color: #000000; margin: 8px; width: 187px; text-align: center;\"><span style=\"line-height: 21px; font-size: 14px;\">\u00a0Boyut<\/span><\/td>\n<td style=\"font-family: Verdana, Arial, Helvetica, sans-serif; font-size: 12px; color: #000000; margin: 8px; width: 526px; text-align: center;\"><span style=\"font-size: 14px;\">\u00d6zel Boyut<\/span><\/td>\n<\/tr>\n<tr>\n<td style=\"font-family: Verdana, Arial, Helvetica, sans-serif; font-size: 12px; color: #000000; margin: 8px; width: 187px; text-align: center;\"><span style=\"line-height: 21px; font-size: 14px;\">\u00a0Renk<\/span><\/td>\n<td style=\"font-family: Verdana, Arial, Helvetica, sans-serif; font-size: 12px; color: #000000; margin: 8px; width: 526px; text-align: center;\"><span style=\"line-height: 21px; font-size: 14px;\">\u00d6zel Renk\u00a0<\/span><\/td>\n<\/tr>\n<tr>\n<td style=\"font-family: Verdana, Arial, Helvetica, sans-serif; font-size: 12px; color: #000000; margin: 8px; width: 187px; text-align: center;\"><span style=\"line-height: 21px; font-size: 14px;\">\u00a0<span style=\"line-height: 21px; color: #333333; font-family: Arial, Helvetica; font-size: 14px; font-style: normal; font-weight: 400; background-color: #ffffff; float: none; display: inline !important;\">Evcil hayvan t\u00fcr\u00fc<\/span><\/span><\/td>\n<td style=\"font-family: Verdana, Arial, Helvetica, sans-serif; font-size: 12px; color: #000000; margin: 8px; width: 526px; text-align: center;\"><span style=\"line-height: 21px; font-size: 14px;\">\u00a0T\u00fcm K\u00f6pekler<\/span><\/td>\n<\/tr>\n<tr>\n<td style=\"font-family: Verdana, Arial, Helvetica, sans-serif; font-size: 12px; color: #000000; margin: 8px; width: 187px; text-align: center;\"><span style=\"line-height: 21px; font-size: 14px;\">\u00a0<span style=\"line-height: 21px; color: #333333; font-family: Arial, Helvetica; font-size: 14px; font-style: normal; font-weight: 400; background-color: #ffffff; float: none; display: inline !important;\">Teslimat s\u00fcresi<\/span><\/span><\/td>\n<td style=\"font-family: Verdana, Arial, Helvetica, sans-serif; font-size: 12px; color: #000000; margin: 8px; width: 526px; text-align: center;\"><span style=\"line-height: 21px; font-size: 14px;\"><span style=\"line-height: 21px; color: #000000; font-family: Verdana, Arial, Helvetica, sans-serif; font-size: 14px; font-style: normal; font-weight: 400; background-color: #ffffff; float: none; display: inline !important;\">Hava yoluyla k\u00fc\u00e7\u00fck miktar i\u00e7in 1-5 g\u00fcn ve deniz yoluyla b\u00fcy\u00fck miktar i\u00e7in 30-35 g\u00fcn<\/span>\u00a0<\/span><\/td>\n<\/tr>\n<tr>\n<td style=\"font-family: Verdana, Arial, Helvetica, sans-serif; font-size: 12px; color: #000000; margin: 8px; width: 187px; text-align: center;\"><span style=\"line-height: 21px; font-size: 14px;\">\u00a0<span style=\"line-height: 21px; color: #333333; font-family: Arial, Helvetica; font-size: 14px; font-style: normal; font-weight: 400; background-color: #ffffff; float: none; display: inline !important;\">Sevkiyat liman\u0131<\/span><\/span><\/td>\n<td style=\"font-family: Verdana, Arial, Helvetica, sans-serif; font-size: 12px; color: #000000; margin: 8px; width: 526px; text-align: center;\"><span style=\"line-height: 21px; font-size: 14px;\">Xiamen\u00a0<\/span><\/td>\n<\/tr>\n<tr>\n<td style=\"font-family: Verdana, Arial, Helvetica, sans-serif; font-size: 12px; color: #000000; margin: 8px; width: 187px; text-align: center;\"><span style=\"line-height: 21px; font-size: 14px;\">\u00a0<span style=\"line-height: 21px; color: #333333; font-family: Arial, Helvetica; font-size: 14px; font-style: normal; font-weight: 400; background-color: #ffffff; float: none; display: inline !important;\">OEM\/ODM<\/span><\/span><\/td>\n<td style=\"font-family: Verdana, Arial, Helvetica, sans-serif; font-size: 12px; color: #000000; margin: 8px; width: 526px; text-align: center;\"><span style=\"line-height: 21px; font-size: 14px;\">\u00a0<span style=\"line-height: 21px; color: #333333; font-family: Arial, Helvetica; font-size: 14px; font-style: normal; font-weight: 400; background-color: #ffffff; float: none; display: inline !important;\">Mevcut<\/span><\/span><\/td>\n<\/tr>\n<tr>\n<td style=\"font-family: Verdana, Arial, Helvetica, sans-serif; font-size: 12px; color: #000000; margin: 8px; width: 187px; text-align: center;\"><span style=\"line-height: 21px; font-size: 14px;\">\u00a0<span style=\"line-height: 21px; color: #333333; font-family: Arial, Helvetica; font-size: 14px; font-style: normal; font-weight: 400; background-color: #ffffff; float: none; display: inline !important;\">Paket<\/span><\/span><\/td>\n<td style=\"font-family: Verdana, Arial, Helvetica, sans-serif; font-size: 12px; color: #000000; margin: 8px; width: 526px; text-align: center;\"><span style=\"line-height: 21px; font-size: 14px;\"><span style=\"line-height: 21px; color: #333333; font-family: Arial, Helvetica; font-size: 14px; font-style: normal; font-weight: 400; background-color: #ffffff; float: none; display: inline !important;\">Her biri bir PPB i\u00e7inde paketlendikten sonra Kartona veya ihtiyaca g\u00f6re<\/span><\/span><\/td>\n<\/tr>\n<\/tbody>\n<\/table>\n<h4>Temel \u00d6zellikler<\/h4>\n<ul>\n<li><strong>\u00dcst\u00fcn Su Ge\u00e7irmez Malzeme<\/strong>: Ya\u011fmurlu g\u00fcnlerde evcil hayvanlar\u0131 kuru ve rahat tutmak i\u00e7in y\u00fcksek kaliteli, su ge\u00e7irmez kuma\u015ftan \u00fcretilmi\u015ftir.<\/li>\n<li><strong>Hafif Tasar\u0131m<\/strong>: Hareket kolayl\u0131\u011f\u0131 ve konfor sa\u011flar, a\u00e7\u0131k hava maceralar\u0131n\u0131 seven aktif k\u00f6pekler i\u00e7in m\u00fckemmeldir.<\/li>\n<li><strong>Ayarlanabilir Uyum<\/strong>: \u00c7e\u015fitli boyutlardaki k\u00f6peklere g\u00fcvenli ve \u00f6zel bir uyum i\u00e7in ayarlanabilir kay\u0131\u015flara sahiptir.<\/li>\n<li><strong>Reflektif \u015eeritler<\/strong>: Stratejik olarak yerle\u015ftirilmi\u015f yans\u0131t\u0131c\u0131 \u015feritler ile d\u00fc\u015f\u00fck \u0131\u015f\u0131k ko\u015fullar\u0131nda daha fazla g\u00fcvenlik.<\/li>\n<li><strong>Temizlemesi Kolay<\/strong>: Zahmetsiz bak\u0131m ve uzun \u00f6m\u00fcrl\u00fc kullan\u0131m i\u00e7in makinede y\u0131kanabilir malzeme.<\/li>\n<\/ul>\n<h4>Neden Fabrikam\u0131z\u0131 Se\u00e7melisiniz<\/h4>\n<ul>\n<li><strong>Toptan Sat\u0131\u015f Se\u00e7enekleri<\/strong>: Toplu sipari\u015fler i\u00e7in rekabet\u00e7i fiyatland\u0131rma, evcil hayvan ma\u011fazalar\u0131 ve evcil hayvan ya\u011fmurluk tekliflerini geni\u015fletmek isteyen perakendeciler i\u00e7in idealdir.<\/li>\n<li><strong>Customization<\/strong>: Ya\u011fmur ceketlerini markan\u0131z\u0131n logosu veya \u00f6zel tasar\u0131m gereksinimleri ile \u00f6zelle\u015ftirme f\u0131rsat\u0131.<\/li>\n<li><strong>Y\u00fcksek \u00dcretim Standartlar\u0131<\/strong>: Birinci s\u0131n\u0131f kalite ve tutarl\u0131l\u0131k sa\u011flayan son teknoloji \u00fcr\u00fcn\u00fc bir fabrikada \u00fcretilmi\u015ftir.<\/li>\n<li><strong>H\u0131zl\u0131 Kargo<\/strong>: Tedarik ihtiya\u00e7lar\u0131n\u0131z\u0131 an\u0131nda kar\u015f\u0131lamak i\u00e7in verimli \u00fcretim ve sevkiyat s\u00fcre\u00e7leri.<\/li>\n<\/ul>\n<h4>Uygulamalar<\/h4>\n<p>Su ge\u00e7irmez Hafif Ya\u011fmur Ceketimiz, stil ve konfordan \u00f6d\u00fcn vermeden evcil hayvanlar\u0131n\u0131 ya\u011fmurdan korumak isteyen evcil hayvan sahipleri i\u00e7in m\u00fckemmeldir. Evcil hayvan giyim merakl\u0131lar\u0131 i\u00e7in i\u015flevsel ve \u015f\u0131k bir \u00e7\u00f6z\u00fcm sunan bu \u00fcr\u00fcn, t\u00fcm perakende koleksiyonlar\u0131na m\u00fckemmel bir ektir.<\/p>\n<h4>\u015eimdi Sipari\u015f Verin<\/h4>\n<p>Su Ge\u00e7irmez Hafif Ya\u011fmur Ceketimizi stoklay\u0131n ve m\u00fc\u015fterilerinize en iyi i\u015flevselli\u011fi sunun <span style=\"color: #ff0000;\"><a style=\"color: #ff0000;\" href=\"https:\/\/pecpets.com\/tr\/urun-kategori%cc%87si%cc%87\/pet-clothing\/\" target=\"_blank\" rel=\"noopener\">k\u00f6pek k\u0131yafetleri<\/a><\/span>. Toptan fiyatlar ve \u00f6zelle\u015ftirme se\u00e7enekleri i\u00e7in bizimle ileti\u015fime ge\u00e7in. Ya\u011fmur \u00e7amur demeden evcil hayvanlar\u0131 kuru ve mutlu tutmak i\u00e7in birlikte \u00e7al\u0131\u015fal\u0131m!<\/p>","protected":false},"excerpt":{"rendered":"<h2><strong><b>Toptan Su Ge\u00e7irmez Hafif Ya\u011fmur Ceketi<\/b><\/strong><\/h2>\n<p>Su Ge\u00e7irmez Hafif Ya\u011fmur Ceketini Ke\u015ffedin.<\/p>\n<p>Y\u00fcksek kaliteli tasar\u0131mlar\u0131m\u0131zla evcil hayvanlar\u0131n\u0131z\u0131n \u015f\u0131kl\u0131\u011f\u0131n\u0131 koruyun.<\/p>\n<h2><\/h2>","protected":false},"featured_media":8145,"template":"","meta":{"_seopress_robots_primary_cat":"none","_seopress_titles_title":"Waterproof Lightweight Rain Jacket - Manufacturers","_seopress_titles_desc":"Discover Waterproof Lightweight Rain Jacket from top pet apparel manufacturers. Keep your pets stylish with our high-quality designs.\u00a0","_seopress_robots_index":"","_uag_custom_page_level_css":""},"product_brand":[],"product_cat":[365,23,333],"product_tag":[],"class_list":{"0":"post-8143","1":"product","2":"type-product","3":"status-publish","4":"has-post-thumbnail","6":"product_cat-functional-dog-clothing","7":"product_cat-pet-clothing","8":"product_cat-pet-raincoat","10":"first","11":"instock","12":"shipping-taxable","13":"product-type-simple"},"uagb_featured_image_src":{"full":["https:\/\/pecpets.com\/wp-content\/uploads\/2024\/07\/H3008754f24.jpg",800,800,false],"thumbnail":["https:\/\/pecpets.com\/wp-content\/uploads\/2024\/07\/H3008754f24-150x150.jpg",150,150,true],"medium":["https:\/\/pecpets.com\/wp-content\/uploads\/2024\/07\/H3008754f24-300x300.jpg",300,300,true],"medium_large":["https:\/\/pecpets.com\/wp-content\/uploads\/2024\/07\/H3008754f24-768x768.jpg",768,768,true],"large":["https:\/\/pecpets.com\/wp-content\/uploads\/2024\/07\/H3008754f24.jpg",800,800,false],"1536x1536":["https:\/\/pecpets.com\/wp-content\/uploads\/2024\/07\/H3008754f24.jpg",800,800,false],"2048x2048":["https:\/\/pecpets.com\/wp-content\/uploads\/2024\/07\/H3008754f24.jpg",800,800,false],"trp-custom-language-flag":["https:\/\/pecpets.com\/wp-content\/uploads\/2024\/07\/H3008754f24.jpg",12,12,false],"woocommerce_thumbnail":["https:\/\/pecpets.com\/wp-content\/uploads\/2024\/07\/H3008754f24-300x300.jpg",300,300,true],"woocommerce_single":["https:\/\/pecpets.com\/wp-content\/uploads\/2024\/07\/H3008754f24-600x600.jpg",600,600,true],"woocommerce_gallery_thumbnail":["https:\/\/pecpets.com\/wp-content\/uploads\/2024\/07\/H3008754f24-100x100.jpg",100,100,true]},"uagb_author_info":{"display_name":"Lawrence\u00a0\u52b3\u4f26\u65af","author_link":"https:\/\/pecpets.com\/tr\/author\/"},"uagb_comment_info":0,"uagb_excerpt":"Wholesale Waterproof Lightweight Rain Jacket Discover Waterproof Lightweight Rain Jacket. Keep your pets stylish with our high-quality designs.","_links":{"self":[{"href":"https:\/\/pecpets.com\/tr\/wp-json\/wp\/v2\/product\/8143","targetHints":{"allow":["GET"]}}],"collection":[{"href":"https:\/\/pecpets.com\/tr\/wp-json\/wp\/v2\/product"}],"about":[{"href":"https:\/\/pecpets.com\/tr\/wp-json\/wp\/v2\/types\/product"}],"wp:featuredmedia":[{"embeddable":true,"href":"https:\/\/pecpets.com\/tr\/wp-json\/wp\/v2\/media\/8145"}],"wp:attachment":[{"href":"https:\/\/pecpets.com\/tr\/wp-json\/wp\/v2\/media?parent=8143"}],"wp:term":[{"taxonomy":"product_brand","embeddable":true,"href":"https:\/\/pecpets.com\/tr\/wp-json\/wp\/v2\/product_brand?post=8143"},{"taxonomy":"product_cat","embeddable":true,"href":"https:\/\/pecpets.com\/tr\/wp-json\/wp\/v2\/product_cat?post=8143"},{"taxonomy":"product_tag","embeddable":true,"href":"https:\/\/pecpets.com\/tr\/wp-json\/wp\/v2\/product_tag?post=8143"}],"curies":[{"name":"wp","href":"https:\/\/api.w.org\/{rel}","templated":true}]}}