{"id":8173,"date":"2024-07-09T09:52:23","date_gmt":"2024-07-09T01:52:23","guid":{"rendered":"https:\/\/pecpets.com\/?post_type=product&#038;p=8173"},"modified":"2025-08-19T14:52:09","modified_gmt":"2025-08-19T06:52:09","slug":"cold-weather-soft-warm-pet-dog-harness-vest","status":"publish","type":"product","link":"https:\/\/pecpets.com\/tr\/product\/cold-weather-soft-warm-pet-dog-harness-vest\/","title":{"rendered":"So\u011fuk Hava Yumu\u015fak S\u0131cak Pet K\u00f6pek Ko\u015fum Yelek"},"content":{"rendered":"<h2 data-immersive-translate-walked=\"344be1c1-5052-41eb-8fcd-0dbe236a0d6b\" data-immersive-translate-paragraph=\"1\">L\u00fcks Y\u00fcksek Kaliteli So\u011fuk Hava Yumu\u015fak S\u0131cak Pet K\u00f6pek Ko\u015fum Yelek - Temel K\u00f6pek Giyim Fabrikadan Toptan<\/h2>\n<p>So\u011fuk aylarda evcil hayvan\u0131n\u0131z i\u00e7in konfor, s\u0131cakl\u0131k ve stilin m\u00fckemmel bir kar\u0131\u015f\u0131m\u0131 olan L\u00fcks Y\u00fcksek Kaliteli So\u011fuk Hava Yumu\u015fak S\u0131cak Pet K\u00f6pek Ko\u015fum Yele\u011fi ile tan\u0131\u015f\u0131n. Bu temel evcil hayvan giysisi par\u00e7as\u0131 \u00fcst\u00fcn kalite ve l\u00fcks sunar. Do\u011frudan fabrikam\u0131zdan toptan sat\u0131\u015f i\u00e7in mevcut olan bu \u00fcr\u00fcn, rekabet\u00e7i fiyatlarla birinci s\u0131n\u0131f i\u015f\u00e7ilik sa\u011flar.<\/p>\n<table width=\"288\">\n<tbody>\n<tr>\n<td width=\"137\"><span style=\"color: #333333;\">\u00dcr\u00fcn Ad\u0131<\/span><\/td>\n<td width=\"151\"><span style=\"color: #333333;\">Evcil Hayvan Giysileri<\/span><\/td>\n<\/tr>\n<tr>\n<td><span style=\"color: #333333;\">\u00dcr\u00fcn No.<\/span><\/td>\n<td><span style=\"color: #333333;\">P-C2103<\/span><\/td>\n<\/tr>\n<tr>\n<td><span style=\"color: #333333;\">Malzeme<\/span><\/td>\n<td>Pamuk, Polyester, Polar<\/td>\n<\/tr>\n<tr>\n<td><span style=\"color: #333333;\">\u00a0Boyut ve Renk<\/span><\/td>\n<td><span style=\"color: #333333;\">\u00d6zelle\u015ftirilmi\u015f<\/span><\/td>\n<\/tr>\n<tr>\n<td><span style=\"color: #333333;\">\u00a0Teslimat s\u00fcresi<\/span><\/td>\n<td><span style=\"color: #333333;\">Hava yoluyla k\u00fc\u00e7\u00fck miktarlar i\u00e7in 1- 5 g\u00fcn ve deniz yoluyla b\u00fcy\u00fck miktarlar i\u00e7in 30- 35 g\u00fcn<\/span><\/td>\n<\/tr>\n<\/tbody>\n<\/table>\n<h4>Temel \u00d6zellikler:<\/h4>\n<ul>\n<li><strong>Yumu\u015fak ve S\u0131cak Tasar\u0131m<\/strong>: Evcil hayvan\u0131n\u0131z\u0131 so\u011fuk havalarda s\u0131cak ve rahat tutan y\u00fcksek kaliteli, yumu\u015fak malzemelerden \u00fcretilmi\u015ftir.<\/li>\n<li><strong>Y\u00fcksek Kaliteli Yap\u0131<\/strong>: Dayan\u0131kl\u0131 ve uzun \u00f6m\u00fcrl\u00fcd\u00fcr, g\u00fcvenilir s\u0131cakl\u0131k ve koruma sa\u011flar.<\/li>\n<li><strong>L\u00fcks ve Stil<\/strong>: \u0130\u015flevselli\u011fi l\u00fcks bir dokunu\u015fla birle\u015ftiren zarif tasar\u0131m, moda bilincine sahip evcil hayvan sahipleri i\u00e7in m\u00fckemmeldir.<\/li>\n<li><strong>Entegre Kablo Demeti<\/strong>: Y\u00fcr\u00fcy\u00fc\u015fler s\u0131ras\u0131nda rahatl\u0131k ve g\u00fcvenlik i\u00e7in yerle\u015fik bir kay\u0131\u015fa sahiptir.<\/li>\n<li><strong>Ayarlanabilir ve G\u00fcvenli<\/strong>: M\u00fckemmel uyum ve geli\u015fmi\u015f g\u00fcvenlik i\u00e7in ayarlanabilir kay\u0131\u015flar ve g\u00fcvenli toka kapaklar\u0131 i\u00e7erir.<\/li>\n<li><strong>Toptan Sat\u0131\u015f<\/strong>: Do\u011frudan fabrikadan, tutarl\u0131 kalite ve toplu sipari\u015fler i\u00e7in uygun maliyetli fiyatland\u0131rma sa\u011flar.<\/li>\n<\/ul>\n<h3>\u015eunun i\u00e7in ideal:<\/h3>\n<ul>\n<li>Evcil hayvan sahipleri, so\u011fuk havalarda k\u00f6pekleri i\u00e7in y\u00fcksek kaliteli, s\u0131cak tutan ve \u015f\u0131k k\u0131yafetler ar\u0131yor.<\/li>\n<li>Fabrika do\u011frudan fiyatlar\u0131yla l\u00fcks evcil hayvan k\u0131yafetleri arayan perakendeciler ve toptanc\u0131lar.<\/li>\n<li>M\u00fc\u015fterilerine s\u0131cakl\u0131k, konfor ve stili bir araya getiren birinci s\u0131n\u0131f evcil hayvan k\u0131yafetleri sunmay\u0131 ama\u00e7layan i\u015fletmeler.<\/li>\n<\/ul>\n<p>Evcil hayvan\u0131n\u0131z\u0131 koruyun <span style=\"color: #ff0000;\"><a style=\"color: #ff0000;\" href=\"https:\/\/pecpets.com\/tr\/urun-kategori%cc%87si%cc%87\/pet-clothing\/\" target=\"_blank\" rel=\"noopener\">s\u0131cak ve \u015f\u0131k<\/a><\/span> L\u00fcks Y\u00fcksek Kaliteli So\u011fuk Hava Yumu\u015fak S\u0131cak Pet K\u00f6pek Ko\u015fum Yelek ile. Toptan sat\u0131\u015f talepleri ve fabrika do\u011frudan fiyatland\u0131rmas\u0131 i\u00e7in bug\u00fcn bize ula\u015f\u0131n.<\/p>","protected":false},"excerpt":{"rendered":"<h2>Toptan So\u011fuk Hava Yumu\u015fak S\u0131cak Pet K\u00f6pek Ko\u015fum Yelek<\/h2>\n<p>So\u011fuk Hava Yumu\u015fak S\u0131cak Pet K\u00f6pek Ko\u015fum Yelek ke\u015ffedin.<\/p>\n<p>Y\u00fcksek kaliteli tasar\u0131mlar\u0131m\u0131zla evcil hayvanlar\u0131n\u0131z\u0131n \u015f\u0131kl\u0131\u011f\u0131n\u0131 koruyun.<\/p>","protected":false},"featured_media":8175,"template":"","meta":{"_seopress_robots_primary_cat":"none","_seopress_titles_title":"Cold Weather Soft Warm Pet Dog Harness Vest","_seopress_titles_desc":"Discover Cold Weather Soft Warm Pet Dog Harness Vest. Keep your pets stylish with our high-quality designs.\u00a0","_seopress_robots_index":"","_uag_custom_page_level_css":""},"product_brand":[],"product_cat":[364,341,23,355],"product_tag":[],"class_list":{"0":"post-8173","1":"product","2":"type-product","3":"status-publish","4":"has-post-thumbnail","6":"product_cat-basic-dog-clothing","7":"product_cat-dog-jacket","8":"product_cat-pet-clothing","9":"product_cat-reflective-dog-harnesses","11":"first","12":"instock","13":"shipping-taxable","14":"product-type-simple"},"uagb_featured_image_src":{"full":["https:\/\/pecpets.com\/wp-content\/uploads\/2024\/07\/H443562e578d04383924d3c9dd38e417dd.jpg",750,750,false],"thumbnail":["https:\/\/pecpets.com\/wp-content\/uploads\/2024\/07\/H443562e578d04383924d3c9dd38e417dd-150x150.jpg",150,150,true],"medium":["https:\/\/pecpets.com\/wp-content\/uploads\/2024\/07\/H443562e578d04383924d3c9dd38e417dd-300x300.jpg",300,300,true],"medium_large":["https:\/\/pecpets.com\/wp-content\/uploads\/2024\/07\/H443562e578d04383924d3c9dd38e417dd.jpg",750,750,false],"large":["https:\/\/pecpets.com\/wp-content\/uploads\/2024\/07\/H443562e578d04383924d3c9dd38e417dd.jpg",750,750,false],"1536x1536":["https:\/\/pecpets.com\/wp-content\/uploads\/2024\/07\/H443562e578d04383924d3c9dd38e417dd.jpg",750,750,false],"2048x2048":["https:\/\/pecpets.com\/wp-content\/uploads\/2024\/07\/H443562e578d04383924d3c9dd38e417dd.jpg",750,750,false],"trp-custom-language-flag":["https:\/\/pecpets.com\/wp-content\/uploads\/2024\/07\/H443562e578d04383924d3c9dd38e417dd.jpg",12,12,false],"woocommerce_thumbnail":["https:\/\/pecpets.com\/wp-content\/uploads\/2024\/07\/H443562e578d04383924d3c9dd38e417dd-300x300.jpg",300,300,true],"woocommerce_single":["https:\/\/pecpets.com\/wp-content\/uploads\/2024\/07\/H443562e578d04383924d3c9dd38e417dd-600x600.jpg",600,600,true],"woocommerce_gallery_thumbnail":["https:\/\/pecpets.com\/wp-content\/uploads\/2024\/07\/H443562e578d04383924d3c9dd38e417dd-100x100.jpg",100,100,true]},"uagb_author_info":{"display_name":"Lawrence\u00a0\u52b3\u4f26\u65af","author_link":"https:\/\/pecpets.com\/tr\/author\/"},"uagb_comment_info":0,"uagb_excerpt":"Wholesale Cold Weather Soft Warm Pet Dog Harness Vest Discover Cold Weather Soft Warm Pet Dog Harness Vest. Keep your pets stylish with our high-quality designs.","_links":{"self":[{"href":"https:\/\/pecpets.com\/tr\/wp-json\/wp\/v2\/product\/8173","targetHints":{"allow":["GET"]}}],"collection":[{"href":"https:\/\/pecpets.com\/tr\/wp-json\/wp\/v2\/product"}],"about":[{"href":"https:\/\/pecpets.com\/tr\/wp-json\/wp\/v2\/types\/product"}],"wp:featuredmedia":[{"embeddable":true,"href":"https:\/\/pecpets.com\/tr\/wp-json\/wp\/v2\/media\/8175"}],"wp:attachment":[{"href":"https:\/\/pecpets.com\/tr\/wp-json\/wp\/v2\/media?parent=8173"}],"wp:term":[{"taxonomy":"product_brand","embeddable":true,"href":"https:\/\/pecpets.com\/tr\/wp-json\/wp\/v2\/product_brand?post=8173"},{"taxonomy":"product_cat","embeddable":true,"href":"https:\/\/pecpets.com\/tr\/wp-json\/wp\/v2\/product_cat?post=8173"},{"taxonomy":"product_tag","embeddable":true,"href":"https:\/\/pecpets.com\/tr\/wp-json\/wp\/v2\/product_tag?post=8173"}],"curies":[{"name":"wp","href":"https:\/\/api.w.org\/{rel}","templated":true}]}}