{"id":8304,"date":"2024-07-10T10:58:36","date_gmt":"2024-07-10T02:58:36","guid":{"rendered":"https:\/\/pecpets.com\/?post_type=product&#038;p=8304"},"modified":"2025-08-18T17:04:30","modified_gmt":"2025-08-18T09:04:30","slug":"skid-proof-rain-snowy-running-shoes-boots","status":"publish","type":"product","link":"https:\/\/pecpets.com\/tr\/product\/skid-proof-rain-snowy-running-shoes-boots\/","title":{"rendered":"Kaymaz Ya\u011fmur Karl\u0131 Ko\u015fu Ayakkab\u0131lar\u0131 Botlar"},"content":{"rendered":"<h2 data-immersive-translate-walked=\"b535e8cb-4fa8-4755-a6c9-df7ac573832a\">Y\u00fcksek Kaliteli Kaymaz Ya\u011fmurlu Karl\u0131 Ko\u015fu K\u00f6pek Ayakkab\u0131lar\u0131 - Fabrikadan Toptan Evcil Hayvan Aksesuar\u0131<\/h2>\n<h3>A\u00e7\u0131klama:<\/h3>\n<p>K\u00f6pe\u011finizin patilerini her t\u00fcrl\u00fc hava ko\u015fulunda korumal\u0131 ve rahat tutmak i\u00e7in m\u00fckemmel bir evcil hayvan aksesuar\u0131 olan Y\u00fcksek Kaliteli Kaymaz Ya\u011fmur Karl\u0131 Ko\u015fu K\u00f6pek Ayakkab\u0131lar\u0131m\u0131zla tan\u0131\u015f\u0131n. Hem ya\u011fmur hem de karl\u0131 ko\u015fullar i\u00e7in tasarlanan bu dayan\u0131kl\u0131 k\u00f6pek ayakkab\u0131lar\u0131 m\u00fckemmel \u00e7eki\u015f ve destek sa\u011flar. Do\u011frudan fabrikam\u0131zdan toptan sat\u0131\u015f i\u00e7in mevcut olan bu \u00fcr\u00fcnler, \u00fcst\u00fcn kalite ve rekabet\u00e7i fiyatland\u0131rma sa\u011flar.<\/p>\n<table width=\"288\">\n<tbody>\n<tr>\n<td width=\"137\"><span style=\"color: #333333;\">\u00dcr\u00fcn Ad\u0131<\/span><\/td>\n<td width=\"151\"><span style=\"color: #333333;\">Evcil Hayvan Ayakkab\u0131lar\u0131<\/span><\/td>\n<\/tr>\n<tr>\n<td><span style=\"color: #333333;\">\u00dcr\u00fcn No.<\/span><\/td>\n<td><span style=\"color: #333333;\">PA-S2014<\/span><\/td>\n<\/tr>\n<tr>\n<td><span style=\"color: #333333;\">Malzeme<\/span><\/td>\n<td><span style=\"color: #333333;\">Kau\u00e7uk<\/span><\/td>\n<\/tr>\n<tr>\n<td><span style=\"color: #333333;\">\u00a0Boyut ve Renk<\/span><\/td>\n<td><span style=\"color: #333333;\">\u00d6zelle\u015ftirilmi\u015f<\/span><\/td>\n<\/tr>\n<tr>\n<td><span style=\"color: #333333;\">\u00a0Teslimat s\u00fcresi<\/span><\/td>\n<td><span style=\"color: #333333;\">Hava yoluyla k\u00fc\u00e7\u00fck miktar i\u00e7in 1-5 g\u00fcn ve deniz yoluyla b\u00fcy\u00fck miktar i\u00e7in 30-35 g\u00fcn<\/span><\/td>\n<\/tr>\n<\/tbody>\n<\/table>\n<h4>Temel \u00d6zellikler:<\/h4>\n<ul>\n<li><strong>Kaymaz Tasar\u0131m<\/strong>: M\u00fckemmel tutu\u015f sa\u011flamak ve \u0131slak veya buzlu y\u00fczeylerde kaymay\u0131 \u00f6nlemek i\u00e7in kaymaz bir tabana sahiptir.<\/li>\n<li><strong>T\u00fcm Hava Ko\u015fullar\u0131na Kar\u015f\u0131 Koruma<\/strong>: K\u00f6pe\u011finizin patilerini ya\u011fmurdan, kardan ve engebeli araziden korumak i\u00e7in tasarlanm\u0131\u015ft\u0131r.<\/li>\n<li><strong>Y\u00fcksek Kaliteli Malzemeler<\/strong>: Konfor ve uzun \u00f6m\u00fcrl\u00fcl\u00fck sa\u011flamak i\u00e7in dayan\u0131kl\u0131, suya dayan\u0131kl\u0131 kuma\u015flardan \u00fcretilmi\u015ftir.<\/li>\n<li><strong>Rahat Uyum<\/strong>: Hafif ve nefes alabilir, ko\u015fular ve y\u00fcr\u00fcy\u00fc\u015fler s\u0131ras\u0131nda k\u00f6pe\u011finiz i\u00e7in rahat bir uyum sa\u011flar.<\/li>\n<li><strong>Giymesi Kolay<\/strong>: Ayakkab\u0131lar\u0131 yerinde tutmak i\u00e7in g\u00fcvenli kapaklar ile giymesi ve \u00e7\u0131karmas\u0131 kolayd\u0131r.<\/li>\n<li><strong>\u015e\u0131k ve \u0130\u015flevsel<\/strong>: Pratikli\u011fi \u015f\u0131k bir tasar\u0131mla birle\u015ftirerek sahip olunmas\u0131 gereken bir evcil hayvan aksesuar\u0131 haline getirir.<\/li>\n<li><strong>Toptan Sat\u0131\u015f<\/strong>: Do\u011frudan fabrikadan, tutarl\u0131 kalite ve toplu sipari\u015fler i\u00e7in uygun maliyetli fiyatland\u0131rma sa\u011flar.<\/li>\n<\/ul>\n<h3>\u015eunun i\u00e7in ideal:<\/h3>\n<ul>\n<li>Evcil hayvan sahipleri, k\u00f6pekleri i\u00e7in ya\u011fmurlu veya karl\u0131 ko\u015fullarda kullanabilecekleri y\u00fcksek kaliteli, kaymaz ayakkab\u0131lar ar\u0131yor.<\/li>\n<li>Fabrika do\u011frudan fiyatlar\u0131yla birinci s\u0131n\u0131f evcil hayvan aksesuarlar\u0131 arayan perakendeciler ve toptanc\u0131lar.<\/li>\n<li>M\u00fc\u015fterilerine koruma, konfor ve stili bir araya getiren birinci s\u0131n\u0131f k\u00f6pek ayakkab\u0131lar\u0131 sunmay\u0131 ama\u00e7layan i\u015fletmeler.<\/li>\n<\/ul>\n<p>Y\u00fcksek Kaliteli Kaymaz Ya\u011fmurlu Karl\u0131 Ko\u015fu K\u00f6pek Ayakkab\u0131lar\u0131m\u0131z ile k\u00f6pe\u011finizi en iyi pati korumas\u0131yla donat\u0131n. Toptan sat\u0131\u015f talepleri ve fabrika do\u011frudan fiyatland\u0131rmas\u0131 i\u00e7in bug\u00fcn bize ula\u015f\u0131n.<\/p>","protected":false},"excerpt":{"rendered":"<h2>Kaymaz Ya\u011fmur Karl\u0131 Ko\u015fu Ayakkab\u0131lar\u0131 Botlar<\/h2>\n<p>Kaymaz Ya\u011fmurlu Karl\u0131 Ko\u015fu Ayakkab\u0131lar\u0131 Botlar\u0131n\u0131 ke\u015ffedin.<\/p>\n<p>Rakipsiz fiyatlar ve kalite i\u00e7in fabrikadan toptan evcil hayvan ayakkab\u0131lar\u0131 sat\u0131n al\u0131n.<\/p>","protected":false},"featured_media":8309,"template":"","meta":{"_seopress_robots_primary_cat":"none","_seopress_titles_title":"Skid-Proof Rain Snowy Running Shoes Boots - Manufacturers","_seopress_titles_desc":"Explore our Skid-Proof Rain Snowy Running Shoes Boots. Designed for comfort, they are perfect for wholesalers. Ensure pets are comfortable on every walk.","_seopress_robots_index":"","_uag_custom_page_level_css":""},"product_brand":[],"product_cat":[330,324],"product_tag":[],"class_list":{"0":"post-8304","1":"product","2":"type-product","3":"status-publish","4":"has-post-thumbnail","6":"product_cat-dog-shoes","7":"product_cat-pet-accessory","9":"first","10":"instock","11":"shipping-taxable","12":"product-type-simple"},"uagb_featured_image_src":{"full":["https:\/\/pecpets.com\/wp-content\/uploads\/2024\/07\/O1CN01oMMGZJ1iSHiSeBr4b_2756954411-0-cib.jpg",800,800,false],"thumbnail":["https:\/\/pecpets.com\/wp-content\/uploads\/2024\/07\/O1CN01oMMGZJ1iSHiSeBr4b_2756954411-0-cib-150x150.jpg",150,150,true],"medium":["https:\/\/pecpets.com\/wp-content\/uploads\/2024\/07\/O1CN01oMMGZJ1iSHiSeBr4b_2756954411-0-cib-300x300.jpg",300,300,true],"medium_large":["https:\/\/pecpets.com\/wp-content\/uploads\/2024\/07\/O1CN01oMMGZJ1iSHiSeBr4b_2756954411-0-cib-768x768.jpg",768,768,true],"large":["https:\/\/pecpets.com\/wp-content\/uploads\/2024\/07\/O1CN01oMMGZJ1iSHiSeBr4b_2756954411-0-cib.jpg",800,800,false],"1536x1536":["https:\/\/pecpets.com\/wp-content\/uploads\/2024\/07\/O1CN01oMMGZJ1iSHiSeBr4b_2756954411-0-cib.jpg",800,800,false],"2048x2048":["https:\/\/pecpets.com\/wp-content\/uploads\/2024\/07\/O1CN01oMMGZJ1iSHiSeBr4b_2756954411-0-cib.jpg",800,800,false],"trp-custom-language-flag":["https:\/\/pecpets.com\/wp-content\/uploads\/2024\/07\/O1CN01oMMGZJ1iSHiSeBr4b_2756954411-0-cib.jpg",12,12,false],"woocommerce_thumbnail":["https:\/\/pecpets.com\/wp-content\/uploads\/2024\/07\/O1CN01oMMGZJ1iSHiSeBr4b_2756954411-0-cib-300x300.jpg",300,300,true],"woocommerce_single":["https:\/\/pecpets.com\/wp-content\/uploads\/2024\/07\/O1CN01oMMGZJ1iSHiSeBr4b_2756954411-0-cib-600x600.jpg",600,600,true],"woocommerce_gallery_thumbnail":["https:\/\/pecpets.com\/wp-content\/uploads\/2024\/07\/O1CN01oMMGZJ1iSHiSeBr4b_2756954411-0-cib-100x100.jpg",100,100,true]},"uagb_author_info":{"display_name":"Lawrence\u00a0\u52b3\u4f26\u65af","author_link":"https:\/\/pecpets.com\/tr\/author\/"},"uagb_comment_info":0,"uagb_excerpt":"Skid-Proof Rain Snowy Running Shoes Boots Explore Skid-Proof Rain Snowy Running Shoes Boots. Shop wholesale pet shoes from the factory for unbeatable prices and quality.","_links":{"self":[{"href":"https:\/\/pecpets.com\/tr\/wp-json\/wp\/v2\/product\/8304","targetHints":{"allow":["GET"]}}],"collection":[{"href":"https:\/\/pecpets.com\/tr\/wp-json\/wp\/v2\/product"}],"about":[{"href":"https:\/\/pecpets.com\/tr\/wp-json\/wp\/v2\/types\/product"}],"wp:featuredmedia":[{"embeddable":true,"href":"https:\/\/pecpets.com\/tr\/wp-json\/wp\/v2\/media\/8309"}],"wp:attachment":[{"href":"https:\/\/pecpets.com\/tr\/wp-json\/wp\/v2\/media?parent=8304"}],"wp:term":[{"taxonomy":"product_brand","embeddable":true,"href":"https:\/\/pecpets.com\/tr\/wp-json\/wp\/v2\/product_brand?post=8304"},{"taxonomy":"product_cat","embeddable":true,"href":"https:\/\/pecpets.com\/tr\/wp-json\/wp\/v2\/product_cat?post=8304"},{"taxonomy":"product_tag","embeddable":true,"href":"https:\/\/pecpets.com\/tr\/wp-json\/wp\/v2\/product_tag?post=8304"}],"curies":[{"name":"wp","href":"https:\/\/api.w.org\/{rel}","templated":true}]}}