{"id":8325,"date":"2024-07-10T14:14:34","date_gmt":"2024-07-10T06:14:34","guid":{"rendered":"https:\/\/pecpets.com\/?post_type=product&#038;p=8325"},"modified":"2025-08-18T17:04:24","modified_gmt":"2025-08-18T09:04:24","slug":"pet-outdoor-snow-boots","status":"publish","type":"product","link":"https:\/\/pecpets.com\/tr\/product\/pet-outdoor-snow-boots\/","title":{"rendered":"Evcil Hayvan D\u0131\u015f Mekan Kar Botlar\u0131"},"content":{"rendered":"<h2 data-immersive-translate-walked=\"b535e8cb-4fa8-4755-a6c9-df7ac573832a\">Y\u00fcksek Kaliteli Pet Outdoor Kar Botlar\u0131 - K\u00f6pek Ayakkab\u0131lar\u0131 ve Pet Aksesuarlar\u0131 Fabrikadan Toptan Sat\u0131\u015f<\/h2>\n<h3>A\u00e7\u0131klama:<\/h3>\n<p>Evcil hayvanlar\u0131n\u0131z\u0131, karl\u0131 ve sert hava ko\u015fullar\u0131nda patilerini korumak i\u00e7in tasarlanm\u0131\u015f nihai k\u00f6pek ayakkab\u0131lar\u0131 olan Y\u00fcksek Kaliteli Pet Outdoor Kar Botlar\u0131m\u0131zla donat\u0131n. Bu dayan\u0131kl\u0131 evcil hayvan aksesuarlar\u0131 s\u0131cakl\u0131k, konfor ve \u00e7eki\u015f sa\u011flamak i\u00e7in \u00fcretilmi\u015ftir. Do\u011frudan fabrikam\u0131zdan toptan sat\u0131\u015f i\u00e7in mevcut olan bu \u00fcr\u00fcnler, \u00fcst\u00fcn kalite ve rekabet\u00e7i fiyatland\u0131rma sunar.<\/p>\n<table width=\"288\">\n<tbody>\n<tr>\n<td width=\"137\"><span style=\"color: #333333;\">\u00dcr\u00fcn Ad\u0131<\/span><\/td>\n<td width=\"151\"><span style=\"color: #333333;\">Evcil Hayvan Ayakkab\u0131lar\u0131<\/span><\/td>\n<\/tr>\n<tr>\n<td><span style=\"color: #333333;\">\u00dcr\u00fcn No.<\/span><\/td>\n<td><span style=\"color: #333333;\">PA-S2013<\/span><\/td>\n<\/tr>\n<tr>\n<td><span style=\"color: #333333;\">Malzeme<\/span><\/td>\n<td><span style=\"color: #333333;\">Kau\u00e7uk<\/span><\/td>\n<\/tr>\n<tr>\n<td><span style=\"color: #333333;\">\u00a0Boyut ve Renk<\/span><\/td>\n<td><span style=\"color: #333333;\">\u00d6zelle\u015ftirilmi\u015f<\/span><\/td>\n<\/tr>\n<tr>\n<td><span style=\"color: #333333;\">\u00a0Teslimat s\u00fcresi<\/span><\/td>\n<td><span style=\"color: #333333;\">Hava yoluyla k\u00fc\u00e7\u00fck miktar i\u00e7in 1-5 g\u00fcn ve deniz yoluyla b\u00fcy\u00fck miktar i\u00e7in 30-35 g\u00fcn<\/span><\/td>\n<\/tr>\n<\/tbody>\n<\/table>\n<h4>Temel \u00d6zellikler:<\/h4>\n<ul>\n<li><strong>T\u00fcm Hava Ko\u015fullar\u0131na Kar\u015f\u0131 Koruma<\/strong>: K\u00f6pe\u011finizin patilerini kardan, buzdan ve so\u011fuktan koruyarak s\u0131cak ve kuru kalmalar\u0131n\u0131 sa\u011flamak i\u00e7in \u00fcretilmi\u015ftir.<\/li>\n<li><strong>Kaymaz Tasar\u0131m<\/strong>: Kaygan y\u00fczeylerde m\u00fckemmel tutu\u015f sa\u011flayan kaymaz tabana sahiptir.<\/li>\n<li><strong>Y\u00fcksek Kaliteli Malzemeler<\/strong>: Dayan\u0131kl\u0131l\u0131k ve uzun \u00f6m\u00fcrl\u00fc kullan\u0131m sa\u011flamak i\u00e7in sa\u011flam, suya dayan\u0131kl\u0131 malzemelerden \u00fcretilmi\u015ftir.<\/li>\n<li><strong>Rahat Uyum<\/strong>: Evcil hayvan\u0131n\u0131z i\u00e7in rahat ve konforlu bir uyum sa\u011flayan hafif ve nefes alabilen tasar\u0131m.<\/li>\n<li><strong>Giymesi Kolay<\/strong>: Botlar\u0131 s\u0131k\u0131ca yerinde tutmak i\u00e7in g\u00fcvenli kapaklarla giymesi ve \u00e7\u0131karmas\u0131 kolayd\u0131r.<\/li>\n<li><strong>\u015e\u0131k ve Pratik<\/strong>: \u0130\u015flevselli\u011fi \u015f\u0131k bir tasar\u0131mla birle\u015ftirerek her evcil hayvan sahibi i\u00e7in sahip olunmas\u0131 gereken bir aksesuar haline getirir.<\/li>\n<li><strong>Toptan Sat\u0131\u015f<\/strong>: Do\u011frudan fabrikadan, tutarl\u0131 kalite ve toplu sipari\u015fler i\u00e7in uygun maliyetli fiyatland\u0131rma sa\u011flar.<\/li>\n<\/ul>\n<h3>\u015eunun i\u00e7in ideal:<\/h3>\n<ul>\n<li>Evcil hayvan sahipleri, k\u00f6pekleri i\u00e7in y\u00fcksek kaliteli, koruyucu kar botlar\u0131 ar\u0131yor.<\/li>\n<li>Fabrika do\u011frudan fiyatlar\u0131yla birinci s\u0131n\u0131f evcil hayvan aksesuarlar\u0131 arayan perakendeciler ve toptanc\u0131lar.<\/li>\n<li>\u0130\u015fletmeler, m\u00fc\u015fterilerine koruma, konfor ve stili harmanlayan \u00fcst d\u00fczey k\u00f6pek ayakkab\u0131lar\u0131 sunmay\u0131 ama\u00e7lamaktad\u0131r.<\/li>\n<\/ul>\n<p>K\u00f6pe\u011finizin patilerini Y\u00fcksek Kaliteli Pet Outdoor Kar Botlar\u0131m\u0131z ile koruyun. Toptan sat\u0131\u015f talepleri ve fabrikadan do\u011frudan fiyatland\u0131rma i\u00e7in bug\u00fcn bize ula\u015f\u0131n.<\/p>","protected":false},"excerpt":{"rendered":"<h2>Evcil Hayvan D\u0131\u015f Mekan Kar Botlar\u0131<\/h2>\n<p>Pet Outdoor Kar Botlar\u0131n\u0131 ke\u015ffedin.<\/p>\n<p>Rakipsiz fiyatlar ve kalite i\u00e7in fabrikadan toptan evcil hayvan ayakkab\u0131lar\u0131 sat\u0131n al\u0131n.<\/p>","protected":false},"featured_media":8336,"template":"","meta":{"_seopress_robots_primary_cat":"none","_seopress_titles_title":"Pet Shoes: Pet Outdoor Snow Boots - Manufacturers","_seopress_titles_desc":"Explore our Pet Outdoor Snow Boots. Designed for comfort, they are perfect for wholesalers. Ensure pets are comfortable on every walk.","_seopress_robots_index":"","_uag_custom_page_level_css":""},"product_brand":[],"product_cat":[330,324],"product_tag":[],"class_list":{"0":"post-8325","1":"product","2":"type-product","3":"status-publish","4":"has-post-thumbnail","6":"product_cat-dog-shoes","7":"product_cat-pet-accessory","9":"first","10":"instock","11":"shipping-taxable","12":"product-type-simple"},"uagb_featured_image_src":{"full":["https:\/\/pecpets.com\/wp-content\/uploads\/2024\/07\/b8846137-a788-4c32-a268-ca732ba65a66.jpeg",1500,1500,false],"thumbnail":["https:\/\/pecpets.com\/wp-content\/uploads\/2024\/07\/b8846137-a788-4c32-a268-ca732ba65a66-150x150.jpeg",150,150,true],"medium":["https:\/\/pecpets.com\/wp-content\/uploads\/2024\/07\/b8846137-a788-4c32-a268-ca732ba65a66-300x300.jpeg",300,300,true],"medium_large":["https:\/\/pecpets.com\/wp-content\/uploads\/2024\/07\/b8846137-a788-4c32-a268-ca732ba65a66-768x768.jpeg",768,768,true],"large":["https:\/\/pecpets.com\/wp-content\/uploads\/2024\/07\/b8846137-a788-4c32-a268-ca732ba65a66-1024x1024.jpeg",800,800,true],"1536x1536":["https:\/\/pecpets.com\/wp-content\/uploads\/2024\/07\/b8846137-a788-4c32-a268-ca732ba65a66.jpeg",1500,1500,false],"2048x2048":["https:\/\/pecpets.com\/wp-content\/uploads\/2024\/07\/b8846137-a788-4c32-a268-ca732ba65a66.jpeg",1500,1500,false],"trp-custom-language-flag":["https:\/\/pecpets.com\/wp-content\/uploads\/2024\/07\/b8846137-a788-4c32-a268-ca732ba65a66.jpeg",12,12,false],"woocommerce_thumbnail":["https:\/\/pecpets.com\/wp-content\/uploads\/2024\/07\/b8846137-a788-4c32-a268-ca732ba65a66-300x300.jpeg",300,300,true],"woocommerce_single":["https:\/\/pecpets.com\/wp-content\/uploads\/2024\/07\/b8846137-a788-4c32-a268-ca732ba65a66-600x600.jpeg",600,600,true],"woocommerce_gallery_thumbnail":["https:\/\/pecpets.com\/wp-content\/uploads\/2024\/07\/b8846137-a788-4c32-a268-ca732ba65a66-100x100.jpeg",100,100,true]},"uagb_author_info":{"display_name":"Lawrence\u00a0\u52b3\u4f26\u65af","author_link":"https:\/\/pecpets.com\/tr\/author\/"},"uagb_comment_info":0,"uagb_excerpt":"Pet Outdoor Snow Boots Explore Pet Outdoor Snow Boots. Shop wholesale pet shoes from the factory for unbeatable prices and quality.","_links":{"self":[{"href":"https:\/\/pecpets.com\/tr\/wp-json\/wp\/v2\/product\/8325","targetHints":{"allow":["GET"]}}],"collection":[{"href":"https:\/\/pecpets.com\/tr\/wp-json\/wp\/v2\/product"}],"about":[{"href":"https:\/\/pecpets.com\/tr\/wp-json\/wp\/v2\/types\/product"}],"wp:featuredmedia":[{"embeddable":true,"href":"https:\/\/pecpets.com\/tr\/wp-json\/wp\/v2\/media\/8336"}],"wp:attachment":[{"href":"https:\/\/pecpets.com\/tr\/wp-json\/wp\/v2\/media?parent=8325"}],"wp:term":[{"taxonomy":"product_brand","embeddable":true,"href":"https:\/\/pecpets.com\/tr\/wp-json\/wp\/v2\/product_brand?post=8325"},{"taxonomy":"product_cat","embeddable":true,"href":"https:\/\/pecpets.com\/tr\/wp-json\/wp\/v2\/product_cat?post=8325"},{"taxonomy":"product_tag","embeddable":true,"href":"https:\/\/pecpets.com\/tr\/wp-json\/wp\/v2\/product_tag?post=8325"}],"curies":[{"name":"wp","href":"https:\/\/api.w.org\/{rel}","templated":true}]}}