{"id":8461,"date":"2024-07-11T14:09:24","date_gmt":"2024-07-11T06:09:24","guid":{"rendered":"https:\/\/pecpets.com\/?post_type=product&#038;p=8461"},"modified":"2025-08-20T17:21:21","modified_gmt":"2025-08-20T09:21:21","slug":"blank-large-clothes-for-dogs","status":"publish","type":"product","link":"https:\/\/pecpets.com\/tr\/product\/blank-large-clothes-for-dogs\/","title":{"rendered":"K\u00f6pekler \u0130\u00e7in Bo\u015f B\u00fcy\u00fck Giysiler"},"content":{"rendered":"<h2 data-immersive-translate-walked=\"f36f68ab-127d-4e10-955b-f6ada5d45339\">K\u00f6pekler \u0130\u00e7in Bo\u015f B\u00fcy\u00fck Giysiler | Fabrikadan Toptan Y\u00fcksek Kaliteli Evcil Hayvan Giysileri ve K\u00f6pek Giysileri<\/h2>\n<h3>A\u00e7\u0131klama:<\/h3>\n<p>Konfor ve \u00e7ok y\u00f6nl\u00fcl\u00fck i\u00e7in tasarlanm\u0131\u015f ideal evcil hayvan giysisi olan K\u00f6pekler i\u00e7in Blank Large Giysilerimizle tan\u0131\u015f\u0131n.<\/p>\n<p>\u00d6zelle\u015ftirme veya g\u00fcnl\u00fck kullan\u0131m i\u00e7in m\u00fckemmel olan bu k\u00f6pek k\u0131yafetleri, dayan\u0131kl\u0131l\u0131k ve konfor sa\u011flamak i\u00e7in y\u00fcksek kaliteli malzemelerden yap\u0131lm\u0131\u015ft\u0131r. Do\u011frudan fabrikam\u0131zdan toptan sat\u0131\u015f i\u00e7in mevcut olup, \u00fcst\u00fcn kalite ve rekabet\u00e7i fiyatland\u0131rma sunarlar.<\/p>\n<table style=\"height: 269px;\" width=\"287\">\n<tbody>\n<tr>\n<td width=\"137\"><span style=\"color: #333333;\">\u00dcr\u00fcn Ad\u0131<\/span><\/td>\n<td width=\"151\"><span style=\"color: #333333;\">Evcil Hayvan Giysileri<\/span><\/td>\n<\/tr>\n<tr>\n<td><span style=\"color: #333333;\">\u00dcr\u00fcn No.<\/span><\/td>\n<td><span style=\"color: #333333;\">P-C2203<\/span><\/td>\n<\/tr>\n<tr>\n<td><span style=\"color: #333333;\">Malzeme<\/span><\/td>\n<td>Pamuk, Polyester, Polar<\/td>\n<\/tr>\n<tr>\n<td><span style=\"color: #333333;\">\u00a0Boyut ve Renk<\/span><\/td>\n<td><span style=\"color: #333333;\">\u00d6zelle\u015ftirilmi\u015f<\/span><\/td>\n<\/tr>\n<tr>\n<td><span style=\"color: #333333;\">\u00a0Teslimat s\u00fcresi<\/span><\/td>\n<td><span style=\"color: #333333;\">Hava yoluyla k\u00fc\u00e7\u00fck miktarlar i\u00e7in 1- 5 g\u00fcn ve deniz yoluyla b\u00fcy\u00fck miktarlar i\u00e7in 30- 35 g\u00fcn<\/span><\/td>\n<\/tr>\n<\/tbody>\n<\/table>\n<h4>Temel \u00d6zellikler:<\/h4>\n<ul>\n<li><strong>Y\u00fcksek Kaliteli Kuma\u015f<\/strong>: Konfor ve uzun \u00f6m\u00fcrl\u00fc kullan\u0131m sa\u011flayan yumu\u015fak, dayan\u0131kl\u0131 malzemelerden \u00fcretilmi\u015ftir.<\/li>\n<li><strong>\u00d6zelle\u015ftirme i\u00e7in M\u00fckemmel<\/strong>: Ki\u015fiselle\u015ftirme i\u00e7in ideal bo\u015f tasar\u0131m, logolara, tasar\u0131mlara veya markalamaya izin verir.<\/li>\n<li><strong>Rahat Uyum<\/strong>: Kolay giyilebilir \u00f6zellikleriyle b\u00fcy\u00fck k\u00f6peklere rahat\u00e7a uyacak \u015fekilde tasarlanm\u0131\u015ft\u0131r.<\/li>\n<li><strong>\u00c7ok Y\u00f6nl\u00fc Kullan\u0131m<\/strong>: G\u00fcnl\u00fck kullan\u0131m, \u00f6zel g\u00fcnler veya promosyon etkinlikleri i\u00e7in uygundur.<\/li>\n<li><strong>Temizlemesi Kolay<\/strong>: Makinede y\u0131kanabilir ve bak\u0131m\u0131 kolayd\u0131r, evcil hayvan sahipleri i\u00e7in kolayl\u0131k sa\u011flar.<\/li>\n<li><strong>\u015e\u0131k ve Pratik<\/strong>: \u0130\u015flevselli\u011fi \u015f\u0131k, bo\u015f bir tuval tasar\u0131m\u0131yla birle\u015ftirir.<\/li>\n<li><strong>Toptan Sat\u0131\u015f<\/strong>: Do\u011frudan fabrikadan, tutarl\u0131 kalite ve toplu sipari\u015fler i\u00e7in uygun maliyetli fiyatland\u0131rma sa\u011flar.<\/li>\n<\/ul>\n<h3>\u015eunun i\u00e7in ideal:<\/h3>\n<ul>\n<li>Evcil hayvan sahipleri, b\u00fcy\u00fck k\u00f6pekleri i\u00e7in y\u00fcksek kaliteli, bo\u015f giysiler ar\u0131yor.<\/li>\n<li>Do\u011frudan fabrika fiyatlar\u0131yla birinci s\u0131n\u0131f k\u00f6pek k\u0131yafetleri arayan perakendeciler ve toptanc\u0131lar.<\/li>\n<li>Markala\u015fma veya promosyon ama\u00e7l\u0131 \u00f6zelle\u015ftirilebilir evcil hayvan k\u0131yafetleri sunmay\u0131 ama\u00e7layan i\u015fletmeler.<\/li>\n<\/ul>\n<p>Evcil hayvan giyim koleksiyonunuzu \u00e7ok y\u00f6nl\u00fc Blank Large K\u00f6pek Giysilerimizle donat\u0131n.<\/p>\n<p>Bug\u00fcn bize ula\u015f\u0131n <span style=\"color: #ff0000;\"><a style=\"color: #ff0000;\" href=\"https:\/\/pecpets.com\/tr\/urun-kategori%cc%87si%cc%87\/pet-clothing\/\" target=\"_blank\" rel=\"noopener\">toptan sati\u015f talepleri\u0307<\/a><\/span> ve fabrika do\u011frudan fiyatland\u0131rmas\u0131.<\/p>","protected":false},"excerpt":{"rendered":"<h2><strong><b>K\u00f6pekler \u0130\u00e7in Toptan Bo\u015f B\u00fcy\u00fck Giysiler<\/b><\/strong><\/h2>\n<p>K\u00f6pekler \u0130\u00e7in Bo\u015f B\u00fcy\u00fck Giysileri Ke\u015ffedin.<\/p>\n<p>Y\u00fcksek kaliteli tasar\u0131mlar\u0131m\u0131zla evcil hayvanlar\u0131n\u0131z\u0131n \u015f\u0131kl\u0131\u011f\u0131n\u0131 koruyun.<\/p>\n<h3><\/h3>","protected":false},"featured_media":8467,"template":"","meta":{"_seopress_robots_primary_cat":"none","_seopress_titles_title":"Pet Clothes: Blank Large Clothes For Dogs - Manufacturers","_seopress_titles_desc":"Explore our Blank Large Clothes For Dogs, including pet halloween Costumes. Shop wholesale pet clothes from the factory for unbeatable prices and quality","_seopress_robots_index":"","_seopress_analysis_target_kw":"Pet Transformer Cos Costumes,Blank Large Clothes For Dogs","_uag_custom_page_level_css":""},"product_brand":[],"product_cat":[364,23,389],"product_tag":[],"class_list":{"0":"post-8461","1":"product","2":"type-product","3":"status-publish","4":"has-post-thumbnail","6":"product_cat-basic-dog-clothing","7":"product_cat-pet-clothing","8":"product_cat-pet-hoodies","10":"first","11":"instock","12":"shipping-taxable","13":"product-type-simple"},"uagb_featured_image_src":{"full":["https:\/\/pecpets.com\/wp-content\/uploads\/2024\/07\/Blank-Large-Clothes-For-Dogs6.jpeg",1000,1000,false],"thumbnail":["https:\/\/pecpets.com\/wp-content\/uploads\/2024\/07\/Blank-Large-Clothes-For-Dogs6-150x150.jpeg",150,150,true],"medium":["https:\/\/pecpets.com\/wp-content\/uploads\/2024\/07\/Blank-Large-Clothes-For-Dogs6-300x300.jpeg",300,300,true],"medium_large":["https:\/\/pecpets.com\/wp-content\/uploads\/2024\/07\/Blank-Large-Clothes-For-Dogs6-768x768.jpeg",768,768,true],"large":["https:\/\/pecpets.com\/wp-content\/uploads\/2024\/07\/Blank-Large-Clothes-For-Dogs6.jpeg",800,800,false],"1536x1536":["https:\/\/pecpets.com\/wp-content\/uploads\/2024\/07\/Blank-Large-Clothes-For-Dogs6.jpeg",1000,1000,false],"2048x2048":["https:\/\/pecpets.com\/wp-content\/uploads\/2024\/07\/Blank-Large-Clothes-For-Dogs6.jpeg",1000,1000,false],"trp-custom-language-flag":["https:\/\/pecpets.com\/wp-content\/uploads\/2024\/07\/Blank-Large-Clothes-For-Dogs6-12x12.jpeg",12,12,true],"woocommerce_thumbnail":["https:\/\/pecpets.com\/wp-content\/uploads\/2024\/07\/Blank-Large-Clothes-For-Dogs6-300x300.jpeg",300,300,true],"woocommerce_single":["https:\/\/pecpets.com\/wp-content\/uploads\/2024\/07\/Blank-Large-Clothes-For-Dogs6-600x600.jpeg",600,600,true],"woocommerce_gallery_thumbnail":["https:\/\/pecpets.com\/wp-content\/uploads\/2024\/07\/Blank-Large-Clothes-For-Dogs6-100x100.jpeg",100,100,true]},"uagb_author_info":{"display_name":"Lawrence\u00a0\u52b3\u4f26\u65af","author_link":"https:\/\/pecpets.com\/tr\/author\/"},"uagb_comment_info":0,"uagb_excerpt":"Wholesale Blank Large Clothes For Dogs Discover Blank Large Clothes For Dogs. Keep your pets stylish with our high-quality designs.","_links":{"self":[{"href":"https:\/\/pecpets.com\/tr\/wp-json\/wp\/v2\/product\/8461","targetHints":{"allow":["GET"]}}],"collection":[{"href":"https:\/\/pecpets.com\/tr\/wp-json\/wp\/v2\/product"}],"about":[{"href":"https:\/\/pecpets.com\/tr\/wp-json\/wp\/v2\/types\/product"}],"wp:featuredmedia":[{"embeddable":true,"href":"https:\/\/pecpets.com\/tr\/wp-json\/wp\/v2\/media\/8467"}],"wp:attachment":[{"href":"https:\/\/pecpets.com\/tr\/wp-json\/wp\/v2\/media?parent=8461"}],"wp:term":[{"taxonomy":"product_brand","embeddable":true,"href":"https:\/\/pecpets.com\/tr\/wp-json\/wp\/v2\/product_brand?post=8461"},{"taxonomy":"product_cat","embeddable":true,"href":"https:\/\/pecpets.com\/tr\/wp-json\/wp\/v2\/product_cat?post=8461"},{"taxonomy":"product_tag","embeddable":true,"href":"https:\/\/pecpets.com\/tr\/wp-json\/wp\/v2\/product_tag?post=8461"}],"curies":[{"name":"wp","href":"https:\/\/api.w.org\/{rel}","templated":true}]}}