{"id":8481,"date":"2024-07-11T15:39:15","date_gmt":"2024-07-11T07:39:15","guid":{"rendered":"https:\/\/pecpets.com\/?post_type=product&#038;p=8481"},"modified":"2024-10-28T11:24:17","modified_gmt":"2024-10-28T03:24:17","slug":"multi-colors-warm-winter-dog-hoodie-coat","status":"publish","type":"product","link":"https:\/\/pecpets.com\/tr\/product\/multi-colors-warm-winter-dog-hoodie-coat\/","title":{"rendered":"Multi-Colors Warm Winter Dog Hoodie Coat"},"content":{"rendered":"<h2 data-immersive-translate-walked=\"f36f68ab-127d-4e10-955b-f6ada5d45339\">\u00c7ok Renkli S\u0131cak K\u0131\u015fl\u0131k K\u00f6pek Kap\u00fc\u015fonlu Mont - Fabrikadan Y\u00fcksek Kaliteli Pet Giyim ve K\u00f6pek Giysileri Toptan Sat\u0131\u015f<\/h2>\n<h3>A\u00e7\u0131klama:<\/h3>\n<p>T\u00fcyl\u00fc dostunuzu so\u011fuk aylarda rahat ve \u015f\u0131k tutmak i\u00e7in tasarlanm\u0131\u015f nihai evcil hayvan giysisi olan \u00c7ok Renkli S\u0131cak K\u0131\u015fl\u0131k Kap\u00fc\u015fonlu K\u00f6pek Montumuzla tan\u0131\u015f\u0131n. Bu y\u00fcksek kaliteli k\u00f6pek k\u0131yafetleri s\u0131cakl\u0131k, konfor ve renk c\u00fcmb\u00fc\u015f\u00fc sunarak her evcil hayvan sahibinin sahip olmas\u0131 gereken bir \u00fcr\u00fcnd\u00fcr. Do\u011frudan fabrikam\u0131zdan toptan sat\u0131\u015f i\u00e7in mevcut olan bu \u00fcr\u00fcnler, \u00fcst\u00fcn kalite ve rekabet\u00e7i fiyat garantisi vermektedir.<\/p>\n<table style=\"border-collapse: collapse; background-color: #ffffff; width: 332px; height: 243px;\" border=\"1\">\n<tbody>\n<tr>\n<td style=\"font-family: Verdana, Arial, Helvetica, sans-serif; font-size: 12px; color: #000000; margin: 8px; width: 187px; text-align: center;\"><span style=\"line-height: 21px; font-size: 14px;\">\u00dcr\u00fcn Ad\u0131<\/span><\/td>\n<td style=\"font-family: Verdana, Arial, Helvetica, sans-serif; font-size: 12px; color: #000000; margin: 8px; width: 526px; text-align: center;\"><span style=\"font-size: 14px;\">Evcil Hayvan Kap\u00fc\u015fonlular\u0131<\/span><\/td>\n<\/tr>\n<tr>\n<td style=\"font-family: Verdana, Arial, Helvetica, sans-serif; font-size: 12px; color: #000000; margin: 8px; width: 187px; text-align: center;\"><span style=\"line-height: 21px; font-size: 14px;\">\u00dcr\u00fcn No.<\/span><\/td>\n<td style=\"font-family: Verdana, Arial, Helvetica, sans-serif; font-size: 12px; color: #000000; margin: 8px; width: 526px; text-align: center;\"><span style=\"font-size: 14px;\">P-H2008<\/span><\/td>\n<\/tr>\n<tr>\n<td style=\"font-family: Verdana, Arial, Helvetica, sans-serif; font-size: 12px; color: #000000; margin: 8px; width: 187px; text-align: center;\"><span style=\"line-height: 21px; color: #333333; font-family: Arial, Helvetica; font-size: 14px; font-style: normal; font-weight: 400; background-color: #ffffff; float: none; display: inline !important;\">Malzeme<\/span><\/td>\n<td style=\"font-family: Verdana, Arial, Helvetica, sans-serif; font-size: 12px; color: #000000; margin: 8px; width: 526px; text-align: center;\"><span style=\"color: #222222; font-family: Helvetica, Tahoma, Arial; font-size: 14px; font-style: normal; font-weight: 500; background-color: #ffffff; float: none; display: inline !important;\">Cotton, Polyester<\/span><\/td>\n<\/tr>\n<tr>\n<td style=\"font-family: Verdana, Arial, Helvetica, sans-serif; font-size: 12px; color: #000000; margin: 8px; width: 187px; text-align: center;\"><span style=\"line-height: 21px; font-size: 14px;\">\u00a0Boyut<\/span><\/td>\n<td style=\"font-family: Verdana, Arial, Helvetica, sans-serif; font-size: 12px; color: #000000; margin: 8px; width: 526px; text-align: center;\">\u00d6zel Boyut<\/td>\n<\/tr>\n<tr>\n<td style=\"font-family: Verdana, Arial, Helvetica, sans-serif; font-size: 12px; color: #000000; margin: 8px; width: 187px; text-align: center;\"><span style=\"line-height: 21px; font-size: 14px;\">\u00a0Renk<\/span><\/td>\n<td style=\"font-family: Verdana, Arial, Helvetica, sans-serif; font-size: 12px; color: #000000; margin: 8px; width: 526px; text-align: center;\"><span style=\"line-height: 21px; font-size: 14px;\">\u00d6zel Renk\u00a0<\/span><\/td>\n<\/tr>\n<tr>\n<td style=\"font-family: Verdana, Arial, Helvetica, sans-serif; font-size: 12px; color: #000000; margin: 8px; width: 187px; text-align: center;\"><span style=\"line-height: 21px; font-size: 14px;\">\u00a0<span style=\"line-height: 21px; color: #333333; font-family: Arial, Helvetica; font-size: 14px; font-style: normal; font-weight: 400; background-color: #ffffff; float: none; display: inline !important;\">Evcil hayvan t\u00fcr\u00fc<\/span><\/span><\/td>\n<td style=\"font-family: Verdana, Arial, Helvetica, sans-serif; font-size: 12px; color: #000000; margin: 8px; width: 526px; text-align: center;\"><span style=\"line-height: 21px; font-size: 14px;\">\u00a0T\u00fcm K\u00f6pekler<\/span><\/td>\n<\/tr>\n<tr>\n<td style=\"font-family: Verdana, Arial, Helvetica, sans-serif; font-size: 12px; color: #000000; margin: 8px; width: 187px; text-align: center;\"><span style=\"line-height: 21px; font-size: 14px;\">\u00a0<span style=\"line-height: 21px; color: #333333; font-family: Arial, Helvetica; font-size: 14px; font-style: normal; font-weight: 400; background-color: #ffffff; float: none; display: inline !important;\">Teslimat s\u00fcresi<\/span><\/span><\/td>\n<td style=\"font-family: Verdana, Arial, Helvetica, sans-serif; font-size: 12px; color: #000000; margin: 8px; width: 526px; text-align: center;\"><span style=\"line-height: 21px; font-size: 14px;\"><span style=\"line-height: 21px; color: #000000; font-family: Verdana, Arial, Helvetica, sans-serif; font-size: 14px; font-style: normal; font-weight: 400; background-color: #ffffff; float: none; display: inline !important;\">Hava yoluyla k\u00fc\u00e7\u00fck miktar i\u00e7in 1-5 g\u00fcn ve deniz yoluyla b\u00fcy\u00fck miktar i\u00e7in 30-35 g\u00fcn<\/span>\u00a0<\/span><\/td>\n<\/tr>\n<tr>\n<td style=\"font-family: Verdana, Arial, Helvetica, sans-serif; font-size: 12px; color: #000000; margin: 8px; width: 187px; text-align: center;\"><span style=\"line-height: 21px; font-size: 14px;\">\u00a0<span style=\"line-height: 21px; color: #333333; font-family: Arial, Helvetica; font-size: 14px; font-style: normal; font-weight: 400; background-color: #ffffff; float: none; display: inline !important;\">Sevkiyat liman\u0131<\/span><\/span><\/td>\n<td style=\"font-family: Verdana, Arial, Helvetica, sans-serif; font-size: 12px; color: #000000; margin: 8px; width: 526px; text-align: center;\"><span style=\"line-height: 21px; font-size: 14px;\">Xiamen\u00a0<\/span><\/td>\n<\/tr>\n<tr>\n<td style=\"font-family: Verdana, Arial, Helvetica, sans-serif; font-size: 12px; color: #000000; margin: 8px; width: 187px; text-align: center;\"><span style=\"line-height: 21px; font-size: 14px;\">\u00a0<span style=\"line-height: 21px; color: #333333; font-family: Arial, Helvetica; font-size: 14px; font-style: normal; font-weight: 400; background-color: #ffffff; float: none; display: inline !important;\">OEM\/ODM<\/span><\/span><\/td>\n<td style=\"font-family: Verdana, Arial, Helvetica, sans-serif; font-size: 12px; color: #000000; margin: 8px; width: 526px; text-align: center;\"><span style=\"line-height: 21px; font-size: 14px;\">\u00a0<span style=\"line-height: 21px; color: #333333; font-family: Arial, Helvetica; font-size: 14px; font-style: normal; font-weight: 400; background-color: #ffffff; float: none; display: inline !important;\">Mevcut<\/span><\/span><\/td>\n<\/tr>\n<tr>\n<td style=\"font-family: Verdana, Arial, Helvetica, sans-serif; font-size: 12px; color: #000000; margin: 8px; width: 187px; text-align: center;\"><span style=\"line-height: 21px; font-size: 14px;\">\u00a0<span style=\"line-height: 21px; color: #333333; font-family: Arial, Helvetica; font-size: 14px; font-style: normal; font-weight: 400; background-color: #ffffff; float: none; display: inline !important;\">Paket<\/span><\/span><\/td>\n<td style=\"font-family: Verdana, Arial, Helvetica, sans-serif; font-size: 12px; color: #000000; margin: 8px; width: 526px; text-align: center;\"><span style=\"line-height: 21px; font-size: 14px;\"><span style=\"line-height: 21px; color: #333333; font-family: Arial, Helvetica; font-size: 14px; font-style: normal; font-weight: 400; background-color: #ffffff; float: none; display: inline !important;\">Her biri bir PPB i\u00e7inde paketlendikten sonra Kartona veya ihtiyaca g\u00f6re<\/span><\/span><\/td>\n<\/tr>\n<\/tbody>\n<\/table>\n<h4>Temel \u00d6zellikler:<\/h4>\n<ul>\n<li><strong>S\u0131cak ve Rahat<\/strong>: K\u0131\u015f aylar\u0131nda maksimum s\u0131cakl\u0131k ve konfor sa\u011flamak i\u00e7in birinci s\u0131n\u0131f malzemelerden \u00fcretilmi\u015ftir.<\/li>\n<li><strong>\u00c7oklu Renk Se\u00e7enekleri<\/strong>: Farkl\u0131 stillere ve tercihlere uyacak \u00e7e\u015fitli renklerde mevcuttur.<\/li>\n<li><strong>Rahat Uyum<\/strong>: Kolay giyilebilen kap\u00fc\u015fonlu stili ile k\u00f6peklere rahat\u00e7a uyacak \u015fekilde tasarlanm\u0131\u015ft\u0131r.<\/li>\n<li><strong>Durable Construction<\/strong>: Y\u00fcksek kaliteli kuma\u015f uzun \u00f6m\u00fcrl\u00fc kullan\u0131m ve dayan\u0131kl\u0131l\u0131k sa\u011flar.<\/li>\n<li><strong>Temizlemesi Kolay<\/strong>: Makinede y\u0131kanabilir ve bak\u0131m\u0131 kolayd\u0131r, evcil hayvan sahipleri i\u00e7in kolayl\u0131k sa\u011flar.<\/li>\n<li><strong>\u015e\u0131k ve Pratik<\/strong>: \u0130\u015flevselli\u011fi canl\u0131 bir tasar\u0131mla birle\u015ftirerek her evcil hayvan gard\u0131robunda g\u00f6ze \u00e7arpan bir par\u00e7a haline getirir.<\/li>\n<li><strong>Toptan Sat\u0131\u015f<\/strong>: Do\u011frudan fabrikadan, tutarl\u0131 kalite ve toplu sipari\u015fler i\u00e7in uygun maliyetli fiyatland\u0131rma sa\u011flar.<\/li>\n<\/ul>\n<h3>\u015eunun i\u00e7in ideal:<\/h3>\n<ul>\n<li>K\u00f6pekleri i\u00e7in y\u00fcksek kaliteli, s\u0131cak ve \u015f\u0131k k\u0131\u015fl\u0131k kap\u00fc\u015fonlar arayan evcil hayvan sahipleri.<\/li>\n<li>Do\u011frudan fabrika fiyatlar\u0131yla birinci s\u0131n\u0131f k\u00f6pek k\u0131yafetleri arayan perakendeciler ve toptanc\u0131lar.<\/li>\n<li>\u0130\u015fletmeler, m\u00fc\u015fterileri i\u00e7in modaya uygun ve i\u015flevsel evcil hayvan k\u0131yafetleri sunmay\u0131 hedefliyor.<\/li>\n<\/ul>\n<p>\u00c7ok Renkli S\u0131cak K\u0131\u015fl\u0131k K\u00f6pek Kap\u00fc\u015fonlu Montumuz ile bu k\u0131\u015f k\u00f6pe\u011finizi s\u0131cak ve \u015f\u0131k tutun. Bug\u00fcn bize ula\u015f\u0131n <span style=\"color: #ff0000;\"><a style=\"color: #ff0000;\" href=\"https:\/\/pecpets.com\/tr\/urun-kategori%cc%87si%cc%87\/pet-clothing\/\" target=\"_blank\" rel=\"noopener\">toptan sati\u015f talepleri\u0307<\/a><\/span> ve fabrika do\u011frudan fiyatland\u0131rmas\u0131.<\/p>","protected":false},"excerpt":{"rendered":"<h2><strong><b>Toptan \u00c7ok Renkli S\u0131cak K\u0131\u015fl\u0131k K\u00f6pek Kap\u00fc\u015fonlu Mont<\/b><\/strong><\/h2>\n<p>\u00c7ok Renkli S\u0131cak K\u0131\u015fl\u0131k K\u00f6pek Kap\u00fc\u015fonlu Montunu Ke\u015ffedin.<\/p>\n<p>Y\u00fcksek kaliteli tasar\u0131mlar\u0131m\u0131zla evcil hayvanlar\u0131n\u0131z\u0131n \u015f\u0131kl\u0131\u011f\u0131n\u0131 koruyun.<\/p>\n<h3><\/h3>","protected":false},"featured_media":8489,"template":"","meta":{"_seopress_robots_primary_cat":"none","_seopress_titles_title":"Multi-Colors Warm Winter Dog Hoodie Coat - Manufacturer","_seopress_titles_desc":"Explore Multi-Colors Warm Winter Dog Hoodie Coat, including pet halloween Costumes. Shop wholesale pet clothes from the factory for unbeatable prices ","_seopress_robots_index":"","_uag_custom_page_level_css":""},"product_brand":[],"product_cat":[364,23,389],"product_tag":[],"class_list":{"0":"post-8481","1":"product","2":"type-product","3":"status-publish","4":"has-post-thumbnail","6":"product_cat-basic-dog-clothing","7":"product_cat-pet-clothing","8":"product_cat-pet-hoodies","10":"first","11":"instock","12":"shipping-taxable","13":"product-type-simple"},"uagb_featured_image_src":{"full":["https:\/\/pecpets.com\/wp-content\/uploads\/2024\/07\/Multi-Colors-Warm-Winter-Dog-Hoodie-Coat8.jpeg",800,800,false],"thumbnail":["https:\/\/pecpets.com\/wp-content\/uploads\/2024\/07\/Multi-Colors-Warm-Winter-Dog-Hoodie-Coat8-150x150.jpeg",150,150,true],"medium":["https:\/\/pecpets.com\/wp-content\/uploads\/2024\/07\/Multi-Colors-Warm-Winter-Dog-Hoodie-Coat8-300x300.jpeg",300,300,true],"medium_large":["https:\/\/pecpets.com\/wp-content\/uploads\/2024\/07\/Multi-Colors-Warm-Winter-Dog-Hoodie-Coat8-768x768.jpeg",768,768,true],"large":["https:\/\/pecpets.com\/wp-content\/uploads\/2024\/07\/Multi-Colors-Warm-Winter-Dog-Hoodie-Coat8.jpeg",800,800,false],"1536x1536":["https:\/\/pecpets.com\/wp-content\/uploads\/2024\/07\/Multi-Colors-Warm-Winter-Dog-Hoodie-Coat8.jpeg",800,800,false],"2048x2048":["https:\/\/pecpets.com\/wp-content\/uploads\/2024\/07\/Multi-Colors-Warm-Winter-Dog-Hoodie-Coat8.jpeg",800,800,false],"trp-custom-language-flag":["https:\/\/pecpets.com\/wp-content\/uploads\/2024\/07\/Multi-Colors-Warm-Winter-Dog-Hoodie-Coat8-12x12.jpeg",12,12,true],"woocommerce_thumbnail":["https:\/\/pecpets.com\/wp-content\/uploads\/2024\/07\/Multi-Colors-Warm-Winter-Dog-Hoodie-Coat8-300x300.jpeg",300,300,true],"woocommerce_single":["https:\/\/pecpets.com\/wp-content\/uploads\/2024\/07\/Multi-Colors-Warm-Winter-Dog-Hoodie-Coat8-600x600.jpeg",600,600,true],"woocommerce_gallery_thumbnail":["https:\/\/pecpets.com\/wp-content\/uploads\/2024\/07\/Multi-Colors-Warm-Winter-Dog-Hoodie-Coat8-100x100.jpeg",100,100,true]},"uagb_author_info":{"display_name":"Lawrence\u00a0\u52b3\u4f26\u65af","author_link":"https:\/\/pecpets.com\/tr\/author\/"},"uagb_comment_info":0,"uagb_excerpt":"Wholesale Multi-Colors Warm Winter Dog Hoodie Coat Discover Multi-Colors Warm Winter Dog Hoodie Coat. Keep your pets stylish with our high-quality designs.","_links":{"self":[{"href":"https:\/\/pecpets.com\/tr\/wp-json\/wp\/v2\/product\/8481","targetHints":{"allow":["GET"]}}],"collection":[{"href":"https:\/\/pecpets.com\/tr\/wp-json\/wp\/v2\/product"}],"about":[{"href":"https:\/\/pecpets.com\/tr\/wp-json\/wp\/v2\/types\/product"}],"wp:featuredmedia":[{"embeddable":true,"href":"https:\/\/pecpets.com\/tr\/wp-json\/wp\/v2\/media\/8489"}],"wp:attachment":[{"href":"https:\/\/pecpets.com\/tr\/wp-json\/wp\/v2\/media?parent=8481"}],"wp:term":[{"taxonomy":"product_brand","embeddable":true,"href":"https:\/\/pecpets.com\/tr\/wp-json\/wp\/v2\/product_brand?post=8481"},{"taxonomy":"product_cat","embeddable":true,"href":"https:\/\/pecpets.com\/tr\/wp-json\/wp\/v2\/product_cat?post=8481"},{"taxonomy":"product_tag","embeddable":true,"href":"https:\/\/pecpets.com\/tr\/wp-json\/wp\/v2\/product_tag?post=8481"}],"curies":[{"name":"wp","href":"https:\/\/api.w.org\/{rel}","templated":true}]}}